{"id":16808,"date":"2022-12-13T15:38:46","date_gmt":"2022-12-13T15:38:46","guid":{"rendered":"https:\/\/www.uprrp.edu\/archivouniversitario\/?page_id=16808"},"modified":"2025-08-15T15:55:42","modified_gmt":"2025-08-15T15:55:42","slug":"archivo-central","status":"publish","type":"page","link":"https:\/\/www.uprrp.edu\/archivouniversitario\/archivo-central\/","title":{"rendered":"Archivo Central"},"content":{"rendered":"\t\t<div data-elementor-type=\"wp-page\" data-elementor-id=\"16808\" class=\"elementor elementor-16808\">\n\t\t\t\t\t\t<section class=\"elementor-section elementor-top-section elementor-element elementor-element-100e3696 elementor-section-boxed elementor-section-height-default elementor-section-height-default\" data-id=\"100e3696\" data-element_type=\"section\" data-e-type=\"section\">\n\t\t\t\t\t\t<div class=\"elementor-container elementor-column-gap-default\">\n\t\t\t\t\t<div class=\"elementor-column elementor-col-100 elementor-top-column elementor-element elementor-element-6a49ff03\" data-id=\"6a49ff03\" data-element_type=\"column\" data-e-type=\"column\">\n\t\t\t<div class=\"elementor-widget-wrap elementor-element-populated\">\n\t\t\t\t\t\t<div class=\"elementor-element elementor-element-5dadf129 elementor-widget elementor-widget-text-editor\" data-id=\"5dadf129\" data-element_type=\"widget\" data-e-type=\"widget\" data-widget_type=\"text-editor.default\">\n\t\t\t\t<div class=\"elementor-widget-container\">\n\t\t\t\t\t\t\t\t\tEl Archivo Central fue creado por la Ley 5 de 1955, Ley de Administraci\u00f3n de Documentos de Puerto Rico. El Archivo Central surgi\u00f3 como resultado del estudio sobre administraci\u00f3n de documentos que particip\u00f3 la firma <em>Barrington<\/em> <em>Associates<\/em> y el cu\u00e1l se inicio en la Universidad de Puerto Rico en septiembre de 1956.\r\n\r\nEn esa misma fecha, se transfieren de la Torre una enorme cantidad de documentos para ser revisados y aplicar la Ley de Disposici\u00f3n y Conservaci\u00f3n de Documentos, destruyendo los de valor administrativo y rescatando documentos hist\u00f3ricos y de valor permanente para la Instituci\u00f3n.\r\n\r\nEn el Informe Anual del Archivo, indica que <em>el Archivo Central ser\u00e1 otra fuente de referencia y un sitio m\u00e1s para llevar a cabo parte de la labor de investigaci\u00f3n; adem\u00e1s, se escribir\u00eda la historia de la Universidad desde sus comienzos<\/em>.\r\n\r\nSe comenz\u00f3 a asesorar en procedimientos de archivo a las oficinas y se implant\u00f3 un \u00edndice de accesi\u00f3n por oficina.\t\t\t\t\t\t\t\t<\/div>\n\t\t\t\t<\/div>\n\t\t\t\t<div class=\"elementor-element elementor-element-33cd8d0 elementor-arrows-position-inside elementor-pagination-position-outside elementor-widget elementor-widget-image-carousel\" data-id=\"33cd8d0\" data-element_type=\"widget\" data-e-type=\"widget\" data-settings=\"{&quot;slides_to_show&quot;:&quot;1&quot;,&quot;navigation&quot;:&quot;both&quot;,&quot;autoplay&quot;:&quot;yes&quot;,&quot;pause_on_hover&quot;:&quot;yes&quot;,&quot;pause_on_interaction&quot;:&quot;yes&quot;,&quot;autoplay_speed&quot;:5000,&quot;infinite&quot;:&quot;yes&quot;,&quot;effect&quot;:&quot;slide&quot;,&quot;speed&quot;:500}\" data-widget_type=\"image-carousel.default\">\n\t\t\t\t<div class=\"elementor-widget-container\">\n\t\t\t\t\t\t\t<div class=\"elementor-image-carousel-wrapper swiper\" role=\"region\" aria-roledescription=\"carousel\" aria-label=\"Image Carousel\" dir=\"ltr\">\n\t\t\t<div class=\"elementor-image-carousel swiper-wrapper\" aria-live=\"off\">\n\t\t\t\t\t\t\t\t<div class=\"swiper-slide\" role=\"group\" aria-roledescription=\"slide\" aria-label=\"1 of 3\"><figure class=\"swiper-slide-inner\"><img decoding=\"async\" class=\"swiper-slide-image\" src=\"https:\/\/www.uprrp.edu\/archivouniversitario\/wp-content\/uploads\/sites\/21\/2022\/12\/553-32-11-AU887-2014-1024x808.png\" alt=\"Administraci\u00f3n de documentos 1959\" \/><\/figure><\/div><div class=\"swiper-slide\" role=\"group\" aria-roledescription=\"slide\" aria-label=\"2 of 3\"><figure class=\"swiper-slide-inner\"><img decoding=\"async\" class=\"swiper-slide-image\" src=\"https:\/\/www.uprrp.edu\/archivouniversitario\/wp-content\/uploads\/sites\/21\/2022\/12\/553-32-06-AU887-2014-1024x810.png\" alt=\"Administraci\u00f3n de Documentos\" \/><\/figure><\/div><div class=\"swiper-slide\" role=\"group\" aria-roledescription=\"slide\" aria-label=\"3 of 3\"><figure class=\"swiper-slide-inner\"><img decoding=\"async\" class=\"swiper-slide-image\" src=\"https:\/\/www.uprrp.edu\/archivouniversitario\/wp-content\/uploads\/sites\/21\/2022\/12\/553-32-10-AU887-2014-810x1024.png\" alt=\"Amparo Rivera\" \/><\/figure><\/div>\t\t\t<\/div>\n\t\t\t\t\t\t\t\t\t\t\t\t<div class=\"elementor-swiper-button elementor-swiper-button-prev\" role=\"button\" tabindex=\"0\">\n\t\t\t\t\t\t<svg aria-hidden=\"true\" class=\"e-font-icon-svg e-eicon-chevron-left\" viewBox=\"0 0 1000 1000\" xmlns=\"http:\/\/www.w3.org\/2000\/svg\"><path d=\"M646 125C629 125 613 133 604 142L308 442C296 454 292 471 292 487 292 504 296 521 308 533L604 854C617 867 629 875 646 875 663 875 679 871 692 858 704 846 713 829 713 812 713 796 708 779 692 767L438 487 692 225C700 217 708 204 708 187 708 171 704 154 692 142 675 129 663 125 646 125Z\"><\/path><\/svg>\t\t\t\t\t<\/div>\n\t\t\t\t\t<div class=\"elementor-swiper-button elementor-swiper-button-next\" role=\"button\" tabindex=\"0\">\n\t\t\t\t\t\t<svg aria-hidden=\"true\" class=\"e-font-icon-svg e-eicon-chevron-right\" viewBox=\"0 0 1000 1000\" xmlns=\"http:\/\/www.w3.org\/2000\/svg\"><path d=\"M696 533C708 521 713 504 713 487 713 471 708 454 696 446L400 146C388 133 375 125 354 125 338 125 325 129 313 142 300 154 292 171 292 187 292 204 296 221 308 233L563 492 304 771C292 783 288 800 288 817 288 833 296 850 308 863 321 871 338 875 354 875 371 875 388 867 400 854L696 533Z\"><\/path><\/svg>\t\t\t\t\t<\/div>\n\t\t\t\t\n\t\t\t\t\t\t\t\t\t<div class=\"swiper-pagination\"><\/div>\n\t\t\t\t\t\t\t\t\t<\/div>\n\t\t\t\t\t\t<\/div>\n\t\t\t\t<\/div>\n\t\t\t\t\t<\/div>\n\t\t<\/div>\n\t\t\t\t\t<\/div>\n\t\t<\/section>\n\t\t<div class=\"elementor-element elementor-element-5ee9abe e-flex e-con-boxed e-con e-parent\" data-id=\"5ee9abe\" data-element_type=\"container\" data-e-type=\"container\">\n\t\t\t\t\t<div class=\"e-con-inner\">\n\t\t\t\t<div class=\"elementor-element elementor-element-345cee2 elementor-widget elementor-widget-heading\" data-id=\"345cee2\" data-element_type=\"widget\" data-e-type=\"widget\" data-widget_type=\"heading.default\">\n\t\t\t\t<div class=\"elementor-widget-container\">\n\t\t\t\t\t<h2 class=\"elementor-heading-title elementor-size-default\">Administradores de Documentos en el Sistema de la Universidad de Puerto Rico<\/h2>\t\t\t\t<\/div>\n\t\t\t\t<\/div>\n\t\t\t\t\t<\/div>\n\t\t\t\t<\/div>\n\t\t<div class=\"elementor-element elementor-element-7fee408 e-grid e-con-boxed e-con e-parent\" data-id=\"7fee408\" data-element_type=\"container\" data-e-type=\"container\">\n\t\t\t\t\t<div class=\"e-con-inner\">\n\t\t\t\t<div class=\"elementor-element elementor-element-b72c3fb elementor-widget elementor-widget-text-editor\" data-id=\"b72c3fb\" data-element_type=\"widget\" data-e-type=\"widget\" data-widget_type=\"text-editor.default\">\n\t\t\t\t<div class=\"elementor-widget-container\">\n\t\t\t\t\t\t\t\t\t<h3><span style=\"color: #253b91\">Aguadilla<\/span><\/h3><p>Sra. Migdalia Sotomayor Ramos<br \/><em>Administradora de Documentos I<\/em><br \/>Correo electr\u00f3nico:\u00a0<a href=\"mailto:migdalia.sotomayor1@upr.edu\">migdalia.sotomayor1@upr.edu<\/a><\/p><p><img fetchpriority=\"high\" decoding=\"async\" class=\"size-full wp-image-18915 aligncenter\" src=\"https:\/\/www.uprrp.edu\/archivouniversitario\/wp-content\/uploads\/sites\/21\/2025\/08\/Aguadilla.jpg\" alt=\"\" width=\"225\" height=\"225\" srcset=\"https:\/\/www.uprrp.edu\/archivouniversitario\/wp-content\/uploads\/sites\/21\/2025\/08\/Aguadilla.jpg 225w, https:\/\/www.uprrp.edu\/archivouniversitario\/wp-content\/uploads\/sites\/21\/2025\/08\/Aguadilla-150x150.jpg 150w\" sizes=\"(max-width: 225px) 100vw, 225px\" \/><\/p>\t\t\t\t\t\t\t\t<\/div>\n\t\t\t\t<\/div>\n\t\t\t\t<div class=\"elementor-element elementor-element-ee0acbc elementor-widget elementor-widget-text-editor\" data-id=\"ee0acbc\" data-element_type=\"widget\" data-e-type=\"widget\" data-widget_type=\"text-editor.default\">\n\t\t\t\t<div class=\"elementor-widget-container\">\n\t\t\t\t\t\t\t\t\t<h3><span style=\"color: #e1f56e\"><strong>Arecibo<\/strong><\/span><\/h3><p>Sra. Carmen Cruz<br \/><em>Administradora de Documentos I<\/em><br \/>Correo electr\u00f3nico: <a href=\"mailto:carmen.cruz@upr.edu\">carmen.cruz@upr.edu<\/a><\/p><p><img decoding=\"async\" class=\"size-full wp-image-18919 aligncenter\" src=\"https:\/\/www.uprrp.edu\/archivouniversitario\/wp-content\/uploads\/sites\/21\/2025\/08\/Arecibo.jpg\" alt=\"\" width=\"193\" height=\"193\" srcset=\"https:\/\/www.uprrp.edu\/archivouniversitario\/wp-content\/uploads\/sites\/21\/2025\/08\/Arecibo.jpg 193w, https:\/\/www.uprrp.edu\/archivouniversitario\/wp-content\/uploads\/sites\/21\/2025\/08\/Arecibo-150x150.jpg 150w\" sizes=\"(max-width: 193px) 100vw, 193px\" \/><\/p>\t\t\t\t\t\t\t\t<\/div>\n\t\t\t\t<\/div>\n\t\t\t\t<div class=\"elementor-element elementor-element-af33dbd elementor-widget elementor-widget-text-editor\" data-id=\"af33dbd\" data-element_type=\"widget\" data-e-type=\"widget\" data-widget_type=\"text-editor.default\">\n\t\t\t\t<div class=\"elementor-widget-container\">\n\t\t\t\t\t\t\t\t\t<h3><span style=\"color: #96b4ff\">Bayam\u00f3n<\/span><\/h3><p>Sr. Joseph Reboyras Marrero<br \/><em>Administrador de Documentos I<\/em><br \/>Correo electr\u00f3nico:\u00a0<a href=\"joseph.reboyras@upr.edu\">Joseph Reboyras<\/a><\/p><p><img decoding=\"async\" class=\"size-full wp-image-18921 aligncenter\" src=\"https:\/\/www.uprrp.edu\/archivouniversitario\/wp-content\/uploads\/sites\/21\/2025\/08\/Bayamon.jpg\" alt=\"\" width=\"225\" height=\"225\" srcset=\"https:\/\/www.uprrp.edu\/archivouniversitario\/wp-content\/uploads\/sites\/21\/2025\/08\/Bayamon.jpg 225w, https:\/\/www.uprrp.edu\/archivouniversitario\/wp-content\/uploads\/sites\/21\/2025\/08\/Bayamon-150x150.jpg 150w\" sizes=\"(max-width: 225px) 100vw, 225px\" \/><\/p>\t\t\t\t\t\t\t\t<\/div>\n\t\t\t\t<\/div>\n\t\t\t\t<div class=\"elementor-element elementor-element-42212ef elementor-widget elementor-widget-text-editor\" data-id=\"42212ef\" data-element_type=\"widget\" data-e-type=\"widget\" data-widget_type=\"text-editor.default\">\n\t\t\t\t<div class=\"elementor-widget-container\">\n\t\t\t\t\t\t\t\t\t<h3><span style=\"color: #253b91\">Carolina<\/span><\/h3><p>Sra. Diana Ramiro Mel\u00e9ndez<br \/><em>Administradora de Documentos I<\/em><br \/>Correo electr\u00f3nico: <a href=\"mailto:diana.ramiro@upr.edu\">diana.ramiro@upr.edu<\/a><\/p><p><img loading=\"lazy\" decoding=\"async\" class=\"size-full wp-image-18922 aligncenter\" src=\"https:\/\/www.uprrp.edu\/archivouniversitario\/wp-content\/uploads\/sites\/21\/2025\/08\/Carolina.jpg\" alt=\"\" width=\"225\" height=\"224\" srcset=\"https:\/\/www.uprrp.edu\/archivouniversitario\/wp-content\/uploads\/sites\/21\/2025\/08\/Carolina.jpg 225w, https:\/\/www.uprrp.edu\/archivouniversitario\/wp-content\/uploads\/sites\/21\/2025\/08\/Carolina-150x150.jpg 150w\" sizes=\"(max-width: 225px) 100vw, 225px\" \/><\/p>\t\t\t\t\t\t\t\t<\/div>\n\t\t\t\t<\/div>\n\t\t\t\t<div class=\"elementor-element elementor-element-0091ce8 elementor-widget elementor-widget-text-editor\" data-id=\"0091ce8\" data-element_type=\"widget\" data-e-type=\"widget\" data-widget_type=\"text-editor.default\">\n\t\t\t\t<div class=\"elementor-widget-container\">\n\t\t\t\t\t\t\t\t\t<h3><span style=\"color: #338941\">Cayey<\/span><\/h3><p>Sr. Joseph J. Diaz Alicea<br \/><em>Administrador de Documentos I<\/em><br \/>Correo electr\u00f3nico: <a href=\"mailto:joseph.diaz@upr.edu\">joseph.diaz@upr.edu<\/a><\/p><p><img loading=\"lazy\" decoding=\"async\" class=\"size-full wp-image-18923 aligncenter\" src=\"https:\/\/www.uprrp.edu\/archivouniversitario\/wp-content\/uploads\/sites\/21\/2025\/08\/Cayey.png\" alt=\"\" width=\"225\" height=\"225\" srcset=\"https:\/\/www.uprrp.edu\/archivouniversitario\/wp-content\/uploads\/sites\/21\/2025\/08\/Cayey.png 225w, https:\/\/www.uprrp.edu\/archivouniversitario\/wp-content\/uploads\/sites\/21\/2025\/08\/Cayey-150x150.png 150w\" sizes=\"(max-width: 225px) 100vw, 225px\" \/><\/p>\t\t\t\t\t\t\t\t<\/div>\n\t\t\t\t<\/div>\n\t\t\t\t<div class=\"elementor-element elementor-element-b84203d elementor-widget elementor-widget-text-editor\" data-id=\"b84203d\" data-element_type=\"widget\" data-e-type=\"widget\" data-widget_type=\"text-editor.default\">\n\t\t\t\t<div class=\"elementor-widget-container\">\n\t\t\t\t\t\t\t\t\t<h3><span style=\"color: #9c8948\">Recinto de Ciencias M\u00e9dicas<\/span><\/h3><p>Sra. Erica Ortiz Moraza<br \/><em>Administradora de Documentos II<\/em><br \/>Correo electr\u00f3nico: <a href=\"mailto:erica.ortiz1@upr.edu\">erica.ortiz1@upr.edu<\/a><\/p><p><img loading=\"lazy\" decoding=\"async\" class=\"size-full wp-image-18924 aligncenter\" src=\"https:\/\/www.uprrp.edu\/archivouniversitario\/wp-content\/uploads\/sites\/21\/2025\/08\/Ciencias-Medicas.png\" alt=\"\" width=\"225\" height=\"225\" srcset=\"https:\/\/www.uprrp.edu\/archivouniversitario\/wp-content\/uploads\/sites\/21\/2025\/08\/Ciencias-Medicas.png 225w, https:\/\/www.uprrp.edu\/archivouniversitario\/wp-content\/uploads\/sites\/21\/2025\/08\/Ciencias-Medicas-150x150.png 150w\" sizes=\"(max-width: 225px) 100vw, 225px\" \/><\/p>\t\t\t\t\t\t\t\t<\/div>\n\t\t\t\t<\/div>\n\t\t\t\t<div class=\"elementor-element elementor-element-1e3617a elementor-widget elementor-widget-text-editor\" data-id=\"1e3617a\" data-element_type=\"widget\" data-e-type=\"widget\" data-widget_type=\"text-editor.default\">\n\t\t\t\t<div class=\"elementor-widget-container\">\n\t\t\t\t\t\t\t\t\t<h3><span style=\"color: #7a003c\">Humacao<\/span><\/h3><p>Ileana Garc\u00eda Lebr\u00f3n<br \/><em>Administrador de Documentos I<\/em><br \/>Correo electr\u00f3nico: <a href=\"mailto:ileana.garcia3@upr.edu\">ileana.garcia3@upr.edu<\/a><\/p><p><img loading=\"lazy\" decoding=\"async\" class=\"size-full wp-image-18925 aligncenter\" src=\"https:\/\/www.uprrp.edu\/archivouniversitario\/wp-content\/uploads\/sites\/21\/2025\/08\/Humacao.jpg\" alt=\"\" width=\"232\" height=\"217\" \/><\/p>\t\t\t\t\t\t\t\t<\/div>\n\t\t\t\t<\/div>\n\t\t\t\t<div class=\"elementor-element elementor-element-0b52622 elementor-widget elementor-widget-text-editor\" data-id=\"0b52622\" data-element_type=\"widget\" data-e-type=\"widget\" data-widget_type=\"text-editor.default\">\n\t\t\t\t<div class=\"elementor-widget-container\">\n\t\t\t\t\t\t\t\t\t<h3><span style=\"color: #337137\">Recinto Universitario de Mayag\u00fcez<\/span><\/h3><p>Sra. Julia Soto Ortiz<br \/><em>Administradora de Documentos II<\/em><br \/>Correo electr\u00f3nico: <a href=\"mailto:julia.soto@upr.edu\">julia.soto@upr.edu<\/a><\/p><h3><span style=\"color: #337137\">Servicio de Extensi\u00f3n Agr\u00edcola<\/span><\/h3><p>Sra. Karen Ortiz Mart\u00edn<br \/><em>Administradora de Documentos I<\/em><br \/>Correo electr\u00f3nico: <a href=\"mailto:karen.ortiz6@upr.edu\">karen.ortiz6@upr.edu<\/a><\/p><h3><span style=\"color: #337137\">Estaci\u00f3n Experimental Agr\u00edcola<\/span><\/h3><p>Sra. Susana De Le\u00f3n<br \/><em>Administradora de Documentos I<\/em><br \/>Correo electr\u00f3nico: <a href=\"mailto:susana.deleon@upr.edu\">susana.deleon@upr.edu<\/a><\/p><p><img loading=\"lazy\" decoding=\"async\" class=\"wp-image-18926 aligncenter\" src=\"https:\/\/www.uprrp.edu\/archivouniversitario\/wp-content\/uploads\/sites\/21\/2025\/08\/Mayaguez.png\" alt=\"\" width=\"108\" height=\"108\" srcset=\"https:\/\/www.uprrp.edu\/archivouniversitario\/wp-content\/uploads\/sites\/21\/2025\/08\/Mayaguez.png 225w, https:\/\/www.uprrp.edu\/archivouniversitario\/wp-content\/uploads\/sites\/21\/2025\/08\/Mayaguez-150x150.png 150w\" sizes=\"(max-width: 108px) 100vw, 108px\" \/><\/p>\t\t\t\t\t\t\t\t<\/div>\n\t\t\t\t<\/div>\n\t\t\t\t<div class=\"elementor-element elementor-element-b21b4bb elementor-widget elementor-widget-text-editor\" data-id=\"b21b4bb\" data-element_type=\"widget\" data-e-type=\"widget\" data-widget_type=\"text-editor.default\">\n\t\t\t\t<div class=\"elementor-widget-container\">\n\t\t\t\t\t\t\t\t\t<h3><span style=\"color: #332c25\">Ponce<\/span><\/h3><p>Sra. Frances E. V\u00e1zquez Moreno<br \/><em>Administradora de Documentos I<\/em><br \/>Correo electr\u00f3nico: <a href=\"mailto:frances.vazquez2@upr.edu\">frances.vazquez2@upr.edu<\/a><\/p><p><img loading=\"lazy\" decoding=\"async\" class=\"size-full wp-image-18930 aligncenter\" src=\"https:\/\/www.uprrp.edu\/archivouniversitario\/wp-content\/uploads\/sites\/21\/2025\/08\/Ponce.jpg\" alt=\"\" width=\"225\" height=\"225\" srcset=\"https:\/\/www.uprrp.edu\/archivouniversitario\/wp-content\/uploads\/sites\/21\/2025\/08\/Ponce.jpg 225w, https:\/\/www.uprrp.edu\/archivouniversitario\/wp-content\/uploads\/sites\/21\/2025\/08\/Ponce-150x150.jpg 150w\" sizes=\"(max-width: 225px) 100vw, 225px\" \/><\/p>\t\t\t\t\t\t\t\t<\/div>\n\t\t\t\t<\/div>\n\t\t\t\t<div class=\"elementor-element elementor-element-909d66a elementor-widget elementor-widget-text-editor\" data-id=\"909d66a\" data-element_type=\"widget\" data-e-type=\"widget\" data-widget_type=\"text-editor.default\">\n\t\t\t\t<div class=\"elementor-widget-container\">\n\t\t\t\t\t\t\t\t\t<h3><span style=\"color: #e03827\">Recinto de R\u00edo Piedras<\/span><\/h3><p>Sra. Aida I. Irizarry Mart\u00ednez<br \/><em>Administradora de Documentos II<\/em><br \/>Correo electr\u00f3nico: <a href=\"mailto:aida.irizarry@upr.edu\">aida.irizarry@upr.edu<\/a><\/p><p><img loading=\"lazy\" decoding=\"async\" class=\"size-full wp-image-18927 aligncenter\" src=\"https:\/\/www.uprrp.edu\/archivouniversitario\/wp-content\/uploads\/sites\/21\/2025\/08\/Rio-Piedras.png\" alt=\"\" width=\"188\" height=\"188\" srcset=\"https:\/\/www.uprrp.edu\/archivouniversitario\/wp-content\/uploads\/sites\/21\/2025\/08\/Rio-Piedras.png 188w, https:\/\/www.uprrp.edu\/archivouniversitario\/wp-content\/uploads\/sites\/21\/2025\/08\/Rio-Piedras-150x150.png 150w\" sizes=\"(max-width: 188px) 100vw, 188px\" \/><\/p>\t\t\t\t\t\t\t\t<\/div>\n\t\t\t\t<\/div>\n\t\t\t\t<div class=\"elementor-element elementor-element-7e26908 elementor-widget elementor-widget-text-editor\" data-id=\"7e26908\" data-element_type=\"widget\" data-e-type=\"widget\" data-widget_type=\"text-editor.default\">\n\t\t\t\t<div class=\"elementor-widget-container\">\n\t\t\t\t\t\t\t\t\t<h3><span style=\"color: #4aa942\">Utuado<\/span><\/h3><p>Vacante<br \/><em>Administrador de Documentos I<\/em><br \/>Correo electr\u00f3nico:\u00a0<\/p><p><img loading=\"lazy\" decoding=\"async\" class=\"size-full wp-image-18928 aligncenter\" src=\"https:\/\/www.uprrp.edu\/archivouniversitario\/wp-content\/uploads\/sites\/21\/2025\/08\/Utuado.png\" alt=\"\" width=\"184\" height=\"184\" srcset=\"https:\/\/www.uprrp.edu\/archivouniversitario\/wp-content\/uploads\/sites\/21\/2025\/08\/Utuado.png 184w, https:\/\/www.uprrp.edu\/archivouniversitario\/wp-content\/uploads\/sites\/21\/2025\/08\/Utuado-150x150.png 150w\" sizes=\"(max-width: 184px) 100vw, 184px\" \/><\/p>\t\t\t\t\t\t\t\t<\/div>\n\t\t\t\t<\/div>\n\t\t\t\t<div class=\"elementor-element elementor-element-614d372 elementor-widget elementor-widget-text-editor\" data-id=\"614d372\" data-element_type=\"widget\" data-e-type=\"widget\" data-widget_type=\"text-editor.default\">\n\t\t\t\t<div class=\"elementor-widget-container\">\n\t\t\t\t\t\t\t\t\t<h3>Administraci\u00f3n Central<\/h3><p>Sr. Carlos Berr\u00edos Vel\u00e1zquez<\/p><p><em>Administrador de Documentos I<\/em><\/p><p>Correo electr\u00f3nico: <a href=\"mailto:carlos.berrios4@upr.edu\">carlos.berrios4@upr.edu<\/a><\/p><p><img loading=\"lazy\" decoding=\"async\" class=\"size-full wp-image-18929 aligncenter\" src=\"https:\/\/www.uprrp.edu\/archivouniversitario\/wp-content\/uploads\/sites\/21\/2025\/08\/Sello-AC.jpg\" alt=\"\" width=\"225\" height=\"225\" srcset=\"https:\/\/www.uprrp.edu\/archivouniversitario\/wp-content\/uploads\/sites\/21\/2025\/08\/Sello-AC.jpg 225w, https:\/\/www.uprrp.edu\/archivouniversitario\/wp-content\/uploads\/sites\/21\/2025\/08\/Sello-AC-150x150.jpg 150w\" sizes=\"(max-width: 225px) 100vw, 225px\" \/><\/p>\t\t\t\t\t\t\t\t<\/div>\n\t\t\t\t<\/div>\n\t\t\t\t\t<\/div>\n\t\t\t\t<\/div>\n\t\t\t\t<\/div>\n\t\t","protected":false},"excerpt":{"rendered":"<p>El Archivo Central fue creado por la Ley 5 de 1955, Ley de Administraci\u00f3n de Documentos de Puerto Rico. El Archivo Central surgi\u00f3 como resultado del estudio sobre administraci\u00f3n de documentos que particip\u00f3 la firma Barrington Associates y el cu\u00e1l &hellip; <\/p>\n","protected":false},"author":43,"featured_media":0,"parent":0,"menu_order":2,"comment_status":"closed","ping_status":"closed","template":"","meta":{"_monsterinsights_skip_tracking":false,"_monsterinsights_sitenote_active":false,"_monsterinsights_sitenote_note":"","_monsterinsights_sitenote_category":0,"_FSMCFIC_featured_image_caption":"","_FSMCFIC_featured_image_nocaption":"","_FSMCFIC_featured_image_hide":"","footnotes":""},"class_list":["post-16808","page","type-page","status-publish","hentry"],"_links":{"self":[{"href":"https:\/\/www.uprrp.edu\/archivouniversitario\/wp-json\/wp\/v2\/pages\/16808","targetHints":{"allow":["GET"]}}],"collection":[{"href":"https:\/\/www.uprrp.edu\/archivouniversitario\/wp-json\/wp\/v2\/pages"}],"about":[{"href":"https:\/\/www.uprrp.edu\/archivouniversitario\/wp-json\/wp\/v2\/types\/page"}],"author":[{"embeddable":true,"href":"https:\/\/www.uprrp.edu\/archivouniversitario\/wp-json\/wp\/v2\/users\/43"}],"replies":[{"embeddable":true,"href":"https:\/\/www.uprrp.edu\/archivouniversitario\/wp-json\/wp\/v2\/comments?post=16808"}],"version-history":[{"count":21,"href":"https:\/\/www.uprrp.edu\/archivouniversitario\/wp-json\/wp\/v2\/pages\/16808\/revisions"}],"predecessor-version":[{"id":18933,"href":"https:\/\/www.uprrp.edu\/archivouniversitario\/wp-json\/wp\/v2\/pages\/16808\/revisions\/18933"}],"wp:attachment":[{"href":"https:\/\/www.uprrp.edu\/archivouniversitario\/wp-json\/wp\/v2\/media?parent=16808"}],"curies":[{"name":"wp","href":"https:\/\/api.w.org\/{rel}","templated":true}]}}