{"id":16811,"date":"2022-12-13T18:00:34","date_gmt":"2022-12-13T18:00:34","guid":{"rendered":"https:\/\/www.uprrp.edu\/archivouniversitario\/?page_id=16811"},"modified":"2022-12-16T15:46:41","modified_gmt":"2022-12-16T15:46:41","slug":"archivo-historico","status":"publish","type":"page","link":"https:\/\/www.uprrp.edu\/archivouniversitario\/archivo-historico\/","title":{"rendered":"Archivo Hist\u00f3rico"},"content":{"rendered":"<p>El Archivo Hist\u00f3rico es la secci\u00f3n que se nutre de los documentos del Archivo Central, cuando son valorizados y pasan a ser documentos hist\u00f3ricos. Los documentos hist\u00f3ricos est\u00e1n organizados por Colecciones.<\/p>\n","protected":false},"excerpt":{"rendered":"<p>El Archivo Hist\u00f3rico es la secci\u00f3n que se nutre de los documentos del Archivo Central, cuando son valorizados y pasan a ser documentos hist\u00f3ricos. Los documentos hist\u00f3ricos est\u00e1n organizados por Colecciones.<\/p>\n","protected":false},"author":43,"featured_media":0,"parent":0,"menu_order":3,"comment_status":"closed","ping_status":"closed","template":"","meta":{"_monsterinsights_skip_tracking":false,"_monsterinsights_sitenote_active":false,"_monsterinsights_sitenote_note":"","_monsterinsights_sitenote_category":0,"_FSMCFIC_featured_image_caption":"","_FSMCFIC_featured_image_nocaption":"","_FSMCFIC_featured_image_hide":"","footnotes":""},"class_list":["post-16811","page","type-page","status-publish","hentry"],"_links":{"self":[{"href":"https:\/\/www.uprrp.edu\/archivouniversitario\/wp-json\/wp\/v2\/pages\/16811","targetHints":{"allow":["GET"]}}],"collection":[{"href":"https:\/\/www.uprrp.edu\/archivouniversitario\/wp-json\/wp\/v2\/pages"}],"about":[{"href":"https:\/\/www.uprrp.edu\/archivouniversitario\/wp-json\/wp\/v2\/types\/page"}],"author":[{"embeddable":true,"href":"https:\/\/www.uprrp.edu\/archivouniversitario\/wp-json\/wp\/v2\/users\/43"}],"replies":[{"embeddable":true,"href":"https:\/\/www.uprrp.edu\/archivouniversitario\/wp-json\/wp\/v2\/comments?post=16811"}],"version-history":[{"count":1,"href":"https:\/\/www.uprrp.edu\/archivouniversitario\/wp-json\/wp\/v2\/pages\/16811\/revisions"}],"predecessor-version":[{"id":16812,"href":"https:\/\/www.uprrp.edu\/archivouniversitario\/wp-json\/wp\/v2\/pages\/16811\/revisions\/16812"}],"wp:attachment":[{"href":"https:\/\/www.uprrp.edu\/archivouniversitario\/wp-json\/wp\/v2\/media?parent=16811"}],"curies":[{"name":"wp","href":"https:\/\/api.w.org\/{rel}","templated":true}]}}