{"id":16815,"date":"2022-12-13T18:00:56","date_gmt":"2022-12-13T18:00:56","guid":{"rendered":"https:\/\/www.uprrp.edu\/archivouniversitario\/?page_id=16815"},"modified":"2024-08-29T17:44:55","modified_gmt":"2024-08-29T17:44:55","slug":"indice-de-colecciones","status":"publish","type":"page","link":"https:\/\/www.uprrp.edu\/archivouniversitario\/archivo-historico\/indice-de-colecciones\/","title":{"rendered":"\u00cdndice de Colecciones"},"content":{"rendered":"\t\t<div data-elementor-type=\"wp-page\" data-elementor-id=\"16815\" class=\"elementor elementor-16815\">\n\t\t\t\t\t\t<section class=\"elementor-section elementor-top-section elementor-element elementor-element-233c562c elementor-section-boxed elementor-section-height-default elementor-section-height-default\" data-id=\"233c562c\" data-element_type=\"section\" data-e-type=\"section\">\n\t\t\t\t\t\t<div class=\"elementor-container elementor-column-gap-default\">\n\t\t\t\t\t<div class=\"elementor-column elementor-col-100 elementor-top-column elementor-element elementor-element-6511ee4a\" data-id=\"6511ee4a\" data-element_type=\"column\" data-e-type=\"column\">\n\t\t\t<div class=\"elementor-widget-wrap elementor-element-populated\">\n\t\t\t\t\t\t<div class=\"elementor-element elementor-element-10353465 elementor-widget elementor-widget-text-editor\" data-id=\"10353465\" data-element_type=\"widget\" data-e-type=\"widget\" data-widget_type=\"text-editor.default\">\n\t\t\t\t<div class=\"elementor-widget-container\">\n\t\t\t\t\t\t\t\t\t<h5><a href=\"https:\/\/www.uprrp.edu\/archivouniversitario\/wp-content\/uploads\/sites\/21\/2022\/12\/Coleccion-512-Indice-Distinciones-Academicas.pdf\">512 Distinciones Acad\u00e9micas<\/a><\/h5><h5><a href=\"https:\/\/www.uprrp.edu\/archivouniversitario\/wp-content\/uploads\/sites\/21\/2024\/06\/512.2-Indice-Senado-Academico-Distinciones-Academicas-Academicas-2.pdf\">512.2 Distinciones Acad\u00e9micas Recinto de R\u00edo Piedras<\/a><\/h5><h5><a href=\"https:\/\/www.uprrp.edu\/archivouniversitario\/wp-content\/uploads\/sites\/21\/2022\/12\/Coleccion-512-Indice-Distinciones-Academicas.pdf\">513 Ejercicios de Graduaci\u00f3n<\/a><\/h5><h5><a href=\"https:\/\/www.uprrp.edu\/archivouniversitario\/wp-content\/uploads\/sites\/21\/2023\/05\/Indice-Coleccion-27-Boletines.pdf\">527 Boletines<\/a><\/h5><h5><a href=\"https:\/\/www.uprrp.edu\/archivouniversitario\/wp-content\/uploads\/sites\/21\/2022\/12\/Coleccion-512-Indice-Distinciones-Academicas.pdf\">532 Asesoramientos, estudios o sistemas de archivos<\/a><\/h5><h5><a href=\"https:\/\/www.uprrp.edu\/archivouniversitario\/wp-content\/uploads\/sites\/21\/2023\/03\/Indice-Recopilacion-36-Central-File-Procedures.pdf\">536 Central File Procedures<\/a><\/h5><h5><a href=\"https:\/\/www.uprrp.edu\/archivouniversitario\/wp-content\/uploads\/sites\/21\/2023\/01\/Indice-545-Festival-Casals.pdf\">545 Festival Casals<\/a><\/h5><h5><a href=\"https:\/\/www.uprrp.edu\/archivouniversitario\/wp-content\/uploads\/sites\/21\/2023\/03\/Indice-547-Biblioteca-General.pdf\">547 Biblioteca General<\/a><\/h5><h5>548 <a href=\"https:\/\/www.uprrp.edu\/archivouniversitario\/wp-content\/uploads\/sites\/21\/2024\/02\/Indice-548-Escuelas-Laboratorios-de-la-UPR.pdf\">Escuelas Laboratorios (Elemental y Superior) de la UPR<\/a><\/h5><h5><a href=\"https:\/\/www.uprrp.edu\/archivouniversitario\/wp-content\/uploads\/sites\/21\/2023\/10\/53-Indice-Fotografias-en-orden-alfabetico-original.pdf\">553-Fotograf\u00edas<\/a><\/h5><h5><a href=\"https:\/\/www.uprrp.edu\/archivouniversitario\/wp-content\/uploads\/sites\/21\/2023\/03\/Indice-Recopilacion-55-Estudio-Barrington.pdf\">555 Estudio Barrington<\/a> sobre Administraci\u00f3n de Documentos P\u00fablicos<\/h5><h5><a href=\"https:\/\/www.uprrp.edu\/archivouniversitario\/wp-content\/uploads\/sites\/21\/2023\/03\/58-Informes-y-estudios-Indice-1909-1969.pdf.pdf\">558 Informes y estudios Indice (1909-1969)<\/a><\/h5><h5><a href=\"https:\/\/www.uprrp.edu\/archivouniversitario\/wp-content\/uploads\/sites\/21\/2022\/12\/Coleccion-512-Indice-Distinciones-Academicas.pdf\">559 Borrador de la Constituci\u00f3n de Puerto Rico<\/a><\/h5><h5>562 <a href=\"https:\/\/www.uprrp.edu\/archivouniversitario\/wp-content\/uploads\/sites\/21\/2024\/02\/1.-Recopilacion-62-Academicos-e-Intelectuales-Destacados-de-la-UPR-y-VIP.pdf\">Acad\u00e9micos e Intelectuales Destacados de la UPR<\/a><\/h5><h5><a href=\"https:\/\/www.uprrp.edu\/archivouniversitario\/wp-content\/uploads\/sites\/21\/2023\/03\/Indice-562.2-Academicas-e-intelectuales-destacadas-de-la-UPR-octubre.pdf\">562.2 Acad\u00e9micas e intelectuales destacadas de la UPR octubre<\/a><\/h5><h5><a href=\"https:\/\/www.uprrp.edu\/archivouniversitario\/wp-content\/uploads\/sites\/21\/2022\/12\/Indice-Recopilacion-68-Archivo-Central.pdf\">568 Archivo Hist\u00f3rico &#8211; Central<\/a><\/h5><h5>571 Indices &#8211; Rector\u00eda<\/h5><ul><li><h5><a href=\"https:\/\/www.uprrp.edu\/archivouniversitario\/wp-content\/uploads\/sites\/21\/2022\/12\/1967-1968-Indice-Accesion-Rectoria.pdf\">1967-1968\u00a0<\/a><\/h5><\/li><li><h5><a href=\"https:\/\/www.uprrp.edu\/archivouniversitario\/wp-content\/uploads\/sites\/21\/2022\/12\/1966-1967-Indice-Accesion-Rectoria.pdf\">1966-1967\u00a0<\/a><\/h5><\/li><li><h5><a href=\"https:\/\/www.uprrp.edu\/archivouniversitario\/wp-content\/uploads\/sites\/21\/2022\/12\/1964-Indice-Accesion-Rectoria.pdf\">1964<\/a><\/h5><\/li><li><h5><a href=\"https:\/\/www.uprrp.edu\/archivouniversitario\/wp-content\/uploads\/sites\/21\/2022\/12\/1963-Indice-Accesion-Rectoria.pdf\">1963<\/a><\/h5><\/li><li><h5><a href=\"https:\/\/www.uprrp.edu\/archivouniversitario\/wp-content\/uploads\/sites\/21\/2022\/12\/1960-1962-Indice-Accesion-Rectoria.pdf\">1960-1962\u00a0<\/a><\/h5><\/li><li><h5><a href=\"https:\/\/www.uprrp.edu\/archivouniversitario\/wp-content\/uploads\/sites\/21\/2022\/12\/1918-1949-Indice-Accesion-Rectoria.pdf\">1918-1949\u00a0<\/a><\/h5><\/li><li><h5><a href=\"https:\/\/www.uprrp.edu\/archivouniversitario\/wp-content\/uploads\/sites\/21\/2022\/12\/1918-1933-1934-Indice-Accesion..pdf\">1918-1933-1934\u00a0<\/a><\/h5><\/li><li><h5><a href=\"https:\/\/www.uprrp.edu\/archivouniversitario\/wp-content\/uploads\/sites\/21\/2022\/12\/1914-1943-Indice-Accesion-Rectoria.pdf\">1914-1943\u00a0<\/a><\/h5><\/li><\/ul><h5><a href=\"https:\/\/www.uprrp.edu\/archivouniversitario\/wp-content\/uploads\/sites\/21\/2022\/12\/72-Informes-Anuales-Indice-de-Accesion.pdf\">572 Informes Anuales<\/a><\/h5><h5><a href=\"https:\/\/www.uprrp.edu\/archivouniversitario\/wp-content\/uploads\/sites\/21\/2022\/12\/Organizaciones-y-sus-funciones-Corregido..pdf\">573 Organizaciones y sus funciones\u00a0<\/a><\/h5><h5>577 <a href=\"https:\/\/www.uprrp.edu\/archivouniversitario\/wp-content\/uploads\/sites\/21\/2022\/12\/Indice-Coleccion-77-Monumentos-y-Placas.pdf\">Monumentos y Placas<\/a><\/h5><h5>583 <a href=\"https:\/\/www.uprrp.edu\/archivouniversitario\/wp-content\/uploads\/sites\/21\/2024\/02\/Indice-583-Centro-Buchanan.pdf\">Centro Universitario de Buchanan<\/a><\/h5><h5>587 <a href=\"https:\/\/www.uprrp.edu\/archivouniversitario\/wp-content\/uploads\/sites\/21\/2022\/12\/Indice-Recopilacion-587-Homenaje-a-Varias-Figuras.pdf\">Homenaje a Varias Figuras<\/a><\/h5><h5><a href=\"https:\/\/www.uprrp.edu\/archivouniversitario\/wp-content\/uploads\/sites\/21\/2023\/10\/Indice-589-Economia-Domestica.pdf\">589 Econom\u00eda Dom\u00e9stica<\/a><\/h5><h5><a href=\"https:\/\/www.uprrp.edu\/archivouniversitario\/wp-content\/uploads\/sites\/21\/2022\/12\/Indice-Coleccion-90-Residencia-Carlota-Matienzo-Hall.pdf\">590 Residencia Carlota Matienzo Hall<\/a><\/h5><h5><a href=\"https:\/\/www.uprrp.edu\/archivouniversitario\/wp-content\/uploads\/sites\/21\/2022\/12\/Coleccion-591-Indice-Banda-Universitaria.pdf\">591 Banda Universitaria<\/a><\/h5><h5><a href=\"https:\/\/www.uprrp.edu\/archivouniversitario\/wp-content\/uploads\/sites\/21\/2022\/12\/Indice-593-Edificios.pdf\">593 Edificios<\/a><\/h5><h5><a href=\"https:\/\/www.uprrp.edu\/archivouniversitario\/wp-content\/uploads\/sites\/21\/2023\/10\/99-Propuestas.pdf.pdf\">599-Propuestas<\/a><\/h5><h5><a href=\"https:\/\/www.uprrp.edu\/archivouniversitario\/wp-content\/uploads\/sites\/21\/2023\/10\/Indice-Planos.pdf\">Planos<\/a><\/h5>\t\t\t\t\t\t\t\t<\/div>\n\t\t\t\t<\/div>\n\t\t\t\t\t<\/div>\n\t\t<\/div>\n\t\t\t\t\t<\/div>\n\t\t<\/section>\n\t\t\t\t<\/div>\n\t\t","protected":false},"excerpt":{"rendered":"<p>512 Distinciones Acad\u00e9micas 512.2 Distinciones Acad\u00e9micas Recinto de R\u00edo Piedras 513 Ejercicios de Graduaci\u00f3n 527 Boletines 532 Asesoramientos, estudios o sistemas de archivos 536 Central File Procedures 545 Festival Casals 547 Biblioteca General 548 Escuelas Laboratorios (Elemental y Superior) de &hellip; <\/p>\n","protected":false},"author":43,"featured_media":0,"parent":16811,"menu_order":0,"comment_status":"closed","ping_status":"closed","template":"","meta":{"_monsterinsights_skip_tracking":false,"_monsterinsights_sitenote_active":false,"_monsterinsights_sitenote_note":"","_monsterinsights_sitenote_category":0,"_FSMCFIC_featured_image_caption":"","_FSMCFIC_featured_image_nocaption":"","_FSMCFIC_featured_image_hide":"","footnotes":""},"class_list":["post-16815","page","type-page","status-publish","hentry"],"_links":{"self":[{"href":"https:\/\/www.uprrp.edu\/archivouniversitario\/wp-json\/wp\/v2\/pages\/16815","targetHints":{"allow":["GET"]}}],"collection":[{"href":"https:\/\/www.uprrp.edu\/archivouniversitario\/wp-json\/wp\/v2\/pages"}],"about":[{"href":"https:\/\/www.uprrp.edu\/archivouniversitario\/wp-json\/wp\/v2\/types\/page"}],"author":[{"embeddable":true,"href":"https:\/\/www.uprrp.edu\/archivouniversitario\/wp-json\/wp\/v2\/users\/43"}],"replies":[{"embeddable":true,"href":"https:\/\/www.uprrp.edu\/archivouniversitario\/wp-json\/wp\/v2\/comments?post=16815"}],"version-history":[{"count":46,"href":"https:\/\/www.uprrp.edu\/archivouniversitario\/wp-json\/wp\/v2\/pages\/16815\/revisions"}],"predecessor-version":[{"id":18791,"href":"https:\/\/www.uprrp.edu\/archivouniversitario\/wp-json\/wp\/v2\/pages\/16815\/revisions\/18791"}],"up":[{"embeddable":true,"href":"https:\/\/www.uprrp.edu\/archivouniversitario\/wp-json\/wp\/v2\/pages\/16811"}],"wp:attachment":[{"href":"https:\/\/www.uprrp.edu\/archivouniversitario\/wp-json\/wp\/v2\/media?parent=16815"}],"curies":[{"name":"wp","href":"https:\/\/api.w.org\/{rel}","templated":true}]}}