{"id":16817,"date":"2022-12-13T18:29:05","date_gmt":"2022-12-13T18:29:05","guid":{"rendered":"https:\/\/www.uprrp.edu\/archivouniversitario\/?page_id=16817"},"modified":"2024-01-12T12:41:41","modified_gmt":"2024-01-12T12:41:41","slug":"historia-del-archivo-universitario","status":"publish","type":"page","link":"https:\/\/www.uprrp.edu\/archivouniversitario\/inicio\/historia-del-archivo-universitario\/","title":{"rendered":"Historia del Archivo Universitario"},"content":{"rendered":"\t\t<div data-elementor-type=\"wp-page\" data-elementor-id=\"16817\" class=\"elementor elementor-16817\">\n\t\t\t\t\t\t<section class=\"elementor-section elementor-top-section elementor-element elementor-element-10b1ff59 elementor-section-boxed elementor-section-height-default elementor-section-height-default\" data-id=\"10b1ff59\" data-element_type=\"section\" data-e-type=\"section\">\n\t\t\t\t\t\t<div class=\"elementor-container elementor-column-gap-default\">\n\t\t\t\t\t<div class=\"elementor-column elementor-col-100 elementor-top-column elementor-element elementor-element-34eb6102\" data-id=\"34eb6102\" data-element_type=\"column\" data-e-type=\"column\">\n\t\t\t<div class=\"elementor-widget-wrap elementor-element-populated\">\n\t\t\t\t\t\t<div class=\"elementor-element elementor-element-46ed3c60 elementor-widget elementor-widget-text-editor\" data-id=\"46ed3c60\" data-element_type=\"widget\" data-e-type=\"widget\" data-widget_type=\"text-editor.default\">\n\t\t\t\t<div class=\"elementor-widget-container\">\n\t\t\t\t\t\t\t\t\t<p><strong>Primeras d\u00e9cadas<\/strong><\/p><p>1946-1947 &#8211;\u00a0Se crea el <b>Proyecto de Fomento de los Estudios Hist\u00f3ricos sobre Puerto Rico<\/b>. El prop\u00f3sito era adquirir material documental de Puerto Rico .<\/p><p>1949-1950 &#8211;\u00a0El Centro de Investigaciones Hist\u00f3ricas recibe documentos sobre Puerto Rico tra\u00eddos de la Biblioteca del Congreso de Estados Unidos y el Archivo Nacional de M\u00e9xico.<\/p><p>1950-1951 &#8211;\u00a0Por primera vez se menciona en los Informes Anuales el <b>Archivo Hist\u00f3rico de la Universidad y el Archivo Hist\u00f3rico de Puerto Rico<\/b>, bajo la custodia de la Universidad.<\/p><p>1953-1954 &#8211; <b>El Archivo de Puerto Rico <\/b>\u2013 Ha sentado las primeras bases para la futura creaci\u00f3n de un Archivo General de Puerto Rico. El Negociado Estatal de Presupuesto tiene en mente establecer un Programa de Conservaci\u00f3n y Disposici\u00f3n de documentos p\u00fablicos.\u00a0Se trasladaron a la Universidad el archivo muerto del Departamento de Obras P\u00fablicas (1,220 pies c\u00fabicos).\u00a0Se recibi\u00f3 documentaci\u00f3n del Departamento de Salud P\u00fablica (854 pies c\u00fabicos).\u00a0Ordenaci\u00f3n y clasificaci\u00f3n de documentos del Departamento de Obras P\u00fablicas. Se recibi\u00f3 el inventario de los documentos y fueron transcritos por el Archivo.<\/p><p>1955-1956<\/p><ul><li>El Senado de Puerto Rico aprob\u00f3 el Proyecto del Senado N\u00fam. 450 llamado Ley para establecer un Programa de Conservaci\u00f3n y Disposici\u00f3n de Documentos P\u00fablicos. Esta ley crea el Archivo General del Estado Libre Asociado y se depositar\u00e1 toda documentaci\u00f3n p\u00fablica de valor permanente con m\u00e1s de 50 a\u00f1os de existencia.<\/li><li><a href=\"https:\/\/www.uprrp.edu\/archivouniversitario\/wp-content\/uploads\/sites\/21\/2024\/01\/OE-1956-234-Orden-Ejecutiva-Creacion-del-Archivo-General-de-PR.pdf\">Se transfieren las funciones y fondos del Archivo Hist\u00f3rico de Puerto Rico, adscrito hasta entonces a la Universidad, al Instituto de Cultura de Puerto Rico<\/a>. De esta forma nace el Archivo General de Puerto Rico.<\/li><\/ul><p>1956-1957 &#8211; El Archivo Hist\u00f3rico queda adscrito al Decanato de Administraci\u00f3n.<\/p><p>1959 &#8211;\u00a0El Archivo Central surgi\u00f3 como resultado del estudio sobre administraci\u00f3n de documentos que particip\u00f3 la firma <i>Barrington<\/i> <i>Associates<\/i> y el cu\u00e1l se inicio en la Universidad de Puerto Rico en septiembre de 1956.<\/p><p>En esa misma fecha, se transfieren de la Torre una enorme cantidad de documentos para ser Revisados y aplicar la Ley de Disposici\u00f3n y Conservaci\u00f3n de documentos, destruyendo los de valor administrativo y rescatando documentos hist\u00f3ricos y de valor permanente para la Instituci\u00f3n.<\/p><p>En el Informe Anual del Archivo, indica que <i>el Archivo Central ser\u00e1 otra fuente de referencia y un sitio m\u00e1s para llevar a cabo parte de la labor de investigaci\u00f3n; adem\u00e1s, se escribir\u00eda la historia de la Universidad desde sus comienzos<\/i>.<\/p><p>En el primer a\u00f1o de actividades en el Archivo Central, se comenz\u00f3 con el Programa de Disposici\u00f3n de documentos, destruyendo material cuyo valor administrativo hab\u00eda culminado y rescatando documentos de hist\u00f3rico y permanente para la Instituci\u00f3n. Adem\u00e1s se comenz\u00f3 a asesorar en procedimientos de archivo a las oficinas y se implant\u00f3 un \u00edndice de accesi\u00f3n por oficina.<\/p><p><strong>PRIMERAS COLECCIONES<\/strong><\/p><p>1966-67 &#8211;\u00a0Se mantienen los archivos de la correspondencia general del Colegio de Agricultura y Artes Mec\u00e1nicas de Mayag\u00fcez, de los a\u00f1os 1920-1957. El Recinto de Mayag\u00fcez se propone a establecer un Archivo Central.<\/p><p>La correspondencia de la \u00e9poca del Dr. Benner (1925-26), se clasific\u00f3, se archiv\u00f3 y se prepararon los \u00edndices. Estos documentos sirvieron de base para su libro \u201cFive Years of Fundation Building of the University of Puerto Rico.<\/p><p>Se traslad\u00f3 a la Colecci\u00f3n Puertorrique\u00f1a los peri\u00f3dicos de Juan Bobo 1938, Flecha 1938, El Cuko 1938-39, La Gaceta 1939, La Torre 1940-47, Opini\u00f3n 1947, Universidad 1948-53, El Pueblo 1948, El Carill\u00f3n 1948, Universitario 1948-52 e Isla 1950.<\/p><p>Actualmente el Archivo Universitario posee cerca de 100 colecciones.<\/p>\t\t\t\t\t\t\t\t<\/div>\n\t\t\t\t<\/div>\n\t\t\t\t<div class=\"elementor-element elementor-element-a8c105f elementor-arrows-position-inside elementor-pagination-position-outside elementor-widget elementor-widget-image-carousel\" data-id=\"a8c105f\" data-element_type=\"widget\" data-e-type=\"widget\" data-settings=\"{&quot;slides_to_show&quot;:&quot;1&quot;,&quot;navigation&quot;:&quot;both&quot;,&quot;autoplay&quot;:&quot;yes&quot;,&quot;pause_on_hover&quot;:&quot;yes&quot;,&quot;pause_on_interaction&quot;:&quot;yes&quot;,&quot;autoplay_speed&quot;:5000,&quot;infinite&quot;:&quot;yes&quot;,&quot;effect&quot;:&quot;slide&quot;,&quot;speed&quot;:500}\" data-widget_type=\"image-carousel.default\">\n\t\t\t\t<div class=\"elementor-widget-container\">\n\t\t\t\t\t\t\t<div class=\"elementor-image-carousel-wrapper swiper\" role=\"region\" aria-roledescription=\"carousel\" aria-label=\"Image Carousel\" dir=\"ltr\">\n\t\t\t<div class=\"elementor-image-carousel swiper-wrapper\" aria-live=\"off\">\n\t\t\t\t\t\t\t\t<div class=\"swiper-slide\" role=\"group\" aria-roledescription=\"slide\" aria-label=\"1 of 4\"><figure class=\"swiper-slide-inner\"><img decoding=\"async\" class=\"swiper-slide-image\" src=\"https:\/\/www.uprrp.edu\/archivouniversitario\/wp-content\/uploads\/sites\/21\/2022\/12\/567-1027-Isolina-Pena004.jpg\" alt=\"567-1027 Isolina Pe\u00f1a004\" \/><\/figure><\/div><div class=\"swiper-slide\" role=\"group\" aria-roledescription=\"slide\" aria-label=\"2 of 4\"><figure class=\"swiper-slide-inner\"><img decoding=\"async\" class=\"swiper-slide-image\" src=\"https:\/\/www.uprrp.edu\/archivouniversitario\/wp-content\/uploads\/sites\/21\/2022\/12\/553-32-10-AU887-2014-810x1024.png\" alt=\"Amparo Rivera\" \/><\/figure><\/div><div class=\"swiper-slide\" role=\"group\" aria-roledescription=\"slide\" aria-label=\"3 of 4\"><figure class=\"swiper-slide-inner\"><img decoding=\"async\" class=\"swiper-slide-image\" src=\"https:\/\/www.uprrp.edu\/archivouniversitario\/wp-content\/uploads\/sites\/21\/2022\/12\/553-32-11-AU887-2014-1024x808.png\" alt=\"Administraci\u00f3n de documentos 1959\" \/><\/figure><\/div><div class=\"swiper-slide\" role=\"group\" aria-roledescription=\"slide\" aria-label=\"4 of 4\"><figure class=\"swiper-slide-inner\"><img decoding=\"async\" class=\"swiper-slide-image\" src=\"https:\/\/www.uprrp.edu\/archivouniversitario\/wp-content\/uploads\/sites\/21\/2022\/12\/553-32-06-AU887-2014-1024x810.png\" alt=\"Administraci\u00f3n de Documentos\" \/><\/figure><\/div>\t\t\t<\/div>\n\t\t\t\t\t\t\t\t\t\t\t\t<div class=\"elementor-swiper-button elementor-swiper-button-prev\" role=\"button\" tabindex=\"0\">\n\t\t\t\t\t\t<svg aria-hidden=\"true\" class=\"e-font-icon-svg e-eicon-chevron-left\" viewBox=\"0 0 1000 1000\" xmlns=\"http:\/\/www.w3.org\/2000\/svg\"><path d=\"M646 125C629 125 613 133 604 142L308 442C296 454 292 471 292 487 292 504 296 521 308 533L604 854C617 867 629 875 646 875 663 875 679 871 692 858 704 846 713 829 713 812 713 796 708 779 692 767L438 487 692 225C700 217 708 204 708 187 708 171 704 154 692 142 675 129 663 125 646 125Z\"><\/path><\/svg>\t\t\t\t\t<\/div>\n\t\t\t\t\t<div class=\"elementor-swiper-button elementor-swiper-button-next\" role=\"button\" tabindex=\"0\">\n\t\t\t\t\t\t<svg aria-hidden=\"true\" class=\"e-font-icon-svg e-eicon-chevron-right\" viewBox=\"0 0 1000 1000\" xmlns=\"http:\/\/www.w3.org\/2000\/svg\"><path d=\"M696 533C708 521 713 504 713 487 713 471 708 454 696 446L400 146C388 133 375 125 354 125 338 125 325 129 313 142 300 154 292 171 292 187 292 204 296 221 308 233L563 492 304 771C292 783 288 800 288 817 288 833 296 850 308 863 321 871 338 875 354 875 371 875 388 867 400 854L696 533Z\"><\/path><\/svg>\t\t\t\t\t<\/div>\n\t\t\t\t\n\t\t\t\t\t\t\t\t\t<div class=\"swiper-pagination\"><\/div>\n\t\t\t\t\t\t\t\t\t<\/div>\n\t\t\t\t\t\t<\/div>\n\t\t\t\t<\/div>\n\t\t\t\t\t<\/div>\n\t\t<\/div>\n\t\t\t\t\t<\/div>\n\t\t<\/section>\n\t\t\t\t<\/div>\n\t\t","protected":false},"excerpt":{"rendered":"<p>Primeras d\u00e9cadas 1946-1947 &#8211;\u00a0Se crea el Proyecto de Fomento de los Estudios Hist\u00f3ricos sobre Puerto Rico. El prop\u00f3sito era adquirir material documental de Puerto Rico . 1949-1950 &#8211;\u00a0El Centro de Investigaciones Hist\u00f3ricas recibe documentos sobre Puerto Rico tra\u00eddos de la &hellip; <\/p>\n","protected":false},"author":43,"featured_media":0,"parent":15392,"menu_order":0,"comment_status":"closed","ping_status":"closed","template":"","meta":{"_monsterinsights_skip_tracking":false,"_monsterinsights_sitenote_active":false,"_monsterinsights_sitenote_note":"","_monsterinsights_sitenote_category":0,"_FSMCFIC_featured_image_caption":"","_FSMCFIC_featured_image_nocaption":"","_FSMCFIC_featured_image_hide":"","footnotes":""},"class_list":["post-16817","page","type-page","status-publish","hentry"],"_links":{"self":[{"href":"https:\/\/www.uprrp.edu\/archivouniversitario\/wp-json\/wp\/v2\/pages\/16817","targetHints":{"allow":["GET"]}}],"collection":[{"href":"https:\/\/www.uprrp.edu\/archivouniversitario\/wp-json\/wp\/v2\/pages"}],"about":[{"href":"https:\/\/www.uprrp.edu\/archivouniversitario\/wp-json\/wp\/v2\/types\/page"}],"author":[{"embeddable":true,"href":"https:\/\/www.uprrp.edu\/archivouniversitario\/wp-json\/wp\/v2\/users\/43"}],"replies":[{"embeddable":true,"href":"https:\/\/www.uprrp.edu\/archivouniversitario\/wp-json\/wp\/v2\/comments?post=16817"}],"version-history":[{"count":22,"href":"https:\/\/www.uprrp.edu\/archivouniversitario\/wp-json\/wp\/v2\/pages\/16817\/revisions"}],"predecessor-version":[{"id":18523,"href":"https:\/\/www.uprrp.edu\/archivouniversitario\/wp-json\/wp\/v2\/pages\/16817\/revisions\/18523"}],"up":[{"embeddable":true,"href":"https:\/\/www.uprrp.edu\/archivouniversitario\/wp-json\/wp\/v2\/pages\/15392"}],"wp:attachment":[{"href":"https:\/\/www.uprrp.edu\/archivouniversitario\/wp-json\/wp\/v2\/media?parent=16817"}],"curies":[{"name":"wp","href":"https:\/\/api.w.org\/{rel}","templated":true}]}}