{"id":16844,"date":"2022-12-14T13:54:45","date_gmt":"2022-12-14T13:54:45","guid":{"rendered":"https:\/\/www.uprrp.edu\/archivouniversitario\/?page_id=16844"},"modified":"2025-12-18T12:31:20","modified_gmt":"2025-12-18T12:31:20","slug":"leyes-reglamentos-y-certificaciones","status":"publish","type":"page","link":"https:\/\/www.uprrp.edu\/archivouniversitario\/archivo-central\/leyes-reglamentos-y-certificaciones\/","title":{"rendered":"Leyes, reglamentos y certificaciones"},"content":{"rendered":"\t\t<div data-elementor-type=\"wp-page\" data-elementor-id=\"16844\" class=\"elementor elementor-16844\">\n\t\t\t\t\t\t<section class=\"elementor-section elementor-top-section elementor-element elementor-element-3d7d7370 elementor-section-boxed elementor-section-height-default elementor-section-height-default\" data-id=\"3d7d7370\" data-element_type=\"section\" data-e-type=\"section\">\n\t\t\t\t\t\t<div class=\"elementor-container elementor-column-gap-default\">\n\t\t\t\t\t<div class=\"elementor-column elementor-col-100 elementor-top-column elementor-element elementor-element-6e4c97e\" data-id=\"6e4c97e\" data-element_type=\"column\" data-e-type=\"column\">\n\t\t\t<div class=\"elementor-widget-wrap elementor-element-populated\">\n\t\t\t\t\t\t<div class=\"elementor-element elementor-element-16c67ab1 elementor-widget elementor-widget-text-editor\" data-id=\"16c67ab1\" data-element_type=\"widget\" data-e-type=\"widget\" data-widget_type=\"text-editor.default\">\n\t\t\t\t<div class=\"elementor-widget-container\">\n\t\t\t\t\t\t\t\t\t<p><strong>Leyes y Reglamentos de Puerto Rico<\/strong><\/p><ul><li><a href=\"http:\/\/chrome-extension:\/\/efaidnbmnnnibpcajpcglclefindmkaj\/https:\/\/bvirtualogp.pr.gov\/ogp\/Bvirtual\/leyesreferencia\/PDF\/107-2025.pdf\" data-wplink-url-error=\"true\">Ley N\u00fam. 107, Ley de Administraci\u00f3n y Conservaci\u00f3n de Documentos P\u00fablicos para el Siglo XXI, de 10 de agosto de 2025<\/a><\/li><li><a href=\"https:\/\/www.uprrp.edu\/archivouniversitario\/wp-content\/uploads\/sites\/21\/2022\/12\/reg-23-Hacienda.pdf\">Reglamento N\u00fam. 23 &#8211; Para la conservaci\u00f3n de documentos de naturaleza fiscal o necesarios para el examen y comprobaci\u00f3n de cuentas y operaciones fiscales<\/a><\/li><li><a href=\"https:\/\/www.uprrp.edu\/archivouniversitario\/wp-content\/uploads\/sites\/21\/2022\/12\/reg-23-anejo.pdf\">Anejo Reglamento N\u00fam. 23<\/a><\/li><li><a href=\"https:\/\/www.uprrp.edu\/archivouniversitario\/wp-content\/uploads\/sites\/21\/2022\/12\/Reglamento-15-Administrador-de-Documentos.pdf\">Reglamento N\u00fam. 15 &#8211; Administrador de Documentos<\/a><\/li><li><a href=\"https:\/\/www.uprrp.edu\/archivouniversitario\/wp-content\/uploads\/sites\/21\/2022\/12\/Reglamento-4284.pdf\">Reglamento 4284, Reglamento para la Administraci\u00f3n de Documentos P\u00fablicos en la Rama Ejecutiva<\/a><\/li><li><a href=\"http:\/\/chrome-extension:\/\/efaidnbmnnnibpcajpcglclefindmkaj\/https:\/\/bvirtualogp.pr.gov\/ogp\/Bvirtual\/leyesreferencia\/PDF\/Justicia\/146-2012\/146-2012.pdf\" data-wplink-url-error=\"true\">C\u00f3digo Penal de Puerto Rico de 2012<\/a><\/li><li><a href=\"https:\/\/www.uprrp.edu\/archivouniversitario\/wp-content\/uploads\/sites\/21\/2023\/10\/Ley-122-2019-Ley-de-datos-abiertos-del-Gobierno-de-Puerto-Rico.pdf\">Ley 122 de 2019, Ley de datos abiertos del Gobierno de Puerto Rico<\/a><\/li><li><a href=\"https:\/\/www.uprrp.edu\/archivouniversitario\/wp-content\/uploads\/sites\/21\/2023\/10\/148-2006-Ley-de-transacciones-electronicas-1.pdf\">Ley 148 de 2006, Ley de Transacciones Electr\u00f3nicas<\/a><\/li><\/ul><p><strong>Cartas Circulares del Instituto de Cultura Puertorrique\u00f1a y el Archivo General de Puerto Rico<\/strong><\/p><ul><li><a href=\"https:\/\/www.uprrp.edu\/archivouniversitario\/wp-content\/uploads\/sites\/21\/2023\/10\/MEMORANDO-2023-001-padp-documentos-electronicos.pdf\">Memorando General 2023-001 Disposici\u00f3n de Documentos creados electr\u00f3nicamente<\/a><\/li><li><a href=\"https:\/\/www.uprrp.edu\/archivouniversitario\/wp-content\/uploads\/sites\/21\/2022\/12\/2021-01-ORDEN-ADMINISTRATIVA-ICP-Tarifas.pdf\">Orden Administrativa ICP\/PADP- 2021-001 Nuevas Tarifas<\/a><\/li><li><a href=\"https:\/\/www.uprrp.edu\/archivouniversitario\/wp-content\/uploads\/sites\/21\/2023\/04\/Carta-Circular-2017-PADP-001-PROTECCION-DOC.-ESENCIALES.pdf\">Carta Circular 2017-PADP-001-PROTECCI\u00d3N DOC. ESENCIALES<\/a><\/li><li><a href=\"https:\/\/www.uprrp.edu\/archivouniversitario\/wp-content\/uploads\/sites\/21\/2023\/04\/Carta-Circular-2017-PADP-004-LOCALES-USADOS-CONSERVAR-DOCS-PUBL-1.pdf\">Carta Circular 2017-PADP-004 LOCALES USADOS CONSERVAR DOCS PUBL<\/a><\/li><li><a href=\"https:\/\/www.uprrp.edu\/archivouniversitario\/wp-content\/uploads\/sites\/21\/2023\/04\/Carta-Circular-2017-PADP-005-ACTUALIZACION-REGIS-ADM-DOCS-2.pdf\">Carta Circular 2017-PADP-005 ACTUALIZACION REGIS ADM DOCS\u00a0<\/a><\/li><li><a href=\"https:\/\/www.uprrp.edu\/archivouniversitario\/wp-content\/uploads\/sites\/21\/2023\/04\/Carta-Circular-2017-PADP-006-DOCS-NO-CONSIDERADOS-DOCS-PUBL-1.pdf\">Carta Circular 2017-PADP-006 DOCS NO CONSIDERADOS DOCS PUBL<\/a><\/li><li><a href=\"https:\/\/www.uprrp.edu\/archivouniversitario\/wp-content\/uploads\/sites\/21\/2023\/04\/Carta-Circular-2017-PADP-007-DISPO-FINAL-DOCS-1.pdf\">Carta Circular 2017-PADP-007 DIisposici\u00f3n Final de Documentos P\u00fablicos<\/a><\/li><li><a href=\"https:\/\/www.uprrp.edu\/archivouniversitario\/wp-content\/uploads\/sites\/21\/2023\/08\/MEMORANDO-2023-001-padp-documentos-electronicos.pdf\">Carta Circular 2023-001 Disposici\u00f3n Documentos Creados Electr\u00f3nicamente<\/a><\/li><li><a href=\"https:\/\/www.uprrp.edu\/archivouniversitario\/wp-content\/uploads\/sites\/21\/2023\/04\/Carta-Circular-2018-1-MEDIDAS-DE-PROTECCION-DOSC-PUBL-POR-HURACANES-2.pdf\">Memorando General 2018-001 Medidas de Protecci\u00f3n de Documentos P\u00fablicos durante Temporada de Huracanes<\/a><\/li><li><a href=\"https:\/\/www.uprrp.edu\/archivouniversitario\/wp-content\/uploads\/sites\/21\/2023\/04\/Carta-Circular-ASG-1300-05-08-Conservacion-de-cheques-digitalizados.pdf\">Carta Circular ASG 1300-05-08 Conservaci\u00f3n de cheques digitalizados<\/a><\/li><li><a href=\"https:\/\/www.uprrp.edu\/archivouniversitario\/wp-content\/uploads\/sites\/21\/2023\/04\/Carta-Circular-ASG-2007-5-Control-en-el-uso-de-Trituradoras-de-papel-ASG.pdf\">Carta Circular ASG 2007-5 Control en el uso de Trituradoras de papel ASG<\/a><\/li><li><a href=\"https:\/\/www.uprrp.edu\/archivouniversitario\/wp-content\/uploads\/sites\/21\/2024\/03\/DESIGNACION-Y-EVALUACION-CANDIDATO-ADM-DOC-442.pdf\">Designaci\u00f3n y evaluaci\u00f3n del candidato del candidato para nombramiento de Administrador de Documentos P\u00fablicos<\/a>\u00a0<\/li><\/ul><p><strong>Reglamentos y Certificaciones de la Universidad de Puerto Rico<\/strong><\/p><ul><li><a href=\"https:\/\/www.uprrp.edu\/archivouniversitario\/wp-content\/uploads\/sites\/21\/2022\/12\/3.-Certificacion-102-2021-2022-JG-Reglamento-para-Administracion-conservacion-y-disposicion-de-documentos-upr.pdf\">Certificaci\u00f3n N\u00fam. 102, 2021-2022, Junta de Gobierno, Reglamento para la Administraci\u00f3n, Conservaci\u00f3n y Disposici\u00f3n de Documentos de la Universidad de Puerto Rico<\/a><\/li><li><a href=\"https:\/\/www.uprrp.edu\/archivouniversitario\/wp-content\/uploads\/sites\/21\/2022\/12\/Reglamento-Endosos-Electronicos-UPR-Feb2022.pdf\">Reglamento para el uso de Endosos Electr\u00f3nicos en la Universidad de Puerto Rico. Febrero 2022<\/a><\/li><li><a href=\"https:\/\/www.uprrp.edu\/archivouniversitario\/wp-content\/uploads\/sites\/21\/2022\/12\/CF-76-20-Normas-complementarias-para-la-utilizacion-conservacion-y-disposicion-de-documentos-fiscales.pdf\">Circular N\u00fam. 76-20, Normas complementarias para la utilizaci\u00f3n, conservaci\u00f3n y disposici\u00f3n de documentos fiscales<\/a><\/li><\/ul><p><strong>Procedimientos en el Recinto de R\u00edo Piedras<\/strong><\/p><ul><li><a href=\"https:\/\/www.uprrp.edu\/archivouniversitario\/wp-content\/uploads\/sites\/21\/2022\/12\/4.-Procedimiento-para-la-Administracion-de-documentos-en-el-Recinto-de-Rio-Piedras.pdf\">Procedimiento para la Administraci\u00f3n de documentos en el Recinto de R\u00edo Piedras<\/a><\/li><li><a href=\"https:\/\/www.uprrp.edu\/archivouniversitario\/wp-content\/uploads\/sites\/21\/2022\/12\/4.-Procedimiento-para-la-Administracion-de-documentos-en-el-Recinto-de-Rio-Piedras.pdf\">Procedimiento para documentos confidenciales y sensitivos en contenedores de seguridad para reciclar<\/a><\/li><\/ul><p><a href=\"https:\/\/www.icp.pr.gov\/docpub\/\"><strong>Programa de Administraci\u00f3n de Documentos P\u00fablicos de Puerto Rico adscrito al Instituto de Cultura Puertorrique\u00f1a<\/strong><\/a><\/p><figure><\/figure><figure><\/figure>\t\t\t\t\t\t\t\t<\/div>\n\t\t\t\t<\/div>\n\t\t\t\t\t<\/div>\n\t\t<\/div>\n\t\t\t\t\t<\/div>\n\t\t<\/section>\n\t\t\t\t<\/div>\n\t\t","protected":false},"excerpt":{"rendered":"<p>Leyes y Reglamentos de Puerto Rico Ley N\u00fam. 107, Ley de Administraci\u00f3n y Conservaci\u00f3n de Documentos P\u00fablicos para el Siglo XXI, de 10 de agosto de 2025 Reglamento N\u00fam. 23 &#8211; Para la conservaci\u00f3n de documentos de naturaleza fiscal o &hellip; <\/p>\n","protected":false},"author":43,"featured_media":0,"parent":16808,"menu_order":0,"comment_status":"closed","ping_status":"closed","template":"","meta":{"_monsterinsights_skip_tracking":false,"_monsterinsights_sitenote_active":false,"_monsterinsights_sitenote_note":"","_monsterinsights_sitenote_category":0,"_FSMCFIC_featured_image_caption":"","_FSMCFIC_featured_image_nocaption":"","_FSMCFIC_featured_image_hide":"","footnotes":""},"class_list":["post-16844","page","type-page","status-publish","hentry"],"_links":{"self":[{"href":"https:\/\/www.uprrp.edu\/archivouniversitario\/wp-json\/wp\/v2\/pages\/16844","targetHints":{"allow":["GET"]}}],"collection":[{"href":"https:\/\/www.uprrp.edu\/archivouniversitario\/wp-json\/wp\/v2\/pages"}],"about":[{"href":"https:\/\/www.uprrp.edu\/archivouniversitario\/wp-json\/wp\/v2\/types\/page"}],"author":[{"embeddable":true,"href":"https:\/\/www.uprrp.edu\/archivouniversitario\/wp-json\/wp\/v2\/users\/43"}],"replies":[{"embeddable":true,"href":"https:\/\/www.uprrp.edu\/archivouniversitario\/wp-json\/wp\/v2\/comments?post=16844"}],"version-history":[{"count":49,"href":"https:\/\/www.uprrp.edu\/archivouniversitario\/wp-json\/wp\/v2\/pages\/16844\/revisions"}],"predecessor-version":[{"id":18941,"href":"https:\/\/www.uprrp.edu\/archivouniversitario\/wp-json\/wp\/v2\/pages\/16844\/revisions\/18941"}],"up":[{"embeddable":true,"href":"https:\/\/www.uprrp.edu\/archivouniversitario\/wp-json\/wp\/v2\/pages\/16808"}],"wp:attachment":[{"href":"https:\/\/www.uprrp.edu\/archivouniversitario\/wp-json\/wp\/v2\/media?parent=16844"}],"curies":[{"name":"wp","href":"https:\/\/api.w.org\/{rel}","templated":true}]}}