{"id":17653,"date":"2023-01-04T14:26:04","date_gmt":"2023-01-04T14:26:04","guid":{"rendered":"https:\/\/www.uprrp.edu\/archivouniversitario\/?page_id=17653"},"modified":"2023-01-11T17:05:59","modified_gmt":"2023-01-11T17:05:59","slug":"bibliotecologia","status":"publish","type":"page","link":"https:\/\/www.uprrp.edu\/archivouniversitario\/proyectos\/proyecto-de-academicas-y-figuras-destacadas-de-la-universidad-de-puerto-rico\/bibliotecologia\/","title":{"rendered":"Bibliotecolog\u00eda"},"content":{"rendered":"\t\t<div data-elementor-type=\"wp-page\" data-elementor-id=\"17653\" class=\"elementor elementor-17653\">\n\t\t\t\t\t\t<section class=\"elementor-section elementor-top-section elementor-element elementor-element-9358529 elementor-section-boxed elementor-section-height-default elementor-section-height-default\" data-id=\"9358529\" data-element_type=\"section\" data-e-type=\"section\">\n\t\t\t\t\t\t<div class=\"elementor-container elementor-column-gap-default\">\n\t\t\t\t\t<div class=\"elementor-column elementor-col-100 elementor-top-column elementor-element elementor-element-22d99734\" data-id=\"22d99734\" data-element_type=\"column\" data-e-type=\"column\">\n\t\t\t<div class=\"elementor-widget-wrap elementor-element-populated\">\n\t\t\t\t\t\t<div class=\"elementor-element elementor-element-02958c6 elementor-arrows-position-inside elementor-pagination-position-outside elementor-widget elementor-widget-image-carousel\" data-id=\"02958c6\" data-element_type=\"widget\" data-e-type=\"widget\" data-settings=\"{&quot;slides_to_show&quot;:&quot;1&quot;,&quot;navigation&quot;:&quot;both&quot;,&quot;autoplay&quot;:&quot;yes&quot;,&quot;pause_on_hover&quot;:&quot;yes&quot;,&quot;pause_on_interaction&quot;:&quot;yes&quot;,&quot;autoplay_speed&quot;:5000,&quot;infinite&quot;:&quot;yes&quot;,&quot;effect&quot;:&quot;slide&quot;,&quot;speed&quot;:500}\" data-widget_type=\"image-carousel.default\">\n\t\t\t\t<div class=\"elementor-widget-container\">\n\t\t\t\t\t\t\t<div class=\"elementor-image-carousel-wrapper swiper\" role=\"region\" aria-roledescription=\"carousel\" aria-label=\"Image Carousel\" dir=\"ltr\">\n\t\t\t<div class=\"elementor-image-carousel swiper-wrapper\" aria-live=\"off\">\n\t\t\t\t\t\t\t\t<div class=\"swiper-slide\" role=\"group\" aria-roledescription=\"slide\" aria-label=\"1 of 1\"><figure class=\"swiper-slide-inner\"><img decoding=\"async\" class=\"swiper-slide-image\" src=\"https:\/\/www.uprrp.edu\/archivouniversitario\/wp-content\/uploads\/sites\/21\/2023\/01\/Del-Toro-Josefina-1968-300x295.jpg\" alt=\"Del Toro, Josefina 1968\" \/><\/figure><\/div>\t\t\t<\/div>\n\t\t\t\t\t<\/div>\n\t\t\t\t\t\t<\/div>\n\t\t\t\t<\/div>\n\t\t\t\t<div class=\"elementor-element elementor-element-3e8b12b6 elementor-widget elementor-widget-text-editor\" data-id=\"3e8b12b6\" data-element_type=\"widget\" data-e-type=\"widget\" data-widget_type=\"text-editor.default\">\n\t\t\t\t<div class=\"elementor-widget-container\">\n\t\t\t\t\t\t\t\t\t<h3 style=\"text-align: center\"><a href=\"https:\/\/www.uprrp.edu\/archivouniversitario\/wp-content\/uploads\/sites\/21\/2023\/01\/Del-Toro-Josefina-1968.jpg\">Josefina del Toro Fulladosa<\/a><\/h3><p style=\"text-align: center\">Bibliotecolog\u00eda, Bibliograf\u00eda y Referencia<br \/>Profesor y Biblotecario Em\u00e9ritus<\/p><p>Josefina del Toro Fulladosa nace en San Juan, Puerto Rico en 1901. Obtuvo su bachillerato en Ciencias y en Bibliotecolog\u00eda en Simmons College, Boston, MA, en 1925 y una maestr\u00eda en Bibliotecolog\u00eda de Columbia University, NY en 1938, con especialidad en Bibliograf\u00eda y Referencia.<\/p><p>En la Universidad de Puerto Rico, trabaj\u00f3 de bibliotecaria desde el 1925. En 1931, organiza la biblioteca de la Escuela de Pr\u00e1ctica de la Universidad de Puerto Rico y del 1932 al 1935, supervisa los departamentos de Circulaci\u00f3n y Reserva de la Biblioteca General de la misma universidad. Adem\u00e1s, fue directora interina de la Biblioteca General en dos ocasiones (1964 y 1970 respectivamente). En 1935 ejerce como ayudante del director y en 1937 ense\u00f1a el primer curso en materia de bibliotecas sobre referencia. En 1956 trabaj\u00f3 en el proyecto \u201cAntolog\u00eda Puertorrique\u00f1a\u201d en Carnegie. La Universidad de Puerto Rico le otorga en el 1972-73 la distinci\u00f3n de Profesor y Bibliotecario Em\u00e9ritus.<\/p><p>Se acoge a jubilaci\u00f3n en 1969.<\/p><p>El Sistema de Bibliotecas del Recinto de R\u00edo Piedras de la Universidad de Puerto Rico tiene la colecci\u00f3n Josefina del Toro Fulladosa, donde se re\u00fane recursos especiales por su rareza y valor incalculable, que constituyen un importante acervo bibliogr\u00e1fico nacional. Su prop\u00f3sito principal es adquirir, organizar y proveer acceso a una diversidad de recursos raros y valiosos que responden a los programas graduados y subgraduados que se ofrecen en el recinto. Esta colecci\u00f3n abarca manuscritos, libros, mapas, publicaciones seriadas, grabados, pinturas, dibujos fotograf\u00edas, hojas sueltas, objetos tridimensionales y textiles. Esta colecci\u00f3n recibe su nombre en honor a la profesora Josefina del Toro Fulladosa, Bibliotecaria Em\u00e9rita y figura clave en el desarrollo de las bibliotecas acad\u00e9micas en Puerto Rico.<\/p>\t\t\t\t\t\t\t\t<\/div>\n\t\t\t\t<\/div>\n\t\t\t\t\t<\/div>\n\t\t<\/div>\n\t\t\t\t\t<\/div>\n\t\t<\/section>\n\t\t\t\t<\/div>\n\t\t","protected":false},"excerpt":{"rendered":"<p>\/*! elementor &#8211; v3.9.2 &#8211; 21-12-2022 *\/ .elementor-widget-image-carousel .swiper-container{position:static}.elementor-widget-image-carousel .swiper-container .swiper-slide figure{line-height:inherit}.elementor-widget-image-carousel .swiper-slide{text-align:center}.elementor-image-carousel-wrapper:not(.swiper-container-initialized) .swiper-slide{max-width:calc(100% \/ var(&#8211;e-image-carousel-slides-to-show, 3))} Josefina del Toro Fulladosa Bibliotecolog\u00eda, Bibliograf\u00eda y ReferenciaProfesor y Biblotecario Em\u00e9ritus Josefina del Toro Fulladosa nace en San Juan, Puerto Rico en 1901. &hellip; <\/p>\n","protected":false},"author":43,"featured_media":0,"parent":16990,"menu_order":0,"comment_status":"closed","ping_status":"closed","template":"","meta":{"_monsterinsights_skip_tracking":false,"_monsterinsights_sitenote_active":false,"_monsterinsights_sitenote_note":"","_monsterinsights_sitenote_category":0,"_FSMCFIC_featured_image_caption":"","_FSMCFIC_featured_image_nocaption":"","_FSMCFIC_featured_image_hide":"","footnotes":""},"class_list":["post-17653","page","type-page","status-publish","hentry"],"_links":{"self":[{"href":"https:\/\/www.uprrp.edu\/archivouniversitario\/wp-json\/wp\/v2\/pages\/17653","targetHints":{"allow":["GET"]}}],"collection":[{"href":"https:\/\/www.uprrp.edu\/archivouniversitario\/wp-json\/wp\/v2\/pages"}],"about":[{"href":"https:\/\/www.uprrp.edu\/archivouniversitario\/wp-json\/wp\/v2\/types\/page"}],"author":[{"embeddable":true,"href":"https:\/\/www.uprrp.edu\/archivouniversitario\/wp-json\/wp\/v2\/users\/43"}],"replies":[{"embeddable":true,"href":"https:\/\/www.uprrp.edu\/archivouniversitario\/wp-json\/wp\/v2\/comments?post=17653"}],"version-history":[{"count":8,"href":"https:\/\/www.uprrp.edu\/archivouniversitario\/wp-json\/wp\/v2\/pages\/17653\/revisions"}],"predecessor-version":[{"id":17940,"href":"https:\/\/www.uprrp.edu\/archivouniversitario\/wp-json\/wp\/v2\/pages\/17653\/revisions\/17940"}],"up":[{"embeddable":true,"href":"https:\/\/www.uprrp.edu\/archivouniversitario\/wp-json\/wp\/v2\/pages\/16990"}],"wp:attachment":[{"href":"https:\/\/www.uprrp.edu\/archivouniversitario\/wp-json\/wp\/v2\/media?parent=17653"}],"curies":[{"name":"wp","href":"https:\/\/api.w.org\/{rel}","templated":true}]}}