{"id":17670,"date":"2023-01-04T16:19:31","date_gmt":"2023-01-04T16:19:31","guid":{"rendered":"https:\/\/www.uprrp.edu\/archivouniversitario\/?page_id=17670"},"modified":"2023-01-11T17:16:22","modified_gmt":"2023-01-11T17:16:22","slug":"economia-domestica","status":"publish","type":"page","link":"https:\/\/www.uprrp.edu\/archivouniversitario\/proyectos\/proyecto-de-academicas-y-figuras-destacadas-de-la-universidad-de-puerto-rico\/economia-domestica\/","title":{"rendered":"Econom\u00eda Dom\u00e9stica"},"content":{"rendered":"\t\t<div data-elementor-type=\"wp-page\" data-elementor-id=\"17670\" class=\"elementor elementor-17670\">\n\t\t\t\t\t\t<section class=\"elementor-section elementor-top-section elementor-element elementor-element-e4476d8 elementor-section-boxed elementor-section-height-default elementor-section-height-default\" data-id=\"e4476d8\" data-element_type=\"section\" data-e-type=\"section\">\n\t\t\t\t\t\t<div class=\"elementor-container elementor-column-gap-default\">\n\t\t\t\t\t<div class=\"elementor-column elementor-col-100 elementor-top-column elementor-element elementor-element-2072f7ce\" data-id=\"2072f7ce\" data-element_type=\"column\" data-e-type=\"column\">\n\t\t\t<div class=\"elementor-widget-wrap elementor-element-populated\">\n\t\t\t\t\t\t<div class=\"elementor-element elementor-element-c750feb elementor-arrows-position-inside elementor-pagination-position-outside elementor-widget elementor-widget-image-carousel\" data-id=\"c750feb\" data-element_type=\"widget\" data-e-type=\"widget\" data-settings=\"{&quot;navigation&quot;:&quot;both&quot;,&quot;autoplay&quot;:&quot;yes&quot;,&quot;pause_on_hover&quot;:&quot;yes&quot;,&quot;pause_on_interaction&quot;:&quot;yes&quot;,&quot;autoplay_speed&quot;:5000,&quot;infinite&quot;:&quot;yes&quot;,&quot;speed&quot;:500}\" data-widget_type=\"image-carousel.default\">\n\t\t\t\t<div class=\"elementor-widget-container\">\n\t\t\t\t\t\t\t<div class=\"elementor-image-carousel-wrapper swiper\" role=\"region\" aria-roledescription=\"carousel\" aria-label=\"Image Carousel\" dir=\"ltr\">\n\t\t\t<div class=\"elementor-image-carousel swiper-wrapper\" aria-live=\"off\">\n\t\t\t\t\t\t\t\t<div class=\"swiper-slide\" role=\"group\" aria-roledescription=\"slide\" aria-label=\"1 of 3\"><figure class=\"swiper-slide-inner\"><img decoding=\"async\" class=\"swiper-slide-image\" src=\"https:\/\/www.uprrp.edu\/archivouniversitario\/wp-content\/uploads\/sites\/21\/2023\/01\/Cabanillas-Berta-1927-300x297.jpg\" alt=\"Berta Cabanillas\" \/><\/figure><\/div><div class=\"swiper-slide\" role=\"group\" aria-roledescription=\"slide\" aria-label=\"2 of 3\"><figure class=\"swiper-slide-inner\"><img decoding=\"async\" class=\"swiper-slide-image\" src=\"https:\/\/www.uprrp.edu\/archivouniversitario\/wp-content\/uploads\/sites\/21\/2023\/01\/Vestal-Marie-1921-276x300.jpg\" alt=\"Marie Vestal\" \/><\/figure><\/div><div class=\"swiper-slide\" role=\"group\" aria-roledescription=\"slide\" aria-label=\"3 of 3\"><figure class=\"swiper-slide-inner\"><img decoding=\"async\" class=\"swiper-slide-image\" src=\"https:\/\/www.uprrp.edu\/archivouniversitario\/wp-content\/uploads\/sites\/21\/2023\/01\/Willsey-Elsie-Mae-1947-scaled-225x300.jpg\" alt=\"Elsie Mae Willsey\" \/><\/figure><\/div>\t\t\t<\/div>\n\t\t\t\t\t\t\t\t\t\t\t\t<div class=\"elementor-swiper-button elementor-swiper-button-prev\" role=\"button\" tabindex=\"0\">\n\t\t\t\t\t\t<svg aria-hidden=\"true\" class=\"e-font-icon-svg e-eicon-chevron-left\" viewBox=\"0 0 1000 1000\" xmlns=\"http:\/\/www.w3.org\/2000\/svg\"><path d=\"M646 125C629 125 613 133 604 142L308 442C296 454 292 471 292 487 292 504 296 521 308 533L604 854C617 867 629 875 646 875 663 875 679 871 692 858 704 846 713 829 713 812 713 796 708 779 692 767L438 487 692 225C700 217 708 204 708 187 708 171 704 154 692 142 675 129 663 125 646 125Z\"><\/path><\/svg>\t\t\t\t\t<\/div>\n\t\t\t\t\t<div class=\"elementor-swiper-button elementor-swiper-button-next\" role=\"button\" tabindex=\"0\">\n\t\t\t\t\t\t<svg aria-hidden=\"true\" class=\"e-font-icon-svg e-eicon-chevron-right\" viewBox=\"0 0 1000 1000\" xmlns=\"http:\/\/www.w3.org\/2000\/svg\"><path d=\"M696 533C708 521 713 504 713 487 713 471 708 454 696 446L400 146C388 133 375 125 354 125 338 125 325 129 313 142 300 154 292 171 292 187 292 204 296 221 308 233L563 492 304 771C292 783 288 800 288 817 288 833 296 850 308 863 321 871 338 875 354 875 371 875 388 867 400 854L696 533Z\"><\/path><\/svg>\t\t\t\t\t<\/div>\n\t\t\t\t\n\t\t\t\t\t\t\t\t\t<div class=\"swiper-pagination\"><\/div>\n\t\t\t\t\t\t\t\t\t<\/div>\n\t\t\t\t\t\t<\/div>\n\t\t\t\t<\/div>\n\t\t\t\t<div class=\"elementor-element elementor-element-51a43266 elementor-widget elementor-widget-text-editor\" data-id=\"51a43266\" data-element_type=\"widget\" data-e-type=\"widget\" data-widget_type=\"text-editor.default\">\n\t\t\t\t<div class=\"elementor-widget-container\">\n\t\t\t\t\t\t\t\t\t<h4 style=\"text-align: center\"><a href=\"https:\/\/www.uprrp.edu\/archivouniversitario\/wp-content\/uploads\/sites\/21\/2023\/01\/Cabanillas-Berta-1927.jpg\">Berta Cabanillas<\/a><\/h4><p style=\"text-align: center\"><strong>Dietista, escritora de libros de cocina<\/strong><\/p><p>Berta Francisca Cabanilla Baquero, nace en 1894 en Mayag\u00fcez, Puerto Rico. En el 1915, se gradu\u00f3 de la Escuela Normal en el Colegio de Agricultura y Artes Mec\u00e1nicas de la Universidad de Puerto Rico en Mayag\u00fcez y continu\u00f3 sus estudios en educaci\u00f3n en ese mismo colegio hasta el 1931. En el 1927, en Radford College, Womans Division, Virginia Polytechnic Institute, complet\u00f3 su bachillerato. Obtuvo una maestr\u00eda en School of Buisiness de Chicago University en 1935. Desde el a\u00f1o acad\u00e9mico 1943-44 al 1950-51 continuaba cursando estudios avanzados conducentes al doctorado. Comenz\u00f3 a laboral en la Universidad de Puerto Rico en 1927 en el Departamento de Econom\u00eda Dom\u00e9stica y entre sus tareas estaba \u201cTeaching with Coffee Rooom supervision wich makes a full program\u201d. Durante el 1943, supervis\u00f3 comedores escolares en toda la Isla.<\/p><p>Perteneci\u00f3 a las siguientes asociaciones: \u201cAmerican Home Economics Association\u201d, \u201cPuerto Rico Home Economics Association\u201d, \u201cPuerto Rico Dietetic Association\u201d y \u201cVoluntary Dietitian American Red Cross\u201d. Fue directora del \u201cCoffee Room\u201d en 1938 al 1939; \u201cDietitian in Carlota Matienzo Residence Hall\u201d de la Universidad de Puerto Rico, (1927-31); \u201cInstructor in Home Economics\u201d (1931-38); y \u201cAssistant Professor of Home Economics\u201d. Escritora de libros desde 1927, El folklore en la alimentaci\u00f3n puertorrique\u00f1a, San Juan, PR: Editorial de la Universidad de Puerto Rico, 1983; Or\u00edgenes de los alimenticios del pueblo de Puerto Rico. Madrid: N.P., 1955. El puertorrique\u00f1o y su alimentaci\u00f3n a trav\u00e9s de su historia (siglos XIV al XIX). San Juan: Instituto de Cultura Puertorrique\u00f1a, 1973. Print. Cabanillas, Berta, Carmen Ginorio, y Carmen Quir\u00f3s de Mercado. Cocine a gusto. San Juan, P.R.: Editorial de la Universidad de Puerto Rico, 2001 [1950].<\/p><p>Adem\u00e1s, dict\u00f3 las siguientes conferencias: La educaci\u00f3n del consumidor en el 1948, Alimentaci\u00f3n del Siglo XIX, historia y utilizaci\u00f3n de frutas citrosas en el 1951, Falacias sobre nutrici\u00f3n en el 1952 y \u201cOur Cultural Pattern and Education in Puerto Rico\u201d en el 1950 en Radford College, Virginia. En 1951, ofreci\u00f3 una c\u00e1tedra en el Instituto de Cultura de Puertorrique\u00f1o, sobre El Origen de los h\u00e1bitos alimenticios de Puerto Rico. Su libro, La historia de la alimentaci\u00f3n, como objeto de estudio, ha sido subvalorada en la academia luego del esfuerzo de Berta Cabanillas &#8221; (Custodios de Memorias, pag. 219, Memorias Alimentarias en los laberintos de los archivos). En 1956, luego de 29 a\u00f1os de servicio, renuncia a la Universidad de Puerto Rico.<\/p><p>\u00a0<\/p><h3 style=\"text-align: center\"><a href=\"https:\/\/www.uprrp.edu\/archivouniversitario\/wp-content\/uploads\/sites\/21\/2023\/01\/Vestal-Marie-1921.jpg\">Marie Vestal<\/a><\/h3><p style=\"text-align: center\"><strong>Nutrici\u00f3n, directora del Departamento de Econom\u00eda Dom\u00e9stica<\/strong><\/p><p>Marie Vestal nace en el 1890 en Washington, EEUU. Obtuvo su bachillerato en ciencias del Colegio del Estado Pullman, en Washington, DC, en 1913 y su maestr\u00eda en Columbia University, Teachers College en 1929. Desde el 1911 fue maestra rural en Gold Bason, en Washington y desde el 1913 al 1921, profesora de Econom\u00eda Dom\u00e9stica en Sprage Hillyard, Everett y Tacoma en Washington.<\/p><p>Comenz\u00f3 a laborar en la Universidad de Puerto Rico, en el Departamento de Econom\u00eda Dom\u00e9stica en 1921, ofreciendo cursos de nutrici\u00f3n. Fue directora del Departamento de Econom\u00eda Dom\u00e9stica desde el 1937 al 1947. Perteneci\u00f3 al Club SHP de Econom\u00eda Dom\u00e9stica como Presidenta Honoraria (Revista La Torre, 17 octubre 1945) y sus publicaciones fueron \u201cClothings the baby in the Tropics\u201d \u201cBulletin\u201d, \u201cBureau of Supplies\u201d, \u201cPrinting and Transportation\u201d, San Juan, PR 1928, \u201cJunior Home Economics\u201d, Bulletin PR Home Economics Association, January 1938 y \u201cSeveral other magazine articles in local papers and aboard\u201d, (sf).<\/p><p>A su retiro, en 1947, la sustituye Lydia Robert.<\/p><p>\u00a0<\/p><h3 style=\"text-align: center\"><a href=\"https:\/\/www.uprrp.edu\/archivouniversitario\/wp-content\/uploads\/sites\/21\/2023\/01\/Willsey-Elsie-Mae-1947-scaled.jpg\">Elsie Mae Willsey<\/a><\/h3><p style=\"text-align: center\"><strong>Dietista y Supervisora (directora) de Econom\u00eda Dom\u00e9stica<\/strong><\/p><p style=\"text-align: left\">Elsie Mae Willsey nace en 1877. Estuvo en \u201cTraining\u201d, un a\u00f1o en Chicago Teachers College, tres a\u00f1os en University of Chicago con un PhB en Educaci\u00f3n en el 1913, \u201cand Half of work required for MA in Education completed in University of Chicago\u201d. Tuvo un minucioso entrenamiento y amplia experiencia en el campo de la Econom\u00eda Dom\u00e9stica.<\/p><p>En 1931, Elsie Mae Willsey, qui\u00e9n era \u201cAssociate Professor &amp; Head, Home Economics Department\u201d, le escribi\u00f3 a Mr. Julio Garc\u00eda, \u201cDean of College of Liberal Arts\u201d, para que, en los cursos de \u201cDietitians and Nutritionists\u201d se incluyeran \u201ctwo-point course in physiology and hygiene or elementary anatomy\u201d. Evidentemente Elsie Mae Willsey, entend\u00eda que se necesitaban otros cursos para desarrollar a sus estudiantes en el campo de la Econom\u00eda Dom\u00e9stica. Trabaj\u00f3 en una investigaci\u00f3n de comida, ropa y gesti\u00f3n en el hogar. Entre sus haberes podemos destacar que en 1931, Elsie Mae Willsey fue Inspectora General de Econom\u00eda Dom\u00e9stica con la Junta Insular de Educaci\u00f3n Vocacional, fue directora del Departamento de Econom\u00eda Dom\u00e9stica, Presidenta Honoraria de la Asociaci\u00f3n de Econom\u00eda Dom\u00e9stica de Puerto Rico y supervis\u00f3, en 45 municipios de Puerto Rico, clases de Econom\u00eda Dom\u00e9stica.<\/p><p>La presidenta de la Asociaci\u00f3n de Econom\u00eda Dom\u00e9stica de Puerto Rico, le solicit\u00f3 al rector de la Universidad de Purto Rico, Dr. Jaime Benitez en el 1948, que le diera el nombre de Elsie Mae Willsey a la residencia de se\u00f1oritas que se iba a construir en la Universidad de Puerto Rico (posteriormente se le nombr\u00f3 Residencia Carlota Matienzo).<\/p><p>\u201cMiss Willsey was selected because of her thorough training and broad experience in the field of home economics. During the first year that Miss Willsey was in charge as Supervisor, classes were held in 45 municipalities. Because of the shortage of teachers, four vacancies remained throughout the year. The work was distributed among 11 high schools, 21 continuation schools, 19 elementary schools, besides classes in the University and in the University High School. The total enrollment in home economics classes was only 3,422 students. The work covered a study of foods, clothing, and household management. In the food work, the main stress was on food values and the selection and preparation of native products. In the work of vegetables, the products of school gardens were utilized. Two exhibits of work in home economics were held during the year, one in San Juan and the other at the regional fair of the American Red Cross\u201d.<\/p><p>\u201cSome of the chief difficulties at that time were the shortage of teachers, the lack of adequate preparation of some of the teachers in charge of classes in home economics, and the lack of a full adaptation of the work to the needs, interests, and conditions of Puerto Rico. Miss Willsey was instrumental in introducing a new course of study at the University of Puerto Rico for the proper training of home economics teachers. This new four-year course led to the degree of bachelor of arts, specializing in home economics. A diploma in home economics was issued at the end of three years of work. Miss Willsey also introduced new courses of study in clothing and textiles, foods, and household management in elementary and high schools to make the work more adaptable to the needs and conditions of Puerto Rico\u201d.<\/p><p>En un escrito de la obra de Elsie Mae Willsey, por Jos\u00e9 Pad\u00edn en 1947, indica que tuvo un ejemplo de pura gratitud filial en su amplio significado, fue una de las m\u00e1s destacadas progenitoras del grupo social de Econom\u00eda Dom\u00e9stica. Especialista en el arte de la cocina, recomendaba tortillas de china (s\u00edntesis de huevo de gallina y frutas c\u00edtricas descubierta por especialistas en nutrici\u00f3n) y otras fantas\u00edas culinarias. Indica adem\u00e1s que, Elsie Mae Willsey dio los mejores a\u00f1os de su vida y prepar\u00f3 una legi\u00f3n de maestras para que continuaran y apliaran su labor. Termina indicando que Elsie Mae Willsey fue una benefactora de Puerto Rico.<\/p><p>Trabaj\u00f3 en la Universidad de Puerto Rico desde el 1931 al 1937.<\/p>\t\t\t\t\t\t\t\t<\/div>\n\t\t\t\t<\/div>\n\t\t\t\t\t<\/div>\n\t\t<\/div>\n\t\t\t\t\t<\/div>\n\t\t<\/section>\n\t\t\t\t<\/div>\n\t\t","protected":false},"excerpt":{"rendered":"<p>\/*! elementor &#8211; v3.9.2 &#8211; 21-12-2022 *\/ .elementor-widget-image-carousel .swiper-container{position:static}.elementor-widget-image-carousel .swiper-container .swiper-slide figure{line-height:inherit}.elementor-widget-image-carousel .swiper-slide{text-align:center}.elementor-image-carousel-wrapper:not(.swiper-container-initialized) .swiper-slide{max-width:calc(100% \/ var(&#8211;e-image-carousel-slides-to-show, 3))} Previous Next Berta Cabanillas Dietista, escritora de libros de cocina Berta Francisca Cabanilla Baquero, nace en 1894 en Mayag\u00fcez, Puerto Rico. En el &hellip; <\/p>\n","protected":false},"author":43,"featured_media":0,"parent":16990,"menu_order":0,"comment_status":"closed","ping_status":"closed","template":"","meta":{"_monsterinsights_skip_tracking":false,"_monsterinsights_sitenote_active":false,"_monsterinsights_sitenote_note":"","_monsterinsights_sitenote_category":0,"_FSMCFIC_featured_image_caption":"","_FSMCFIC_featured_image_nocaption":"","_FSMCFIC_featured_image_hide":"","footnotes":""},"class_list":["post-17670","page","type-page","status-publish","hentry"],"_links":{"self":[{"href":"https:\/\/www.uprrp.edu\/archivouniversitario\/wp-json\/wp\/v2\/pages\/17670","targetHints":{"allow":["GET"]}}],"collection":[{"href":"https:\/\/www.uprrp.edu\/archivouniversitario\/wp-json\/wp\/v2\/pages"}],"about":[{"href":"https:\/\/www.uprrp.edu\/archivouniversitario\/wp-json\/wp\/v2\/types\/page"}],"author":[{"embeddable":true,"href":"https:\/\/www.uprrp.edu\/archivouniversitario\/wp-json\/wp\/v2\/users\/43"}],"replies":[{"embeddable":true,"href":"https:\/\/www.uprrp.edu\/archivouniversitario\/wp-json\/wp\/v2\/comments?post=17670"}],"version-history":[{"count":6,"href":"https:\/\/www.uprrp.edu\/archivouniversitario\/wp-json\/wp\/v2\/pages\/17670\/revisions"}],"predecessor-version":[{"id":17953,"href":"https:\/\/www.uprrp.edu\/archivouniversitario\/wp-json\/wp\/v2\/pages\/17670\/revisions\/17953"}],"up":[{"embeddable":true,"href":"https:\/\/www.uprrp.edu\/archivouniversitario\/wp-json\/wp\/v2\/pages\/16990"}],"wp:attachment":[{"href":"https:\/\/www.uprrp.edu\/archivouniversitario\/wp-json\/wp\/v2\/media?parent=17670"}],"curies":[{"name":"wp","href":"https:\/\/api.w.org\/{rel}","templated":true}]}}