{"id":17745,"date":"2023-01-10T17:36:21","date_gmt":"2023-01-10T17:36:21","guid":{"rendered":"https:\/\/www.uprrp.edu\/archivouniversitario\/?page_id=17745"},"modified":"2023-01-10T18:27:07","modified_gmt":"2023-01-10T18:27:07","slug":"educacion-fisica","status":"publish","type":"page","link":"https:\/\/www.uprrp.edu\/archivouniversitario\/proyectos\/proyecto-de-academicas-y-figuras-destacadas-de-la-universidad-de-puerto-rico\/educacion-fisica\/","title":{"rendered":"Educaci\u00f3n F\u00edsica"},"content":{"rendered":"\t\t<div data-elementor-type=\"wp-page\" data-elementor-id=\"17745\" class=\"elementor elementor-17745\">\n\t\t\t\t\t\t<section class=\"elementor-section elementor-top-section elementor-element elementor-element-6114cbe7 elementor-section-boxed elementor-section-height-default elementor-section-height-default\" data-id=\"6114cbe7\" data-element_type=\"section\" data-e-type=\"section\">\n\t\t\t\t\t\t<div class=\"elementor-container elementor-column-gap-default\">\n\t\t\t\t\t<div class=\"elementor-column elementor-col-100 elementor-top-column elementor-element elementor-element-5fe29cdb\" data-id=\"5fe29cdb\" data-element_type=\"column\" data-e-type=\"column\">\n\t\t\t<div class=\"elementor-widget-wrap elementor-element-populated\">\n\t\t\t\t\t\t<div class=\"elementor-element elementor-element-17fcc7b elementor-arrows-position-inside elementor-pagination-position-outside elementor-widget elementor-widget-image-carousel\" data-id=\"17fcc7b\" data-element_type=\"widget\" data-e-type=\"widget\" data-settings=\"{&quot;slides_to_show&quot;:&quot;2&quot;,&quot;navigation&quot;:&quot;both&quot;,&quot;autoplay&quot;:&quot;yes&quot;,&quot;pause_on_hover&quot;:&quot;yes&quot;,&quot;pause_on_interaction&quot;:&quot;yes&quot;,&quot;autoplay_speed&quot;:5000,&quot;infinite&quot;:&quot;yes&quot;,&quot;speed&quot;:500}\" data-widget_type=\"image-carousel.default\">\n\t\t\t\t<div class=\"elementor-widget-container\">\n\t\t\t\t\t\t\t<div class=\"elementor-image-carousel-wrapper swiper\" role=\"region\" aria-roledescription=\"carousel\" aria-label=\"Image Carousel\" dir=\"ltr\">\n\t\t\t<div class=\"elementor-image-carousel swiper-wrapper\" aria-live=\"off\">\n\t\t\t\t\t\t\t\t<div class=\"swiper-slide\" role=\"group\" aria-roledescription=\"slide\" aria-label=\"1 of 2\"><figure class=\"swiper-slide-inner\"><img decoding=\"async\" class=\"swiper-slide-image\" src=\"https:\/\/www.uprrp.edu\/archivouniversitario\/wp-content\/uploads\/sites\/21\/2023\/01\/Jones-Esther-Cecelia-1949-1-236x300.jpg\" alt=\"Jones, Esther Cecelia 1949\" \/><\/figure><\/div><div class=\"swiper-slide\" role=\"group\" aria-roledescription=\"slide\" aria-label=\"2 of 2\"><figure class=\"swiper-slide-inner\"><img decoding=\"async\" class=\"swiper-slide-image\" src=\"https:\/\/www.uprrp.edu\/archivouniversitario\/wp-content\/uploads\/sites\/21\/2023\/01\/Colberg-Rebekah-1934-1-scaled-179x300.jpg\" alt=\"Colberg, Rebekah 1934\" \/><\/figure><\/div>\t\t\t<\/div>\n\t\t\t\t\t\t\t\t\t\t\t\t<div class=\"elementor-swiper-button elementor-swiper-button-prev\" role=\"button\" tabindex=\"0\">\n\t\t\t\t\t\t<svg aria-hidden=\"true\" class=\"e-font-icon-svg e-eicon-chevron-left\" viewBox=\"0 0 1000 1000\" xmlns=\"http:\/\/www.w3.org\/2000\/svg\"><path d=\"M646 125C629 125 613 133 604 142L308 442C296 454 292 471 292 487 292 504 296 521 308 533L604 854C617 867 629 875 646 875 663 875 679 871 692 858 704 846 713 829 713 812 713 796 708 779 692 767L438 487 692 225C700 217 708 204 708 187 708 171 704 154 692 142 675 129 663 125 646 125Z\"><\/path><\/svg>\t\t\t\t\t<\/div>\n\t\t\t\t\t<div class=\"elementor-swiper-button elementor-swiper-button-next\" role=\"button\" tabindex=\"0\">\n\t\t\t\t\t\t<svg aria-hidden=\"true\" class=\"e-font-icon-svg e-eicon-chevron-right\" viewBox=\"0 0 1000 1000\" xmlns=\"http:\/\/www.w3.org\/2000\/svg\"><path d=\"M696 533C708 521 713 504 713 487 713 471 708 454 696 446L400 146C388 133 375 125 354 125 338 125 325 129 313 142 300 154 292 171 292 187 292 204 296 221 308 233L563 492 304 771C292 783 288 800 288 817 288 833 296 850 308 863 321 871 338 875 354 875 371 875 388 867 400 854L696 533Z\"><\/path><\/svg>\t\t\t\t\t<\/div>\n\t\t\t\t\n\t\t\t\t\t\t\t\t\t<div class=\"swiper-pagination\"><\/div>\n\t\t\t\t\t\t\t\t\t<\/div>\n\t\t\t\t\t\t<\/div>\n\t\t\t\t<\/div>\n\t\t\t\t<div class=\"elementor-element elementor-element-6e80280a elementor-widget elementor-widget-text-editor\" data-id=\"6e80280a\" data-element_type=\"widget\" data-e-type=\"widget\" data-widget_type=\"text-editor.default\">\n\t\t\t\t<div class=\"elementor-widget-container\">\n\t\t\t\t\t\t\t\t\t<h3 style=\"text-align: center\"><a href=\"https:\/\/www.uprrp.edu\/archivouniversitario\/wp-content\/uploads\/sites\/21\/2023\/01\/Jones-Esther-Cecelia-1949.jpg\">Esther Cecelia Jones<\/a><\/h3><p style=\"text-align: center\"><strong>Promotora de recursos audiovisuales en la Educaci\u00f3n F\u00edsica<\/strong><\/p><p>Esther Cecelia Jones Crabill nace en el 1928 en Newport News, Virginia. Obtuvo su bachillerato en Boston University, en 1949 y su maestr\u00eda en 1952 en Teachers College de la Universidad de Columbia, N.Y. En la Universidad de Puerto Rico fue Catedr\u00e1tica de Educaci\u00f3n F\u00edsica y promotora de los recursos audiovisuales para el aprendizaje de la ense\u00f1anza de destrezas motoras para estudiantes y Facultad. Inici\u00f3 el uso de los recursos audiovisuales para las clases de pista y\u00a0campo, balompi\u00e9, baloncesto, tenis, ejercicios r\u00edtmicos, primera ayuda, volleyball, baseball, entre otros. Esto le mereci\u00f3 una promoci\u00f3n excepcional de Catedr\u00e1tica Asociada a Catedr\u00e1tica, el Comit\u00e9 de Evaluaci\u00f3n de la Facultad de Pedagog\u00eda, en 1974, expres\u00f3: \u201cest\u00e1 creando un departamento de tecnolog\u00eda educativa\u201d.<\/p><p>La profesora Jones era una destacada notablemente profesora\u202fde\u202fbailes\u202favanzados, escribi\u00f3\u202fun\u202ffolleto\u202ftitulado, \u201c\u202fLos pasos de\u202fbaile\u202fde los\u202fLanceros\u202fy\u202fRigodon\u201d.\u202f\u202f Las\u202fjerezanas<a href=\"#_edn1\" name=\"_ednref1\">[i]<\/a>\u202fganaron\u202fesas\u202fprimeras\u202fjustas en 1972, bajo su direcci\u00f3n,\u202fquien\u202fcomo\u202fprofesora\u202fluch\u00f3\u202fpara que los\u202fprogramas\u202fdeportivos\u202ffueran\u202fco-educativos.<\/p><p>Cre\u00f3 un centro audiovisual en el Departamento de Educaci\u00f3n F\u00edsica como recurso para la ense\u00f1anza del aprendizaje.\u00a0En el verano del 1960 se le autoriza un viaje a Estados Unidos, para visitar campamentos de bailes folkl\u00f3ricos. El 7 de diciembre de 1952, se le autoriza una licencia para esudiar el <em>master<\/em> en Educaci\u00f3n F\u00edsica.\u00a0En 1950, prepara un folleto para el Departamento de Instrucci\u00f3n P\u00fablica sobre el ritmo y ofrece un taller sobre el ritmo, sus formas y relaci\u00f3n con el deporte. Luego, en 1974, asiste al seminario del Centro de Innovaci\u00f3n de Tecnolog\u00eda Educativa de la Facultad de Educaci\u00f3n, sobre la individualidad de la ense\u00f1anza de tecnolog\u00eda educativa\u00a0y asisti\u00f3 a cursos de pedagog\u00eda para tomar t\u00e9cnicas de transparencias, audio y despliegue. Tuvo la oportunidad de preparar prontuarios de balompi\u00e9 y\u00a0baloncesto, estuvo como entrenadora del equipo femenino de pista y campo del 1971 al 1973 y como coordinadora del Centro Audiovisual Deportivo, de recursos\u00a0audiovisuales para el mejoramiento de la ense\u00f1anza de las destrezas de actividades motoras para el estudiantado y facultad.<\/p><p>Durante la d\u00e9cada de los setenta, filmaba videotapes, pel\u00edculas (8 mm o 16 mm) sobre judo, baloncesto, balompi\u00e9, gimnasia, tenis, atletismo, justas intercolegiales y juegos intramurales. Preparaba tambi\u00e9n transparencias para la clase de anatom\u00eda,\u00a0adem\u00e1s de fotograg\u00edas y l\u00e1minas. Fue coordinadora para la recaudaci\u00f3n de fondos por los Juegos Panamericanos a celebrarse en 1979 en Puerto Rico, preparaba informes de equivalencias y convalidaciones del curso de destrezas de educaci\u00f3n f\u00edsica para los Colegios Regionales y Recintos de la Universidad de Puerto Rico, ofreci\u00f3 conferencias sobre baloncesto y tenis en varios colegios privados, fue miembro del Comit\u00e9 Institucional para el estudio de un sistema bibliotecario, cooper\u00f3 en los cursos de otros profesores de pista y campo con los recursos audiovisuales, film\u00f3 en videotape los\u00a0Juegos\u00a0de Mundo Basket de Puerto Rico en el verano del 1974, de los\u00a0Juegos\u00a0de Copa Mundial de Balompi\u00e9\u00a0en el oto\u00f1o del 1974 y del Campeonato Estatal de Judo para los Juegos Panamericanos del 1979.<\/p><p>Despu\u00e9s de 30 a\u00f1os de servicio, (1949-1979 en el Departamento de Educaci\u00f3n F\u00edsica \u2013 Secci\u00f3n de Se\u00f1oritas), se retir\u00f3 de la Universidad de Puerto Rico y ser\u00e1 recordada por la innovaci\u00f3n de los recursos audiovisuales en la ense\u00f1anza de destrezas motoras.<\/p><pre><a href=\"#_ednref1\" name=\"_edn1\">[i]<\/a> <em>S\u00edmbolo universitario en eventos deportivos. Se adopt\u00f3 el t\u00e9rmino jerezana, en referencia a la ciudad espa\u00f1ola de Jerez de la Frontera, donde se dice que las gallinas producen los gallos de pelea m\u00e1s bravos. El s\u00edmbolo masculino es el gallo<\/em>.<\/pre><h3 style=\"text-align: center\"><a name=\"_Toc90894353\"><\/a><a href=\"https:\/\/www.uprrp.edu\/archivouniversitario\/wp-content\/uploads\/sites\/21\/2023\/01\/Colberg-Rebekah-1934-scaled.jpg\">Rebekah Colberg Cabreras<\/a><\/h3><p style=\"text-align: center\"><strong>Deportista, instructora de deportes al aire libre<\/strong><\/p><p style=\"text-align: center\"><strong>Sus deportes fueron Baloncesto, tennis, volleyball y hokey<\/strong><\/p><p>Rebekah Colberg Cabreras, fue nuestra m\u00e1s destacada atleta de todos los tiempos, naci\u00f3 en Cabo Rojo, Puerto Rico en 1912. Curs\u00f3 los grados elementales en su pueblo natal, pasando luego a estudiar en la\u00a0 Escuela Superior de la Universidad de Puerto Rico en 1930, obtuvo su bachillerato en farmacia en 1934 de la misma universidad y una maestr\u00eda en Physical Education en 1939 de Columbia University, New York. Tom\u00f3 cursos de educaci\u00f3n f\u00edsica en Alemania auspiciado por la Universidad de Columbia en el verano de 1933, cursos de primeros auxilios acreditados por la Cruz Roja en 1942 y obtuvo un doctorado, en progreso, en Filosof\u00eda (23cr\u00e9ditos) en 1940. En todo ese tiempo, Rebekah Colberg se destac\u00f3, cimeramente, en varios deportes, entre ellos, voleibol, tenis, baloncesto y pista y campo, obteniendo en todos ellos destacadas posiciones.<\/p><p>Sus aportaciones m\u00e1s significativas fueron la publicaci\u00f3n de <em>Translation of Basketball Rules to Spanish for the use of Latin America<\/em>, adem\u00e1s fue miembro del Comit\u00e9 Ol\u00edmpico de Volleyball en 1946, viaj\u00f3 a\u00a0 M\u00e9xico para dirigir el equipo de volleyball que represent\u00f3 a Puerto Rico en Santo Domingo en el 1944, obtuvo una licencia con sueldo para participar en los Juegos Ol\u00edmpicos en Panam\u00e1 en la disciplina de Volleyball en 1938. Adem\u00e1s, obtuvo una Medalla de Oro en el lanzamiento del Disco en las Olimpiadas del 1938, en Panam\u00e1, conquist\u00f3 tres medallas para Puerto Rico y lleg\u00f3 a los semifinales en tenis, sencillo y dobles mixtos, en compa\u00f1\u00eda de Rozer Wall, adem\u00e1s de ser capitana del equipo de tenis en 1932.<\/p><p>Su actuaci\u00f3n estelar se efectu\u00f3 en el a\u00f1o 1938 cuando en los IV Juegos Deportivos Centroamericanos y del Caribe, celebrados en Panam\u00e1, ella conquista medallas de oro en jabalina y disco; y de plata en voleibol y tenis, ayudando as\u00ed a Puerto Rico a conquistar el primer lugar en estas competencias. As\u00ed pues, qued\u00f3 la doctora Colberg consagrada como la mejor atleta puertorrique\u00f1a de todas las \u00e9pocas, no habiendo sido superada esta actuaci\u00f3n hasta estos momentos.<\/p><p>Luego se dirige a Estados Unidos para estudiar su maestr\u00eda en educaci\u00f3n f\u00edsica en la Universidad de Columbia en Nueva York. En esta gran ciudad, como siempre, se destaca esta atleta puertorrique\u00f1a en los deportes, esta vez en hockey. Pero una de sus actuaciones m\u00e1s brillantes all\u00ed fue su victoria sobre la campeona de tenis del \u201cHispano Tennis Club\u201d en Nueva York. Mientras estudia en Estados Unidos, recibe la encomienda del Comit\u00e9 de Baloncesto de Mujeres para traducir y adeptar para hispanoam\u00e9rica las reglas de baloncesto femenino -tarea que deseme\u00f1a magistralmente-.<\/p><p>As\u00ed regresa Rebekah Colberg a Puerto Rico colmada de distinciones por sus logros tanto acad\u00e9micos como deportivos. Es entonces que despu\u00e9s de permanecer 14 a\u00f1os como campeona invicta de tenis en Puerto Rico (1932-1946) viaja a M\u00e9xico con el prop\u00f3sito de estudiar medicina, logr\u00e1ndose graduar de Doctora en Medicina de la Universidad Aut\u00f3noma de M\u00e9xico en 1953.<\/p><p>Entre sus tropiezos en la Universidad de Puerto Rico, en el 1938 solicit\u00f3 una beca para estudios de maestr\u00eda, y el decano interino, Gildo Sell\u00e9s Sol\u00e1 en carta al Dr. Juan B. Soto, no recomend\u00f3 la beca ya que \u201ces soltera y lleva trabajando dos a\u00f1os y medio en la Universidad tras los cuales ha podido acopiar econom\u00edas para realizar su mejoramiento profesional\u201d. Adem\u00e1s, la compar\u00f3 con otros acad\u00e9micos \u201cse\u00f1ores\u201d que son padres de familia y han realizado importantes sacrificios econ\u00f3micos para elevar su nivel profesional. No pese a esto, recomend\u00f3 una licencia para cursar estudios. (carta 25 de marzo de 1938 de G. Sell\u00e9s al Dr. Juan B. Soto). Tuvo la valent\u00eda, en el 1939 al 1940 de solicitar una equiparaci\u00f3n en sueldo por estudios y experiencia y en el 1940 al 1941, solicitar una reconsideraci\u00f3n sobre aumento de sueldo.<\/p><p>Sus solicitudes de licencias fueron las siguientes: 1936-37, licencia con sueldo para viaje de estudios a Alemania, auspiciado por la Universidad de Columbia de Nueva York; 1937-38, licencia con sueldo (enero a marzo 1938) para representar a Puerto Rico en los Juegos Ol\u00edmpicos celebrados en Panam\u00e1 del 5 al 26 de febrero de 1938. Junto con ella participaron del equipo de Volley Ball, Idalia Bayr\u00f3n, estudiante del Colegio de Econom\u00eda Dom\u00e9stica, Rosa Am\u00e9rica Martin\u00f3, estudiante Escuela Normal, Flor Zengotita, estudiante Colegio de Farmacia e Iris Zengotita, estudiante de la Escuela Superior de la Universidad (carta 24 enero 1938 de Rebekah Colberg a la Hon. Junta de S\u00edndicos). En 1937-38, solicit\u00f3 licencia con sueldo para estudiar en periodo de intersecci\u00f3n en la Universidad de Columbia. (3 al 15 junio); 1938-39 solicit\u00f3 un destaque con sueldo para proseguir estudios en la Universidad de Columbia hacia la maestr\u00eda; en 1943-44 solicit\u00f3 una extensi\u00f3n de licencia con sueldo (15 al 29 de febrero) para Juegos en Santo Domingo. En el 1946-47, solicita una extensi\u00f3n de la licencia con sueldo (1 al 28 de diciembre) para Justas Atl\u00e9ticas en Barranquilla, Colombia y desde el 1 febrero al 30 de junio 1947 para proseguir estudios de medicina en la Universidad Nacional Aut\u00f3noma de M\u00e9xico. Del 1947-48 solicita una extensi\u00f3n de la licencia sin sueldo para proseguir estudios. En el 1948-49 el Consejo Superior de Ense\u00f1anza le deneg\u00f3 la extensi\u00f3n de licencia sin sueldo por un a\u00f1o para continuar estudios graduados en la Universidad Aut\u00f3noma de M\u00e9xico.<\/p><p>Con su mente inquieta por superarse, decide tomar cursos post graduados y se especializa en pediatr\u00eda y psiquiatr\u00eda de ni\u00f1os y adultos. Despu\u00e9s de obtener estas especialidades, permanece en Nueva York hasta el a\u00f1o 1972, cuando regresa a Puerto Rico por motivos de salud. Sin embargo, pese a su condici\u00f3n delicada, establece una oficina para la pr\u00e1ctica privada de su profesi\u00f3n. All\u00ed, este magnifico ser humano se dedica a aliviar el dolor f\u00edsico del pr\u00f3jimo sin importarle las ganancias materiales por lo cual, su peque\u00f1o consultorio no solo les receta, sino tambi\u00e9n les provee las medicinas necesarias.<\/p><p>Ya en 1976 ese gran coraz\u00f3n falla una vez m\u00e1s y se ve obligada a someterse a una operaci\u00f3n de coraz\u00f3n abierto en Houston, Texas. Despu\u00e9s de la convalecencia de rigor, esta activa y excepcional mujer puertorrique\u00f1a vuelve a la pr\u00e1ctica de su profesi\u00f3n, sin olvidar el deporte, el cual practicaba como terapia para su condici\u00f3n f\u00edsica.<\/p><p>As\u00ed la doctora Rebekah Colberg, singular mujer de excepcionales dotes, nos parece el ejemplo vivo de lo que debe ser la mujer puertorrique\u00f1a, para orgullo de su patria chica, Cabo Rojo y de su patria grande, Puerto Rico.. Renuncia a la Universidad de Puerto Rico en julio 1949. ( Informaci\u00f3 de la Colecci\u00f3n 573 &#8211; Organizaciones y sus Funciones, sf).<\/p><p>\u00a0<\/p><p>\u00a0<\/p>\t\t\t\t\t\t\t\t<\/div>\n\t\t\t\t<\/div>\n\t\t\t\t\t<\/div>\n\t\t<\/div>\n\t\t\t\t\t<\/div>\n\t\t<\/section>\n\t\t\t\t<\/div>\n\t\t","protected":false},"excerpt":{"rendered":"<p>\/*! elementor &#8211; v3.9.2 &#8211; 21-12-2022 *\/ .elementor-widget-image-carousel .swiper-container{position:static}.elementor-widget-image-carousel .swiper-container .swiper-slide figure{line-height:inherit}.elementor-widget-image-carousel .swiper-slide{text-align:center}.elementor-image-carousel-wrapper:not(.swiper-container-initialized) .swiper-slide{max-width:calc(100% \/ var(&#8211;e-image-carousel-slides-to-show, 3))} Previous Next Esther Cecelia Jones Promotora de recursos audiovisuales en la Educaci\u00f3n F\u00edsica Esther Cecelia Jones Crabill nace en el 1928 en Newport &hellip; <\/p>\n","protected":false},"author":43,"featured_media":0,"parent":16990,"menu_order":0,"comment_status":"closed","ping_status":"closed","template":"","meta":{"_monsterinsights_skip_tracking":false,"_monsterinsights_sitenote_active":false,"_monsterinsights_sitenote_note":"","_monsterinsights_sitenote_category":0,"_FSMCFIC_featured_image_caption":"","_FSMCFIC_featured_image_nocaption":"","_FSMCFIC_featured_image_hide":"","footnotes":""},"class_list":["post-17745","page","type-page","status-publish","hentry"],"_links":{"self":[{"href":"https:\/\/www.uprrp.edu\/archivouniversitario\/wp-json\/wp\/v2\/pages\/17745","targetHints":{"allow":["GET"]}}],"collection":[{"href":"https:\/\/www.uprrp.edu\/archivouniversitario\/wp-json\/wp\/v2\/pages"}],"about":[{"href":"https:\/\/www.uprrp.edu\/archivouniversitario\/wp-json\/wp\/v2\/types\/page"}],"author":[{"embeddable":true,"href":"https:\/\/www.uprrp.edu\/archivouniversitario\/wp-json\/wp\/v2\/users\/43"}],"replies":[{"embeddable":true,"href":"https:\/\/www.uprrp.edu\/archivouniversitario\/wp-json\/wp\/v2\/comments?post=17745"}],"version-history":[{"count":26,"href":"https:\/\/www.uprrp.edu\/archivouniversitario\/wp-json\/wp\/v2\/pages\/17745\/revisions"}],"predecessor-version":[{"id":17875,"href":"https:\/\/www.uprrp.edu\/archivouniversitario\/wp-json\/wp\/v2\/pages\/17745\/revisions\/17875"}],"up":[{"embeddable":true,"href":"https:\/\/www.uprrp.edu\/archivouniversitario\/wp-json\/wp\/v2\/pages\/16990"}],"wp:attachment":[{"href":"https:\/\/www.uprrp.edu\/archivouniversitario\/wp-json\/wp\/v2\/media?parent=17745"}],"curies":[{"name":"wp","href":"https:\/\/api.w.org\/{rel}","templated":true}]}}