{"id":17966,"date":"2023-01-11T17:35:23","date_gmt":"2023-01-11T17:35:23","guid":{"rendered":"https:\/\/www.uprrp.edu\/archivouniversitario\/?page_id=17966"},"modified":"2023-01-11T17:41:31","modified_gmt":"2023-01-11T17:41:31","slug":"leyes","status":"publish","type":"page","link":"https:\/\/www.uprrp.edu\/archivouniversitario\/proyectos\/proyecto-de-academicas-y-figuras-destacadas-de-la-universidad-de-puerto-rico\/leyes\/","title":{"rendered":"Leyes"},"content":{"rendered":"\t\t<div data-elementor-type=\"wp-page\" data-elementor-id=\"17966\" class=\"elementor elementor-17966\">\n\t\t\t\t\t\t<section class=\"elementor-section elementor-top-section elementor-element elementor-element-5e49ee84 elementor-section-boxed elementor-section-height-default elementor-section-height-default\" data-id=\"5e49ee84\" data-element_type=\"section\" data-e-type=\"section\">\n\t\t\t\t\t\t<div class=\"elementor-container elementor-column-gap-default\">\n\t\t\t\t\t<div class=\"elementor-column elementor-col-100 elementor-top-column elementor-element elementor-element-197ade41\" data-id=\"197ade41\" data-element_type=\"column\" data-e-type=\"column\">\n\t\t\t<div class=\"elementor-widget-wrap elementor-element-populated\">\n\t\t\t\t\t\t<div class=\"elementor-element elementor-element-a060bc9 elementor-arrows-position-inside elementor-pagination-position-outside elementor-widget elementor-widget-image-carousel\" data-id=\"a060bc9\" data-element_type=\"widget\" data-e-type=\"widget\" data-settings=\"{&quot;slides_to_show&quot;:&quot;2&quot;,&quot;navigation&quot;:&quot;both&quot;,&quot;autoplay&quot;:&quot;yes&quot;,&quot;pause_on_hover&quot;:&quot;yes&quot;,&quot;pause_on_interaction&quot;:&quot;yes&quot;,&quot;autoplay_speed&quot;:5000,&quot;infinite&quot;:&quot;yes&quot;,&quot;speed&quot;:500}\" data-widget_type=\"image-carousel.default\">\n\t\t\t\t<div class=\"elementor-widget-container\">\n\t\t\t\t\t\t\t<div class=\"elementor-image-carousel-wrapper swiper\" role=\"region\" aria-roledescription=\"carousel\" aria-label=\"Image Carousel\" dir=\"ltr\">\n\t\t\t<div class=\"elementor-image-carousel swiper-wrapper\" aria-live=\"off\">\n\t\t\t\t\t\t\t\t<div class=\"swiper-slide\" role=\"group\" aria-roledescription=\"slide\" aria-label=\"1 of 2\"><figure class=\"swiper-slide-inner\"><img decoding=\"async\" class=\"swiper-slide-image\" src=\"https:\/\/www.uprrp.edu\/archivouniversitario\/wp-content\/uploads\/sites\/21\/2023\/01\/Silving-Helen-1971-295x300.jpg\" alt=\"Helen Silving\" \/><\/figure><\/div><div class=\"swiper-slide\" role=\"group\" aria-roledescription=\"slide\" aria-label=\"2 of 2\"><figure class=\"swiper-slide-inner\"><img decoding=\"async\" class=\"swiper-slide-image\" src=\"https:\/\/www.uprrp.edu\/archivouniversitario\/wp-content\/uploads\/sites\/21\/2023\/01\/Kent-Victoria-1931-218x300.png\" alt=\"Victoria Kent\" \/><\/figure><\/div>\t\t\t<\/div>\n\t\t\t\t\t\t\t\t\t\t\t\t<div class=\"elementor-swiper-button elementor-swiper-button-prev\" role=\"button\" tabindex=\"0\">\n\t\t\t\t\t\t<svg aria-hidden=\"true\" class=\"e-font-icon-svg e-eicon-chevron-left\" viewBox=\"0 0 1000 1000\" xmlns=\"http:\/\/www.w3.org\/2000\/svg\"><path d=\"M646 125C629 125 613 133 604 142L308 442C296 454 292 471 292 487 292 504 296 521 308 533L604 854C617 867 629 875 646 875 663 875 679 871 692 858 704 846 713 829 713 812 713 796 708 779 692 767L438 487 692 225C700 217 708 204 708 187 708 171 704 154 692 142 675 129 663 125 646 125Z\"><\/path><\/svg>\t\t\t\t\t<\/div>\n\t\t\t\t\t<div class=\"elementor-swiper-button elementor-swiper-button-next\" role=\"button\" tabindex=\"0\">\n\t\t\t\t\t\t<svg aria-hidden=\"true\" class=\"e-font-icon-svg e-eicon-chevron-right\" viewBox=\"0 0 1000 1000\" xmlns=\"http:\/\/www.w3.org\/2000\/svg\"><path d=\"M696 533C708 521 713 504 713 487 713 471 708 454 696 446L400 146C388 133 375 125 354 125 338 125 325 129 313 142 300 154 292 171 292 187 292 204 296 221 308 233L563 492 304 771C292 783 288 800 288 817 288 833 296 850 308 863 321 871 338 875 354 875 371 875 388 867 400 854L696 533Z\"><\/path><\/svg>\t\t\t\t\t<\/div>\n\t\t\t\t\n\t\t\t\t\t\t\t\t\t<div class=\"swiper-pagination\"><\/div>\n\t\t\t\t\t\t\t\t\t<\/div>\n\t\t\t\t\t\t<\/div>\n\t\t\t\t<\/div>\n\t\t\t\t<div class=\"elementor-element elementor-element-c2076ca elementor-widget elementor-widget-text-editor\" data-id=\"c2076ca\" data-element_type=\"widget\" data-e-type=\"widget\" data-widget_type=\"text-editor.default\">\n\t\t\t\t<div class=\"elementor-widget-container\">\n\t\t\t\t\t\t\t\t\t<h3 style=\"text-align: center\"><a href=\"https:\/\/www.uprrp.edu\/archivouniversitario\/wp-content\/uploads\/sites\/21\/2023\/01\/Silving-Helen-1971.jpg\">Helen Silving Ryu<\/a><\/h3><p style=\"text-align: center\"><strong>Profesora de Leyes criminales y constitucionales <\/strong><br \/><em><strong>Profesora Em\u00e9ritus<\/strong><\/em><\/p><p>Helen Silving Ryu, nace en el 1906 en Portland, EU. En su formaci\u00f3n acad\u00e9mica, se hace doctora dos veces, doctora en Ciencias Pol\u00edticas en la Universidad de Viena en 1929 y doctora en derecho (Ll.D.) en 1936, en University of Vienna. Adem\u00e1s de un Doctor Jurist Utriusque (Ll.B) en 1944 de Columbia University. Obtuvo una pr\u00e1ctica en New York en 1944 y en US Suprieme Court en 1951. Comenz\u00f3 en la Universidad de Puerto en agosto de 1956, como profesora visitante de la Facultad de Derecho hasta el 1976. Obtuvo un destaque en las ciudades de Washington, DC y New York, NY, con el fin de trabajar en bibliotecas en dos proyectos de investigaci\u00f3n: \u201cThe defensa of Insanity in Criminal Law\u201d and \u201cThe privilege against self-incrimination, the right to silence\u201d en 1957. Durante el a\u00f1o acad\u00e9mico 1958 al 1959, trabaj\u00f3 en una investigaci\u00f3n en la Escuela de Derecho de la Universidad de Yale sobre filosof\u00eda de la Justicia Criminal. En 1959 al 1960, se le otorg\u00f3 una licencia para prestar servicios a la secretar\u00eda de Justicia de Puerto Rico, adem\u00e1s de prestar servicios a la Comisi\u00f3n de Reforma Penal del mismo departamento en 1962. Desde el 1959 al 1961, estuvo en el Centro de Investigaciones Sociales de la Facultad de Ciencias Sociales como Catedr\u00e1tica e Investigadora Asociada y esos mismos a\u00f1os, prest\u00f3 servicios a la Oficina del Secretario de Justicia de Puerto Rico. En el 1962, se reintegr\u00f3 nuevamente a la c\u00e1tedra en la Facultad de Derecho de la Universidad de Puerto Rico. Obtuvo una licencia para dictar conferencias en Seul, Corea, de enero a junio de 1964. En 1965 al 1966, se le autoriz\u00f3 una sab\u00e1tica para prestar servicios t\u00e9cnicos de car\u00e1cter legal relacionados con estudios e investigaciones sobre reforma penal.<\/p><p>En un escrito al concederle la distinci\u00f3n acad\u00e9mica de <em>Profesor Em\u00e9ritus<\/em>, lee: \u201cPrimera dama del Derecho Comparado, la han llamado sus cong\u00e9neres. Honra de la Universidad de Puerto Rico. La doctora Silving se une a la Facultad de Derecho de la Universidad de Puerto Rico en 1957 y durante los pr\u00f3ximos 22 a\u00f1os contribuy\u00f3 al reconocimiento internacional de la Escuela. Persona de reconocida fama antes de uniresenos, Helen Silving acrecent\u00f3 su crecimiento intelectual y su fecund\u00edsima labor durante su estad\u00eda con nosotros\u201d. La Universidad de Puerto Rico le otorga en el 1984-85 la distinci\u00f3n de <em>Profesor Em\u00e9ritus<\/em>.<\/p><p>Entre las publicaciones, que aparecen en su expediente de personal, podemos indicar: \u201cEuthanasia: A Study in Comparative Criminal Law\u201d, University of Pennsylvania Law Review, Vol. 103, No. 3, December, 1954; \u201cThe Twilight Zone of Positive and Natural Law\u201d Law Revew, Vol 43, No. 3, July, 1955; \u201cTesting of the Unconscious in Criminal Cases\u201d Harvard Law Review, Vol. 69, No. 4, February, 1956; \u201cFrom the Sublime to the Ridiculous: A Study in Legal Symbolism\u201d Tulane Law Review, Vol. XX, p. 269-298 y Book Reviews, The American Journal of Comparative Law. Adem\u00e1s, sus \u00faltimas publicaciones sometidas en un informe al presidente de la UPR, antes de su retiro en 1976 fueron, las ultimas correcciones a \u201cElementos constitutivos del delito\u201d (traducci\u00f3n al espa\u00f1ol por Dr. Genaro R. Carri\u00f3 de Buenos Aires, Argentina) donde aparecer\u00eda pr\u00f3ximamente por la Editorial Universitaria.<\/p><h3 style=\"text-align: center\"><a href=\"https:\/\/www.uprrp.edu\/archivouniversitario\/wp-content\/uploads\/sites\/21\/2023\/01\/Kent-Victoria-1931.png\">Victoria Kent<\/a><\/h3><p style=\"text-align: center\"><strong>Pol\u00edtica y Leyes (penalista)<\/strong><\/p><p>La doctora Victoria Kent nace en M\u00e1laga, Espa\u00f1a el 6 de marzo de 1891. Fue abogada y pol\u00edtica republicana espa\u00f1ola. Fue la primera mujer en colegiarse en el Colegio de Abogados de Madrid, en 1925, y la segunda espa\u00f1ola, tras Ascensi\u00f3n Chirivella Mar\u00edn (que se colegi\u00f3 en Valencia en 1922) y la primera mujer del mundo que ejerci\u00f3 como abogada ante un tribunal militar (guerra y marina) en 1931. Fue diputada al parmamento y Directora General de prisiones en Espa\u00f1a. Adem\u00e1s, fue la primera mujer en Espa\u00f1a en abrir un bufete de abogados especializados en derecho laboral.<\/p><p>En 1946, la Universidad de Puerto Rico la invita a dar las siguientes conferencias los d\u00edas 5 y 9 de abril de 1946: \u201cAlerta a la Juventud (Los valores en peligro)\u201d y \u201cLa vida en Francia durante la ocupaci\u00f3n\u201d. Adem\u00e1s, dict\u00f3 la conferencia \u201cLa mujer dentro y fuera de la Pol\u00edtica\u201d auspiciada por la Asociaci\u00f3n de Graduadas de la Universidad de Puerto Rico y la Asociaci\u00f3n Pro-Democracia Espa\u00f1ola, el 11 de abril en el Ateneo Puertorrique\u00f1o.<\/p><p>Esta invitaci\u00f3n a viajar a Puerto Rico la realiz\u00f3 la Dra. Margot Arce de V\u00e1zquez, directora del Departamento de Estudios Hisp\u00e1nicos y que manten\u00eda lazos de amistad. La Universidad de Puerto Rico se honra en haber invitado a la doctora Victoria Kent como Conferenciante Invitada.<\/p><p>(Fotograf\u00eda de Victoria Kent publicada en la revista Mundo Gr\u00e1fico, n\u00famero 1026 de 1 de julio de 1931).<\/p>\t\t\t\t\t\t\t\t<\/div>\n\t\t\t\t<\/div>\n\t\t\t\t\t<\/div>\n\t\t<\/div>\n\t\t\t\t\t<\/div>\n\t\t<\/section>\n\t\t\t\t<\/div>\n\t\t","protected":false},"excerpt":{"rendered":"<p>\/*! elementor &#8211; v3.9.2 &#8211; 21-12-2022 *\/ .elementor-widget-image-carousel .swiper-container{position:static}.elementor-widget-image-carousel .swiper-container .swiper-slide figure{line-height:inherit}.elementor-widget-image-carousel .swiper-slide{text-align:center}.elementor-image-carousel-wrapper:not(.swiper-container-initialized) .swiper-slide{max-width:calc(100% \/ var(&#8211;e-image-carousel-slides-to-show, 3))} Previous Next Helen Silving Ryu Profesora de Leyes criminales y constitucionales Profesora Em\u00e9ritus Helen Silving Ryu, nace en el 1906 en Portland, EU. &hellip; <\/p>\n","protected":false},"author":43,"featured_media":0,"parent":16990,"menu_order":0,"comment_status":"closed","ping_status":"closed","template":"","meta":{"_monsterinsights_skip_tracking":false,"_monsterinsights_sitenote_active":false,"_monsterinsights_sitenote_note":"","_monsterinsights_sitenote_category":0,"_FSMCFIC_featured_image_caption":"","_FSMCFIC_featured_image_nocaption":"","_FSMCFIC_featured_image_hide":"","footnotes":""},"class_list":["post-17966","page","type-page","status-publish","hentry"],"_links":{"self":[{"href":"https:\/\/www.uprrp.edu\/archivouniversitario\/wp-json\/wp\/v2\/pages\/17966","targetHints":{"allow":["GET"]}}],"collection":[{"href":"https:\/\/www.uprrp.edu\/archivouniversitario\/wp-json\/wp\/v2\/pages"}],"about":[{"href":"https:\/\/www.uprrp.edu\/archivouniversitario\/wp-json\/wp\/v2\/types\/page"}],"author":[{"embeddable":true,"href":"https:\/\/www.uprrp.edu\/archivouniversitario\/wp-json\/wp\/v2\/users\/43"}],"replies":[{"embeddable":true,"href":"https:\/\/www.uprrp.edu\/archivouniversitario\/wp-json\/wp\/v2\/comments?post=17966"}],"version-history":[{"count":7,"href":"https:\/\/www.uprrp.edu\/archivouniversitario\/wp-json\/wp\/v2\/pages\/17966\/revisions"}],"predecessor-version":[{"id":17974,"href":"https:\/\/www.uprrp.edu\/archivouniversitario\/wp-json\/wp\/v2\/pages\/17966\/revisions\/17974"}],"up":[{"embeddable":true,"href":"https:\/\/www.uprrp.edu\/archivouniversitario\/wp-json\/wp\/v2\/pages\/16990"}],"wp:attachment":[{"href":"https:\/\/www.uprrp.edu\/archivouniversitario\/wp-json\/wp\/v2\/media?parent=17966"}],"curies":[{"name":"wp","href":"https:\/\/api.w.org\/{rel}","templated":true}]}}