{"id":18011,"date":"2023-01-13T12:56:45","date_gmt":"2023-01-13T12:56:45","guid":{"rendered":"https:\/\/www.uprrp.edu\/archivouniversitario\/?page_id=18011"},"modified":"2025-09-02T17:08:31","modified_gmt":"2025-09-02T17:08:31","slug":"sabias-que-el-simbolo-del-gallo","status":"publish","type":"page","link":"https:\/\/www.uprrp.edu\/archivouniversitario\/inicio\/sabias-que\/sabias-que-el-simbolo-del-gallo\/","title":{"rendered":"Sabias que&#8230; el Gallito del Recinto de R\u00edo Piedras"},"content":{"rendered":"\t\t<div data-elementor-type=\"wp-page\" data-elementor-id=\"18011\" class=\"elementor elementor-18011\">\n\t\t\t\t\t\t<section class=\"elementor-section elementor-top-section elementor-element elementor-element-7d7e9d7e elementor-section-boxed elementor-section-height-default elementor-section-height-default\" data-id=\"7d7e9d7e\" data-element_type=\"section\" data-e-type=\"section\">\n\t\t\t\t\t\t<div class=\"elementor-container elementor-column-gap-default\">\n\t\t\t\t\t<div class=\"elementor-column elementor-col-100 elementor-top-column elementor-element elementor-element-15129119\" data-id=\"15129119\" data-element_type=\"column\" data-e-type=\"column\">\n\t\t\t<div class=\"elementor-widget-wrap elementor-element-populated\">\n\t\t\t\t\t\t<div class=\"elementor-element elementor-element-571c9ac elementor-arrows-position-inside elementor-pagination-position-outside elementor-widget elementor-widget-image-carousel\" data-id=\"571c9ac\" data-element_type=\"widget\" data-e-type=\"widget\" data-settings=\"{&quot;navigation&quot;:&quot;both&quot;,&quot;autoplay&quot;:&quot;yes&quot;,&quot;pause_on_hover&quot;:&quot;yes&quot;,&quot;pause_on_interaction&quot;:&quot;yes&quot;,&quot;autoplay_speed&quot;:5000,&quot;infinite&quot;:&quot;yes&quot;,&quot;speed&quot;:500}\" data-widget_type=\"image-carousel.default\">\n\t\t\t\t<div class=\"elementor-widget-container\">\n\t\t\t\t\t\t\t<div class=\"elementor-image-carousel-wrapper swiper\" role=\"region\" aria-roledescription=\"carousel\" aria-label=\"Image Carousel\" dir=\"ltr\">\n\t\t\t<div class=\"elementor-image-carousel swiper-wrapper\" aria-live=\"off\">\n\t\t\t\t\t\t\t\t<div class=\"swiper-slide\" role=\"group\" aria-roledescription=\"slide\" aria-label=\"1 of 3\"><figure class=\"swiper-slide-inner\"><img decoding=\"async\" class=\"swiper-slide-image\" src=\"https:\/\/www.uprrp.edu\/archivouniversitario\/wp-content\/uploads\/sites\/21\/2023\/01\/Sello-del-gallito.png\" alt=\"Sello del Gallito\" \/><\/figure><\/div><div class=\"swiper-slide\" role=\"group\" aria-roledescription=\"slide\" aria-label=\"2 of 3\"><figure class=\"swiper-slide-inner\"><img decoding=\"async\" class=\"swiper-slide-image\" src=\"https:\/\/www.uprrp.edu\/archivouniversitario\/wp-content\/uploads\/sites\/21\/2023\/01\/manual-marca-uprrp_Page_53-300x232.jpg\" alt=\"Gallito\" \/><\/figure><\/div><div class=\"swiper-slide\" role=\"group\" aria-roledescription=\"slide\" aria-label=\"3 of 3\"><figure class=\"swiper-slide-inner\"><img decoding=\"async\" class=\"swiper-slide-image\" src=\"https:\/\/www.uprrp.edu\/archivouniversitario\/wp-content\/uploads\/sites\/21\/2023\/01\/manual-marca-uprrp_Page_23-300x232.jpg\" alt=\"manual-marca-uprrp_Page_23\" \/><\/figure><\/div>\t\t\t<\/div>\n\t\t\t\t\t\t\t\t\t\t\t\t<div class=\"elementor-swiper-button elementor-swiper-button-prev\" role=\"button\" tabindex=\"0\">\n\t\t\t\t\t\t<svg aria-hidden=\"true\" class=\"e-font-icon-svg e-eicon-chevron-left\" viewBox=\"0 0 1000 1000\" xmlns=\"http:\/\/www.w3.org\/2000\/svg\"><path d=\"M646 125C629 125 613 133 604 142L308 442C296 454 292 471 292 487 292 504 296 521 308 533L604 854C617 867 629 875 646 875 663 875 679 871 692 858 704 846 713 829 713 812 713 796 708 779 692 767L438 487 692 225C700 217 708 204 708 187 708 171 704 154 692 142 675 129 663 125 646 125Z\"><\/path><\/svg>\t\t\t\t\t<\/div>\n\t\t\t\t\t<div class=\"elementor-swiper-button elementor-swiper-button-next\" role=\"button\" tabindex=\"0\">\n\t\t\t\t\t\t<svg aria-hidden=\"true\" class=\"e-font-icon-svg e-eicon-chevron-right\" viewBox=\"0 0 1000 1000\" xmlns=\"http:\/\/www.w3.org\/2000\/svg\"><path d=\"M696 533C708 521 713 504 713 487 713 471 708 454 696 446L400 146C388 133 375 125 354 125 338 125 325 129 313 142 300 154 292 171 292 187 292 204 296 221 308 233L563 492 304 771C292 783 288 800 288 817 288 833 296 850 308 863 321 871 338 875 354 875 371 875 388 867 400 854L696 533Z\"><\/path><\/svg>\t\t\t\t\t<\/div>\n\t\t\t\t\n\t\t\t\t\t\t\t\t\t<div class=\"swiper-pagination\"><\/div>\n\t\t\t\t\t\t\t\t\t<\/div>\n\t\t\t\t\t\t<\/div>\n\t\t\t\t<\/div>\n\t\t\t\t<div class=\"elementor-element elementor-element-79ac6181 elementor-widget elementor-widget-text-editor\" data-id=\"79ac6181\" data-element_type=\"widget\" data-e-type=\"widget\" data-widget_type=\"text-editor.default\">\n\t\t\t\t<div class=\"elementor-widget-container\">\n\t\t\t\t\t\t\t\t\t<p>Muchas historias hemos encontrado sobre el gallito de nuestro recinto.\u00a0 En nuestros archivos encontramos una carta, dirigida al director del Archivo Central, de una consulta que se hizo en el 1979 relacionado al gallito como sello oficial, pero adem\u00e1s, un dato importante sobre c\u00f3mo surgi\u00f3 el nombre del gallito:<\/p><p>En carta del 16 de octubre de 1979 a la Sra. Nilda Morales de Ruiz, Ayudante Especial del Rector de Juan Jos\u00e9 Gonz\u00e1lez Correa, director del Archivo Central indica:<\/p><blockquote><p>&#8220;&#8230; el s\u00edmbolo actual del gallo no encontramos ninguna certificaci\u00f3n que indique que \u00e9ste es oficial. Habl\u00e9 por tel\u00e9fono con el profesor Miguel Angel Santana y el Sr. Jos\u00e9 Gueits, quien fue Decano de Estudiantes para la d\u00e9cada del 1930 al 40 y ninguno dio informaci\u00f3n al respecto. Solo el Sr. Eugenio Guerra me dijo por tel\u00e9fono que lo del gallito surgi\u00f3 en el a\u00f1o 1955, cuando el equipo de baloncesto de la Universidad de Puerto Rico entr\u00f3 a ser parte de la Federaci\u00f3n de Baloncesto de Puerto Rico, y jugaba Tinaj\u00f3n Feliciano a quien le fue dado ese apodo del gallito.&#8221;<\/p><\/blockquote><p><em>Colecci\u00f3n 573-S1-7<\/em><\/p><p>No se ha encontrado una Certificaci\u00f3n relacionada a un sello oficial, sin embargo, <em>El Gallo<\/em> es una de nuestras marcas registradas del Recinto de R\u00edo Piedras. Indica:<\/p><p><strong>El Gallo\u00a0<\/strong><\/p><p>La propuesta gr\u00e1fica para este logotipo fue dise\u00f1ado por los arquitectos Darwin J. Marrero y Francisco J. Rodr\u00edguez en el a\u00f1o 2010. Este emblema consta de trazos lineales y formas geom\u00e9tricas de car\u00e1cter org\u00e1nico que describen de una manera moderna, din\u00e1mica y abstracta los componentes anat\u00f3micos de una gallo. Las formas geom\u00e9tricas se concentran en el \u00e1rea de la cabeza, incluyendo el ojo, orejilla, cresta y barbillas. Los trazos que componen el resto del cuerpo corren, primordialmente, en manera diagonal, describiendo la figura anat\u00f3mica de un gallo en perfil, o sea, lateral perfecto, mostrando as\u00ed un s\u00f3lo ojo, ala y pata incluyendo los subcomponentes de los mismos.<\/p><p>El Gallo del Recinto de R\u00edo Piedras evoca la fuerza, agilidad, casta y orgullo de este animal. Los trazos sencillos de su dise\u00f1o lo hacen reconocible y atractivo al ojo, apelando as\u00ed, a las nuevas generaciones de estudiantes y ex alumnos del Recinto. Por su car\u00e1cter jovial, este emblema ser\u00e1 utilizado para fines de mercadeo, actividades deportivas o recreativas, alguna correspondencia y documentaci\u00f3n oficial que sea dirigida directamente a los estudiantes del Recinto y ex alumnos. (<a href=\"https:\/\/www.uprrp.edu\/archivouniversitario\/wp-content\/uploads\/sites\/21\/2023\/01\/manual-marca-uprrp.pdf\">Manual de marca<\/a>, UPRRP)<\/p><p>En cuanto a nuestra mascota pueden pueden encontrar informaci\u00f3n en el art\u00edculo <a href=\"https:\/\/www.uprrp.edu\/2016\/04\/al-rescate-de-la-historia-del-gallito-y-la-jerezana\/\">Al rescate de la historia del gallito y la jerezana.<\/a><\/p><p>\u00a0<\/p><p>\u00a0<\/p>\t\t\t\t\t\t\t\t<\/div>\n\t\t\t\t<\/div>\n\t\t\t\t\t<\/div>\n\t\t<\/div>\n\t\t\t\t\t<\/div>\n\t\t<\/section>\n\t\t\t\t<\/div>\n\t\t","protected":false},"excerpt":{"rendered":"<p>Muchas historias hemos encontrado sobre el gallito de nuestro recinto.\u00a0 En nuestros archivos encontramos una carta, dirigida al director del Archivo Central, de una consulta que se hizo en el 1979 relacionado al gallito como sello oficial, pero adem\u00e1s, un &hellip; <\/p>\n","protected":false},"author":43,"featured_media":0,"parent":17699,"menu_order":0,"comment_status":"closed","ping_status":"closed","template":"","meta":{"_monsterinsights_skip_tracking":false,"_monsterinsights_sitenote_active":false,"_monsterinsights_sitenote_note":"","_monsterinsights_sitenote_category":0,"_FSMCFIC_featured_image_caption":"","_FSMCFIC_featured_image_nocaption":"","_FSMCFIC_featured_image_hide":"","footnotes":""},"class_list":["post-18011","page","type-page","status-publish","hentry"],"_links":{"self":[{"href":"https:\/\/www.uprrp.edu\/archivouniversitario\/wp-json\/wp\/v2\/pages\/18011","targetHints":{"allow":["GET"]}}],"collection":[{"href":"https:\/\/www.uprrp.edu\/archivouniversitario\/wp-json\/wp\/v2\/pages"}],"about":[{"href":"https:\/\/www.uprrp.edu\/archivouniversitario\/wp-json\/wp\/v2\/types\/page"}],"author":[{"embeddable":true,"href":"https:\/\/www.uprrp.edu\/archivouniversitario\/wp-json\/wp\/v2\/users\/43"}],"replies":[{"embeddable":true,"href":"https:\/\/www.uprrp.edu\/archivouniversitario\/wp-json\/wp\/v2\/comments?post=18011"}],"version-history":[{"count":24,"href":"https:\/\/www.uprrp.edu\/archivouniversitario\/wp-json\/wp\/v2\/pages\/18011\/revisions"}],"predecessor-version":[{"id":18937,"href":"https:\/\/www.uprrp.edu\/archivouniversitario\/wp-json\/wp\/v2\/pages\/18011\/revisions\/18937"}],"up":[{"embeddable":true,"href":"https:\/\/www.uprrp.edu\/archivouniversitario\/wp-json\/wp\/v2\/pages\/17699"}],"wp:attachment":[{"href":"https:\/\/www.uprrp.edu\/archivouniversitario\/wp-json\/wp\/v2\/media?parent=18011"}],"curies":[{"name":"wp","href":"https:\/\/api.w.org\/{rel}","templated":true}]}}