{"id":18114,"date":"2023-01-17T15:33:12","date_gmt":"2023-01-17T15:33:12","guid":{"rendered":"https:\/\/www.uprrp.edu\/archivouniversitario\/?page_id=18114"},"modified":"2023-01-17T15:40:09","modified_gmt":"2023-01-17T15:40:09","slug":"sociologia-y-antropologia","status":"publish","type":"page","link":"https:\/\/www.uprrp.edu\/archivouniversitario\/proyectos\/proyecto-de-academicas-y-figuras-destacadas-de-la-universidad-de-puerto-rico\/sociologia-y-antropologia\/","title":{"rendered":"Sociolog\u00eda y Antropolog\u00eda"},"content":{"rendered":"\t\t<div data-elementor-type=\"wp-page\" data-elementor-id=\"18114\" class=\"elementor elementor-18114\">\n\t\t\t\t\t\t<section class=\"elementor-section elementor-top-section elementor-element elementor-element-4b29ff7b elementor-section-boxed elementor-section-height-default elementor-section-height-default\" data-id=\"4b29ff7b\" data-element_type=\"section\" data-e-type=\"section\">\n\t\t\t\t\t\t<div class=\"elementor-container elementor-column-gap-default\">\n\t\t\t\t\t<div class=\"elementor-column elementor-col-100 elementor-top-column elementor-element elementor-element-56d22269\" data-id=\"56d22269\" data-element_type=\"column\" data-e-type=\"column\">\n\t\t\t<div class=\"elementor-widget-wrap elementor-element-populated\">\n\t\t\t\t\t\t<div class=\"elementor-element elementor-element-1783453 elementor-arrows-position-inside elementor-pagination-position-outside elementor-widget elementor-widget-image-carousel\" data-id=\"1783453\" data-element_type=\"widget\" data-e-type=\"widget\" data-settings=\"{&quot;navigation&quot;:&quot;both&quot;,&quot;autoplay&quot;:&quot;yes&quot;,&quot;pause_on_hover&quot;:&quot;yes&quot;,&quot;pause_on_interaction&quot;:&quot;yes&quot;,&quot;autoplay_speed&quot;:5000,&quot;infinite&quot;:&quot;yes&quot;,&quot;speed&quot;:500}\" data-widget_type=\"image-carousel.default\">\n\t\t\t\t<div class=\"elementor-widget-container\">\n\t\t\t\t\t\t\t<div class=\"elementor-image-carousel-wrapper swiper\" role=\"region\" aria-roledescription=\"carousel\" aria-label=\"Image Carousel\" dir=\"ltr\">\n\t\t\t<div class=\"elementor-image-carousel swiper-wrapper\" aria-live=\"off\">\n\t\t\t\t\t\t\t\t<div class=\"swiper-slide\" role=\"group\" aria-roledescription=\"slide\" aria-label=\"1 of 2\"><figure class=\"swiper-slide-inner\"><img decoding=\"async\" class=\"swiper-slide-image\" src=\"https:\/\/www.uprrp.edu\/archivouniversitario\/wp-content\/uploads\/sites\/21\/2023\/01\/Cunningham-Ineke-1966-300x300.jpeg\" alt=\"Ineke Cunningham\" \/><\/figure><\/div><div class=\"swiper-slide\" role=\"group\" aria-roledescription=\"slide\" aria-label=\"2 of 2\"><figure class=\"swiper-slide-inner\"><img decoding=\"async\" class=\"swiper-slide-image\" src=\"https:\/\/www.uprrp.edu\/archivouniversitario\/wp-content\/uploads\/sites\/21\/2023\/01\/Padilla-Elena-200x300.jpg\" alt=\"Padilla, Elena\" \/><\/figure><\/div>\t\t\t<\/div>\n\t\t\t\t\t\t\t\t\t\t\t\t<div class=\"elementor-swiper-button elementor-swiper-button-prev\" role=\"button\" tabindex=\"0\">\n\t\t\t\t\t\t<svg aria-hidden=\"true\" class=\"e-font-icon-svg e-eicon-chevron-left\" viewBox=\"0 0 1000 1000\" xmlns=\"http:\/\/www.w3.org\/2000\/svg\"><path d=\"M646 125C629 125 613 133 604 142L308 442C296 454 292 471 292 487 292 504 296 521 308 533L604 854C617 867 629 875 646 875 663 875 679 871 692 858 704 846 713 829 713 812 713 796 708 779 692 767L438 487 692 225C700 217 708 204 708 187 708 171 704 154 692 142 675 129 663 125 646 125Z\"><\/path><\/svg>\t\t\t\t\t<\/div>\n\t\t\t\t\t<div class=\"elementor-swiper-button elementor-swiper-button-next\" role=\"button\" tabindex=\"0\">\n\t\t\t\t\t\t<svg aria-hidden=\"true\" class=\"e-font-icon-svg e-eicon-chevron-right\" viewBox=\"0 0 1000 1000\" xmlns=\"http:\/\/www.w3.org\/2000\/svg\"><path d=\"M696 533C708 521 713 504 713 487 713 471 708 454 696 446L400 146C388 133 375 125 354 125 338 125 325 129 313 142 300 154 292 171 292 187 292 204 296 221 308 233L563 492 304 771C292 783 288 800 288 817 288 833 296 850 308 863 321 871 338 875 354 875 371 875 388 867 400 854L696 533Z\"><\/path><\/svg>\t\t\t\t\t<\/div>\n\t\t\t\t\n\t\t\t\t\t\t\t\t\t<div class=\"swiper-pagination\"><\/div>\n\t\t\t\t\t\t\t\t\t<\/div>\n\t\t\t\t\t\t<\/div>\n\t\t\t\t<\/div>\n\t\t\t\t<div class=\"elementor-element elementor-element-13d88e4 elementor-widget elementor-widget-text-editor\" data-id=\"13d88e4\" data-element_type=\"widget\" data-e-type=\"widget\" data-widget_type=\"text-editor.default\">\n\t\t\t\t<div class=\"elementor-widget-container\">\n\t\t\t\t\t\t\t\t\t<h3 style=\"text-align: center\"><a href=\"https:\/\/www.uprrp.edu\/archivouniversitario\/wp-content\/uploads\/sites\/21\/2023\/01\/Padilla-Elena.jpg\">Elena Padilla<\/a><\/h3><p style=\"text-align: center\"><strong>Antrop\u00f3loga etnogr\u00e1fica \u2013 Profesora Em\u00e9rita <\/strong><\/p><p>Elena Padilla, antrop\u00f3loga, nacida en Adjuntas, Puerto Rico en 1923. Obtuvo su bachillerato en el 1942 en la Universidad de Puerto Rico y una maestr\u00eda y doctorado de la Universidad de Chicago. Trabaj\u00f3 en el Centro de Investigaciones Sociales de la Facultad de Ciencias Sociales desde el 1947 a 1952. Su disciplina fue Antropolog\u00eda Cultural y Social; adem\u00e1s, fue Profesora Emerita de New York University. Dirigi\u00f3 su propio estudio pionero \u201cUp from Puerto Rico\u201d en 1958. Form\u00f3 parte del Comit\u00e9 Ejecutivo del \u201cResearch Institute for the Study of Man\u201d en Nueva York. Complet\u00f3 el estudio comunitario en Barceloneta (Nicor\u00e1) en 1952.<\/p><p>Fue una de las primeras mujeres en el campo de la antropolog\u00eda etnogr\u00e1fica de comunidad en el Puerto Rico de los a\u00f1os sesenta. Realiz\u00f3 estudios de comunidad durante el 1966, con su tesis sobre trabajadores de plantaci\u00f3n. Perteneci\u00f3 a la American Anthropological Association. Sus investigaciones fueron: \u201cField Research, Acculturation of Puertorican Migrants, Social Science Research Communitee, University of Chicago. Six Months of intensive interviews with recently (1946-47) arrived migrants to Chicago. Schedules diary.<\/p><p>Dr. Elena Padilla: A Pioneer at the Crossroads of Urban Ethnography and Puerto Rican Latinidad in http:\/\/www.hunter.cuny.edu\/artsci\/pressroom\/news\/dr.-elena-padilla-a-pioneer-at-the-crossroads-of-urban-ethnography-and-puerto-rican-latinidad<\/p><h3 style=\"text-align: center\"><a href=\"https:\/\/www.uprrp.edu\/archivouniversitario\/wp-content\/uploads\/sites\/21\/2023\/01\/Cunningham-Ineke-1966.jpeg\">Ineke Cunningham<\/a><\/h3><p style=\"text-align: center\"><strong>Cient\u00edfica, feminista, aliada de las comunidades LGBTQ+ y VIH positivas, luchadora por la justicia social,\u00a0pionera de la investigaci\u00f3n del VIH\/SIDA en Puerto Rico, <\/strong><\/p><p style=\"text-align: center\"><strong>Profesora Em\u00e9rita <\/strong><\/p><p>Ineke Cunningham nace en Holanda en el 1937. Obtuvo un bachillerato en artes con concentraci\u00f3n en sociolog\u00eda en La Verne College en California en 1963, una maestr\u00eda en artes de Northwestern University en Illinois en 1966 y un doctorado en filosof\u00eda con concentraci\u00f3n en Sociolog\u00eda de Northwestern University en 1971. Fue soci\u00f3loga, cient\u00edfica y Profesora Em\u00e9ritus de Antropolog\u00eda. La profesora Cunningham fue una pionera de la investigaci\u00f3n sobre el VIH\/SIDA en Puerto Rico y fund\u00f3 un centro de investigaciones sobre este tema. Fue mentora de generaciones de acad\u00e9micos y profesionales, form\u00e1ndolos en las t\u00e9cnicas de investigaci\u00f3n, en el an\u00e1lisis sociol\u00f3gico y el compromiso social. Comenz\u00f3 en la Universidad de Puerto Rico en 1966 como catedr\u00e1tica en el Departamento de Sociolog\u00eda y Antropolog\u00eda de la Facultad de Ciencias Sociales. Dirigi\u00f3 el Centro de C\u00f3mputos de la misma facultad y la direcci\u00f3n del su departamento. Fue la primera directora y fundadora del Centro de Investigaci\u00f3n y Educaci\u00f3n VIH\/SIDA en 1994. Uno de sus proyectos en Puerto Rico para el 1986 lo fue la creaci\u00f3n de la antolog\u00eda \u201cLos aspectos sociales, econ\u00f3micos y pol\u00edticos que afectan la salud en Puerto Rico\u201d. Fue Investigadora Asociada y Directora Asociada en el Centro de Investigaciones Sociales de la Facultad de Ciencias Sociales, adem\u00e1s, directora del proyecto \u201cThe Modernization and Schooling Project\u201d y coinvestigadora principal de \u201cMigration Project\u201d, e investigadora del proyecto \u201cMarriage Patterns and Fertility\u201d.<\/p><p>Tuvo a su cargo el an\u00e1lisis de los resultados del proyecto de investigaci\u00f3n \u201cComportamiento de riesgo relacionado al embarazo y al SIDA entre las adolescentes puertorrique\u00f1as\u201d, en el Recinto de Ciencias M\u00e9dicas, de la Universidad de Puerto Rico (carta del 30 de enero de 1992 al Dr. Manuel Marina, Rector de Ciencias M\u00e9dicas, de Juan R. Fern\u00e1ndez, rector del Recinto de R\u00edo Piedras). En 1996, fue coeditora junto a Sylvia Rivera Viera, Frances M. Bothwell del Toro y Kristy Domenech Miller, de la antolog\u00eda \u201cSexualidad y el VIH\/SIDA: m\u00f3dulos innovadores de ense\u00f1anza\u201d. El prop\u00f3sito del texto fue proveer material multidisciplinario para el uso en cursos universitarios y en talleres de orientaci\u00f3n y consejer\u00eda. La antolog\u00eda fue un obsequio por parte del Centro de Investigaci\u00f3n y Educaci\u00f3n HIV\/SIDA del Recinto de R\u00edo Piedras y el Departamento de Salud de Puerto Rico para todas las instituciones de educaci\u00f3n superior de Puerto Rico y otras entidades, (circular a los profesores del Recinto de R\u00edo Piedras el 25 de noviembre de 1996). Fue coeditora del libro \u201cEl SIDA en Puerto Rico: acercamientos multidisciplinarios\u201d. Podemos destacar algunos t\u00edtulos de sus publicaciones: \u201cThe Relationship Between Modernity of Students in a Puerto Rican High School and their Academic Performance, their Parents and Peers\u201d y \u201cModernity and Academic Performance: a Study of Students in a Puerto Rican High School\u201d.<\/p><p>La doctora Cunningham particip\u00f3 dictando ponencias en el XVI Congreso Latinoamericano de Sociolog\u00eda en R\u00edo de Janeiro, Brazil. Ayud\u00f3 a desarrollar el curso de Medicina de la Comunidad en la Escuela de Medicina de la Universidad del Caribe en Cayey, Puerto Rico. Fue tambi\u00e9n, cofundadora de la Revista de Salud P\u00fablica de Puerto Rico y la revista de la Asociaci\u00f3n de Salud P\u00fablica en las cuales publicaba art\u00edculos relacionados a los aspectos sociales de la salud.<\/p><p>Ense\u00f1\u00f3 en la Escuela Graduada de Salud P\u00fablica en el Recinto de Ciencias M\u00e9dicas de la Universidad de Puerto Rico y particip\u00f3 adem\u00e1s, en la Comisi\u00f3n de Salud Mental del Departamento de Salud de Puerto Rico, por lo cual escribi\u00f3 el informe final \u201cMental Health in Puerto Rico: a review of the Literature with Recomendations for Future Research\u201d. La doctora Cunningham fue una catedr\u00e1tica con amplia experiencia en el campo de la salud en Puerto Rico. Una de sus \u00faltimas conferencias dictadas en la Universidad de Puerto Rico en el 2002 fue \u201cCoportamiento sexual entre j\u00f3venes adultos humanos\u201d. Ineke Cunningham se acoge a la jubilaci\u00f3n en septiembre de 2003, habiendo servido a nuestra instituci\u00f3n por m\u00e1s de 30 a\u00f1os.<\/p>\t\t\t\t\t\t\t\t<\/div>\n\t\t\t\t<\/div>\n\t\t\t\t\t<\/div>\n\t\t<\/div>\n\t\t\t\t\t<\/div>\n\t\t<\/section>\n\t\t\t\t<\/div>\n\t\t","protected":false},"excerpt":{"rendered":"<p>\/*! elementor &#8211; v3.10.0 &#8211; 09-01-2023 *\/ .elementor-widget-image-carousel .swiper-container{position:static}.elementor-widget-image-carousel .swiper-container .swiper-slide figure{line-height:inherit}.elementor-widget-image-carousel .swiper-slide{text-align:center}.elementor-image-carousel-wrapper:not(.swiper-container-initialized) .swiper-slide{max-width:calc(100% \/ var(&#8211;e-image-carousel-slides-to-show, 3))} Previous Next Elena Padilla Antrop\u00f3loga etnogr\u00e1fica \u2013 Profesora Em\u00e9rita Elena Padilla, antrop\u00f3loga, nacida en Adjuntas, Puerto Rico en 1923. Obtuvo su bachillerato en &hellip; <\/p>\n","protected":false},"author":43,"featured_media":0,"parent":16990,"menu_order":0,"comment_status":"closed","ping_status":"closed","template":"","meta":{"_monsterinsights_skip_tracking":false,"_monsterinsights_sitenote_active":false,"_monsterinsights_sitenote_note":"","_monsterinsights_sitenote_category":0,"_FSMCFIC_featured_image_caption":"","_FSMCFIC_featured_image_nocaption":"","_FSMCFIC_featured_image_hide":"","footnotes":""},"class_list":["post-18114","page","type-page","status-publish","hentry"],"_links":{"self":[{"href":"https:\/\/www.uprrp.edu\/archivouniversitario\/wp-json\/wp\/v2\/pages\/18114","targetHints":{"allow":["GET"]}}],"collection":[{"href":"https:\/\/www.uprrp.edu\/archivouniversitario\/wp-json\/wp\/v2\/pages"}],"about":[{"href":"https:\/\/www.uprrp.edu\/archivouniversitario\/wp-json\/wp\/v2\/types\/page"}],"author":[{"embeddable":true,"href":"https:\/\/www.uprrp.edu\/archivouniversitario\/wp-json\/wp\/v2\/users\/43"}],"replies":[{"embeddable":true,"href":"https:\/\/www.uprrp.edu\/archivouniversitario\/wp-json\/wp\/v2\/comments?post=18114"}],"version-history":[{"count":5,"href":"https:\/\/www.uprrp.edu\/archivouniversitario\/wp-json\/wp\/v2\/pages\/18114\/revisions"}],"predecessor-version":[{"id":18121,"href":"https:\/\/www.uprrp.edu\/archivouniversitario\/wp-json\/wp\/v2\/pages\/18114\/revisions\/18121"}],"up":[{"embeddable":true,"href":"https:\/\/www.uprrp.edu\/archivouniversitario\/wp-json\/wp\/v2\/pages\/16990"}],"wp:attachment":[{"href":"https:\/\/www.uprrp.edu\/archivouniversitario\/wp-json\/wp\/v2\/media?parent=18114"}],"curies":[{"name":"wp","href":"https:\/\/api.w.org\/{rel}","templated":true}]}}