{"id":18123,"date":"2023-01-17T15:46:25","date_gmt":"2023-01-17T15:46:25","guid":{"rendered":"https:\/\/www.uprrp.edu\/archivouniversitario\/?page_id=18123"},"modified":"2023-01-17T17:49:51","modified_gmt":"2023-01-17T17:49:51","slug":"teatro","status":"publish","type":"page","link":"https:\/\/www.uprrp.edu\/archivouniversitario\/proyectos\/proyecto-de-academicas-y-figuras-destacadas-de-la-universidad-de-puerto-rico\/teatro\/","title":{"rendered":"Teatro"},"content":{"rendered":"\t\t<div data-elementor-type=\"wp-page\" data-elementor-id=\"18123\" class=\"elementor elementor-18123\">\n\t\t\t\t\t\t<section class=\"elementor-section elementor-top-section elementor-element elementor-element-9369c67 elementor-section-boxed elementor-section-height-default elementor-section-height-default\" data-id=\"9369c67\" data-element_type=\"section\" data-e-type=\"section\">\n\t\t\t\t\t\t<div class=\"elementor-container elementor-column-gap-default\">\n\t\t\t\t\t<div class=\"elementor-column elementor-col-100 elementor-top-column elementor-element elementor-element-63057704\" data-id=\"63057704\" data-element_type=\"column\" data-e-type=\"column\">\n\t\t\t<div class=\"elementor-widget-wrap elementor-element-populated\">\n\t\t\t\t\t\t<div class=\"elementor-element elementor-element-17fb1fb elementor-arrows-position-inside elementor-pagination-position-outside elementor-widget elementor-widget-image-carousel\" data-id=\"17fb1fb\" data-element_type=\"widget\" data-e-type=\"widget\" data-settings=\"{&quot;navigation&quot;:&quot;both&quot;,&quot;autoplay&quot;:&quot;yes&quot;,&quot;pause_on_hover&quot;:&quot;yes&quot;,&quot;pause_on_interaction&quot;:&quot;yes&quot;,&quot;autoplay_speed&quot;:5000,&quot;infinite&quot;:&quot;yes&quot;,&quot;speed&quot;:500}\" data-widget_type=\"image-carousel.default\">\n\t\t\t\t<div class=\"elementor-widget-container\">\n\t\t\t\t\t\t\t<div class=\"elementor-image-carousel-wrapper swiper\" role=\"region\" aria-roledescription=\"carousel\" aria-label=\"Image Carousel\" dir=\"ltr\">\n\t\t\t<div class=\"elementor-image-carousel swiper-wrapper\" aria-live=\"off\">\n\t\t\t\t\t\t\t\t<div class=\"swiper-slide\" role=\"group\" aria-roledescription=\"slide\" aria-label=\"1 of 4\"><figure class=\"swiper-slide-inner\"><img decoding=\"async\" class=\"swiper-slide-image\" src=\"https:\/\/www.uprrp.edu\/archivouniversitario\/wp-content\/uploads\/sites\/21\/2023\/01\/Arjona-5993-182x300.jpg\" alt=\"Gloria Arjona\" \/><\/figure><\/div><div class=\"swiper-slide\" role=\"group\" aria-roledescription=\"slide\" aria-label=\"2 of 4\"><figure class=\"swiper-slide-inner\"><img decoding=\"async\" class=\"swiper-slide-image\" src=\"https:\/\/www.uprrp.edu\/archivouniversitario\/wp-content\/uploads\/sites\/21\/2023\/01\/Arjona-5989-177x300.jpg\" alt=\"Gloria Arjona\" \/><\/figure><\/div><div class=\"swiper-slide\" role=\"group\" aria-roledescription=\"slide\" aria-label=\"3 of 4\"><figure class=\"swiper-slide-inner\"><img decoding=\"async\" class=\"swiper-slide-image\" src=\"https:\/\/www.uprrp.edu\/archivouniversitario\/wp-content\/uploads\/sites\/21\/2023\/01\/Casas-Myrna-1955-296x300.jpg\" alt=\"Myrna Casas\" \/><\/figure><\/div><div class=\"swiper-slide\" role=\"group\" aria-roledescription=\"slide\" aria-label=\"4 of 4\"><figure class=\"swiper-slide-inner\"><img decoding=\"async\" class=\"swiper-slide-image\" src=\"https:\/\/www.uprrp.edu\/archivouniversitario\/wp-content\/uploads\/sites\/21\/2023\/01\/Espinosa-Torres-Victoria-1949-300x297.jpg\" alt=\"Victoria Espinosa\" \/><\/figure><\/div>\t\t\t<\/div>\n\t\t\t\t\t\t\t\t\t\t\t\t<div class=\"elementor-swiper-button elementor-swiper-button-prev\" role=\"button\" tabindex=\"0\">\n\t\t\t\t\t\t<svg aria-hidden=\"true\" class=\"e-font-icon-svg e-eicon-chevron-left\" viewBox=\"0 0 1000 1000\" xmlns=\"http:\/\/www.w3.org\/2000\/svg\"><path d=\"M646 125C629 125 613 133 604 142L308 442C296 454 292 471 292 487 292 504 296 521 308 533L604 854C617 867 629 875 646 875 663 875 679 871 692 858 704 846 713 829 713 812 713 796 708 779 692 767L438 487 692 225C700 217 708 204 708 187 708 171 704 154 692 142 675 129 663 125 646 125Z\"><\/path><\/svg>\t\t\t\t\t<\/div>\n\t\t\t\t\t<div class=\"elementor-swiper-button elementor-swiper-button-next\" role=\"button\" tabindex=\"0\">\n\t\t\t\t\t\t<svg aria-hidden=\"true\" class=\"e-font-icon-svg e-eicon-chevron-right\" viewBox=\"0 0 1000 1000\" xmlns=\"http:\/\/www.w3.org\/2000\/svg\"><path d=\"M696 533C708 521 713 504 713 487 713 471 708 454 696 446L400 146C388 133 375 125 354 125 338 125 325 129 313 142 300 154 292 171 292 187 292 204 296 221 308 233L563 492 304 771C292 783 288 800 288 817 288 833 296 850 308 863 321 871 338 875 354 875 371 875 388 867 400 854L696 533Z\"><\/path><\/svg>\t\t\t\t\t<\/div>\n\t\t\t\t\n\t\t\t\t\t\t\t\t\t<div class=\"swiper-pagination\"><\/div>\n\t\t\t\t\t\t\t\t\t<\/div>\n\t\t\t\t\t\t<\/div>\n\t\t\t\t<\/div>\n\t\t\t\t<div class=\"elementor-element elementor-element-15cb6bcb elementor-widget elementor-widget-text-editor\" data-id=\"15cb6bcb\" data-element_type=\"widget\" data-e-type=\"widget\" data-widget_type=\"text-editor.default\">\n\t\t\t\t<div class=\"elementor-widget-container\">\n\t\t\t\t\t\t\t\t\t<h3 style=\"text-align: center\"><a href=\"https:\/\/www.uprrp.edu\/archivouniversitario\/wp-content\/uploads\/sites\/21\/2023\/01\/Arjona-5989.jpg\">Gloria Arjona Mariani de Mu\u00f1oz Lee<\/a><\/h3><p style=\"text-align: center\"><strong>Acad\u00e9mica, Teatro, actriz, recitadora, defensora de la lengua de Puerto Rico<\/strong><\/p><p>Gloria Olga Act\u00e9 Arjona Mariani nace en Ponce, Puerto Rico en el 1924. Obtuvo su Bachillerato en Artes en 1942 de la Universidad de Puerto Rico. Hizo su especializaci\u00f3n en lenguas francesas, historia y literatura espa\u00f1ola, seguidamente tom\u00f3 los cursos de educaci\u00f3n que la acreditaron como maestra del Departamento de Instrucci\u00f3n P\u00fablica. Continu\u00f3 estudios posgraduados de literatura espa\u00f1ola en la Universidad de Puerto Rico. En 1945, ingres\u00f3 al Departamento de Lenguas Romances de la Universidad de Columbia, en Nueva York, donde en 1946 obtuvo el grado de Maestr\u00eda en materia de literatura espa\u00f1ola con su tesis: Vida y obra de Antonio Machado. En la d\u00e9cada del 50 comenz\u00f3 estudios de doctorado en la Universidad de Puerto Rico, continuando en Espa\u00f1a en 1960 y 1964, obteniendo el grado de doctor por la Facultad de Filosof\u00eda y Letras de Madrid.<\/p><p>En 1950 comenz\u00f3 a trabajar como directora de la Sala de Exposiciones de la Universidad de Puerto Rico, luego, pas\u00f3 a organizar el Teatro Experimental, de la misma instituci\u00f3n. Gloria Arjona comenz\u00f3 sus actividades de teatro al iniciarse el teatro universitario en 1939-40, particip\u00f3 en la inauguraci\u00f3n del Teatro Expermental del Ateneo Puertorrique\u00f1o e inici\u00f3 los programas de teatro de la estaci\u00f3n WKAQ del Teatro Espa\u00f1ol de Am\u00e9rica con Cipriano Rivas Cherif. Fund\u00f3, adem\u00e1s, la Sociedad de Amigos del Teatro Espa\u00f1ol e inaugur\u00f3 bajo don Emilio Belaval, el teatro Tapia en su segunda apertura. Adem\u00e1s de ser directora del Teatro Universitario, trabaj\u00f3 como actriz. Bajo el patrocinio del Instituto de Cultura Puertorrique\u00f1a ha ofrecido recitales dram\u00e1ticos en Madrid, Washington y Puerto Rico.<\/p><p>Al revisar el expediente de personal, podemos destacar lo siguiente: 1. \u201cDedicada al recitado y al teatro por vocaci\u00f3n y por af\u00e1n de servir a la tradici\u00f3n cultural hisp\u00e1nica que la ha formado. Aun no dedic\u00e1ndose por profesi\u00f3n al teatro, fue una actriz y una recitadora digna de ser conocida por todo el mundo de habla castellana\u201d &#8211; Jos\u00e9 Mar\u00eda Massip (de ABC de Madrid, 22 de mayo de 1958), 2. Ense\u00f1aba cursos de espa\u00f1ol en Humanidades, tambi\u00e9n el curso Educ. 303 (Teatro), en 1967. La otra mital del tiempo, la dedica a preparar obras de teatro para esta Facultad y Estudios Generales &#8211; Jorge Enjuto, 3. Ofrec\u00eda recitales en el Recinto de Mayag\u00fcez en las actividades del Festival Dar\u00edo en 1967, 4. Direcci\u00f3n dram\u00e1tica con alumnos de la Universidad de P.R. en el Teatro Tapia y en la WIPR-TV a cambio de entrada libre para el estudiantado, en 1966, 5. Encargada de la Galer\u00eda de Arte de la Universidad (seg\u00fan carta del 3 de octubre de 1955 del expediente de Georgina Lavandero).<\/p><p>Gloria Arjona fue actriz de radio, televisi\u00f3n y teatro, directora de escena, madre ejemplar e incansable luchadora por la patria; defensora de nuestra lengua. Esposa de Luis Mu\u00f1oz Lee, hijo de Luis Mu\u00f1oz Mar\u00edn. Consagr\u00f3 sus \u00faltimos a\u00f1os al rescate de documentos hist\u00f3ricos importantes de figuras como Luis Mu\u00f1oz Mar\u00edn, Muna Lee, Rafael Arjona Siaca, entre muchos otros. Estuvo laborando en la Universidad de Puerto Rico desde el 1953 al 1984, en el Departamento de Estudios Hisp\u00e1nicos de la Facultad de Humanidades.<\/p><p>\u00a0<\/p><h3 style=\"text-align: center\"><a href=\"https:\/\/www.uprrp.edu\/archivouniversitario\/wp-content\/uploads\/sites\/21\/2023\/01\/Casas-Buso-Myrna-1955.jpg\">Myrna Casas Bus\u00f3<\/a><\/h3><p style=\"text-align: center\"><strong> Arte teatral y drama<\/strong><\/p><p>Myrna Casas Bus\u00f3, nacio en el 1934 en Santurce, Puerto Rico. Obtuo su bachillerato en drama en Vassar College de New ork en el 1954, su maestr\u00eda la obtuvo en Boston University en 1961 y obtuvo un doctorado de la Universidad de New York en Filisof\u00eda y Letras con especializaci\u00f3n en Teatro Educacional en 1973. En 1961 fue alumna distinguida de Vassar College. Realiz\u00f3 investigaci\u00f3n sobre producci\u00f3n teatral en Puerto Rico durante la primera mitad del siglo XIX. Comenz\u00f3 a laboral en la Universidad de Puerto Rico desde el 1955 hasta el 1985 en la Facultad de Humanidades, Departamento de Drama. Fue directora del Departamento de Drama desde el 1975 al 1979, desempe\u00f1\u00e1ndose en la direcci\u00f3n interinamente desde 1974. Estaba a cargo tamb\u00e9n de la supervisi\u00f3n y dise\u00f1o del vestuario del Departamento de Drama (1964-65). Fue dibujante en animaci\u00f3n de cinema, dise\u00f1adora de carteles y actriz. Ayudante de Animaci\u00f3n-Divisi\u00f3n de Educaci\u00f3n de la Comunidad San Iven (1954-55), (Tomado del Formulario &#8220;Solicitud de Puesto&#8221; de la Universidad de Puerto Rico). &#8220;Como Directora del Cine Club del Ateneo, ha demostrado ser persona de buen gusto, tiene un alto sentido de responsabilidad, pone gran entusiasmo en su trabajo&#8221;, -Nilita Vient\u00f3s Gast\u00f3n,Abogado Departamento Justicia, Presidente Ateneo Puertorrique\u00f1o- tomado del formulario de informaci\u00f3n sobre solicitantes.<\/p><p>Sus publicaciones: La Trampa (Teatro) y El Impromtu de San Juan. Colabor\u00f3 con el Departamento de Instrucci\u00f3n ayudando en la elaboraci\u00f3n del curso electivo &#8220;Drama in English&#8221; (1965-66), (Carta del 10 de agosto de 1965 del Rector Jaime Ben\u00edtez al Secretario de Instrucci\u00f3n, \u00c1ngel Quintero Alfaro).<\/p><p>Rindi\u00f3 servicios en la estaci\u00f3n de televisi\u00f3n WIPR (Carta del 7 de febrero de 1958 del Rector Jaime Ben\u00edtez al se\u00f1or Leopoldo Santiago Lavandero, Director de Programaci\u00f3n de WIPR). Comenz\u00f3 como Instructor de Arte Teatral y ayudante en la Secci\u00f3n de Vestuario (1955). Ofreci\u00f3 conferencia intercolegial en el Colegio Universitario de Cayey, \u201cEl Origen y Desarrollo de la Tragedia\u201d (cartas del 5 de noviembre de de 1981 y 12 de noviembre de 1981 del cartapacio de Correspondencia). Recibi\u00f3 el Premio Anual otorgado por la compa\u00f1\u00eda Mobil Oil Caribe por su destacada labor en el Teatro. (Carta de felicitaci\u00f3n del 5 de septiembre de 1979 del Rector Antonio Mir\u00f3 Montilla a la doctora Myrna Casas del cartapacio de Correspondencia). Fue Jurado Seleccionador del primero, segundo y tercer premio de las distintas categor\u00edas en los cert\u00e1menes del Festival de Artes a nivel estatal los d\u00edas 24 al 28 de abril de 1972. (Auspiciado por el Programa de Bellas Artes del Departamento de Instrucci\u00f3n P\u00fablica). Fue conferenciante de Teatro Escolar en talleres ofrecidos a maestros (carta del 14 de diciembre de 1971). Trabaj\u00f3 con el Servicio de Radio y Televisi\u00f3n durante el periodo del 7 al 22 de agosto de 1967, su labor consist\u00eda en preparar y presentar por televisi\u00f3n la Secci\u00f3n de Artes y Ciencias. (carta del 20 de septiembre de 1967 del Rector Abraham D\u00edaz Gonz\u00e1lez al se\u00f1or Jack Delano, Administrador General de Servicio de Radio y Televisi\u00f3n del Departamento de Instrucci\u00f3n P\u00fablica) Fue productora y animadora de la Secci\u00f3n de &#8220;Las Artes y las Ciencias&#8221; como parte del programa Panorama Mundial que transmit\u00eda WIPR (carta del 27 de abril de 1964 del Rector Jaime Ben\u00edtez al se\u00f1or Jack D\u00e9lano, Administrador General, Radio y Televisi\u00f3n en WIPR, 1963-64), entre otros haberes.<\/p><p>\u00a0<\/p><h3 style=\"text-align: center\"><a href=\"https:\/\/www.uprrp.edu\/archivouniversitario\/wp-content\/uploads\/sites\/21\/2023\/01\/Espinosa-Torres-Victoria-1949.jpg\">Victoria Espinosa Torres<\/a><\/h3><p style=\"text-align: center\"><strong>Una de las m\u00e1s grandes figuras del quehacer teatral puertorrique\u00f1o Maestra de Maestros,<\/strong><\/p><p style=\"text-align: center\"><em><strong> Profesora Em\u00e9ritus <\/strong><\/em><\/p><p>Victoria Espinosa Torres, nace en Santurce, Puerto Rico en el 1922. Hizo del teatro su vida, y con sus actos toc\u00f3 miles de vidas y conciencias, de alguna manera, as\u00ed su esp\u00edritu, aliento y mirada permanecen en nuestro panorama cultural e hist\u00f3rico, un legado galvanizado con el peso de la val\u00eda. Estuvo a cargo del Teatro Infantil Universitario, que m\u00e1s tarde transform\u00f3 en la Comedieta Universitaria. En 1978 la maestra Espinosa dirigi\u00f3 el estreno mundial de la obra \u201cEl p\u00fablico\u201d, de Federico Garc\u00eda Lorca, en el Teatro de la Universidad de Puerto Rico. Estudiosa apasionada de este poeta y dramaturgo espa\u00f1ol, Espinosa escribi\u00f3 el libro \u201cLorca en m\u00ed y yo en Lorca\u201d, a\u00fan sin publicar. Por su labor como directora e investigadora-y en reconocimiento a su labor para difundir la obra lorquiana, en el 2000 recibi\u00f3 el premio Pozo de Plata, m\u00e1ximo galard\u00f3n del Museo Casa Natal de Federico Garc\u00eda Lorca, en Granada.<\/p><p>Obtuvo su bachillerato en Artes especializado en Humanidades de la Universidad de Puerto Rico en el 1949, su maestr\u00eda en Estudios Hisp\u00e1nicos, de la misma universidad en 1961 y su doctorado en Letras de la Universidad Nacional de M\u00e9xico en 1969. Fue Catedr\u00e1tica Asociada del Departamento de Estudios Hisp\u00e1nicos de la Facultad de Humanidades desde el 1949 al 1977 y desde el 1980 al 1997 como profesora jubilada. Fue directora y gestora cultural, adem\u00e1s de mentora de generaciones de teatreros.<\/p><p>Comenz\u00f3 en la Universidad como Instructora de Arte Teatral y ayudante de la Secci\u00f3n de Vestuario del Teatro Universitario el 6 de septiembre de 1949. En 1964, renuncia a la Universidad y se incorpora a la misma para septiembre de 1969. El Programa de Becas que auspiciaba la Universidad de Puerto Rico, bajo el Decanato de Estudiantes, la apoy\u00f3 para realizar estudios en el campo de Arte Dram\u00e1tico (Direcci\u00f3n y Literatura) obteniendo el t\u00edtulo de Ph.D. en M\u00e9xico, su trabajo fue \u201cEl teatro de Ren\u00e9 Marqu\u00e9s y la escenificaci\u00f3n de su obra \u201cLos Soles Truncos\u201d, que le mereci\u00f3 una menci\u00f3n honor\u00edfica el 7 de mayo de 1969, (Memorandum del Decanato de Estudiantes a la directora de la Oficina de Personal de la Administradora de Programa de Becas el 20 de agosto de 1969).<\/p><p>Su carrera por el mundo universitario est\u00e1 matizada por incontables aportaciones al arte esc\u00e9nico a trav\u00e9s de sus cursos de teatro y su paso por el Teatro Universitario. Sus innumerables conferencias y el sinn\u00famero de obras teatrales dirigidas han sido s\u00f3lo parte de su incansable labor acad\u00e9mica y art\u00edstica.<\/p><p>Victoria Espinosa hizo del teatro su vida y con sus actos toc\u00f3 miles de vidas y conciencias, de alguna manera, as\u00ed su esp\u00edritu, aliento y mirada permanecen en nuestro panorama cultural e hist\u00f3rico, un legado galvanizado con el peso de la val\u00eda. Estuvo a cargo del Teatro Infantil Universitario, que m\u00e1s tarde transform\u00f3 en la Comedieta Universitaria.<\/p><p>El decano de Humanidades, don Sebasti\u00e1n Gonz\u00e1lez, propone a Victoria Espinosa como Instructora de Arte Teatral en el verano de 1951 y en el curso regular de 1951-52, esto, por recomendaci\u00f3n del Dr. Ludwig Schajowicz, director del Teatro Universitario. En 1963, fue Catedr\u00e1tica Auxiliar y directora de \u201cComedieta Universitaria\u201d en el Teatro Universitario, Facultad de Humanidades.<\/p><p>Su huella, como todo buen artista, no se limit\u00f3 a la Universidad, sino tambi\u00e9n a Puerto Rico y mas all\u00e1 de sus l\u00edmites. En 1978, la maestra Espinosa dirigi\u00f3 el estreno mundial de la obra &#8220;El p\u00fablico&#8221; de Federico Garc\u00eda Lorca, en el Teatro de la UPR. Estudiosa apasionada de este poeta y dramaturgo espa\u00f1ol, Espinosa escribi\u00f3 el libro &#8220;Lorca en m\u00ed y yo en Lorca&#8221;, a\u00fan sin publicar. Por su labor como directora e investigadora y, en reconocimiento a su labor para difundir la obra lorquiana, en el 2000, recibi\u00f3 el premio Pozo de Plata, m\u00e1ximo galard\u00f3n del Museo Casa Natal de Federico Garc\u00eda Lorca en Granada. En 1970, recibi\u00f3 el Trofeo Diplo en el 13er Festival de Teatro Puertorrique\u00f1o del Instituto de Cultura Puertorrique\u00f1a con la obra Sacrificio en el Monte Moriah de Ren\u00e9 Marqu\u00e9s, por Mejor Direcci\u00f3n, el premio fue otorgado por la Revista Vea.<\/p><p>Ten\u00eda a cargo la direcci\u00f3n teatral de obras para los Festivales de Teatro Puertorrique\u00f1o, tales como: en 1958, Los Soles Truncos de Ren\u00e9 Marqu\u00e9s; en 1960, Areyto pesaroso de Victoria Espinosa; Cristal roto en el tiempo de Myrna Casas; Sol 13, Interior: La hiel nuestra de cada d\u00eda y Los \u00e1ngeles se han fatigado, en 1961. El cielo se rindi\u00f3 al amanecer de Edmundo Rivera \u00c1lvarez, en 1963. En 1970, Sacrificio en el Monte Moriah de Ren\u00e9 Marqu\u00e9s. Llora en el atardecer la Fuente de Luis Rechani Agrait, en 1971.<\/p><p>Ense\u00f1\u00f3 sobre Historia de la Literatura en el Instituto de Cultura Puertorrique\u00f1a. (carta del 4 de marzo de 1971 a Ricardo Alegr\u00eda, Director Ejecutivo del Instituto de Cultura, de Pedro Jos\u00e9 Rivera, Rector). Algunas de sus publicaciones son: El Teatro Rodante Vuelve a sus andanzas, (P\u00e1gina Literaria, Peri\u00f3dico El Mundo, 1949). En 1965, Concepci\u00f3n esc\u00e9nica de un montaje teatral: Teatro Breve y El retablillo de Don Cristobal, tambi\u00e9n para el Peri\u00f3dico El Mundo. Escribi\u00f3 libretos para WIPR Radio como: \u00c1ngel Luis; El alma y el sentimiento, en 1965.<\/p><p>En 1977 se retira, pero ya en el verano de 1980, ense\u00f1\u00f3 dos cursos como profesora jubilada. (carta del 23 de julio de 1980 al Decano de Administracion de el Director Oficina de Personal). En 1982, estuvo en el Simposio: Presencia de la Mujer en el Teatro Latinoamericano, auspiciada por la Universidad de Claremont de California y para la direcci\u00f3n y montaje de la obra Flores de Papel. (Certificaci\u00f3n N\u00fam. 118, A\u00f1o 1981-82, Junta Administrativa). En 1986, estuvo en el montaje de la obra Los Soles Truncos de Ren\u00e9 Marqu\u00e9s, en la Universidad de Louisville, Kentucky. En 1990, dict\u00f3 un curso sobre Apreciaci\u00f3n del Teatro (carta del 1 de marzo de 1990 a la directora de la Oficina de Personal, de Jos\u00e9 Luis Ramos Escobar, director del Departamento de Drama). Adem\u00e1s, en 1990, rindi\u00f3 trabajo de ocho horas semanales en la Oficina de Desarrollo Cultural en el Municipio de San Juan. Estas horas las cubr\u00eda fuera de horas laborables y los viernes de cada semana. (carta del 18 de julio de 1990 a la directora Oficina de Personal de Victoria Espinosa).<\/p><p>Dict\u00f3 cursos de Actuaci\u00f3n II y Direcci\u00f3n Esc\u00e9nica para maestros durante el primer semestre del a\u00f1o acad\u00e9mico de 1990-91. (carta del 19 de julio de 1990).<\/p><p>En 1997, se convierte en la Primera Teatrista en recibir el prestigioso premio \u201c1997 Lifetime Achievement Award\u201d en el XII Festival Internacional de Teatro Hispano del Teatro Avante. Como parte de su incansable aportaci\u00f3n al Teatro, la doctora Victoria Espinosa trabaj\u00f3 por contrato de servicios para la clasificaci\u00f3n de documentos teatrales en el Seminario Multidisciplinario Jos\u00e9 Emilio Gonz\u00e1lez. \u201cLa Labor de clasificaci\u00f3n de documentos que ha venido haciendo la profesora Espinosa es de incalculable m\u00e9rito y de gran aportaci\u00f3n a nuestro Departamento, a la Facultad de Humanidades y en \u00faltima instancia, a nuestra cultura.\u201d, \u201cEs un honor contar con la sabidur\u00eda, la dedicaci\u00f3n y el esmero acad\u00e9mico de esta distinguida profesora, alma del Departamento de Drama, y una de las Forjadoras del Teatro Puertorrique\u00f1o.\u201d Idalia P\u00e9rez Garay (carta del 29 de julio de 1998 al rector Jorge L. Sanchez de Idalia P\u00e9rez Garay).<\/p>\t\t\t\t\t\t\t\t<\/div>\n\t\t\t\t<\/div>\n\t\t\t\t\t<\/div>\n\t\t<\/div>\n\t\t\t\t\t<\/div>\n\t\t<\/section>\n\t\t\t\t<\/div>\n\t\t","protected":false},"excerpt":{"rendered":"<p>\/*! elementor &#8211; v3.10.0 &#8211; 09-01-2023 *\/ .elementor-widget-image-carousel .swiper-container{position:static}.elementor-widget-image-carousel .swiper-container .swiper-slide figure{line-height:inherit}.elementor-widget-image-carousel .swiper-slide{text-align:center}.elementor-image-carousel-wrapper:not(.swiper-container-initialized) .swiper-slide{max-width:calc(100% \/ var(&#8211;e-image-carousel-slides-to-show, 3))} Previous Next Gloria Arjona Mariani de Mu\u00f1oz Lee Acad\u00e9mica, Teatro, actriz, recitadora, defensora de la lengua de Puerto Rico Gloria Olga Act\u00e9 Arjona &hellip; <\/p>\n","protected":false},"author":43,"featured_media":0,"parent":16990,"menu_order":0,"comment_status":"closed","ping_status":"closed","template":"","meta":{"_monsterinsights_skip_tracking":false,"_monsterinsights_sitenote_active":false,"_monsterinsights_sitenote_note":"","_monsterinsights_sitenote_category":0,"_FSMCFIC_featured_image_caption":"","_FSMCFIC_featured_image_nocaption":"","_FSMCFIC_featured_image_hide":"","footnotes":""},"class_list":["post-18123","page","type-page","status-publish","hentry"],"_links":{"self":[{"href":"https:\/\/www.uprrp.edu\/archivouniversitario\/wp-json\/wp\/v2\/pages\/18123","targetHints":{"allow":["GET"]}}],"collection":[{"href":"https:\/\/www.uprrp.edu\/archivouniversitario\/wp-json\/wp\/v2\/pages"}],"about":[{"href":"https:\/\/www.uprrp.edu\/archivouniversitario\/wp-json\/wp\/v2\/types\/page"}],"author":[{"embeddable":true,"href":"https:\/\/www.uprrp.edu\/archivouniversitario\/wp-json\/wp\/v2\/users\/43"}],"replies":[{"embeddable":true,"href":"https:\/\/www.uprrp.edu\/archivouniversitario\/wp-json\/wp\/v2\/comments?post=18123"}],"version-history":[{"count":5,"href":"https:\/\/www.uprrp.edu\/archivouniversitario\/wp-json\/wp\/v2\/pages\/18123\/revisions"}],"predecessor-version":[{"id":18130,"href":"https:\/\/www.uprrp.edu\/archivouniversitario\/wp-json\/wp\/v2\/pages\/18123\/revisions\/18130"}],"up":[{"embeddable":true,"href":"https:\/\/www.uprrp.edu\/archivouniversitario\/wp-json\/wp\/v2\/pages\/16990"}],"wp:attachment":[{"href":"https:\/\/www.uprrp.edu\/archivouniversitario\/wp-json\/wp\/v2\/media?parent=18123"}],"curies":[{"name":"wp","href":"https:\/\/api.w.org\/{rel}","templated":true}]}}