{"id":18257,"date":"2023-01-26T15:47:50","date_gmt":"2023-01-26T15:47:50","guid":{"rendered":"https:\/\/www.uprrp.edu\/archivouniversitario\/?page_id=18257"},"modified":"2023-01-27T14:40:23","modified_gmt":"2023-01-27T14:40:23","slug":"grados-honorificos-otorgados-por-la-universidad-de-puerto-rico","status":"publish","type":"page","link":"https:\/\/www.uprrp.edu\/archivouniversitario\/archivo-historico\/colecciones\/distinciones-academicas\/grados-honorificos-otorgados-por-la-universidad-de-puerto-rico\/","title":{"rendered":"Grados Honor\u00edficos otorgados por la Universidad de Puerto Rico"},"content":{"rendered":"\t\t<div data-elementor-type=\"wp-page\" data-elementor-id=\"18257\" class=\"elementor elementor-18257\">\n\t\t\t\t\t\t<section class=\"elementor-section elementor-top-section elementor-element elementor-element-76d4d41 elementor-section-boxed elementor-section-height-default elementor-section-height-default\" data-id=\"76d4d41\" data-element_type=\"section\" data-e-type=\"section\">\n\t\t\t\t\t\t<div class=\"elementor-container elementor-column-gap-default\">\n\t\t\t\t\t<div class=\"elementor-column elementor-col-100 elementor-top-column elementor-element elementor-element-6208bb5\" data-id=\"6208bb5\" data-element_type=\"column\" data-e-type=\"column\">\n\t\t\t<div class=\"elementor-widget-wrap elementor-element-populated\">\n\t\t\t\t\t\t<div class=\"elementor-element elementor-element-f43af21 elementor-widget elementor-widget-heading\" data-id=\"f43af21\" data-element_type=\"widget\" data-e-type=\"widget\" data-widget_type=\"heading.default\">\n\t\t\t\t<div class=\"elementor-widget-container\">\n\t\t\t\t\t<h2 class=\"elementor-heading-title elementor-size-default\">1913 a 1916<\/h2>\t\t\t\t<\/div>\n\t\t\t\t<\/div>\n\t\t\t\t<div class=\"elementor-element elementor-element-c9239ac elementor-widget elementor-widget-text-editor\" data-id=\"c9239ac\" data-element_type=\"widget\" data-e-type=\"widget\" data-widget_type=\"text-editor.default\">\n\t\t\t\t<div class=\"elementor-widget-container\">\n\t\t\t\t\t\t\t\t\t<p><strong>1913<\/strong> &#8211; Doctor en Leyes<\/p><p><strong>Samuel D. Gromer<\/strong> &#8211; Tesorero de Puerto Rico<\/p><p><strong>1915<\/strong> &#8211; Doctor en Leyes<\/p><p><strong>Eduard M. Bainter<\/strong> &#8211; Comisionado de Instrucci\u00f3n y Canciller de la Universidad de Puerto Rico<\/p><p><strong>1916<\/strong> &#8211; Doctor en Letras<\/p><p><strong>Manuel Fern\u00e1ndez Juncos<\/strong> &#8211; Literato, periodista, educador, hombre de estado y fil\u00e1ntropo<\/p><p>\u00a0<\/p>\t\t\t\t\t\t\t\t<\/div>\n\t\t\t\t<\/div>\n\t\t\t\t<div class=\"elementor-element elementor-element-c0e00a3 elementor-widget elementor-widget-heading\" data-id=\"c0e00a3\" data-element_type=\"widget\" data-e-type=\"widget\" data-widget_type=\"heading.default\">\n\t\t\t\t<div class=\"elementor-widget-container\">\n\t\t\t\t\t<h2 class=\"elementor-heading-title elementor-size-default\">1920 al 1928<\/h2>\t\t\t\t<\/div>\n\t\t\t\t<\/div>\n\t\t\t\t<div class=\"elementor-element elementor-element-7b9faed elementor-widget elementor-widget-text-editor\" data-id=\"7b9faed\" data-element_type=\"widget\" data-e-type=\"widget\" data-widget_type=\"text-editor.default\">\n\t\t\t\t<div class=\"elementor-widget-container\">\n\t\t\t\t\t\t\t\t\t<p><strong>1922<\/strong> &#8211; Doctor en Leyes<\/p><p><strong>Emilio del Toro Cuebas<\/strong>, Juez Presidente del Tribunal Supremo de San Juan y miembro de la Junta de S\u00edndicos, 10 a\u00f1os, de los cuales 9 fue vicepresidente.<\/p><p><strong>1926<\/strong> &#8211; Doctor en Ciencias<\/p><p><strong>Alexander Petrunkevitch<\/strong>, Profesor de Zoolog\u00eda, Universidd de Yale<\/p><p><strong style=\"font-size: var(--thim-font-body-font-size)\">1926 <\/strong><span style=\"font-size: var(--thim-font-body-font-size)\">&#8211; Doctor en Ciencias<\/span><\/p><p><strong>Herbert Hice Whetzel<\/strong>, Profesor de Fitopatolog\u00eda, Universidad de Cornell<\/p><p><strong>1926<\/strong> &#8211; Doctor en Ciencias<\/p><p><strong>Frank D. Kern<\/strong>, Decano de la Escuela Graduada, Penn State College<\/p><p><strong>\u00a0<\/strong><\/p><p><strong style=\"font-size: var(--thim-font-body-font-size)\">\u00a0<\/strong><\/p><p><strong style=\"font-size: var(--thim-font-body-font-size)\">1926<\/strong><span style=\"font-size: var(--thim-font-body-font-size)\"> &#8211; Doctor en Letras<\/span><\/p><p><strong>Jos\u00e9 Vasconcelos<\/strong>, Exministro de Instruci\u00f3n P\u00fablica, Mexico, DF<\/p><p><strong style=\"font-size: var(--thim-font-body-font-size)\">1927<\/strong><span style=\"font-size: var(--thim-font-body-font-size)\"> &#8211; Doctor en Ciencias<\/span><\/p><p><strong>Juan<\/strong> <strong>Iturbe<\/strong>, Caracas, Venezuela, M\u00e9dico, Investigador<\/p><p><strong>1928<\/strong> &#8211; Doctor en Pedagog\u00eda<\/p><p><strong>Felipe Janer Soler<\/strong>, Profesor Emeritus, Estudios Hisp\u00e1nicos, UPR<\/p><p><strong>1928<\/strong> &#8211; Doctor en Leyes<\/p><p><strong>Jacinto de Castro<\/strong><\/p><p><strong>1928<\/strong> &#8211; Doctor en Derecho Humano<\/p><p><strong>Santiago<\/strong> <strong>Veve<\/strong> <strong>Calzada<\/strong>, m\u00e9dico, pol\u00edtico y fil\u00e1ntropo, Fajardo<\/p>\t\t\t\t\t\t\t\t<\/div>\n\t\t\t\t<\/div>\n\t\t\t\t<div class=\"elementor-element elementor-element-62ef33c elementor-widget elementor-widget-heading\" data-id=\"62ef33c\" data-element_type=\"widget\" data-e-type=\"widget\" data-widget_type=\"heading.default\">\n\t\t\t\t<div class=\"elementor-widget-container\">\n\t\t\t\t\t<h2 class=\"elementor-heading-title elementor-size-default\">1931-1939<\/h2>\t\t\t\t<\/div>\n\t\t\t\t<\/div>\n\t\t\t\t<div class=\"elementor-element elementor-element-8840680 elementor-widget elementor-widget-text-editor\" data-id=\"8840680\" data-element_type=\"widget\" data-e-type=\"widget\" data-settings=\"{&quot;_animation&quot;:&quot;none&quot;}\" data-widget_type=\"text-editor.default\">\n\t\t\t\t<div class=\"elementor-widget-container\">\n\t\t\t\t\t\t\t\t\t<p><strong>1931<\/strong> &#8211; Doctor en Leyes<\/p><p><strong>Herbert Hoover<\/strong>, Presidente EU<\/p><p><strong>1931<\/strong> &#8211; Doctor en Leyes<\/p><p><strong>Ray Lyman Wilbur<\/strong>, Secretario del Gabinete del Presidente Hoover<\/p><p><strong>1931<\/strong> &#8211; Doctor en Leyes<\/p><p><strong>Patrick Jay Jurley<\/strong>, Secretario del Gabinete del Presidente Hoover<\/p><p><strong>1932<\/strong> &#8211; Doctora en Letras<\/p><p><strong>Ana Roqu\u00e9 de Duprey<\/strong>, escritora, feminista, veterana\u00a0<span style=\"font-size: var(--thim-font-body-font-size)\">del magisterio, periodista y ensayista<\/span><\/p><p><strong>1932<\/strong> &#8211; Doctor en Ciencias<\/p><p><strong>Liberty Eyde Bailey<\/strong>, Decano Colegio Agricultura de Cornell, Michigan<\/p><p><strong>1932<\/strong> &#8211; Doctor en Ciencias<\/p><p><strong>Emilio S. Jim\u00e9nez<\/strong>, hombre de ciencia, Director del Ferrocarril<\/p><p><strong>\u00a0<\/strong><\/p><p><strong>\u00a0<\/strong><\/p><p><strong>1932<\/strong> &#8211; Doctor en Ciencias\u00a0<\/p><p><strong>Ram\u00f3n Gand\u00eda C\u00f3rdova<\/strong>, ingeniero e investigador\u00a0<span style=\"font-size: var(--thim-font-body-font-size)\">sobre herpetolog\u00eda, subcomisionado Agricultura, Arecibo<\/span><\/p><p><strong>1932<\/strong> &#8211; Doctor en Leyes<\/p><p><strong>Pedro Henr\u00edquez Ure\u00f1a<\/strong>, cr\u00edtico, educador e hispan\u00edsta, Santo Domingo<\/p><p><strong>1932<\/strong> &#8211; Doctor en Leyes<\/p><p><strong>Jorge Bird Arias<\/strong>, miembro de la Junta de S\u00edndicos, hacendista<\/p><p><strong>1933<\/strong> &#8211; Doctor en Ciencias<\/p><p><strong>Bailey K. Ashford<\/strong>, profesor Escuela de Medicina Tropical, cient\u00edfico<\/p><p><strong>1933<\/strong> &#8211; Doctor en Letras<\/p><p><strong>Jos\u00e9 Pad\u00edn<\/strong>, Comisionado de Instrucci\u00f3n y Presidente de la Junta de S\u00edndicos<\/p><p><strong>1934<\/strong> &#8211; Doctor en Letras<\/p><p><strong>J. A. L. Waddell<\/strong>, ingeniero de fama mundial, ayud\u00f3 al reconocimiento del Colegio<\/p><p><strong>\u00a0<\/strong><\/p><p><strong>1935<\/strong> &#8211; Doctor en Leyes<\/p><p><strong>Marcellus Donald Alexander Ritter von Redlich<\/strong>, jurisconsulto, abogado internacionalista, Nasville, Tennessee<\/p><p><strong>1936<\/strong> &#8211; Doctor en Ciencias<\/p><p><strong>Raymond Adams Dutcher<\/strong>, Jefe, Facultad de Qu\u00edmica Agr\u00edcola y Biolog\u00eda, Colegio del Estado de Pensilvania<\/p><p><strong>1937<\/strong> &#8211; Doctor en Leyes<\/p><p><strong>Nicholas Murray Butler<\/strong>, Presidente Universidad de Colombia<\/p><p><strong>1939<\/strong> &#8211; Doctor en Leyes<\/p><p><strong>Franklin D. Roosevelt<\/strong>, Presidente de los Estados Unidos<\/p><p><strong>1939<\/strong> &#8211; Doctor en Leyes<\/p><p><strong>Cordell Hull<\/strong>, Secretario de Estado<\/p><p><strong>1939<\/strong> &#8211; Doctor en Leyes<\/p><p><strong>Blanton Winship<\/strong>, Gobernador de Puerto Rico<\/p><p><strong>1939<\/strong> &#8211; Doctor en Ciencias<\/p><p><strong>Hugh H. Young<\/strong>, Baltimore, MA<\/p><p>\u00a0<\/p>\t\t\t\t\t\t\t\t<\/div>\n\t\t\t\t<\/div>\n\t\t\t\t<div class=\"elementor-element elementor-element-d0a6d10 elementor-widget elementor-widget-heading\" data-id=\"d0a6d10\" data-element_type=\"widget\" data-e-type=\"widget\" data-widget_type=\"heading.default\">\n\t\t\t\t<div class=\"elementor-widget-container\">\n\t\t\t\t\t<h2 class=\"elementor-heading-title elementor-size-default\">1940-1949<\/h2>\t\t\t\t<\/div>\n\t\t\t\t<\/div>\n\t\t\t\t<div class=\"elementor-element elementor-element-3fdde83 elementor-widget elementor-widget-text-editor\" data-id=\"3fdde83\" data-element_type=\"widget\" data-e-type=\"widget\" data-widget_type=\"text-editor.default\">\n\t\t\t\t<div class=\"elementor-widget-container\">\n\t\t\t\t\t\t\t\t\t<p><strong>1940<\/strong> &#8211; Doctor en Pedagog\u00eda<\/p><p><strong>Alfredo M. Aguayo<\/strong>, Habana, Cuba<\/p><p><strong>1940<\/strong> &#8211; Doctor en Pedagog\u00eda<\/p><p><strong>Paul G. Miller<\/strong>, Excomisionado de Instrucci\u00f3n y Excanciller de la UPR<\/p><p><strong>1940<\/strong> &#8211; Doctor en Ciencias<\/p><p><strong>Francisco L\u00f3pez Dom\u00ednguez<\/strong>, Miembro de la Junta de S\u00edndicos<\/p><p><strong>1940<\/strong> &#8211; Doctor en Ciencias<\/p><p><strong>Melville Thurston Cook<\/strong>, fitopat\u00f3logo, Estaci\u00f3n Esperimental Agr\u00edcola<\/p><p><strong>1940<\/strong> &#8211; Doctor en Derecho<\/p><p><strong>Rafael Mart\u00ednez Nadal<\/strong>, orador y pol\u00edtico<\/p><p><strong>1940<\/strong> &#8211; Doctor en Derecho<\/p><p><strong>John W. Harris<\/strong>, Expresidente y fundador del Instituto Polit\u00e9cnico de Puerto Rico<\/p><p><strong>1940<\/strong> &#8211; Doctor en Derecho<\/p><p><strong>Arturo Uslar Pietri<\/strong>, Caracas, Venezuela<\/p><p><strong>1941<\/strong> &#8211; Doctor en Leyes<\/p><p><strong>William D. Leahy<\/strong>, Exgobernador de Puerto Rico, Embajador<\/p><p><strong>1941<\/strong> &#8211; Doctora en Pedagog\u00eda<\/p><p><strong>Susan D. Huntington de Vernon<\/strong>, Maestra Escuela Normal UPR<\/p><p><strong>1943<\/strong> &#8211; Doctor en Leyes<\/p><p><strong>James L. Collins<\/strong>, Mayor General, Fuerzas Armandas en Puerto Rico<\/p><p><strong>1943<\/strong> &#8211; Doctor en Leyes<\/p><p><strong>Luis Mu\u00f1oz Morales<\/strong>, abogado y escritor<\/p><p><strong>1949<\/strong> &#8211; Doctor en Bellas Artes\u00a0<\/p><p><strong>Jos\u00e9 V. Ferrer<\/strong>, actor puertorrique\u00f1o, New York City<\/p><p><strong>1949<\/strong> &#8211; Doctor Humanidades<\/p><p><strong>R\u00f3mulo Gallegos<\/strong>, novelista y pol\u00edtico venezonalo<\/p><p>\u00a0<\/p><p>\u00a0<\/p>\t\t\t\t\t\t\t\t<\/div>\n\t\t\t\t<\/div>\n\t\t\t\t<div class=\"elementor-element elementor-element-194eaed elementor-widget elementor-widget-heading\" data-id=\"194eaed\" data-element_type=\"widget\" data-e-type=\"widget\" data-widget_type=\"heading.default\">\n\t\t\t\t<div class=\"elementor-widget-container\">\n\t\t\t\t\t<h2 class=\"elementor-heading-title elementor-size-default\">1950-1961<\/h2>\t\t\t\t<\/div>\n\t\t\t\t<\/div>\n\t\t\t\t<div class=\"elementor-element elementor-element-f00ac10 elementor-widget elementor-widget-text-editor\" data-id=\"f00ac10\" data-element_type=\"widget\" data-e-type=\"widget\" data-widget_type=\"text-editor.default\">\n\t\t\t\t<div class=\"elementor-widget-container\">\n\t\t\t\t\t\t\t\t\t<p><strong>1950<\/strong> &#8211; Doctor en Bellas Artes<\/p><p><strong>Juano Hern\u00e1ndez<\/strong>, actor puertorrique\u00f1o<\/p><p><strong>1950<\/strong> &#8211; Doctor en Bellas Artes<\/p><p><strong>Jes\u00fas Mar\u00eda Sanrom\u00e1<\/strong>, pianista<\/p><p><strong>1953<\/strong> &#8211; Doctor en Leyes<\/p><p><strong>Carlos E. Chard\u00f3n<\/strong>, Exrector de la Universidad de Puerto Rico<\/p><p><strong>1953<\/strong> &#8211; Doctor en Leyes<\/p><p><strong>Grayson Kirk<\/strong>, Presidente de la Universidad de Columbia<\/p><p><strong>1953<\/strong> &#8211; Doctor en Leyes<\/p><p><strong>Archivald Mac Leich<\/strong>, poeta y exbibliotecario de la Biblioteca del Congreso<\/p><p><strong>1953<\/strong> &#8211; Doctor en Leyes<\/p><p><strong>Samuel McCune Lindsay<\/strong>, Excomisionado de Instrucci\u00f3n de Puerto Rico y profesor emeritus de la Universidad de Columbia<\/p><p><strong>1953<\/strong> &#8211; Doctor en Leyes<\/p><p><strong>Thomas E. Benner<\/strong>, Exrector de la Universidad de Puerto Rico<\/p><p><strong>1953<\/strong> &#8211; Doctor en Leyes<\/p><p><strong>Juan B. Soto<\/strong>, Exrector de la Universidad de Puerto Rico<\/p><p><strong>1953<\/strong> &#8211; Doctor en Leyes<\/p><p><strong>Rexford Guy Tugwell<\/strong>, Exrector de la Universidad de Puerto Rico\u00a0<\/p><p><strong>1954<\/strong> &#8211; Doctor en Leyes<\/p><p><strong>Ralph J. Bunche<\/strong>, Director del Departamento de Fideicomisos de las Naciones Unidas<\/p><p><strong>1954<\/strong> &#8211; Doctor en Leyes<\/p><p><strong>Harold W. Brown<\/strong>, Director de la Escuela de Salud P\u00fablica de la Universidad de Columbia<\/p><p><strong>1954<\/strong> &#8211; Doctor en Leyes<\/p><p><strong>Cyrus C. Sturgis<\/strong>, Presidente del Colegio Americano de M\u00e9dicos<\/p><p><strong>1958<\/strong> &#8211; Doctor en Letras<\/p><p><strong>Augusto Malaret Yord\u00e1n<\/strong>, Distinguido abogado y ensayista, ling\u00fcista<\/p><p><strong>1958<\/strong> &#8211; Doctor en Letras<\/p><p><strong>Miguel Mel\u00e9ndez Mu\u00f1oz<\/strong>, escritor<\/p><p><strong>1958<\/strong> &#8211; Doctor en Derecho<\/p><p><strong>Roberto H. Todd<\/strong>, escritor, delegado a la C\u00e1mara y alcalde de San Juan<\/p><p><strong>1958<\/strong> &#8211; Doctor en Ciencias<\/p><p><strong>Ram\u00f3n M. Su\u00e1rez<\/strong>, m\u00e9dico<\/p><p><strong>1961<\/strong> &#8211; Doctor en Leyes<\/p><p><strong>Rafael de Jes\u00fas Cordero<\/strong>, Auditor de Puerto Rico<\/p>\t\t\t\t\t\t\t\t<\/div>\n\t\t\t\t<\/div>\n\t\t\t\t\t<\/div>\n\t\t<\/div>\n\t\t\t\t\t<\/div>\n\t\t<\/section>\n\t\t\t\t<\/div>\n\t\t","protected":false},"excerpt":{"rendered":"<p>\/*! elementor &#8211; v3.10.1 &#8211; 17-01-2023 *\/ .elementor-heading-title{padding:0;margin:0;line-height:1}.elementor-widget-heading .elementor-heading-title[class*=elementor-size-]&gt;a{color:inherit;font-size:inherit;line-height:inherit}.elementor-widget-heading .elementor-heading-title.elementor-size-small{font-size:15px}.elementor-widget-heading .elementor-heading-title.elementor-size-medium{font-size:19px}.elementor-widget-heading .elementor-heading-title.elementor-size-large{font-size:29px}.elementor-widget-heading .elementor-heading-title.elementor-size-xl{font-size:39px}.elementor-widget-heading .elementor-heading-title.elementor-size-xxl{font-size:59px} 1913 a 1916 1913 &#8211; Doctor en Leyes Samuel D. Gromer &#8211; Tesorero de Puerto Rico 1915 &#8211; Doctor en Leyes Eduard M. Bainter &#8211; Comisionado &hellip; <\/p>\n","protected":false},"author":43,"featured_media":0,"parent":18041,"menu_order":0,"comment_status":"closed","ping_status":"closed","template":"","meta":{"_monsterinsights_skip_tracking":false,"_monsterinsights_sitenote_active":false,"_monsterinsights_sitenote_note":"","_monsterinsights_sitenote_category":0,"_FSMCFIC_featured_image_caption":"","_FSMCFIC_featured_image_nocaption":"","_FSMCFIC_featured_image_hide":"","footnotes":""},"class_list":["post-18257","page","type-page","status-publish","hentry"],"_links":{"self":[{"href":"https:\/\/www.uprrp.edu\/archivouniversitario\/wp-json\/wp\/v2\/pages\/18257","targetHints":{"allow":["GET"]}}],"collection":[{"href":"https:\/\/www.uprrp.edu\/archivouniversitario\/wp-json\/wp\/v2\/pages"}],"about":[{"href":"https:\/\/www.uprrp.edu\/archivouniversitario\/wp-json\/wp\/v2\/types\/page"}],"author":[{"embeddable":true,"href":"https:\/\/www.uprrp.edu\/archivouniversitario\/wp-json\/wp\/v2\/users\/43"}],"replies":[{"embeddable":true,"href":"https:\/\/www.uprrp.edu\/archivouniversitario\/wp-json\/wp\/v2\/comments?post=18257"}],"version-history":[{"count":37,"href":"https:\/\/www.uprrp.edu\/archivouniversitario\/wp-json\/wp\/v2\/pages\/18257\/revisions"}],"predecessor-version":[{"id":18299,"href":"https:\/\/www.uprrp.edu\/archivouniversitario\/wp-json\/wp\/v2\/pages\/18257\/revisions\/18299"}],"up":[{"embeddable":true,"href":"https:\/\/www.uprrp.edu\/archivouniversitario\/wp-json\/wp\/v2\/pages\/18041"}],"wp:attachment":[{"href":"https:\/\/www.uprrp.edu\/archivouniversitario\/wp-json\/wp\/v2\/media?parent=18257"}],"curies":[{"name":"wp","href":"https:\/\/api.w.org\/{rel}","templated":true}]}}