{"id":18439,"date":"2023-06-08T17:37:28","date_gmt":"2023-06-08T17:37:28","guid":{"rendered":"https:\/\/www.uprrp.edu\/archivouniversitario\/?page_id=18439"},"modified":"2023-06-08T17:46:10","modified_gmt":"2023-06-08T17:46:10","slug":"periodicos","status":"publish","type":"page","link":"https:\/\/www.uprrp.edu\/archivouniversitario\/periodicos\/","title":{"rendered":"Peri\u00f3dicos"},"content":{"rendered":"\t\t<div data-elementor-type=\"wp-page\" data-elementor-id=\"18439\" class=\"elementor elementor-18439\">\n\t\t\t\t<div class=\"elementor-element elementor-element-26f7f3d e-flex e-con-boxed e-con e-parent\" data-id=\"26f7f3d\" data-element_type=\"container\" data-e-type=\"container\">\n\t\t\t\t\t<div class=\"e-con-inner\">\n\t\t\t\t<div class=\"elementor-element elementor-element-952ee49 iconbox-text-left elementor-widget elementor-widget-thim-icon-box\" data-id=\"952ee49\" data-element_type=\"widget\" data-e-type=\"widget\" data-widget_type=\"thim-icon-box.default\">\n\t\t\t\t<div class=\"elementor-widget-container\">\n\t\t\t\t\t<div class=\"thim-widget-icon-box\"><div class=\"wrapper-box-icon text-left \"><div class=\"smicon-box iconbox-top\"><div class=\"boxes-icon\"><span class=\"inner-icon\"><span class=\"icon\"><i aria-hidden=\"true\" class=\"tk tk-newspaper1\"><\/i><\/span><\/span><\/div><div class=\"content-inner\"><div class=\"sc-heading\"><h3 class=\"heading__primary\">Peri\u00f3dico Universidad<\/h3><\/div><\/div><\/div><\/div><\/div>\t\t\t\t<\/div>\n\t\t\t\t<\/div>\n\t\t\t\t\t<\/div>\n\t\t\t\t<\/div>\n\t\t<div class=\"elementor-element elementor-element-121d3ef e-flex e-con-boxed e-con e-parent\" data-id=\"121d3ef\" data-element_type=\"container\" data-e-type=\"container\">\n\t\t\t\t\t<div class=\"e-con-inner\">\n\t\t\t\t<div class=\"elementor-element elementor-element-ab98cf5 elementor-widget elementor-widget-text-editor\" data-id=\"ab98cf5\" data-element_type=\"widget\" data-e-type=\"widget\" data-widget_type=\"text-editor.default\">\n\t\t\t\t<div class=\"elementor-widget-container\">\n\t\t\t\t\t\t\t\t\t<p><a href=\"https:\/\/www.uprrp.edu\/archivouniversitario\/wp-content\/uploads\/sites\/21\/2023\/06\/Periodico-Universidad-1950-agosto-21.pdf\">Peri\u00f3dico Universidad 1950 agosto 21<\/a><\/p><p><a href=\"https:\/\/www.uprrp.edu\/archivouniversitario\/wp-content\/uploads\/sites\/21\/2023\/06\/Periodico-Universidad-1951-marzo-30.pdf\">Peri\u00f3dico Universidad 1951 marzo 30<\/a><\/p><p><a href=\"https:\/\/www.uprrp.edu\/archivouniversitario\/wp-content\/uploads\/sites\/21\/2023\/06\/Periodico-Universidad-1952-abril-14.pdf\">Peri\u00f3dico Universidad 1952 abril 14<\/a><\/p><p><a href=\"https:\/\/www.uprrp.edu\/archivouniversitario\/wp-content\/uploads\/sites\/21\/2023\/06\/Periodico-Universidad-1952-mayo-15.pdf\">Peri\u00f3dico Universidad 1952 mayo 15<\/a><\/p><p><a href=\"https:\/\/www.uprrp.edu\/archivouniversitario\/wp-content\/uploads\/sites\/21\/2023\/06\/Periodico-Universidad-1952-septiembre-30.pdf\">Peri\u00f3dico Universidad 1952 septiembre 30<\/a><\/p><p><a href=\"https:\/\/www.uprrp.edu\/archivouniversitario\/wp-content\/uploads\/sites\/21\/2023\/06\/Periodico-Universidad-1952-noviembre-30.pdf\">Peri\u00f3dico Universidad 1952 noviembre 30<\/a><\/p><p><a href=\"https:\/\/www.uprrp.edu\/archivouniversitario\/wp-content\/uploads\/sites\/21\/2023\/06\/Periodico-Universidad-1952-diciembre-20.pdf\">Peri\u00f3dico Universidad 1952 diciembre 20<\/a><\/p><p><a href=\"https:\/\/www.uprrp.edu\/archivouniversitario\/wp-content\/uploads\/sites\/21\/2023\/06\/Periodico-Universidad-1953-enero-15.pdf\">Peri\u00f3dico Universidad 1953 enero 15<\/a><\/p><p><a href=\"https:\/\/www.uprrp.edu\/archivouniversitario\/wp-content\/uploads\/sites\/21\/2023\/06\/Periodico-Universidad-1953-marzo-12.pdf\">Peri\u00f3dico Universidad 1953 marzo 12<\/a> Cincuentenario<\/p><p><a href=\"https:\/\/www.uprrp.edu\/archivouniversitario\/wp-content\/uploads\/sites\/21\/2023\/06\/Periodico-Universidad-1953-abril-10.pdf\">Periodico Universidad 1953 abril 10<\/a><\/p>\t\t\t\t\t\t\t\t<\/div>\n\t\t\t\t<\/div>\n\t\t\t\t\t<\/div>\n\t\t\t\t<\/div>\n\t\t\t\t<\/div>\n\t\t","protected":false},"excerpt":{"rendered":"<p>Peri\u00f3dico Universidad Peri\u00f3dico Universidad 1950 agosto 21 Peri\u00f3dico Universidad 1951 marzo 30 Peri\u00f3dico Universidad 1952 abril 14 Peri\u00f3dico Universidad 1952 mayo 15 Peri\u00f3dico Universidad 1952 septiembre 30 Peri\u00f3dico Universidad 1952 noviembre 30 Peri\u00f3dico Universidad 1952 diciembre 20 Peri\u00f3dico Universidad 1953 &hellip; <\/p>\n","protected":false},"author":43,"featured_media":0,"parent":0,"menu_order":0,"comment_status":"closed","ping_status":"closed","template":"","meta":{"_monsterinsights_skip_tracking":false,"_monsterinsights_sitenote_active":false,"_monsterinsights_sitenote_note":"","_monsterinsights_sitenote_category":0,"_FSMCFIC_featured_image_caption":"","_FSMCFIC_featured_image_nocaption":"","_FSMCFIC_featured_image_hide":"","footnotes":""},"class_list":["post-18439","page","type-page","status-publish","hentry"],"_links":{"self":[{"href":"https:\/\/www.uprrp.edu\/archivouniversitario\/wp-json\/wp\/v2\/pages\/18439","targetHints":{"allow":["GET"]}}],"collection":[{"href":"https:\/\/www.uprrp.edu\/archivouniversitario\/wp-json\/wp\/v2\/pages"}],"about":[{"href":"https:\/\/www.uprrp.edu\/archivouniversitario\/wp-json\/wp\/v2\/types\/page"}],"author":[{"embeddable":true,"href":"https:\/\/www.uprrp.edu\/archivouniversitario\/wp-json\/wp\/v2\/users\/43"}],"replies":[{"embeddable":true,"href":"https:\/\/www.uprrp.edu\/archivouniversitario\/wp-json\/wp\/v2\/comments?post=18439"}],"version-history":[{"count":3,"href":"https:\/\/www.uprrp.edu\/archivouniversitario\/wp-json\/wp\/v2\/pages\/18439\/revisions"}],"predecessor-version":[{"id":18454,"href":"https:\/\/www.uprrp.edu\/archivouniversitario\/wp-json\/wp\/v2\/pages\/18439\/revisions\/18454"}],"wp:attachment":[{"href":"https:\/\/www.uprrp.edu\/archivouniversitario\/wp-json\/wp\/v2\/media?parent=18439"}],"curies":[{"name":"wp","href":"https:\/\/api.w.org\/{rel}","templated":true}]}}