{"id":18576,"date":"2024-06-12T14:41:53","date_gmt":"2024-06-12T14:41:53","guid":{"rendered":"https:\/\/www.uprrp.edu\/archivouniversitario\/?page_id=18576"},"modified":"2025-03-28T14:57:07","modified_gmt":"2025-03-28T14:57:07","slug":"sabias-que-grado-postumo-de-doctor-en-letras-humanas-a-julia-de-burgos","status":"publish","type":"page","link":"https:\/\/www.uprrp.edu\/archivouniversitario\/inicio\/sabias-que\/sabias-que-grado-postumo-de-doctor-en-letras-humanas-a-julia-de-burgos\/","title":{"rendered":"Sabias que &#8230; Grado P\u00f3stumo de Doctor en Letras Humanas a Julia de Burgos"},"content":{"rendered":"\t\t<div data-elementor-type=\"wp-page\" data-elementor-id=\"18576\" class=\"elementor elementor-18576\">\n\t\t\t\t<div class=\"elementor-element elementor-element-1444320a e-flex e-con-boxed e-con e-parent\" data-id=\"1444320a\" data-element_type=\"container\" data-e-type=\"container\">\n\t\t\t\t\t<div class=\"e-con-inner\">\n\t\t\t\t<div class=\"elementor-element elementor-element-4901e3bc elementor-widget elementor-widget-text-editor\" data-id=\"4901e3bc\" data-element_type=\"widget\" data-e-type=\"widget\" data-widget_type=\"text-editor.default\">\n\t\t\t\t<div class=\"elementor-widget-container\">\n\t\t\t\t\t\t\t\t\tSabias que el Consejo de Educaci\u00f3n Superior en la Certificaci\u00f3n N\u00fam. 126, 1986-87, le confiri\u00f3 el Grado P\u00f3stumo de Doctor en Letras Humanas Honoris Causa a la poetisa Julia de Burgos.\t\t\t\t\t\t\t\t<\/div>\n\t\t\t\t<\/div>\n\t\t\t\t\t<\/div>\n\t\t\t\t<\/div>\n\t\t<div class=\"elementor-element elementor-element-f1e7a2d e-flex e-con-boxed e-con e-parent\" data-id=\"f1e7a2d\" data-element_type=\"container\" data-e-type=\"container\">\n\t\t\t\t\t<div class=\"e-con-inner\">\n\t\t\t\t<div class=\"elementor-element elementor-element-5026f25 elementor-widget elementor-widget-image\" data-id=\"5026f25\" data-element_type=\"widget\" data-e-type=\"widget\" data-widget_type=\"image.default\">\n\t\t\t\t<div class=\"elementor-widget-container\">\n\t\t\t\t\t\t\t\t\t\t\t\t\t\t\t<img fetchpriority=\"high\" decoding=\"async\" width=\"640\" height=\"817\" src=\"https:\/\/www.uprrp.edu\/archivouniversitario\/wp-content\/uploads\/sites\/21\/2024\/06\/PR-UPRRP-AU-512-Distincion-Honoris-Causa-1986-87-126-Julia-de-Burgos-768x980.jpg\" class=\"attachment-medium_large size-medium_large wp-image-18577\" alt=\"Honoris Causa Julia de Burgos\" srcset=\"https:\/\/www.uprrp.edu\/archivouniversitario\/wp-content\/uploads\/sites\/21\/2024\/06\/PR-UPRRP-AU-512-Distincion-Honoris-Causa-1986-87-126-Julia-de-Burgos-768x980.jpg 768w, https:\/\/www.uprrp.edu\/archivouniversitario\/wp-content\/uploads\/sites\/21\/2024\/06\/PR-UPRRP-AU-512-Distincion-Honoris-Causa-1986-87-126-Julia-de-Burgos-235x300.jpg 235w, https:\/\/www.uprrp.edu\/archivouniversitario\/wp-content\/uploads\/sites\/21\/2024\/06\/PR-UPRRP-AU-512-Distincion-Honoris-Causa-1986-87-126-Julia-de-Burgos-802x1024.jpg 802w, https:\/\/www.uprrp.edu\/archivouniversitario\/wp-content\/uploads\/sites\/21\/2024\/06\/PR-UPRRP-AU-512-Distincion-Honoris-Causa-1986-87-126-Julia-de-Burgos-1203x1536.jpg 1203w, https:\/\/www.uprrp.edu\/archivouniversitario\/wp-content\/uploads\/sites\/21\/2024\/06\/PR-UPRRP-AU-512-Distincion-Honoris-Causa-1986-87-126-Julia-de-Burgos-1605x2048.jpg 1605w, https:\/\/www.uprrp.edu\/archivouniversitario\/wp-content\/uploads\/sites\/21\/2024\/06\/PR-UPRRP-AU-512-Distincion-Honoris-Causa-1986-87-126-Julia-de-Burgos-scaled.jpg 2006w\" sizes=\"(max-width: 640px) 100vw, 640px\" \/>\t\t\t\t\t\t\t\t\t\t\t\t\t\t\t<\/div>\n\t\t\t\t<\/div>\n\t\t\t\t\t<\/div>\n\t\t\t\t<\/div>\n\t\t\t\t<\/div>\n\t\t","protected":false},"excerpt":{"rendered":"<p>Sabias que el Consejo de Educaci\u00f3n Superior en la Certificaci\u00f3n N\u00fam. 126, 1986-87, le confiri\u00f3 el Grado P\u00f3stumo de Doctor en Letras Humanas Honoris Causa a la poetisa Julia de Burgos. \/*! elementor &#8211; v3.21.0 &#8211; 26-05-2024 *\/ .elementor-widget-image{text-align:center}.elementor-widget-image a{display:inline-block}.elementor-widget-image &hellip; <\/p>\n","protected":false},"author":43,"featured_media":0,"parent":17699,"menu_order":0,"comment_status":"closed","ping_status":"closed","template":"","meta":{"_monsterinsights_skip_tracking":false,"_monsterinsights_sitenote_active":false,"_monsterinsights_sitenote_note":"","_monsterinsights_sitenote_category":0,"_FSMCFIC_featured_image_caption":"","_FSMCFIC_featured_image_nocaption":"","_FSMCFIC_featured_image_hide":"","footnotes":""},"class_list":["post-18576","page","type-page","status-publish","hentry"],"_links":{"self":[{"href":"https:\/\/www.uprrp.edu\/archivouniversitario\/wp-json\/wp\/v2\/pages\/18576","targetHints":{"allow":["GET"]}}],"collection":[{"href":"https:\/\/www.uprrp.edu\/archivouniversitario\/wp-json\/wp\/v2\/pages"}],"about":[{"href":"https:\/\/www.uprrp.edu\/archivouniversitario\/wp-json\/wp\/v2\/types\/page"}],"author":[{"embeddable":true,"href":"https:\/\/www.uprrp.edu\/archivouniversitario\/wp-json\/wp\/v2\/users\/43"}],"replies":[{"embeddable":true,"href":"https:\/\/www.uprrp.edu\/archivouniversitario\/wp-json\/wp\/v2\/comments?post=18576"}],"version-history":[{"count":7,"href":"https:\/\/www.uprrp.edu\/archivouniversitario\/wp-json\/wp\/v2\/pages\/18576\/revisions"}],"predecessor-version":[{"id":18585,"href":"https:\/\/www.uprrp.edu\/archivouniversitario\/wp-json\/wp\/v2\/pages\/18576\/revisions\/18585"}],"up":[{"embeddable":true,"href":"https:\/\/www.uprrp.edu\/archivouniversitario\/wp-json\/wp\/v2\/pages\/17699"}],"wp:attachment":[{"href":"https:\/\/www.uprrp.edu\/archivouniversitario\/wp-json\/wp\/v2\/media?parent=18576"}],"curies":[{"name":"wp","href":"https:\/\/api.w.org\/{rel}","templated":true}]}}