{"id":18855,"date":"2024-10-17T12:24:27","date_gmt":"2024-10-17T12:24:27","guid":{"rendered":"https:\/\/www.uprrp.edu\/archivouniversitario\/?page_id=18855"},"modified":"2024-10-17T14:46:19","modified_gmt":"2024-10-17T14:46:19","slug":"leyes-y-reglamentos-de-la-universidad-de-puerto-rico","status":"publish","type":"page","link":"https:\/\/www.uprrp.edu\/archivouniversitario\/inicio\/leyes-y-reglamentos-de-la-universidad-de-puerto-rico\/","title":{"rendered":"Leyes, Reglamentos, Pol\u00edticas, Certificaciones y Manuales de la Universidad de Puerto Rico"},"content":{"rendered":"\t\t<div data-elementor-type=\"wp-page\" data-elementor-id=\"18855\" class=\"elementor elementor-18855\">\n\t\t\t\t<div class=\"elementor-element elementor-element-fa1a86a e-grid e-con-boxed e-con e-parent\" data-id=\"fa1a86a\" data-element_type=\"container\" data-e-type=\"container\">\n\t\t\t\t\t<div class=\"e-con-inner\">\n\t\t\t\t<div class=\"elementor-element elementor-element-9672a27 elementor-widget elementor-widget-text-editor\" data-id=\"9672a27\" data-element_type=\"widget\" data-e-type=\"widget\" data-widget_type=\"text-editor.default\">\n\t\t\t\t<div class=\"elementor-widget-container\">\n\t\t\t\t\t\t\t\t\t<h3><a href=\"https:\/\/www.uprrp.edu\/archivouniversitario\/wp-content\/uploads\/sites\/21\/2024\/10\/Ley-1-1966-Ley-de-la-UPR.pdf\">Ley N\u00fam. 1 de 20 de enero de 1966, seg\u00fan enmendada, Ley de la Universidad de Puerto Rico<\/a><\/h3>\t\t\t\t\t\t\t\t<\/div>\n\t\t\t\t<\/div>\n\t\t\t\t<div class=\"elementor-element elementor-element-21e4b8b elementor-widget elementor-widget-text-editor\" data-id=\"21e4b8b\" data-element_type=\"widget\" data-e-type=\"widget\" data-widget_type=\"text-editor.default\">\n\t\t\t\t<div class=\"elementor-widget-container\">\n\t\t\t\t\t\t\t\t\t<h3><a href=\"https:\/\/www.uprrp.edu\/archivouniversitario\/wp-content\/uploads\/sites\/21\/2024\/10\/Reglamento-General-UPR-compilado-hasta-24-MARZO-2022.pdf\">Reglamento General de la Universidad de Puerto Rico<\/a><\/h3>\t\t\t\t\t\t\t\t<\/div>\n\t\t\t\t<\/div>\n\t\t\t\t<div class=\"elementor-element elementor-element-d83f110 elementor-widget elementor-widget-text-editor\" data-id=\"d83f110\" data-element_type=\"widget\" data-e-type=\"widget\" data-widget_type=\"text-editor.default\">\n\t\t\t\t<div class=\"elementor-widget-container\">\n\t\t\t\t\t\t\t\t\t<h3><a href=\"https:\/\/www.uprrp.edu\/archivouniversitario\/wp-content\/uploads\/sites\/21\/2024\/10\/Manual-de-identidad-UPR-2014.pdf\">Manual de Identidad Gr\u00e1fica de la Universidad de Puerto Rico<\/a><\/h3>\t\t\t\t\t\t\t\t<\/div>\n\t\t\t\t<\/div>\n\t\t\t\t<div class=\"elementor-element elementor-element-dc95b35 elementor-widget elementor-widget-text-editor\" data-id=\"dc95b35\" data-element_type=\"widget\" data-e-type=\"widget\" data-widget_type=\"text-editor.default\">\n\t\t\t\t<div class=\"elementor-widget-container\">\n\t\t\t\t\t\t\t\t\t<h3><a href=\"https:\/\/www.uprrp.edu\/archivouniversitario\/wp-content\/uploads\/sites\/21\/2024\/10\/RGE_Comp_Abril_2017-Reglamento-General-de-Estudiantes.pdf\">Reglamento General de Estudiantes<\/a><\/h3>\t\t\t\t\t\t\t\t<\/div>\n\t\t\t\t<\/div>\n\t\t\t\t<div class=\"elementor-element elementor-element-af182c7 elementor-widget elementor-widget-text-editor\" data-id=\"af182c7\" data-element_type=\"widget\" data-e-type=\"widget\" data-widget_type=\"text-editor.default\">\n\t\t\t\t<div class=\"elementor-widget-container\">\n\t\t\t\t\t\t\t\t\t<h3><a href=\"https:\/\/certificaciones.upr.edu\/\">Certificaciones de la Universidad de Puerto Rico<\/a><\/h3>\t\t\t\t\t\t\t\t<\/div>\n\t\t\t\t<\/div>\n\t\t\t\t<div class=\"elementor-element elementor-element-2508e51 elementor-widget elementor-widget-text-editor\" data-id=\"2508e51\" data-element_type=\"widget\" data-e-type=\"widget\" data-widget_type=\"text-editor.default\">\n\t\t\t\t<div class=\"elementor-widget-container\">\n\t\t\t\t\t\t\t\t\t<h3><a href=\"https:\/\/retiro.upr.edu\/\">Sistema de Retiro<\/a><\/h3>\t\t\t\t\t\t\t\t<\/div>\n\t\t\t\t<\/div>\n\t\t\t\t\t<\/div>\n\t\t\t\t<\/div>\n\t\t<div class=\"elementor-element elementor-element-1cbbc28 e-grid e-con-boxed e-con e-parent\" data-id=\"1cbbc28\" data-element_type=\"container\" data-e-type=\"container\">\n\t\t\t\t\t<div class=\"e-con-inner\">\n\t\t\t\t<div class=\"elementor-element elementor-element-c6b86d2 elementor-widget elementor-widget-text-editor\" data-id=\"c6b86d2\" data-element_type=\"widget\" data-e-type=\"widget\" data-widget_type=\"text-editor.default\">\n\t\t\t\t<div class=\"elementor-widget-container\">\n\t\t\t\t\t\t\t\t\t<h3><a href=\"https:\/\/juntagobierno.upr.edu\/politicas\/\">Pol\u00edticas de la Universidad de Puerto Rico<\/a><\/h3>\t\t\t\t\t\t\t\t<\/div>\n\t\t\t\t<\/div>\n\t\t\t\t\t<\/div>\n\t\t\t\t<\/div>\n\t\t<div class=\"elementor-element elementor-element-8e54bd6 e-flex e-con-boxed e-con e-parent\" data-id=\"8e54bd6\" data-element_type=\"container\" data-e-type=\"container\">\n\t\t\t\t\t<div class=\"e-con-inner\">\n\t\t\t\t<div class=\"elementor-element elementor-element-d5b862e elementor-widget-divider--view-line elementor-widget elementor-widget-divider\" data-id=\"d5b862e\" data-element_type=\"widget\" data-e-type=\"widget\" data-widget_type=\"divider.default\">\n\t\t\t\t<div class=\"elementor-widget-container\">\n\t\t\t\t\t\t\t<div class=\"elementor-divider\">\n\t\t\t<span class=\"elementor-divider-separator\">\n\t\t\t\t\t\t<\/span>\n\t\t<\/div>\n\t\t\t\t\t\t<\/div>\n\t\t\t\t<\/div>\n\t\t\t\t\t<\/div>\n\t\t\t\t<\/div>\n\t\t<div class=\"elementor-element elementor-element-033a51e e-flex e-con-boxed e-con e-parent\" data-id=\"033a51e\" data-element_type=\"container\" data-e-type=\"container\">\n\t\t\t\t\t<div class=\"e-con-inner\">\n\t\t\t\t<div class=\"elementor-element elementor-element-13b387b elementor-widget elementor-widget-text-editor\" data-id=\"13b387b\" data-element_type=\"widget\" data-e-type=\"widget\" data-widget_type=\"text-editor.default\">\n\t\t\t\t<div class=\"elementor-widget-container\">\n\t\t\t\t\t\t\t\t\t<h2 style=\"text-align: center\"><span style=\"color: #ff0000\">Historia de la Universidad de Puerto Rico<\/span><\/h2>\t\t\t\t\t\t\t\t<\/div>\n\t\t\t\t<\/div>\n\t\t\t\t\t<\/div>\n\t\t\t\t<\/div>\n\t\t<div class=\"elementor-element elementor-element-5917dcc e-grid e-con-boxed e-con e-parent\" data-id=\"5917dcc\" data-element_type=\"container\" data-e-type=\"container\">\n\t\t\t\t\t<div class=\"e-con-inner\">\n\t\t\t\t<div class=\"elementor-element elementor-element-d56b5e5 elementor-widget elementor-widget-text-editor\" data-id=\"d56b5e5\" data-element_type=\"widget\" data-e-type=\"widget\" data-widget_type=\"text-editor.default\">\n\t\t\t\t<div class=\"elementor-widget-container\">\n\t\t\t\t\t\t\t\t\t<p><span style=\"color: #ff0000\"><strong>1900<\/strong>\u00a0<\/span>\u2013 Se establece en el municipio de Fajardo, al este de la isla de Puerto Rico, la \u201cEscuela Normal Insular\u201d para formar maestros para el sistema de instrucci\u00f3n p\u00fablica. La matr\u00edcula contaba con s\u00f3lo 20 estudiantes y un claustro de 5 profesores.<\/p><p><span style=\"color: #ff0000\"><strong>1902<\/strong>\u00a0<\/span>\u2013 La Escuela Normal Insular se traslada a la finca \u201cLa Convalecencia\u201d en R\u00edo Piedras, dado a la cercan\u00eda de la ciudad capital de San Juan al norte de la isla, y la accesibilidad del \u00e1rea.<\/p><p><span style=\"color: #ff0000\"><strong>1903<\/strong>\u00a0<\/span>\u2013 La Ley de 12 de marzo de 1903, crea la Universidad de Puerto Rico. Comienza a funcionar en una finca a las afueras de R\u00edo Piedras, con una matr\u00edcula de 273 estudiantes. Incorpora a la Escuela Normal Insular.<\/p><p><span style=\"color: #ff0000\"><strong>1908<\/strong>\u00a0<\/span>\u2013 Se extiende la Ley Morrill-Nelson a Puerto Rico convirtiendo a la Universidad en un \u201cLand Grant College\u201d, que otorga terrenos federales para establecer escuelas de agricultura, ciencia e ingenier\u00eda.<\/p><p><span style=\"color: #ff0000\"><strong>1910<\/strong>\u00a0<\/span>\u2013 Se establece el Colegio de Artes Liberales.<\/p><p><span style=\"color: #ff0000\"><strong>1913<\/strong>\u00a0<\/span>\u2013 Se establecen los Departamentos de Farmacia y Derecho.<\/p><p><span style=\"color: #ff0000\"><strong>1918<\/strong>\u00a0<\/span>\u2013 La Escuela Superior (UHS) es fundada para ofrecer experiencias cl\u00ednicas y la pr\u00e1cticas supervisadas para maestros postulantes, personal de apoyo a la docencia y otros profesionales.<\/p><p><span style=\"color: #ff0000\"><strong>1923\u00a0<\/strong><\/span><strong><span class=\"style1\">\u2013<\/span>\u00a0<\/strong>La Ley Universitaria de 1923, reorganiza la Universidad independiz\u00e1ndola administrativamente del Departamento de Instrucci\u00f3n Insular; establece a la Junta de S\u00edndicos como junta de gobierno, y crea el puesto de Rector como principal oficial. En 1924 se nombra el primer Rector. La matr\u00edcula es de 1,500 estudiantes.<\/p><p><span style=\"color: #ff0000\"><strong>1924\u00a0<\/strong><\/span>\u2013 La estructura administrativa e identidad de la Universidad de Puerto Rico se independiza totalmente del Departamento de Instrucci\u00f3n P\u00fablica.<\/p><p><span style=\"color: #ff0000\"><strong>1925<\/strong>\u00a0<\/span>\u2013 La legislatura aprueba la Ley 50 que otorga a la UPR autonom\u00eda educativa, y esta conduce a una restructuraci\u00f3n total y el inicio de un periodo de vertiginoso crecimiento.<\/p><p><span style=\"color: #ff0000\"><strong>1926\u00a0<\/strong><\/span>-Se establecieron el Colegio de Administraci\u00f3n Comercial y la Escuela de Medicina Tropical.<\/p><p><span style=\"color: #ff0000\"><strong>1927<\/strong>\u00a0<\/span>\u2013 Se inaugura el primer programa graduado: la Maestr\u00eda en Artes en Estudios Hisp\u00e1nicos.<\/p><p><span style=\"color: #ff0000\"><strong>1928<\/strong>\u00a0<\/span>\u2013 El hurac\u00e1n San Felipe azot\u00f3 la isla de Puerto Rico y caus\u00f3 serios estragos en el recinto de R\u00edo Piedras. Empleados y facultad emprendieron una labor de reconstrucci\u00f3n; la labor docente tuvo que ser suspendida por m\u00e1s de un mes.<\/p><p><span style=\"color: #ff0000\"><strong>1935<\/strong>\u00a0<\/span>\u2013 El Congreso de Estados Unidos extendi\u00f3 a Puerto Rico los beneficios de la Ley Bankhead-Jones, que otorg\u00f3 fondos para la investigaci\u00f3n y la construcci\u00f3n de m\u00e1s edificios.<\/p><p><span style=\"color: #ff0000\"><strong>1936 \u2013 1939<\/strong><\/span>\u00a0\u2013 Se construyen las estructuras principales de cuadr\u00e1ngulo hist\u00f3rico en R\u00edo Piedras, de estilo renacimiento espa\u00f1ol, incluyendo edificios emblem\u00e1ticos como La Torre y el Teatro de la Universidad.<\/p><p><span style=\"color: #ff0000\"><strong>1938<\/strong>\u00a0<\/span>\u2013 Augusto Rodr\u00edguez compone la m\u00fasica y Francisco Arriv\u00ed la letra del Alma Mater, himno de la Universidad.<\/p><p><span style=\"color: #ff0000\"><strong>1939<\/strong>\u00a0<\/span>\u2013 Se instala el \u201cCarrill\u00f3n\u201d, mecanismo que hace sonar las campanas en la torre en el Recinto de R\u00edo Piedras.<\/p><p><span style=\"color: #ff0000\"><strong>1942<\/strong>\u00a0<\/span>-La Ley N\u00fam. 135 de 7 de mayo de 1942, reforma a la Universidad, crea al Consejo Superior de Ense\u00f1anza como la junta de gobierno de la instituci\u00f3n y reglamentador del sistema de educaci\u00f3n superior en Puerto Rico.<\/p><p><span style=\"color: #ff0000\"><strong>1943<\/strong>\u00a0<\/span>\u2013 Se implanta el modelo de educaci\u00f3n general con la modalidad de los cursos b\u00e1sicos.<\/p><p><span style=\"color: #ff0000\"><strong>1946<\/strong>\u00a0<\/span>\u2013 La Universidad recibe por primera vez la acreditaci\u00f3n de la Middle States Association of Colleges and Schools.<\/p><p><span style=\"color: #ff0000\"><strong>1950<\/strong>\u00a0<\/span>\u2013 Comienzan los cursos en la Escuela de Medicina.<\/p><p><span style=\"color: #ff0000\">1956<\/span> &#8211; Se crea el primer Archivo Central en la Universidad de Puerto Rico (Recinto de R\u00edo Piedras) por la Ley 5 del 8 de diciembre de 1955, Ley de Administraci\u00f3n de Documentos P\u00fablicos de Puerto Rico.<\/p><p><span style=\"color: #ff0000\"><strong>1966<\/strong>\u00a0<\/span>\u2013 La Ley N\u00fam. 1 de 1966, reestructura a la Universidad. La convierte en un sistema de tres recintos universitarios \u2014R\u00edo Piedras, Mayag\u00fcez y Ciencias M\u00e9dicas\u2014 y una administraci\u00f3n de colegios regionales para agrupar a aquellos que pudiesen crearse en el futuro, bajo la direcci\u00f3n de un Presidente. Crea una Junta Universitaria con representaci\u00f3n de los recintos y colegios regionales, y cambia el nombre de la junta de gobierno a Consejo de Educaci\u00f3n Superior.<\/p><p><span style=\"color: #ff0000\"><strong>1979<\/strong>\u00a0<\/span>\u2013 Comenz\u00f3 a transmitir la emisora WRTU-FM del Recinto de R\u00edo Piedras.<\/p><p><span style=\"color: #ff0000\"><strong>1993<\/strong>\u00a0<\/span>\u2013 La Ley N\u00fam. 16 de 6 de junio de 1993, divide las funciones del Consejo de Educaci\u00f3n Superior, asignando las funciones de gobierno de la Universidad a una Junta de S\u00edndicos de nueva creaci\u00f3n.<\/p><p><span style=\"color: #ff0000\"><strong>1998\u00a0<\/strong><\/span>\u2013 La Ley N\u00fam. 186 de 7 de agosto de 1998, provee para la autonom\u00eda de los colegios regionales seg\u00fan disponga paulatinamente la Junta de S\u00edndicos, llevando al establecimiento de un sistema universitario de once unidades aut\u00f3nomas.<\/p><p><span style=\"color: #ff0000\"><strong>2003<\/strong>\u00a0<\/span>\u2013 UPR Celebra sus 100 a\u00f1os de servicio a Puerto Rico y el mundo.<\/p>\t\t\t\t\t\t\t\t<\/div>\n\t\t\t\t<\/div>\n\t\t\t\t\t<\/div>\n\t\t\t\t<\/div>\n\t\t\t\t<\/div>\n\t\t","protected":false},"excerpt":{"rendered":"<p>Ley N\u00fam. 1 de 20 de enero de 1966, seg\u00fan enmendada, Ley de la Universidad de Puerto Rico Reglamento General de la Universidad de Puerto Rico Manual de Identidad Gr\u00e1fica de la Universidad de Puerto Rico Reglamento General de Estudiantes &hellip; <\/p>\n","protected":false},"author":43,"featured_media":0,"parent":15392,"menu_order":0,"comment_status":"closed","ping_status":"closed","template":"","meta":{"_monsterinsights_skip_tracking":false,"_monsterinsights_sitenote_active":false,"_monsterinsights_sitenote_note":"","_monsterinsights_sitenote_category":0,"_FSMCFIC_featured_image_caption":"","_FSMCFIC_featured_image_nocaption":"","_FSMCFIC_featured_image_hide":"","footnotes":""},"class_list":["post-18855","page","type-page","status-publish","hentry"],"_links":{"self":[{"href":"https:\/\/www.uprrp.edu\/archivouniversitario\/wp-json\/wp\/v2\/pages\/18855","targetHints":{"allow":["GET"]}}],"collection":[{"href":"https:\/\/www.uprrp.edu\/archivouniversitario\/wp-json\/wp\/v2\/pages"}],"about":[{"href":"https:\/\/www.uprrp.edu\/archivouniversitario\/wp-json\/wp\/v2\/types\/page"}],"author":[{"embeddable":true,"href":"https:\/\/www.uprrp.edu\/archivouniversitario\/wp-json\/wp\/v2\/users\/43"}],"replies":[{"embeddable":true,"href":"https:\/\/www.uprrp.edu\/archivouniversitario\/wp-json\/wp\/v2\/comments?post=18855"}],"version-history":[{"count":13,"href":"https:\/\/www.uprrp.edu\/archivouniversitario\/wp-json\/wp\/v2\/pages\/18855\/revisions"}],"predecessor-version":[{"id":18875,"href":"https:\/\/www.uprrp.edu\/archivouniversitario\/wp-json\/wp\/v2\/pages\/18855\/revisions\/18875"}],"up":[{"embeddable":true,"href":"https:\/\/www.uprrp.edu\/archivouniversitario\/wp-json\/wp\/v2\/pages\/15392"}],"wp:attachment":[{"href":"https:\/\/www.uprrp.edu\/archivouniversitario\/wp-json\/wp\/v2\/media?parent=18855"}],"curies":[{"name":"wp","href":"https:\/\/api.w.org\/{rel}","templated":true}]}}