{"id":7082,"date":"2015-10-19T04:23:53","date_gmt":"2015-10-19T04:23:53","guid":{"rendered":"http:\/\/demo.thimpress.com\/eduma\/?page_id=12"},"modified":"2023-02-06T19:03:38","modified_gmt":"2023-02-06T19:03:38","slug":"inicio","status":"publish","type":"page","link":"https:\/\/www.uprrp.edu\/oca\/","title":{"rendered":"Inicio"},"content":{"rendered":"\t\t<div data-elementor-type=\"wp-post\" data-elementor-id=\"7082\" class=\"elementor elementor-7082\">\n\t\t\t\t\t\t<section class=\"elementor-section elementor-top-section elementor-element elementor-element-731db2b5 elementor-section-stretched elementor-section-full_width elementor-section-height-default elementor-section-height-default\" data-id=\"731db2b5\" data-element_type=\"section\" data-e-type=\"section\" data-settings=\"{&quot;stretch_section&quot;:&quot;section-stretched&quot;}\">\n\t\t\t\t\t\t<div class=\"elementor-container elementor-column-gap-no\">\n\t\t\t\t\t<div class=\"elementor-column elementor-col-100 elementor-top-column elementor-element elementor-element-270d3e61\" data-id=\"270d3e61\" data-element_type=\"column\" data-e-type=\"column\">\n\t\t\t<div class=\"elementor-widget-wrap elementor-element-populated\">\n\t\t\t\t\t\t<div class=\"elementor-element elementor-element-5a70635b elementor-widget__width-inherit elementor-widget elementor-widget-shortcode\" data-id=\"5a70635b\" data-element_type=\"widget\" data-e-type=\"widget\" data-widget_type=\"shortcode.default\">\n\t\t\t\t<div class=\"elementor-widget-container\">\n\t\t\t\t\t\t\t<div class=\"elementor-shortcode\">\t\t\t<script src=\"\/\/www.uprrp.edu\/oca\/wp-content\/plugins\/revslider\/sr6\/assets\/js\/rbtools.min.js?rev=6.7.30\"><\/script>\n\t\t\t<script src=\"\/\/www.uprrp.edu\/oca\/wp-content\/plugins\/revslider\/sr6\/assets\/js\/rs6.min.js?rev=6.7.30\"><\/script>\n\n\t\t\t<!-- START Home Page Video REVOLUTION SLIDER 6.7.30 --><p class=\"rs-p-wp-fix\"><\/p>\n\t\t\t<rs-module-wrap id=\"rev_slider_1_1_wrapper\" data-source=\"gallery\" style=\"visibility:hidden;background:transparent;padding:0;margin:0px auto;margin-top:0;margin-bottom:0;\">\n\t\t\t\t<rs-module id=\"rev_slider_1_1\" style=\"\" data-version=\"6.7.30\">\n\t\t\t\t\t<rs-slides style=\"overflow: hidden; position: absolute;\">\n\t\t\t\t\t\t<rs-slide style=\"position: absolute;\" data-key=\"rs-1\" data-title=\"Slide\" data-anim=\"adpr:false;\" data-in=\"o:0;\" data-out=\"a:false;\">\n\t\t\t\t\t\t\t<img fetchpriority=\"high\" decoding=\"async\" src=\"\/\/www.uprrp.edu\/oca\/wp-content\/plugins\/revslider\/sr6\/assets\/assets\/dummy.png\" alt=\"\" title=\"torre\" width=\"1313\" height=\"596\" class=\"rev-slidebg tp-rs-img rs-lazyload\" data-lazyload=\"\/\/www.uprrp.edu\/oca\/wp-content\/uploads\/sites\/20\/2022\/06\/torre.png\" data-no-retina>\n<!--\n\t\t\t\t\t\t\t--><rs-layer\n\t\t\t\t\t\t\t\tid=\"slider-1-slide-1-layer-1\" \n\t\t\t\t\t\t\t\tclass=\"thim-slider-sub-heading\"\n\t\t\t\t\t\t\t\tdata-type=\"text\"\n\t\t\t\t\t\t\t\tdata-color=\"rgba(252,252,252,1)\"\n\t\t\t\t\t\t\t\tdata-xy=\"xo:10px,10px,10px,15px;y:m;yo:177px,177px,177px,-50px;\"\n\t\t\t\t\t\t\t\tdata-text=\"s:30,30,30,20;l:30;fw:700;\"\n\t\t\t\t\t\t\t\tdata-rsp_o=\"off\"\n\t\t\t\t\t\t\t\tdata-rsp_bd=\"off\"\n\t\t\t\t\t\t\t\tdata-frame_1=\"e:power2.inOut;st:500;\"\n\t\t\t\t\t\t\t\tdata-frame_999=\"o:0;e:nothing;st:w;\"\n\t\t\t\t\t\t\t\tstyle=\"z-index:5;font-family:'Roboto';\"\n\t\t\t\t\t\t\t>RECTORIA \n\t\t\t\t\t\t\t<\/rs-layer><!--\n\n\t\t\t\t\t\t\t--><h3\n\t\t\t\t\t\t\t\tid=\"slider-1-slide-1-layer-2\" \n\t\t\t\t\t\t\t\tclass=\"rs-layer thim-slider-heading\"\n\t\t\t\t\t\t\t\tdata-type=\"text\"\n\t\t\t\t\t\t\t\tdata-color=\"rgba(255,255,255,1)\"\n\t\t\t\t\t\t\t\tdata-xy=\"xo:4px,4px,4px,15px;y:m;yo:218px,218px,218px,0;\"\n\t\t\t\t\t\t\t\tdata-text=\"s:50,50,50,60;l:100;fw:700;\"\n\t\t\t\t\t\t\t\tdata-rsp_o=\"off\"\n\t\t\t\t\t\t\t\tdata-rsp_bd=\"off\"\n\t\t\t\t\t\t\t\tdata-frame_1=\"e:power2.inOut;st:500;\"\n\t\t\t\t\t\t\t\tdata-frame_999=\"o:0;e:nothing;st:w;\"\n\t\t\t\t\t\t\t\tstyle=\"z-index:6;font-family:'Roboto';\"\n\t\t\t\t\t\t\t>Oficina de Cumplimiento  y Auditor\u00edas \n\t\t\t\t\t\t\t<\/h3><!--\n-->\t\t\t\t\t<\/rs-slide>\n\t\t\t\t\t\t<rs-slide style=\"position: absolute;\" data-key=\"rs-11\" data-title=\"Slide\" data-anim=\"adpr:false;\" data-in=\"o:0;\" data-out=\"a:false;\">\n\t\t\t\t\t\t\t<img fetchpriority=\"high\" decoding=\"async\" src=\"\/\/www.uprrp.edu\/oca\/wp-content\/plugins\/revslider\/sr6\/assets\/assets\/dummy.png\" alt=\"\" title=\"torre\" width=\"1313\" height=\"596\" class=\"rev-slidebg tp-rs-img rs-lazyload\" data-lazyload=\"\/\/www.uprrp.edu\/oca\/wp-content\/uploads\/sites\/20\/2022\/06\/torre.png\" data-no-retina>\n<!--\n\t\t\t\t\t\t\t--><rs-layer\n\t\t\t\t\t\t\t\tid=\"slider-1-slide-11-layer-1\" \n\t\t\t\t\t\t\t\tclass=\"thim-slider-sub-heading\"\n\t\t\t\t\t\t\t\tdata-type=\"text\"\n\t\t\t\t\t\t\t\tdata-color=\"rgba(252,252,252,1)\"\n\t\t\t\t\t\t\t\tdata-xy=\"xo:10px,10px,10px,15px;y:m;yo:177px,177px,177px,-50px;\"\n\t\t\t\t\t\t\t\tdata-text=\"s:30,30,30,20;l:30;fw:700;\"\n\t\t\t\t\t\t\t\tdata-rsp_o=\"off\"\n\t\t\t\t\t\t\t\tdata-rsp_bd=\"off\"\n\t\t\t\t\t\t\t\tdata-frame_1=\"e:power2.inOut;st:500;\"\n\t\t\t\t\t\t\t\tdata-frame_999=\"o:0;e:nothing;st:w;\"\n\t\t\t\t\t\t\t\tstyle=\"z-index:5;font-family:'Roboto';\"\n\t\t\t\t\t\t\t>RECTORIA \n\t\t\t\t\t\t\t<\/rs-layer><!--\n\n\t\t\t\t\t\t\t--><h3\n\t\t\t\t\t\t\t\tid=\"slider-1-slide-11-layer-2\" \n\t\t\t\t\t\t\t\tclass=\"rs-layer thim-slider-heading\"\n\t\t\t\t\t\t\t\tdata-type=\"text\"\n\t\t\t\t\t\t\t\tdata-color=\"rgba(255,255,255,1)\"\n\t\t\t\t\t\t\t\tdata-xy=\"xo:4px,4px,4px,15px;y:m;yo:218px,218px,218px,0;\"\n\t\t\t\t\t\t\t\tdata-text=\"s:50,50,50,60;l:100;fw:700;\"\n\t\t\t\t\t\t\t\tdata-rsp_o=\"off\"\n\t\t\t\t\t\t\t\tdata-rsp_bd=\"off\"\n\t\t\t\t\t\t\t\tdata-frame_1=\"e:power2.inOut;st:500;\"\n\t\t\t\t\t\t\t\tdata-frame_999=\"o:0;e:nothing;st:w;\"\n\t\t\t\t\t\t\t\tstyle=\"z-index:6;font-family:'Roboto';\"\n\t\t\t\t\t\t\t>Oficina de Cumplimiento  y Auditor\u00edas \n\t\t\t\t\t\t\t<\/h3><!--\n-->\t\t\t\t\t<\/rs-slide>\n\t\t\t\t\t<\/rs-slides>\n\t\t\t\t<\/rs-module>\n\t\t\t\t<script>\n\t\t\t\t\tsetREVStartSize({c: 'rev_slider_1_1',rl:[1240,1240,1240,480],el:[575,575,575,300],gw:[1200,1200,1200,480],gh:[575,575,575,720],type:'standard',justify:'',layout:'fullwidth',mh:\"575\"});if (window.RS_MODULES!==undefined && window.RS_MODULES.modules!==undefined && window.RS_MODULES.modules[\"revslider11\"]!==undefined) {window.RS_MODULES.modules[\"revslider11\"].once = false;window.revapi1 = undefined;if (window.RS_MODULES.checkMinimal!==undefined) window.RS_MODULES.checkMinimal()}\n\t\t\t\t<\/script>\n\t\t\t<\/rs-module-wrap>\n\t\t\t<!-- END REVOLUTION SLIDER -->\n<\/div>\n\t\t\t\t\t\t<\/div>\n\t\t\t\t<\/div>\n\t\t\t\t\t<\/div>\n\t\t<\/div>\n\t\t\t\t\t<\/div>\n\t\t<\/section>\n\t\t\t\t<section class=\"elementor-section elementor-top-section elementor-element elementor-element-3ad0200b elementor-section-boxed elementor-section-height-default elementor-section-height-default\" data-id=\"3ad0200b\" data-element_type=\"section\" data-e-type=\"section\">\n\t\t\t\t\t\t<div class=\"elementor-container elementor-column-gap-default\">\n\t\t\t\t\t<div class=\"elementor-column elementor-col-100 elementor-top-column elementor-element elementor-element-571ca248\" data-id=\"571ca248\" data-element_type=\"column\" data-e-type=\"column\">\n\t\t\t<div class=\"elementor-widget-wrap elementor-element-populated\">\n\t\t\t\t\t\t<div class=\"elementor-element elementor-element-20e4a94 elementor-widget elementor-widget-spacer\" data-id=\"20e4a94\" data-element_type=\"widget\" data-e-type=\"widget\" data-widget_type=\"spacer.default\">\n\t\t\t\t<div class=\"elementor-widget-container\">\n\t\t\t\t\t\t\t<div class=\"elementor-spacer\">\n\t\t\t<div class=\"elementor-spacer-inner\"><\/div>\n\t\t<\/div>\n\t\t\t\t\t\t<\/div>\n\t\t\t\t<\/div>\n\t\t\t\t<div class=\"elementor-element elementor-element-567b1ec elementor-widget elementor-widget-text-editor\" data-id=\"567b1ec\" data-element_type=\"widget\" data-e-type=\"widget\" data-widget_type=\"text-editor.default\">\n\t\t\t\t<div class=\"elementor-widget-container\">\n\t\t\t\t\t\t\t\t\t<p>La <strong>Oficina de Cumplimiento y Auditor\u00edas<\/strong>, \u201cOCA\u201d es una unidad adscrita a Rector\u00eda, creada con el prop\u00f3sito de establecer una estructura m\u00e1s \u00e1gil e independiente para atender los asuntos relacionados al cumplimiento de las leyes y normas aplicables a la instituci\u00f3n y a los procesos de auditor\u00eda.<\/p><p>La OCA proporciona apoyo, coordinaci\u00f3n y asistencia en el cumplimiento con las leyes federales y estatales, as\u00ed como con la normativa institucional. Adem\u00e1s, fomenta los m\u00e1s altos est\u00e1ndares de conducta \u00e9tica para aquellos que representan y act\u00faan a nombre de la Universidad de Puerto Rico, Recinto de R\u00edo Piedras.<\/p><p>La OCA trabaja en estrecha colaboraci\u00f3n con las unidades para: (a) promover y coordinar esfuerzos hacia una cultura de cumplimiento y \u00e9tica;(b) asistir en el desarrollo e implementaci\u00f3n de adiestramientos sobre \u00e1reas de cumplimiento; (c) revisar y notificar cambios en la legislaci\u00f3n federal y estatal, y coordinar esfuerzos para atemperar la reglamentaci\u00f3n interna a dichos cambios; (d) asistir en la identificaci\u00f3n de fallas o requerimientos de cumplimiento de las pol\u00edticas universitarias, y (e) servir de apoyo para corregir las deficiencias se\u00f1aladas por auditores internos o externos mediante las acciones correctivas apropiadas.<\/p>\t\t\t\t\t\t\t\t<\/div>\n\t\t\t\t<\/div>\n\t\t\t\t\t<\/div>\n\t\t<\/div>\n\t\t\t\t\t<\/div>\n\t\t<\/section>\n\t\t\t\t<section class=\"elementor-section elementor-top-section elementor-element elementor-element-109fd5e7 elementor-section-boxed elementor-section-height-default elementor-section-height-default\" data-id=\"109fd5e7\" data-element_type=\"section\" data-e-type=\"section\">\n\t\t\t\t\t\t<div class=\"elementor-container elementor-column-gap-no\">\n\t\t\t\t\t<div class=\"elementor-column elementor-col-100 elementor-top-column elementor-element elementor-element-2032d1f3\" data-id=\"2032d1f3\" data-element_type=\"column\" data-e-type=\"column\">\n\t\t\t<div class=\"elementor-widget-wrap elementor-element-populated\">\n\t\t\t\t\t\t<div class=\"elementor-element elementor-element-5da899fb thim-ekits-heading-text-center elementor-widget thim-ekits-heading elementor-widget-thim-heading\" data-id=\"5da899fb\" data-element_type=\"widget\" data-e-type=\"widget\" data-widget_type=\"thim-heading.default\">\n\t\t\t\t<div class=\"elementor-widget-container\">\n\t\t\t\t\t<div class=\"sc_heading text-center\"><h3 class=\"title\">unidades adscritas<\/h3><span class=\"line\"><\/span><\/div>\t\t\t\t<\/div>\n\t\t\t\t<\/div>\n\t\t\t\t\t<\/div>\n\t\t<\/div>\n\t\t\t\t\t<\/div>\n\t\t<\/section>\n\t\t\t\t<section class=\"elementor-section elementor-top-section elementor-element elementor-element-8fa6900 elementor-section-boxed elementor-section-height-default elementor-section-height-default\" data-id=\"8fa6900\" data-element_type=\"section\" data-e-type=\"section\">\n\t\t\t\t\t\t<div class=\"elementor-container elementor-column-gap-default\">\n\t\t\t\t\t<div class=\"elementor-column elementor-col-25 elementor-top-column elementor-element elementor-element-99e5087\" data-id=\"99e5087\" data-element_type=\"column\" data-e-type=\"column\">\n\t\t\t<div class=\"elementor-widget-wrap elementor-element-populated\">\n\t\t\t\t\t\t<div class=\"elementor-element elementor-element-4e3d7ca elementor-view-default elementor-position-block-start elementor-mobile-position-block-start elementor-widget elementor-widget-icon-box\" data-id=\"4e3d7ca\" data-element_type=\"widget\" data-e-type=\"widget\" data-widget_type=\"icon-box.default\">\n\t\t\t\t<div class=\"elementor-widget-container\">\n\t\t\t\t\t\t\t<div class=\"elementor-icon-box-wrapper\">\n\n\t\t\t\t\t\t<div class=\"elementor-icon-box-icon\">\n\t\t\t\t<a href=\"https:\/\/www.uprrp.edu\/oca\/oficina-de-cumplimiento-y-auditorias\/\" class=\"elementor-icon\" tabindex=\"-1\" aria-label=\"Oficina de Cumplimiento\">\n\t\t\t\t<i aria-hidden=\"true\" class=\"fas fa-user-check\"><\/i>\t\t\t\t<\/a>\n\t\t\t<\/div>\n\t\t\t\n\t\t\t\t\t\t<div class=\"elementor-icon-box-content\">\n\n\t\t\t\t\t\t\t\t\t<h3 class=\"elementor-icon-box-title\">\n\t\t\t\t\t\t<a href=\"https:\/\/www.uprrp.edu\/oca\/oficina-de-cumplimiento-y-auditorias\/\" >\n\t\t\t\t\t\t\tOficina de Cumplimiento\t\t\t\t\t\t<\/a>\n\t\t\t\t\t<\/h3>\n\t\t\t\t\n\t\t\t\t\n\t\t\t<\/div>\n\t\t\t\n\t\t<\/div>\n\t\t\t\t\t\t<\/div>\n\t\t\t\t<\/div>\n\t\t\t\t\t<\/div>\n\t\t<\/div>\n\t\t\t\t<div class=\"elementor-column elementor-col-25 elementor-top-column elementor-element elementor-element-defd819\" data-id=\"defd819\" data-element_type=\"column\" data-e-type=\"column\">\n\t\t\t<div class=\"elementor-widget-wrap elementor-element-populated\">\n\t\t\t\t\t\t<div class=\"elementor-element elementor-element-507912e elementor-view-default elementor-position-block-start elementor-mobile-position-block-start elementor-widget elementor-widget-icon-box\" data-id=\"507912e\" data-element_type=\"widget\" data-e-type=\"widget\" data-widget_type=\"icon-box.default\">\n\t\t\t\t<div class=\"elementor-widget-container\">\n\t\t\t\t\t\t\t<div class=\"elementor-icon-box-wrapper\">\n\n\t\t\t\t\t\t<div class=\"elementor-icon-box-icon\">\n\t\t\t\t<a href=\"https:\/\/tituloix.uprrp.edu\/\" class=\"elementor-icon\" tabindex=\"-1\" aria-label=\"T\u00edtulo IX\">\n\t\t\t\t<i aria-hidden=\"true\" class=\"fas fa-user-friends\"><\/i>\t\t\t\t<\/a>\n\t\t\t<\/div>\n\t\t\t\n\t\t\t\t\t\t<div class=\"elementor-icon-box-content\">\n\n\t\t\t\t\t\t\t\t\t<h3 class=\"elementor-icon-box-title\">\n\t\t\t\t\t\t<a href=\"https:\/\/tituloix.uprrp.edu\/\" >\n\t\t\t\t\t\t\tT\u00edtulo IX\t\t\t\t\t\t<\/a>\n\t\t\t\t\t<\/h3>\n\t\t\t\t\n\t\t\t\t\n\t\t\t<\/div>\n\t\t\t\n\t\t<\/div>\n\t\t\t\t\t\t<\/div>\n\t\t\t\t<\/div>\n\t\t\t\t\t<\/div>\n\t\t<\/div>\n\t\t\t\t<div class=\"elementor-column elementor-col-25 elementor-top-column elementor-element elementor-element-3e397ef\" data-id=\"3e397ef\" data-element_type=\"column\" data-e-type=\"column\">\n\t\t\t<div class=\"elementor-widget-wrap elementor-element-populated\">\n\t\t\t\t\t\t<div class=\"elementor-element elementor-element-c2ef40a elementor-view-default elementor-position-block-start elementor-mobile-position-block-start elementor-widget elementor-widget-icon-box\" data-id=\"c2ef40a\" data-element_type=\"widget\" data-e-type=\"widget\" data-widget_type=\"icon-box.default\">\n\t\t\t\t<div class=\"elementor-widget-container\">\n\t\t\t\t\t\t\t<div class=\"elementor-icon-box-wrapper\">\n\n\t\t\t\t\t\t<div class=\"elementor-icon-box-icon\">\n\t\t\t\t<span  class=\"elementor-icon\">\n\t\t\t\t<i aria-hidden=\"true\" class=\"fas fa-check-double\"><\/i>\t\t\t\t<\/span>\n\t\t\t<\/div>\n\t\t\t\n\t\t\t\t\t\t<div class=\"elementor-icon-box-content\">\n\n\t\t\t\t\t\t\t\t\t<h3 class=\"elementor-icon-box-title\">\n\t\t\t\t\t\t<span  >\n\t\t\t\t\t\t\tAuditor\u00edas\t\t\t\t\t\t<\/span>\n\t\t\t\t\t<\/h3>\n\t\t\t\t\n\t\t\t\t\n\t\t\t<\/div>\n\t\t\t\n\t\t<\/div>\n\t\t\t\t\t\t<\/div>\n\t\t\t\t<\/div>\n\t\t\t\t\t<\/div>\n\t\t<\/div>\n\t\t\t\t<div class=\"elementor-column elementor-col-25 elementor-top-column elementor-element elementor-element-75a0e52\" data-id=\"75a0e52\" data-element_type=\"column\" data-e-type=\"column\">\n\t\t\t<div class=\"elementor-widget-wrap elementor-element-populated\">\n\t\t\t\t\t\t<div class=\"elementor-element elementor-element-c71f5f2 elementor-view-default elementor-position-block-start elementor-mobile-position-block-start elementor-widget elementor-widget-icon-box\" data-id=\"c71f5f2\" data-element_type=\"widget\" data-e-type=\"widget\" data-widget_type=\"icon-box.default\">\n\t\t\t\t<div class=\"elementor-widget-container\">\n\t\t\t\t\t\t\t<div class=\"elementor-icon-box-wrapper\">\n\n\t\t\t\t\t\t<div class=\"elementor-icon-box-icon\">\n\t\t\t\t<a href=\"https:\/\/www.uprrp.edu\/oca\/igualdad-de-oportunidades-en-el-empleo\/\" class=\"elementor-icon\" tabindex=\"-1\" aria-label=\"Igualdad de Oportunidades en el Empleo\">\n\t\t\t\t<i aria-hidden=\"true\" class=\"far fa-handshake\"><\/i>\t\t\t\t<\/a>\n\t\t\t<\/div>\n\t\t\t\n\t\t\t\t\t\t<div class=\"elementor-icon-box-content\">\n\n\t\t\t\t\t\t\t\t\t<h3 class=\"elementor-icon-box-title\">\n\t\t\t\t\t\t<a href=\"https:\/\/www.uprrp.edu\/oca\/igualdad-de-oportunidades-en-el-empleo\/\" >\n\t\t\t\t\t\t\tIgualdad de Oportunidades en el Empleo\t\t\t\t\t\t<\/a>\n\t\t\t\t\t<\/h3>\n\t\t\t\t\n\t\t\t\t\n\t\t\t<\/div>\n\t\t\t\n\t\t<\/div>\n\t\t\t\t\t\t<\/div>\n\t\t\t\t<\/div>\n\t\t\t\t\t<\/div>\n\t\t<\/div>\n\t\t\t\t\t<\/div>\n\t\t<\/section>\n\t\t\t\t<section class=\"elementor-section elementor-top-section elementor-element elementor-element-4454cecd elementor-section-stretched thim-bg-overlay elementor-section-boxed elementor-section-height-default elementor-section-height-default\" data-id=\"4454cecd\" data-element_type=\"section\" data-e-type=\"section\" data-settings=\"{&quot;stretch_section&quot;:&quot;section-stretched&quot;,&quot;background_background&quot;:&quot;classic&quot;}\">\n\t\t\t\t\t\t\t<div class=\"elementor-background-overlay\"><\/div>\n\t\t\t\t\t\t\t<div class=\"elementor-container elementor-column-gap-no\">\n\t\t\t\t\t<div class=\"elementor-column elementor-col-50 elementor-top-column elementor-element elementor-element-5aca2f38\" data-id=\"5aca2f38\" data-element_type=\"column\" data-e-type=\"column\">\n\t\t\t<div class=\"elementor-widget-wrap elementor-element-populated\">\n\t\t\t\t\t\t<div class=\"elementor-element elementor-element-e4c679c elementor-widget elementor-widget-spacer\" data-id=\"e4c679c\" data-element_type=\"widget\" data-e-type=\"widget\" data-widget_type=\"spacer.default\">\n\t\t\t\t<div class=\"elementor-widget-container\">\n\t\t\t\t\t\t\t<div class=\"elementor-spacer\">\n\t\t\t<div class=\"elementor-spacer-inner\"><\/div>\n\t\t<\/div>\n\t\t\t\t\t\t<\/div>\n\t\t\t\t<\/div>\n\t\t\t\t\t<\/div>\n\t\t<\/div>\n\t\t\t\t<div class=\"elementor-column elementor-col-50 elementor-top-column elementor-element elementor-element-b2e576f\" data-id=\"b2e576f\" data-element_type=\"column\" data-e-type=\"column\">\n\t\t\t<div class=\"elementor-widget-wrap\">\n\t\t\t\t\t\t\t<\/div>\n\t\t<\/div>\n\t\t\t\t\t<\/div>\n\t\t<\/section>\n\t\t\t\t<\/div>\n\t\t","protected":false},"excerpt":{"rendered":"<p>La Oficina de Cumplimiento y Auditor\u00edas, \u201cOCA\u201d es una unidad adscrita a Rector\u00eda, creada con el prop\u00f3sito de establecer una estructura m\u00e1s \u00e1gil e independiente para atender los asuntos relacionados al cumplimiento de las leyes y normas aplicables a la &hellip; <\/p>\n","protected":false},"author":35,"featured_media":0,"parent":0,"menu_order":0,"comment_status":"closed","ping_status":"closed","template":"page-templates\/homepage.php","meta":{"_monsterinsights_skip_tracking":false,"_monsterinsights_sitenote_active":false,"_monsterinsights_sitenote_note":"","_monsterinsights_sitenote_category":0,"_FSMCFIC_featured_image_caption":"","_FSMCFIC_featured_image_nocaption":null,"_FSMCFIC_featured_image_hide":null,"footnotes":""},"class_list":["post-7082","page","type-page","status-publish","hentry"],"_links":{"self":[{"href":"https:\/\/www.uprrp.edu\/oca\/wp-json\/wp\/v2\/pages\/7082","targetHints":{"allow":["GET"]}}],"collection":[{"href":"https:\/\/www.uprrp.edu\/oca\/wp-json\/wp\/v2\/pages"}],"about":[{"href":"https:\/\/www.uprrp.edu\/oca\/wp-json\/wp\/v2\/types\/page"}],"author":[{"embeddable":true,"href":"https:\/\/www.uprrp.edu\/oca\/wp-json\/wp\/v2\/users\/35"}],"replies":[{"embeddable":true,"href":"https:\/\/www.uprrp.edu\/oca\/wp-json\/wp\/v2\/comments?post=7082"}],"version-history":[{"count":56,"href":"https:\/\/www.uprrp.edu\/oca\/wp-json\/wp\/v2\/pages\/7082\/revisions"}],"predecessor-version":[{"id":9320,"href":"https:\/\/www.uprrp.edu\/oca\/wp-json\/wp\/v2\/pages\/7082\/revisions\/9320"}],"wp:attachment":[{"href":"https:\/\/www.uprrp.edu\/oca\/wp-json\/wp\/v2\/media?parent=7082"}],"curies":[{"name":"wp","href":"https:\/\/api.w.org\/{rel}","templated":true}]}}