{"id":9154,"date":"2021-02-18T13:36:39","date_gmt":"2021-02-18T17:36:39","guid":{"rendered":"https:\/\/www.uprrp.edu\/oficina-comunicaciones\/?page_id=9154"},"modified":"2021-04-14T15:21:33","modified_gmt":"2021-04-14T19:21:33","slug":"autorizacion-para-filmaciones-y-fotografia","status":"publish","type":"page","link":"https:\/\/www.uprrp.edu\/oficina-comunicaciones\/servicios\/autorizacion-para-filmaciones-y-fotografia\/","title":{"rendered":"Autorizaci\u00f3n para filmaciones y fotograf\u00eda"},"content":{"rendered":"<p><strong>Procedimiento para solicitar autorizaci\u00f3n para filmar o fotografiar en el Recinto de R\u00edo Piedras de la UPR<\/strong><\/p>\n<ol>\n<li>Solicitar la autorizaci\u00f3n por escrito, con un m\u00ednimo de 15 d\u00edas laborables de anticipaci\u00f3n a la fecha de la grabaci\u00f3n, filmaci\u00f3n o sesi\u00f3n de fotos.<\/li>\n<li>\u00a0La carta-solicitud de autorizaci\u00f3n para filmar, grabar o fotografiar ser\u00e1 dirigida al Director(a) de la Oficina de Comunicaciones, en la cual se especifique el prop\u00f3sito, d\u00eda, hora, lugar, as\u00ed como informaci\u00f3n sobre el contenido de la filmaci\u00f3n o incluir el libreto o gui\u00f3n. Tambi\u00e9n tendr\u00e1 que detallar la cantidad de personas a trabajar durante la filmaci\u00f3n o sesi\u00f3n de fotos y n\u00famero de autos que entrar\u00e1n al recinto, entre otra informaci\u00f3n que se considere necesaria.<\/li>\n<li>Deber\u00e1 incluir los siguientes documentos con la solicitud:\n<ul>\n<li><strong>\u00a0<\/strong><strong>a. P\u00f3liza de seguro de responsabilidad p\u00fablica por un mill\u00f3n de d\u00f3lares ($ 1,000,000), en la que se incluya la Universidad de PuertoRico, Recinto de R\u00edo Piedras, como Asegurado Adicional (Combine Single Limit)<\/strong>. La direcci\u00f3n a incluir es la siguiente:<br \/>\nUniversidad de Puerto RicoRecinto de R\u00edo Piedras<br \/>\n14 Ave Universidad Ste. 1401<br \/>\nSan Juan, PR\u00a0 00925-2534<\/li>\n<li><strong>b. Certificado de P\u00f3liza de Responsabilidad P\u00fablica con l\u00edmites no menor de un mill\u00f3n de d\u00f3lares ($1,000,000) que incluya endosos de Asegurado Adicional (Additional Insured) y Relevo de Responsabilidad (Hold Harmless Agreement) a favor de la Universidad de Puerto Rico, Recinto de R\u00edo Piedras, 14 Ave. Universidad Ste. 1401, San Juan, PR 00925-2534.<br \/>\n<\/strong>Esta informaci\u00f3n ser\u00e1 sometida a la Oficina de Seguros y Fianzas del Recinto para su visto bueno.<\/li>\n<\/ul>\n<\/li>\n<li>Se firmar\u00e1 un acuerdo entre las partes, en el cual se establecer\u00e1 el uso de las instalaciones y\/o el uso de las im\u00e1genes protegidas de la Universidad de Puerto Rico, Recinto de R\u00edo Piedras. En el acuerdo se incluir\u00e1 la cantidad a pagar a la Universidad de Puerto Rico, Recinto de R\u00edo Piedras, por el uso de las instalaciones y\/o sus \u00e1reas e im\u00e1genes protegidas.<\/li>\n<li>El acuerdo ni la filmaci\u00f3n podr\u00e1n realizarse hasta tanto est\u00e9n presentados TODOS los documentos, por lo que a la fecha de la filmaci\u00f3n de no estar el acuerdo firmado, la producci\u00f3n deber\u00e1 ajustarse a una fecha posterior, seg\u00fan las condiciones lo permita.<\/li>\n<\/ol>\n","protected":false},"excerpt":{"rendered":"<p>Procedimiento para solicitar autorizaci\u00f3n para filmar o fotografiar en el Recinto de R\u00edo Piedras de la UPR Solicitar la autorizaci\u00f3n por escrito, con un m\u00ednimo de 15 d\u00edas laborables de &hellip; <\/p>\n","protected":false},"author":1,"featured_media":0,"parent":9158,"menu_order":0,"comment_status":"closed","ping_status":"closed","template":"","meta":{"_monsterinsights_skip_tracking":false,"_monsterinsights_sitenote_active":false,"_monsterinsights_sitenote_note":"","_monsterinsights_sitenote_category":0,"_FSMCFIC_featured_image_caption":"","_FSMCFIC_featured_image_nocaption":"","_FSMCFIC_featured_image_hide":"","footnotes":""},"class_list":["post-9154","page","type-page","status-publish","hentry"],"_links":{"self":[{"href":"https:\/\/www.uprrp.edu\/oficina-comunicaciones\/wp-json\/wp\/v2\/pages\/9154","targetHints":{"allow":["GET"]}}],"collection":[{"href":"https:\/\/www.uprrp.edu\/oficina-comunicaciones\/wp-json\/wp\/v2\/pages"}],"about":[{"href":"https:\/\/www.uprrp.edu\/oficina-comunicaciones\/wp-json\/wp\/v2\/types\/page"}],"author":[{"embeddable":true,"href":"https:\/\/www.uprrp.edu\/oficina-comunicaciones\/wp-json\/wp\/v2\/users\/1"}],"replies":[{"embeddable":true,"href":"https:\/\/www.uprrp.edu\/oficina-comunicaciones\/wp-json\/wp\/v2\/comments?post=9154"}],"version-history":[{"count":3,"href":"https:\/\/www.uprrp.edu\/oficina-comunicaciones\/wp-json\/wp\/v2\/pages\/9154\/revisions"}],"predecessor-version":[{"id":9215,"href":"https:\/\/www.uprrp.edu\/oficina-comunicaciones\/wp-json\/wp\/v2\/pages\/9154\/revisions\/9215"}],"up":[{"embeddable":true,"href":"https:\/\/www.uprrp.edu\/oficina-comunicaciones\/wp-json\/wp\/v2\/pages\/9158"}],"wp:attachment":[{"href":"https:\/\/www.uprrp.edu\/oficina-comunicaciones\/wp-json\/wp\/v2\/media?parent=9154"}],"curies":[{"name":"wp","href":"https:\/\/api.w.org\/{rel}","templated":true}]}}