{"id":9157,"date":"2021-02-18T13:38:05","date_gmt":"2021-02-18T17:38:05","guid":{"rendered":"https:\/\/www.uprrp.edu\/oficina-comunicaciones\/?page_id=9157"},"modified":"2023-05-16T14:41:29","modified_gmt":"2023-05-16T18:41:29","slug":"notificacion-de-actividades","status":"publish","type":"page","link":"https:\/\/www.uprrp.edu\/oficina-comunicaciones\/servicios\/notificacion-de-actividades\/","title":{"rendered":"Notificaci\u00f3n de Actividades"},"content":{"rendered":"\t\t<div data-elementor-type=\"wp-page\" data-elementor-id=\"9157\" class=\"elementor elementor-9157\">\n\t\t\t\t\t\t<section class=\"elementor-section elementor-top-section elementor-element elementor-element-127f4f6c elementor-section-boxed elementor-section-height-default elementor-section-height-default\" data-id=\"127f4f6c\" data-element_type=\"section\" data-e-type=\"section\">\n\t\t\t\t\t\t<div class=\"elementor-container elementor-column-gap-default\">\n\t\t\t\t\t<div class=\"elementor-column elementor-col-100 elementor-top-column elementor-element elementor-element-6a3d1e0c\" data-id=\"6a3d1e0c\" data-element_type=\"column\" data-e-type=\"column\">\n\t\t\t<div class=\"elementor-widget-wrap elementor-element-populated\">\n\t\t\t\t\t\t<div class=\"elementor-element elementor-element-c5be45a elementor-widget elementor-widget-heading\" data-id=\"c5be45a\" data-element_type=\"widget\" data-e-type=\"widget\" data-widget_type=\"heading.default\">\n\t\t\t\t<div class=\"elementor-widget-container\">\n\t\t\t\t\t<h3 class=\"elementor-heading-title elementor-size-default\">Notificaci\u00f3n previa de actividades o eventos en el Recinto que requieran apoyo de la Oficina de Comunicaciones (OC), Divisi\u00f3n de Seguridad y Manejo de Riesgos (DSMR), y la Oficina de Conservaci\u00f3n de las Instalaciones Universitarias (OCIU):<\/h3>\t\t\t\t<\/div>\n\t\t\t\t<\/div>\n\t\t\t\t<div class=\"elementor-element elementor-element-5b6196d5 elementor-widget elementor-widget-text-editor\" data-id=\"5b6196d5\" data-element_type=\"widget\" data-e-type=\"widget\" data-widget_type=\"text-editor.default\">\n\t\t\t\t<div class=\"elementor-widget-container\">\n\t\t\t\t\t\t\t\t\t<p>El procedimiento a seguir para la notificaci\u00f3n previa de las actividades o eventos a llevarse a cabo en el Recinto es el siguiente:<\/p><p>La(s) persona(s) a cargo de organizar la actividad o evento completar\u00e1n la <em>Hoja para la Notificaci\u00f3n Previa de Actividad o Evento, <\/em>y enviar\u00e1n\u00a0la misma con un m\u00ednimo de <strong>15 d\u00edas laborables a la fecha de la actividad o evento, <\/strong>a las siguientes oficinas:<\/p>\t\t\t\t\t\t\t\t<\/div>\n\t\t\t\t<\/div>\n\t\t\t\t\t<\/div>\n\t\t<\/div>\n\t\t\t\t\t<\/div>\n\t\t<\/section>\n\t\t\t\t<section class=\"elementor-section elementor-top-section elementor-element elementor-element-94edbc5 elementor-section-boxed elementor-section-height-default elementor-section-height-default\" data-id=\"94edbc5\" data-element_type=\"section\" data-e-type=\"section\">\n\t\t\t\t\t\t<div class=\"elementor-container elementor-column-gap-default\">\n\t\t\t\t\t<div class=\"elementor-column elementor-col-50 elementor-top-column elementor-element elementor-element-82b352b\" data-id=\"82b352b\" data-element_type=\"column\" data-e-type=\"column\">\n\t\t\t<div class=\"elementor-widget-wrap elementor-element-populated\">\n\t\t\t\t\t\t<div class=\"elementor-element elementor-element-738ebe5 elementor-widget elementor-widget-image\" data-id=\"738ebe5\" data-element_type=\"widget\" data-e-type=\"widget\" data-widget_type=\"image.default\">\n\t\t\t\t<div class=\"elementor-widget-container\">\n\t\t\t\t\t\t\t\t\t\t\t\t\t\t\t<img decoding=\"async\" width=\"124\" height=\"124\" src=\"https:\/\/www.uprrp.edu\/oficina-comunicaciones\/wp-content\/uploads\/sites\/14\/2023\/04\/1.png\" class=\"attachment-thumbnail size-thumbnail wp-image-9394\" alt=\"numero 1\" \/>\t\t\t\t\t\t\t\t\t\t\t\t\t\t\t<\/div>\n\t\t\t\t<\/div>\n\t\t\t\t\t<\/div>\n\t\t<\/div>\n\t\t\t\t<div class=\"elementor-column elementor-col-50 elementor-top-column elementor-element elementor-element-7f323cd\" data-id=\"7f323cd\" data-element_type=\"column\" data-e-type=\"column\">\n\t\t\t<div class=\"elementor-widget-wrap elementor-element-populated\">\n\t\t\t\t\t\t<div class=\"elementor-element elementor-element-4d33eb8 elementor-widget elementor-widget-text-editor\" data-id=\"4d33eb8\" data-element_type=\"widget\" data-e-type=\"widget\" data-widget_type=\"text-editor.default\">\n\t\t\t\t<div class=\"elementor-widget-container\">\n\t\t\t\t\t\t\t\t\t<p><strong>Oficina de Comunicaciones (OC):\u00a0<\/strong>\u00a0La misma debe enviarse mediante correo electr\u00f3nico a la atenci\u00f3n del Director(a) de la OC a la siguiente direcci\u00f3n\u00a0<a href=\"mailto:actividades.comunicaciones@upr.edu\"><b>actividades.comunicaciones@upr.edu<\/b><\/a>. La OC proceder\u00e1 a comunicarse con la persona a cargo de la actividad o evento para acordar, en espec\u00edfico, el apoyo que la Oficina brindar\u00e1 en la organizaci\u00f3n, divulgaci\u00f3n y comunicaci\u00f3n de la misma.<\/p>\t\t\t\t\t\t\t\t<\/div>\n\t\t\t\t<\/div>\n\t\t\t\t\t<\/div>\n\t\t<\/div>\n\t\t\t\t\t<\/div>\n\t\t<\/section>\n\t\t\t\t<section class=\"elementor-section elementor-top-section elementor-element elementor-element-92e3d95 elementor-section-boxed elementor-section-height-default elementor-section-height-default\" data-id=\"92e3d95\" data-element_type=\"section\" data-e-type=\"section\">\n\t\t\t\t\t\t<div class=\"elementor-container elementor-column-gap-default\">\n\t\t\t\t\t<div class=\"elementor-column elementor-col-50 elementor-top-column elementor-element elementor-element-08b1a53\" data-id=\"08b1a53\" data-element_type=\"column\" data-e-type=\"column\">\n\t\t\t<div class=\"elementor-widget-wrap elementor-element-populated\">\n\t\t\t\t\t\t<div class=\"elementor-element elementor-element-17060d1 elementor-widget elementor-widget-image\" data-id=\"17060d1\" data-element_type=\"widget\" data-e-type=\"widget\" data-widget_type=\"image.default\">\n\t\t\t\t<div class=\"elementor-widget-container\">\n\t\t\t\t\t\t\t\t\t\t\t\t\t\t\t<img decoding=\"async\" width=\"124\" height=\"124\" src=\"https:\/\/www.uprrp.edu\/oficina-comunicaciones\/wp-content\/uploads\/sites\/14\/2023\/04\/2.png\" class=\"attachment-thumbnail size-thumbnail wp-image-9395\" alt=\"numero 2\" \/>\t\t\t\t\t\t\t\t\t\t\t\t\t\t\t<\/div>\n\t\t\t\t<\/div>\n\t\t\t\t\t<\/div>\n\t\t<\/div>\n\t\t\t\t<div class=\"elementor-column elementor-col-50 elementor-top-column elementor-element elementor-element-7bc2bac\" data-id=\"7bc2bac\" data-element_type=\"column\" data-e-type=\"column\">\n\t\t\t<div class=\"elementor-widget-wrap elementor-element-populated\">\n\t\t\t\t\t\t<div class=\"elementor-element elementor-element-7cf25c2 elementor-widget elementor-widget-text-editor\" data-id=\"7cf25c2\" data-element_type=\"widget\" data-e-type=\"widget\" data-widget_type=\"text-editor.default\">\n\t\t\t\t<div class=\"elementor-widget-container\">\n\t\t\t\t\t\t\t\t\t<p><strong>Divisi\u00f3n de Seguridad y Manejo de Riesgos:\u00a0<\/strong>Notificar\u00e1 mediante comunicaci\u00f3n escrita o correo electr\u00f3nico al Director de la Divisi\u00f3n\u00a0<b>(<a href=\"mailto:dsmr.seguridad@upr.edu\">dsmr.seguridad@upr.edu <\/a><\/b>) para coordinar con el personal el plan de seguridad y accesos vehiculares, seg\u00fan los requisitos de log\u00edstica de cada actividad o evento. Podr\u00e1 incluir la\u00a0<em>Hoja de Notificaci\u00f3n Previa de Actividad o Evento<\/em>.<\/p>\t\t\t\t\t\t\t\t<\/div>\n\t\t\t\t<\/div>\n\t\t\t\t\t<\/div>\n\t\t<\/div>\n\t\t\t\t\t<\/div>\n\t\t<\/section>\n\t\t\t\t<section class=\"elementor-section elementor-top-section elementor-element elementor-element-efe6d89 elementor-section-boxed elementor-section-height-default elementor-section-height-default\" data-id=\"efe6d89\" data-element_type=\"section\" data-e-type=\"section\">\n\t\t\t\t\t\t<div class=\"elementor-container elementor-column-gap-default\">\n\t\t\t\t\t<div class=\"elementor-column elementor-col-50 elementor-top-column elementor-element elementor-element-11e2945\" data-id=\"11e2945\" data-element_type=\"column\" data-e-type=\"column\">\n\t\t\t<div class=\"elementor-widget-wrap elementor-element-populated\">\n\t\t\t\t\t\t<div class=\"elementor-element elementor-element-972056d elementor-widget elementor-widget-image\" data-id=\"972056d\" data-element_type=\"widget\" data-e-type=\"widget\" data-widget_type=\"image.default\">\n\t\t\t\t<div class=\"elementor-widget-container\">\n\t\t\t\t\t\t\t\t\t\t\t\t\t\t\t<img decoding=\"async\" width=\"124\" height=\"124\" src=\"https:\/\/www.uprrp.edu\/oficina-comunicaciones\/wp-content\/uploads\/sites\/14\/2023\/04\/3.png\" class=\"attachment-thumbnail size-thumbnail wp-image-9396\" alt=\"numero 3\" \/>\t\t\t\t\t\t\t\t\t\t\t\t\t\t\t<\/div>\n\t\t\t\t<\/div>\n\t\t\t\t\t<\/div>\n\t\t<\/div>\n\t\t\t\t<div class=\"elementor-column elementor-col-50 elementor-top-column elementor-element elementor-element-bc9f307\" data-id=\"bc9f307\" data-element_type=\"column\" data-e-type=\"column\">\n\t\t\t<div class=\"elementor-widget-wrap elementor-element-populated\">\n\t\t\t\t\t\t<div class=\"elementor-element elementor-element-1d8c546 elementor-widget elementor-widget-text-editor\" data-id=\"1d8c546\" data-element_type=\"widget\" data-e-type=\"widget\" data-widget_type=\"text-editor.default\">\n\t\t\t\t<div class=\"elementor-widget-container\">\n\t\t\t\t\t\t\t\t\t<p><strong>Oficina de Conservaci\u00f3n de las Instalaciones Universitarias: <\/strong>En las actividades o eventos que requieren el apoyo de las diferentes Divisiones que componen la OCIU: mantenimiento, ornato, plomer\u00eda y transportaci\u00f3n, entre otras, la notificaci\u00f3n deber\u00e1 realizarse mediante carta a la OCIU o en su lugar un correo electr\u00f3nico a la Directora a: <a href=\"mailto:actividades.ociu@upr.edu\"><strong>actividades.<\/strong><b>ociu@upr.edu<\/b><\/a>. Podr\u00e1 incluir la Hoja de Notificaci\u00f3n Previa de Actividad o Evento. La Directora de OCIU o su personal asignado proceder\u00e1 a comunicarse con la persona a cargo de la actividad o evento para delinear, en espec\u00edfico, el apoyo de las Divisiones necesarias en el evento.<\/p><ol><li style=\"list-style-type: none;\"><ol type=\"a\"><li>La persona a cargo de la actividad o evento notificar\u00e1 mediante \u00f3rdenes de trabajo las necesidades apremiantes y de ser necesario se realizar\u00e1 una reuni\u00f3n para la coordinaci\u00f3n de los trabajos con OCIU.<\/li><\/ol><\/li><\/ol>\t\t\t\t\t\t\t\t<\/div>\n\t\t\t\t<\/div>\n\t\t\t\t\t<\/div>\n\t\t<\/div>\n\t\t\t\t\t<\/div>\n\t\t<\/section>\n\t\t\t\t<section class=\"elementor-section elementor-top-section elementor-element elementor-element-c28459c elementor-section-boxed elementor-section-height-default elementor-section-height-default\" data-id=\"c28459c\" data-element_type=\"section\" data-e-type=\"section\">\n\t\t\t\t\t\t<div class=\"elementor-container elementor-column-gap-default\">\n\t\t\t\t\t<div class=\"elementor-column elementor-col-50 elementor-top-column elementor-element elementor-element-8f4c4d6\" data-id=\"8f4c4d6\" data-element_type=\"column\" data-e-type=\"column\">\n\t\t\t<div class=\"elementor-widget-wrap elementor-element-populated\">\n\t\t\t\t\t\t<div class=\"elementor-element elementor-element-ebf7694 elementor-widget elementor-widget-image\" data-id=\"ebf7694\" data-element_type=\"widget\" data-e-type=\"widget\" data-widget_type=\"image.default\">\n\t\t\t\t<div class=\"elementor-widget-container\">\n\t\t\t\t\t\t\t\t\t\t\t\t\t\t\t<img loading=\"lazy\" decoding=\"async\" width=\"124\" height=\"124\" src=\"https:\/\/www.uprrp.edu\/oficina-comunicaciones\/wp-content\/uploads\/sites\/14\/2023\/04\/4.png\" class=\"attachment-thumbnail size-thumbnail wp-image-9397\" alt=\"numero 4\" \/>\t\t\t\t\t\t\t\t\t\t\t\t\t\t\t<\/div>\n\t\t\t\t<\/div>\n\t\t\t\t\t<\/div>\n\t\t<\/div>\n\t\t\t\t<div class=\"elementor-column elementor-col-50 elementor-top-column elementor-element elementor-element-5748266\" data-id=\"5748266\" data-element_type=\"column\" data-e-type=\"column\">\n\t\t\t<div class=\"elementor-widget-wrap elementor-element-populated\">\n\t\t\t\t\t\t<div class=\"elementor-element elementor-element-d6ea26d elementor-widget elementor-widget-text-editor\" data-id=\"d6ea26d\" data-element_type=\"widget\" data-e-type=\"widget\" data-widget_type=\"text-editor.default\">\n\t\t\t\t<div class=\"elementor-widget-container\">\n\t\t\t\t\t\t\t\t\t<p>Toda actividad deber\u00e1 contar con la aprobaci\u00f3n de los Decanos(as) de los Decanatos, las Facultades, Escuelas, Directores(as) de Oficinas, Escuelas y Rector, seg\u00fan corresponda.<\/p>\t\t\t\t\t\t\t\t<\/div>\n\t\t\t\t<\/div>\n\t\t\t\t\t<\/div>\n\t\t<\/div>\n\t\t\t\t\t<\/div>\n\t\t<\/section>\n\t\t\t\t<section class=\"elementor-section elementor-top-section elementor-element elementor-element-c25692a elementor-section-boxed elementor-section-height-default elementor-section-height-default\" data-id=\"c25692a\" data-element_type=\"section\" data-e-type=\"section\">\n\t\t\t\t\t\t<div class=\"elementor-container elementor-column-gap-default\">\n\t\t\t\t\t<div class=\"elementor-column elementor-col-50 elementor-top-column elementor-element elementor-element-1993a97\" data-id=\"1993a97\" data-element_type=\"column\" data-e-type=\"column\">\n\t\t\t<div class=\"elementor-widget-wrap elementor-element-populated\">\n\t\t\t\t\t\t<div class=\"elementor-element elementor-element-c8345c2 elementor-widget elementor-widget-image\" data-id=\"c8345c2\" data-element_type=\"widget\" data-e-type=\"widget\" data-widget_type=\"image.default\">\n\t\t\t\t<div class=\"elementor-widget-container\">\n\t\t\t\t\t\t\t\t\t\t\t\t\t\t\t<img loading=\"lazy\" decoding=\"async\" width=\"124\" height=\"124\" src=\"https:\/\/www.uprrp.edu\/oficina-comunicaciones\/wp-content\/uploads\/sites\/14\/2023\/04\/5.png\" class=\"attachment-thumbnail size-thumbnail wp-image-9398\" alt=\"numero 5\" \/>\t\t\t\t\t\t\t\t\t\t\t\t\t\t\t<\/div>\n\t\t\t\t<\/div>\n\t\t\t\t\t<\/div>\n\t\t<\/div>\n\t\t\t\t<div class=\"elementor-column elementor-col-50 elementor-top-column elementor-element elementor-element-fd7f085\" data-id=\"fd7f085\" data-element_type=\"column\" data-e-type=\"column\">\n\t\t\t<div class=\"elementor-widget-wrap elementor-element-populated\">\n\t\t\t\t\t\t<div class=\"elementor-element elementor-element-adba093 elementor-widget elementor-widget-text-editor\" data-id=\"adba093\" data-element_type=\"widget\" data-e-type=\"widget\" data-widget_type=\"text-editor.default\">\n\t\t\t\t<div class=\"elementor-widget-container\">\n\t\t\t\t\t\t\t\t\t<p><strong>Ninguna actividad o evento que no haya cumplido con el procedimiento establecido de notificaci\u00f3n previa ser\u00e1 reconocida como una actividad oficial del Recinto.<\/strong><\/p>\t\t\t\t\t\t\t\t<\/div>\n\t\t\t\t<\/div>\n\t\t\t\t\t<\/div>\n\t\t<\/div>\n\t\t\t\t\t<\/div>\n\t\t<\/section>\n\t\t\t\t<section class=\"elementor-section elementor-top-section elementor-element elementor-element-eafc9e0 elementor-section-boxed elementor-section-height-default elementor-section-height-default\" data-id=\"eafc9e0\" data-element_type=\"section\" data-e-type=\"section\">\n\t\t\t\t\t\t<div class=\"elementor-container elementor-column-gap-default\">\n\t\t\t\t\t<div class=\"elementor-column elementor-col-50 elementor-top-column elementor-element elementor-element-2f2968c\" data-id=\"2f2968c\" data-element_type=\"column\" data-e-type=\"column\">\n\t\t\t<div class=\"elementor-widget-wrap elementor-element-populated\">\n\t\t\t\t\t\t<div class=\"elementor-element elementor-element-431d4b9 elementor-widget elementor-widget-text-editor\" data-id=\"431d4b9\" data-element_type=\"widget\" data-e-type=\"widget\" data-widget_type=\"text-editor.default\">\n\t\t\t\t<div class=\"elementor-widget-container\">\n\t\t\t\t\t\t\t\t\t<p>Es importante recordar que para actividades y eventos que se lleven a cabo en el Recinto, patrocinados por entes externos o cuando el Recinto celebra actividades fuera del mismo, se deber\u00e1 cumplir con la presentaci\u00f3n de las p\u00f3lizas de seguros requeridas. Para informaci\u00f3n sobre el particular deber\u00e1 comunicarse con la Sra. Awilda V\u00e9lez, Oficial Administrativa de la Oficina de Finanzas, a la extensi\u00f3n 84370.<\/p><p><a href=\"https:\/\/www.uprrp.edu\/oficina-comunicaciones\/wp-content\/uploads\/sites\/14\/2023\/05\/Circular_Notificacion_previo_actividades_evento_Recinto.pdf\" target=\"_blank\" rel=\"noopener\">Carta Circular [+]<\/a><\/p>\t\t\t\t\t\t\t\t<\/div>\n\t\t\t\t<\/div>\n\t\t\t\t\t<\/div>\n\t\t<\/div>\n\t\t\t\t<div class=\"elementor-column elementor-col-50 elementor-top-column elementor-element elementor-element-dfd6784\" data-id=\"dfd6784\" data-element_type=\"column\" data-e-type=\"column\">\n\t\t\t<div class=\"elementor-widget-wrap elementor-element-populated\">\n\t\t\t\t\t\t<div class=\"elementor-element elementor-element-8137f21 elementor-view-stacked elementor-shape-circle elementor-position-block-start elementor-mobile-position-block-start elementor-widget elementor-widget-icon-box\" data-id=\"8137f21\" data-element_type=\"widget\" data-e-type=\"widget\" data-widget_type=\"icon-box.default\">\n\t\t\t\t<div class=\"elementor-widget-container\">\n\t\t\t\t\t\t\t<div class=\"elementor-icon-box-wrapper\">\n\n\t\t\t\t\t\t<div class=\"elementor-icon-box-icon\">\n\t\t\t\t<a href=\"https:\/\/www.uprrp.edu\/oficina-comunicaciones\/wp-content\/uploads\/sites\/14\/2023\/04\/HOJA-PARA-LA-NOTIFICACION-PREVIA-DE-ACTIVIDADES-O-EVENTOS-ENMENDADA.pdf\" target=\"_blank\" class=\"elementor-icon\" tabindex=\"-1\" aria-label=\"Descargar la Hoja\">\n\t\t\t\t<i aria-hidden=\"true\" class=\"fas fa-file-pdf\"><\/i>\t\t\t\t<\/a>\n\t\t\t<\/div>\n\t\t\t\n\t\t\t\t\t\t<div class=\"elementor-icon-box-content\">\n\n\t\t\t\t\t\t\t\t\t<h4 class=\"elementor-icon-box-title\">\n\t\t\t\t\t\t<a href=\"https:\/\/www.uprrp.edu\/oficina-comunicaciones\/wp-content\/uploads\/sites\/14\/2023\/04\/HOJA-PARA-LA-NOTIFICACION-PREVIA-DE-ACTIVIDADES-O-EVENTOS-ENMENDADA.pdf\" target=\"_blank\" >\n\t\t\t\t\t\t\tDescargar la Hoja\t\t\t\t\t\t<\/a>\n\t\t\t\t\t<\/h4>\n\t\t\t\t\n\t\t\t\t\t\t\t\t\t<p class=\"elementor-icon-box-description\">\n\t\t\t\t\t\tHoja de Notificaci\u00f3n Previa de Actividad o Evento [+]\t\t\t\t\t<\/p>\n\t\t\t\t\n\t\t\t<\/div>\n\t\t\t\n\t\t<\/div>\n\t\t\t\t\t\t<\/div>\n\t\t\t\t<\/div>\n\t\t\t\t\t<\/div>\n\t\t<\/div>\n\t\t\t\t\t<\/div>\n\t\t<\/section>\n\t\t\t\t<\/div>\n\t\t","protected":false},"excerpt":{"rendered":"<p>Notificaci\u00f3n previa de actividades o eventos en el Recinto que requieran apoyo de la Oficina de Comunicaciones (OC), Divisi\u00f3n de Seguridad y Manejo de Riesgos (DSMR), y la Oficina de &hellip; <\/p>\n","protected":false},"author":1,"featured_media":0,"parent":9158,"menu_order":0,"comment_status":"closed","ping_status":"closed","template":"","meta":{"_monsterinsights_skip_tracking":false,"_monsterinsights_sitenote_active":false,"_monsterinsights_sitenote_note":"","_monsterinsights_sitenote_category":0,"_FSMCFIC_featured_image_caption":"","_FSMCFIC_featured_image_nocaption":"","_FSMCFIC_featured_image_hide":"","footnotes":""},"class_list":["post-9157","page","type-page","status-publish","hentry"],"_links":{"self":[{"href":"https:\/\/www.uprrp.edu\/oficina-comunicaciones\/wp-json\/wp\/v2\/pages\/9157","targetHints":{"allow":["GET"]}}],"collection":[{"href":"https:\/\/www.uprrp.edu\/oficina-comunicaciones\/wp-json\/wp\/v2\/pages"}],"about":[{"href":"https:\/\/www.uprrp.edu\/oficina-comunicaciones\/wp-json\/wp\/v2\/types\/page"}],"author":[{"embeddable":true,"href":"https:\/\/www.uprrp.edu\/oficina-comunicaciones\/wp-json\/wp\/v2\/users\/1"}],"replies":[{"embeddable":true,"href":"https:\/\/www.uprrp.edu\/oficina-comunicaciones\/wp-json\/wp\/v2\/comments?post=9157"}],"version-history":[{"count":28,"href":"https:\/\/www.uprrp.edu\/oficina-comunicaciones\/wp-json\/wp\/v2\/pages\/9157\/revisions"}],"predecessor-version":[{"id":9425,"href":"https:\/\/www.uprrp.edu\/oficina-comunicaciones\/wp-json\/wp\/v2\/pages\/9157\/revisions\/9425"}],"up":[{"embeddable":true,"href":"https:\/\/www.uprrp.edu\/oficina-comunicaciones\/wp-json\/wp\/v2\/pages\/9158"}],"wp:attachment":[{"href":"https:\/\/www.uprrp.edu\/oficina-comunicaciones\/wp-json\/wp\/v2\/media?parent=9157"}],"curies":[{"name":"wp","href":"https:\/\/api.w.org\/{rel}","templated":true}]}}