{"id":9344,"date":"2022-11-28T14:35:52","date_gmt":"2022-11-28T18:35:52","guid":{"rendered":"https:\/\/www.uprrp.edu\/oficina-comunicaciones\/?page_id=9344"},"modified":"2025-09-29T09:54:52","modified_gmt":"2025-09-29T13:54:52","slug":"wordpress","status":"publish","type":"page","link":"https:\/\/www.uprrp.edu\/oficina-comunicaciones\/wordpress\/","title":{"rendered":"WordPress"},"content":{"rendered":"\t\t<div data-elementor-type=\"wp-page\" data-elementor-id=\"9344\" class=\"elementor elementor-9344\">\n\t\t\t\t\t\t<section class=\"elementor-section elementor-top-section elementor-element elementor-element-9a6ac44 elementor-section-boxed elementor-section-height-default elementor-section-height-default\" data-id=\"9a6ac44\" data-element_type=\"section\" data-e-type=\"section\">\n\t\t\t\t\t\t<div class=\"elementor-container elementor-column-gap-default\">\n\t\t\t\t\t<div class=\"elementor-column elementor-col-100 elementor-top-column elementor-element elementor-element-d6b3ccc\" data-id=\"d6b3ccc\" data-element_type=\"column\" data-e-type=\"column\">\n\t\t\t<div class=\"elementor-widget-wrap elementor-element-populated\">\n\t\t\t\t\t\t<div class=\"elementor-element elementor-element-6c0de47 elementor-widget elementor-widget-heading\" data-id=\"6c0de47\" data-element_type=\"widget\" data-e-type=\"widget\" data-widget_type=\"heading.default\">\n\t\t\t\t<div class=\"elementor-widget-container\">\n\t\t\t\t\t<h2 class=\"elementor-heading-title elementor-size-default\">Grabaciones Talleres de WordPress<\/h2>\t\t\t\t<\/div>\n\t\t\t\t<\/div>\n\t\t\t\t\t<\/div>\n\t\t<\/div>\n\t\t\t\t\t<\/div>\n\t\t<\/section>\n\t\t\t\t<section class=\"elementor-section elementor-top-section elementor-element elementor-element-b58aa8f elementor-section-boxed elementor-section-height-default elementor-section-height-default\" data-id=\"b58aa8f\" data-element_type=\"section\" data-e-type=\"section\">\n\t\t\t\t\t\t<div class=\"elementor-container elementor-column-gap-default\">\n\t\t\t\t\t<div class=\"elementor-column elementor-col-50 elementor-top-column elementor-element elementor-element-44bc242\" data-id=\"44bc242\" data-element_type=\"column\" data-e-type=\"column\">\n\t\t\t<div class=\"elementor-widget-wrap elementor-element-populated\">\n\t\t\t\t\t\t<div class=\"elementor-element elementor-element-9e87f51 elementor-widget elementor-widget-video\" data-id=\"9e87f51\" data-element_type=\"widget\" data-e-type=\"widget\" data-settings=\"{&quot;youtube_url&quot;:&quot;https:\\\/\\\/youtu.be\\\/Ug90qpEYQi0&quot;,&quot;video_type&quot;:&quot;youtube&quot;,&quot;controls&quot;:&quot;yes&quot;}\" data-widget_type=\"video.default\">\n\t\t\t\t<div class=\"elementor-widget-container\">\n\t\t\t\t\t\t\t<div class=\"elementor-wrapper elementor-open-inline\">\n\t\t\t<div class=\"elementor-video\"><\/div>\t\t<\/div>\n\t\t\t\t\t\t<\/div>\n\t\t\t\t<\/div>\n\t\t\t\t<div class=\"elementor-element elementor-element-7fc12cb elementor-widget elementor-widget-text-editor\" data-id=\"7fc12cb\" data-element_type=\"widget\" data-e-type=\"widget\" data-widget_type=\"text-editor.default\">\n\t\t\t\t<div class=\"elementor-widget-container\">\n\t\t\t\t\t\t\t\t\t<p><a href=\"https:\/\/www.uprrp.edu\/oficina-comunicaciones\/wp-content\/uploads\/sites\/14\/2023\/01\/Presentacio\u0301n-Wordpress-Dic2022.pdf\" target=\"_blank\" rel=\"noopener\">DESCARGA LA PRESENTACI\u00d3N [+]<\/a><\/p>\t\t\t\t\t\t\t\t<\/div>\n\t\t\t\t<\/div>\n\t\t\t\t\t<\/div>\n\t\t<\/div>\n\t\t\t\t<div class=\"elementor-column elementor-col-50 elementor-top-column elementor-element elementor-element-7ad3d78\" data-id=\"7ad3d78\" data-element_type=\"column\" data-e-type=\"column\">\n\t\t\t<div class=\"elementor-widget-wrap elementor-element-populated\">\n\t\t\t\t\t\t<div class=\"elementor-element elementor-element-08b0eec elementor-widget elementor-widget-video\" data-id=\"08b0eec\" data-element_type=\"widget\" data-e-type=\"widget\" data-settings=\"{&quot;youtube_url&quot;:&quot;https:\\\/\\\/youtu.be\\\/DeOmOegb7b0&quot;,&quot;video_type&quot;:&quot;youtube&quot;,&quot;controls&quot;:&quot;yes&quot;}\" data-widget_type=\"video.default\">\n\t\t\t\t<div class=\"elementor-widget-container\">\n\t\t\t\t\t\t\t<div class=\"elementor-wrapper elementor-open-inline\">\n\t\t\t<div class=\"elementor-video\"><\/div>\t\t<\/div>\n\t\t\t\t\t\t<\/div>\n\t\t\t\t<\/div>\n\t\t\t\t<div class=\"elementor-element elementor-element-08cad80 elementor-widget elementor-widget-text-editor\" data-id=\"08cad80\" data-element_type=\"widget\" data-e-type=\"widget\" data-widget_type=\"text-editor.default\">\n\t\t\t\t<div class=\"elementor-widget-container\">\n\t\t\t\t\t\t\t\t\t<p><a href=\"https:\/\/www.uprrp.edu\/oficina-comunicaciones\/wp-content\/uploads\/sites\/14\/2025\/09\/Presentacion-Wordpress-Sept2025.pdf\" target=\"_blank\" rel=\"noopener\">DESCARGA LA PRESENTACI\u00d3N [+]<\/a><\/p>\t\t\t\t\t\t\t\t<\/div>\n\t\t\t\t<\/div>\n\t\t\t\t\t<\/div>\n\t\t<\/div>\n\t\t\t\t\t<\/div>\n\t\t<\/section>\n\t\t\t\t<section class=\"elementor-section elementor-top-section elementor-element elementor-element-6525e88 elementor-section-boxed elementor-section-height-default elementor-section-height-default\" data-id=\"6525e88\" data-element_type=\"section\" data-e-type=\"section\">\n\t\t\t\t\t\t<div class=\"elementor-container elementor-column-gap-default\">\n\t\t\t\t\t<div class=\"elementor-column elementor-col-100 elementor-top-column elementor-element elementor-element-53bd976\" data-id=\"53bd976\" data-element_type=\"column\" data-e-type=\"column\">\n\t\t\t<div class=\"elementor-widget-wrap elementor-element-populated\">\n\t\t\t\t\t\t<div class=\"elementor-element elementor-element-2619a3c elementor-widget elementor-widget-spacer\" data-id=\"2619a3c\" data-element_type=\"widget\" data-e-type=\"widget\" data-widget_type=\"spacer.default\">\n\t\t\t\t<div class=\"elementor-widget-container\">\n\t\t\t\t\t\t\t<div class=\"elementor-spacer\">\n\t\t\t<div class=\"elementor-spacer-inner\"><\/div>\n\t\t<\/div>\n\t\t\t\t\t\t<\/div>\n\t\t\t\t<\/div>\n\t\t\t\t<div class=\"elementor-element elementor-element-2ec28ac elementor-widget-divider--view-line elementor-widget elementor-widget-divider\" data-id=\"2ec28ac\" data-element_type=\"widget\" data-e-type=\"widget\" data-widget_type=\"divider.default\">\n\t\t\t\t<div class=\"elementor-widget-container\">\n\t\t\t\t\t\t\t<div class=\"elementor-divider\">\n\t\t\t<span class=\"elementor-divider-separator\">\n\t\t\t\t\t\t<\/span>\n\t\t<\/div>\n\t\t\t\t\t\t<\/div>\n\t\t\t\t<\/div>\n\t\t\t\t\t<\/div>\n\t\t<\/div>\n\t\t\t\t\t<\/div>\n\t\t<\/section>\n\t\t\t\t<section class=\"elementor-section elementor-top-section elementor-element elementor-element-f0789dd elementor-section-boxed elementor-section-height-default elementor-section-height-default\" data-id=\"f0789dd\" data-element_type=\"section\" data-e-type=\"section\">\n\t\t\t\t\t\t<div class=\"elementor-container elementor-column-gap-default\">\n\t\t\t\t\t<div class=\"elementor-column elementor-col-33 elementor-top-column elementor-element elementor-element-5351fad\" data-id=\"5351fad\" data-element_type=\"column\" data-e-type=\"column\">\n\t\t\t<div class=\"elementor-widget-wrap elementor-element-populated\">\n\t\t\t\t\t\t<div class=\"elementor-element elementor-element-2ea3126 elementor-widget elementor-widget-heading\" data-id=\"2ea3126\" data-element_type=\"widget\" data-e-type=\"widget\" data-widget_type=\"heading.default\">\n\t\t\t\t<div class=\"elementor-widget-container\">\n\t\t\t\t\t<h2 class=\"elementor-heading-title elementor-size-default\">Plantillas y Logos RRP<\/h2>\t\t\t\t<\/div>\n\t\t\t\t<\/div>\n\t\t\t\t<div class=\"elementor-element elementor-element-44329e1 elementor-widget elementor-widget-image\" data-id=\"44329e1\" data-element_type=\"widget\" data-e-type=\"widget\" data-widget_type=\"image.default\">\n\t\t\t\t<div class=\"elementor-widget-container\">\n\t\t\t\t\t\t\t\t\t\t\t\t\t\t\t\t<a href=\"https:\/\/sistemaupr-my.sharepoint.com\/:f:\/g\/personal\/wilmarie_santiago2_upr_edu\/EgHcFw6RkHRJu7Q73U48dLEBBZ0TsKLVJoNYxIiWPD5f0w?e=piBf4Y\">\n\t\t\t\t\t\t\t<img fetchpriority=\"high\" decoding=\"async\" width=\"640\" height=\"360\" src=\"https:\/\/www.uprrp.edu\/oficina-comunicaciones\/wp-content\/uploads\/sites\/14\/2023\/01\/Logos-UPRRP-1024x576.png\" class=\"attachment-large size-large wp-image-9359\" alt=\"\" srcset=\"https:\/\/www.uprrp.edu\/oficina-comunicaciones\/wp-content\/uploads\/sites\/14\/2023\/01\/Logos-UPRRP-1024x576.png 1024w, https:\/\/www.uprrp.edu\/oficina-comunicaciones\/wp-content\/uploads\/sites\/14\/2023\/01\/Logos-UPRRP-300x169.png 300w, https:\/\/www.uprrp.edu\/oficina-comunicaciones\/wp-content\/uploads\/sites\/14\/2023\/01\/Logos-UPRRP-768x432.png 768w, https:\/\/www.uprrp.edu\/oficina-comunicaciones\/wp-content\/uploads\/sites\/14\/2023\/01\/Logos-UPRRP.png 1200w\" sizes=\"(max-width: 640px) 100vw, 640px\" \/>\t\t\t\t\t\t\t\t<\/a>\n\t\t\t\t\t\t\t\t\t\t\t\t\t\t\t<\/div>\n\t\t\t\t<\/div>\n\t\t\t\t\t<\/div>\n\t\t<\/div>\n\t\t\t\t<div class=\"elementor-column elementor-col-33 elementor-top-column elementor-element elementor-element-34b5d0c\" data-id=\"34b5d0c\" data-element_type=\"column\" data-e-type=\"column\">\n\t\t\t<div class=\"elementor-widget-wrap\">\n\t\t\t\t\t\t\t<\/div>\n\t\t<\/div>\n\t\t\t\t<div class=\"elementor-column elementor-col-33 elementor-top-column elementor-element elementor-element-d74f791\" data-id=\"d74f791\" data-element_type=\"column\" data-e-type=\"column\">\n\t\t\t<div class=\"elementor-widget-wrap elementor-element-populated\">\n\t\t\t\t\t\t<div class=\"elementor-element elementor-element-035f3cc elementor-widget elementor-widget-heading\" data-id=\"035f3cc\" data-element_type=\"widget\" data-e-type=\"widget\" data-widget_type=\"heading.default\">\n\t\t\t\t<div class=\"elementor-widget-container\">\n\t\t\t\t\t<h2 class=\"elementor-heading-title elementor-size-default\">Manual de Marca<\/h2>\t\t\t\t<\/div>\n\t\t\t\t<\/div>\n\t\t\t\t<div class=\"elementor-element elementor-element-6096b56 elementor-widget elementor-widget-text-editor\" data-id=\"6096b56\" data-element_type=\"widget\" data-e-type=\"widget\" data-widget_type=\"text-editor.default\">\n\t\t\t\t<div class=\"elementor-widget-container\">\n\t\t\t\t\t\t\t\t\t<p>El uso de los logos del recinto, estipulados en el Manual de Marca, es uno de car\u00e1cter exclusivo y oficial, de necesitar los mismos puede acceder a la secci\u00f3n de Plantillas y Logos y acceder con sus credenciales institucionales o hacer una solicitud por escrito a trav\u00e9s del correo electr\u00f3nico <a href=\"mailto:actividades.comunicaciones@upr.edu\">actividades.comunicaciones@upr.edu<\/a>, identificarse, proveer informaci\u00f3n de contacto e indicar el uso espec\u00edfico para el cual necesita el logo as\u00ed como el formato del mismo.<\/p>\t\t\t\t\t\t\t\t<\/div>\n\t\t\t\t<\/div>\n\t\t\t\t<div class=\"elementor-element elementor-element-cc37c31 elementor-align-center elementor-widget elementor-widget-button\" data-id=\"cc37c31\" data-element_type=\"widget\" data-e-type=\"widget\" data-widget_type=\"button.default\">\n\t\t\t\t<div class=\"elementor-widget-container\">\n\t\t\t\t\t\t\t\t\t<div class=\"elementor-button-wrapper\">\n\t\t\t\t\t<a class=\"elementor-button elementor-button-link elementor-size-sm\" href=\"https:\/\/www.uprrp.edu\/wp-content\/uploads\/2017\/01\/manual-marca-uprrp.pdf\">\n\t\t\t\t\t\t<span class=\"elementor-button-content-wrapper\">\n\t\t\t\t\t\t<span class=\"elementor-button-icon\">\n\t\t\t\t<i aria-hidden=\"true\" class=\"fas fa-file-download\"><\/i>\t\t\t<\/span>\n\t\t\t\t\t\t\t\t\t<span class=\"elementor-button-text\">Manual de Marca<\/span>\n\t\t\t\t\t<\/span>\n\t\t\t\t\t<\/a>\n\t\t\t\t<\/div>\n\t\t\t\t\t\t\t\t<\/div>\n\t\t\t\t<\/div>\n\t\t\t\t\t<\/div>\n\t\t<\/div>\n\t\t\t\t\t<\/div>\n\t\t<\/section>\n\t\t\t\t<section class=\"elementor-section elementor-top-section elementor-element elementor-element-73fe2bd elementor-section-boxed elementor-section-height-default elementor-section-height-default\" data-id=\"73fe2bd\" data-element_type=\"section\" data-e-type=\"section\">\n\t\t\t\t\t\t<div class=\"elementor-container elementor-column-gap-default\">\n\t\t\t\t\t<div class=\"elementor-column elementor-col-100 elementor-top-column elementor-element elementor-element-88ad4b4\" data-id=\"88ad4b4\" data-element_type=\"column\" data-e-type=\"column\">\n\t\t\t<div class=\"elementor-widget-wrap elementor-element-populated\">\n\t\t\t\t\t\t<div class=\"elementor-element elementor-element-ec65893 elementor-widget elementor-widget-spacer\" data-id=\"ec65893\" data-element_type=\"widget\" data-e-type=\"widget\" data-widget_type=\"spacer.default\">\n\t\t\t\t<div class=\"elementor-widget-container\">\n\t\t\t\t\t\t\t<div class=\"elementor-spacer\">\n\t\t\t<div class=\"elementor-spacer-inner\"><\/div>\n\t\t<\/div>\n\t\t\t\t\t\t<\/div>\n\t\t\t\t<\/div>\n\t\t\t\t<div class=\"elementor-element elementor-element-4716a75 elementor-widget elementor-widget-heading\" data-id=\"4716a75\" data-element_type=\"widget\" data-e-type=\"widget\" data-widget_type=\"heading.default\">\n\t\t\t\t<div class=\"elementor-widget-container\">\n\t\t\t\t\t<h2 class=\"elementor-heading-title elementor-size-default\">Gu\u00edas sobre Accesibilidad Digital<\/h2>\t\t\t\t<\/div>\n\t\t\t\t<\/div>\n\t\t\t\t<div class=\"elementor-element elementor-element-ee306ad elementor-widget elementor-widget-text-editor\" data-id=\"ee306ad\" data-element_type=\"widget\" data-e-type=\"widget\" data-widget_type=\"text-editor.default\">\n\t\t\t\t<div class=\"elementor-widget-container\">\n\t\t\t\t\t\t\t\t\t<ul><li><a href=\"https:\/\/www.uprrp.edu\/oficina-comunicaciones\/wp-content\/uploads\/sites\/14\/2023\/05\/Ley-229.pdf\" target=\"_blank\" rel=\"noopener\">Ley 229 &#8211; Ley para Garantizar el Acceso de Informaci\u00f3n a las Personas con Impedimentos<span class=\"Apple-converted-space\">\u00a0<\/span><\/a><\/li><li><a href=\"https:\/\/www.uprrp.edu\/oficina-comunicaciones\/wp-content\/uploads\/sites\/14\/2023\/05\/Auditoria-Accesibilidad-Digital-marzo-2023.pdf\" target=\"_blank\" rel=\"noopener\">Presentaci\u00f3n sobre Auditor\u00eda de Accesibilidad Digital<\/a><\/li><li><a href=\"https:\/\/www.uprrp.edu\/oficina-comunicaciones\/wp-content\/uploads\/sites\/14\/2023\/05\/Guia-basica_accesibilidad-UPR.pdf\" target=\"_blank\" rel=\"noopener\">Gu\u00eda b\u00e1sica de Accesibilidad Digital (Administraci\u00f3n Central UPR)<\/a><\/li><li><a href=\"https:\/\/www.uprrp.edu\/oficina-comunicaciones\/wp-content\/uploads\/sites\/14\/2023\/05\/Guias-de-Accesibilidad-de-la-Ley-229-PRATP.pdf\" target=\"_blank\" rel=\"noopener\">Gu\u00eda de Accesibilidad de la Ley 229 &#8211; Programa de Asistencia Tecnol\u00f3gica de Puerto Rico<\/a><\/li><\/ul>\t\t\t\t\t\t\t\t<\/div>\n\t\t\t\t<\/div>\n\t\t\t\t\t<\/div>\n\t\t<\/div>\n\t\t\t\t\t<\/div>\n\t\t<\/section>\n\t\t\t\t<\/div>\n\t\t","protected":false},"excerpt":{"rendered":"<p>Grabaciones Talleres de WordPress https:\/\/youtu.be\/Ug90qpEYQi0 DESCARGA LA PRESENTACI\u00d3N [+] https:\/\/youtu.be\/DeOmOegb7b0 DESCARGA LA PRESENTACI\u00d3N [+] Plantillas y Logos RRP Manual de Marca El uso de los logos del recinto, estipulados en &hellip; <\/p>\n","protected":false},"author":35,"featured_media":0,"parent":0,"menu_order":0,"comment_status":"closed","ping_status":"closed","template":"","meta":{"_monsterinsights_skip_tracking":false,"_monsterinsights_sitenote_active":false,"_monsterinsights_sitenote_note":"","_monsterinsights_sitenote_category":0,"_FSMCFIC_featured_image_caption":"","_FSMCFIC_featured_image_nocaption":"","_FSMCFIC_featured_image_hide":"","footnotes":""},"class_list":["post-9344","page","type-page","status-publish","hentry"],"_links":{"self":[{"href":"https:\/\/www.uprrp.edu\/oficina-comunicaciones\/wp-json\/wp\/v2\/pages\/9344","targetHints":{"allow":["GET"]}}],"collection":[{"href":"https:\/\/www.uprrp.edu\/oficina-comunicaciones\/wp-json\/wp\/v2\/pages"}],"about":[{"href":"https:\/\/www.uprrp.edu\/oficina-comunicaciones\/wp-json\/wp\/v2\/types\/page"}],"author":[{"embeddable":true,"href":"https:\/\/www.uprrp.edu\/oficina-comunicaciones\/wp-json\/wp\/v2\/users\/35"}],"replies":[{"embeddable":true,"href":"https:\/\/www.uprrp.edu\/oficina-comunicaciones\/wp-json\/wp\/v2\/comments?post=9344"}],"version-history":[{"count":35,"href":"https:\/\/www.uprrp.edu\/oficina-comunicaciones\/wp-json\/wp\/v2\/pages\/9344\/revisions"}],"predecessor-version":[{"id":9489,"href":"https:\/\/www.uprrp.edu\/oficina-comunicaciones\/wp-json\/wp\/v2\/pages\/9344\/revisions\/9489"}],"wp:attachment":[{"href":"https:\/\/www.uprrp.edu\/oficina-comunicaciones\/wp-json\/wp\/v2\/media?parent=9344"}],"curies":[{"name":"wp","href":"https:\/\/api.w.org\/{rel}","templated":true}]}}