{"id":10515,"date":"2023-10-17T12:32:08","date_gmt":"2023-10-17T12:32:08","guid":{"rendered":"https:\/\/www.uprrp.edu\/oficina-registrador\/?page_id=10515"},"modified":"2024-05-07T15:59:55","modified_gmt":"2024-05-07T15:59:55","slug":"oficina-de-veteranos","status":"publish","type":"page","link":"https:\/\/www.uprrp.edu\/oficina-registrador\/oficina-de-veteranos\/","title":{"rendered":"Oficina de Veteranos"},"content":{"rendered":"\t\t<div data-elementor-type=\"wp-page\" data-elementor-id=\"10515\" class=\"elementor elementor-10515\">\n\t\t\t\t\t\t<section class=\"elementor-section elementor-top-section elementor-element elementor-element-464f66c elementor-section-boxed elementor-section-height-default elementor-section-height-default\" data-id=\"464f66c\" data-element_type=\"section\" data-e-type=\"section\">\n\t\t\t\t\t\t<div class=\"elementor-container elementor-column-gap-default\">\n\t\t\t\t\t<div class=\"elementor-column elementor-col-25 elementor-top-column elementor-element elementor-element-bb14280\" data-id=\"bb14280\" data-element_type=\"column\" data-e-type=\"column\">\n\t\t\t<div class=\"elementor-widget-wrap elementor-element-populated\">\n\t\t\t\t\t\t<div class=\"elementor-element elementor-element-e51cc49 elementor-view-default elementor-position-block-start elementor-mobile-position-block-start elementor-widget elementor-widget-icon-box\" data-id=\"e51cc49\" data-element_type=\"widget\" data-e-type=\"widget\" data-widget_type=\"icon-box.default\">\n\t\t\t\t<div class=\"elementor-widget-container\">\n\t\t\t\t\t\t\t<div class=\"elementor-icon-box-wrapper\">\n\n\t\t\t\t\t\t<div class=\"elementor-icon-box-icon\">\n\t\t\t\t<a href=\"https:\/\/www.uprrp.edu\/oficina-registrador\/wp-content\/uploads\/sites\/17\/2023\/10\/REQUISITOS-PARA-SOLICITAR-BENEFICIOS-BAJO-LA-LEY-203-1.pdf\" target=\"_blank\" class=\"elementor-icon\" tabindex=\"-1\" aria-label=\"REQUISITOS\">\n\t\t\t\t<i aria-hidden=\"true\" class=\"fas fa-check-circle\"><\/i>\t\t\t\t<\/a>\n\t\t\t<\/div>\n\t\t\t\n\t\t\t\t\t\t<div class=\"elementor-icon-box-content\">\n\n\t\t\t\t\t\t\t\t\t<h3 class=\"elementor-icon-box-title\">\n\t\t\t\t\t\t<a href=\"https:\/\/www.uprrp.edu\/oficina-registrador\/wp-content\/uploads\/sites\/17\/2023\/10\/REQUISITOS-PARA-SOLICITAR-BENEFICIOS-BAJO-LA-LEY-203-1.pdf\" target=\"_blank\" >\n\t\t\t\t\t\t\tREQUISITOS\t\t\t\t\t\t<\/a>\n\t\t\t\t\t<\/h3>\n\t\t\t\t\n\t\t\t\t\t\t\t\t\t<p class=\"elementor-icon-box-description\">\n\t\t\t\t\t\tRequisitos para solicitar beneficios bajo la Ley 203 (Carta de Derechos del Veterano Puertorrique\u00f1o Siglo XXI)\t\t\t\t\t<\/p>\n\t\t\t\t\n\t\t\t<\/div>\n\t\t\t\n\t\t<\/div>\n\t\t\t\t\t\t<\/div>\n\t\t\t\t<\/div>\n\t\t\t\t\t<\/div>\n\t\t<\/div>\n\t\t\t\t<div class=\"elementor-column elementor-col-25 elementor-top-column elementor-element elementor-element-746a609\" data-id=\"746a609\" data-element_type=\"column\" data-e-type=\"column\">\n\t\t\t<div class=\"elementor-widget-wrap elementor-element-populated\">\n\t\t\t\t\t\t<div class=\"elementor-element elementor-element-8abf7bb elementor-view-default elementor-position-block-start elementor-mobile-position-block-start elementor-widget elementor-widget-icon-box\" data-id=\"8abf7bb\" data-element_type=\"widget\" data-e-type=\"widget\" data-widget_type=\"icon-box.default\">\n\t\t\t\t<div class=\"elementor-widget-container\">\n\t\t\t\t\t\t\t<div class=\"elementor-icon-box-wrapper\">\n\n\t\t\t\t\t\t<div class=\"elementor-icon-box-icon\">\n\t\t\t\t<a href=\"https:\/\/www.uprrp.edu\/oficina-registrador\/wp-content\/uploads\/sites\/17\/2023\/10\/Beneficios-del-GI-Bill-Capitulos-veteranos.pdf\" target=\"_blank\" class=\"elementor-icon\" tabindex=\"-1\" aria-label=\"BENEFICIOS\">\n\t\t\t\t<i aria-hidden=\"true\" class=\"fas fa-user-plus\"><\/i>\t\t\t\t<\/a>\n\t\t\t<\/div>\n\t\t\t\n\t\t\t\t\t\t<div class=\"elementor-icon-box-content\">\n\n\t\t\t\t\t\t\t\t\t<h3 class=\"elementor-icon-box-title\">\n\t\t\t\t\t\t<a href=\"https:\/\/www.uprrp.edu\/oficina-registrador\/wp-content\/uploads\/sites\/17\/2023\/10\/Beneficios-del-GI-Bill-Capitulos-veteranos.pdf\" target=\"_blank\" >\n\t\t\t\t\t\t\tBENEFICIOS\t\t\t\t\t\t<\/a>\n\t\t\t\t\t<\/h3>\n\t\t\t\t\n\t\t\t\t\t\t\t\t\t<p class=\"elementor-icon-box-description\">\n\t\t\t\t\t\tBeneficios de la Administraci\u00f3n de GI Bill\u00ae\t\t\t\t\t<\/p>\n\t\t\t\t\n\t\t\t<\/div>\n\t\t\t\n\t\t<\/div>\n\t\t\t\t\t\t<\/div>\n\t\t\t\t<\/div>\n\t\t\t\t\t<\/div>\n\t\t<\/div>\n\t\t\t\t<div class=\"elementor-column elementor-col-25 elementor-top-column elementor-element elementor-element-ce6453a\" data-id=\"ce6453a\" data-element_type=\"column\" data-e-type=\"column\">\n\t\t\t<div class=\"elementor-widget-wrap elementor-element-populated\">\n\t\t\t\t\t\t<div class=\"elementor-element elementor-element-05a3ba0 elementor-view-default elementor-position-block-start elementor-mobile-position-block-start elementor-widget elementor-widget-icon-box\" data-id=\"05a3ba0\" data-element_type=\"widget\" data-e-type=\"widget\" data-widget_type=\"icon-box.default\">\n\t\t\t\t<div class=\"elementor-widget-container\">\n\t\t\t\t\t\t\t<div class=\"elementor-icon-box-wrapper\">\n\n\t\t\t\t\t\t<div class=\"elementor-icon-box-icon\">\n\t\t\t\t<a href=\"https:\/\/www.uprrp.edu\/oficina-registrador\/wp-content\/uploads\/sites\/17\/2023\/10\/Responsabilidades-como-beneficiario-de-Veteranos-julio2021.pdf\" target=\"_blank\" class=\"elementor-icon\" tabindex=\"-1\" aria-label=\"RESPONSABILIDADES\">\n\t\t\t\t<i aria-hidden=\"true\" class=\"fas fa-hands-helping\"><\/i>\t\t\t\t<\/a>\n\t\t\t<\/div>\n\t\t\t\n\t\t\t\t\t\t<div class=\"elementor-icon-box-content\">\n\n\t\t\t\t\t\t\t\t\t<h3 class=\"elementor-icon-box-title\">\n\t\t\t\t\t\t<a href=\"https:\/\/www.uprrp.edu\/oficina-registrador\/wp-content\/uploads\/sites\/17\/2023\/10\/Responsabilidades-como-beneficiario-de-Veteranos-julio2021.pdf\" target=\"_blank\" >\n\t\t\t\t\t\t\tRESPONSABILIDADES\t\t\t\t\t\t<\/a>\n\t\t\t\t\t<\/h3>\n\t\t\t\t\n\t\t\t\t\t\t\t\t\t<p class=\"elementor-icon-box-description\">\n\t\t\t\t\t\tConoce las responsabilidades como beneficiario de veteranos\t\t\t\t\t<\/p>\n\t\t\t\t\n\t\t\t<\/div>\n\t\t\t\n\t\t<\/div>\n\t\t\t\t\t\t<\/div>\n\t\t\t\t<\/div>\n\t\t\t\t\t<\/div>\n\t\t<\/div>\n\t\t\t\t<div class=\"elementor-column elementor-col-25 elementor-top-column elementor-element elementor-element-74027c3\" data-id=\"74027c3\" data-element_type=\"column\" data-e-type=\"column\">\n\t\t\t<div class=\"elementor-widget-wrap elementor-element-populated\">\n\t\t\t\t\t\t<div class=\"elementor-element elementor-element-b47a93a elementor-view-default elementor-position-block-start elementor-mobile-position-block-start elementor-widget elementor-widget-icon-box\" data-id=\"b47a93a\" data-element_type=\"widget\" data-e-type=\"widget\" data-widget_type=\"icon-box.default\">\n\t\t\t\t<div class=\"elementor-widget-container\">\n\t\t\t\t\t\t\t<div class=\"elementor-icon-box-wrapper\">\n\n\t\t\t\t\t\t<div class=\"elementor-icon-box-icon\">\n\t\t\t\t<a href=\"https:\/\/www.uprrp.edu\/oficina-registrador\/wp-content\/uploads\/sites\/17\/2023\/10\/HOJA-Cotejo-documentos-GI-Bill-UPR-RP.pdf\" target=\"_blank\" class=\"elementor-icon\" tabindex=\"-1\" aria-label=\"HOJA DE COTEJO\">\n\t\t\t\t<i aria-hidden=\"true\" class=\"fas fa-file-contract\"><\/i>\t\t\t\t<\/a>\n\t\t\t<\/div>\n\t\t\t\n\t\t\t\t\t\t<div class=\"elementor-icon-box-content\">\n\n\t\t\t\t\t\t\t\t\t<h3 class=\"elementor-icon-box-title\">\n\t\t\t\t\t\t<a href=\"https:\/\/www.uprrp.edu\/oficina-registrador\/wp-content\/uploads\/sites\/17\/2023\/10\/HOJA-Cotejo-documentos-GI-Bill-UPR-RP.pdf\" target=\"_blank\" >\n\t\t\t\t\t\t\tHOJA DE COTEJO\t\t\t\t\t\t<\/a>\n\t\t\t\t\t<\/h3>\n\t\t\t\t\n\t\t\t\t\t\t\t\t\t<p class=\"elementor-icon-box-description\">\n\t\t\t\t\t\tHoja de cotejo de  verificaci\u00f3n de evidencias\t\t\t\t\t<\/p>\n\t\t\t\t\n\t\t\t<\/div>\n\t\t\t\n\t\t<\/div>\n\t\t\t\t\t\t<\/div>\n\t\t\t\t<\/div>\n\t\t\t\t\t<\/div>\n\t\t<\/div>\n\t\t\t\t\t<\/div>\n\t\t<\/section>\n\t\t\t\t<section class=\"elementor-section elementor-top-section elementor-element elementor-element-1c7affe elementor-section-boxed elementor-section-height-default elementor-section-height-default\" data-id=\"1c7affe\" data-element_type=\"section\" data-e-type=\"section\">\n\t\t\t\t\t\t<div class=\"elementor-container elementor-column-gap-default\">\n\t\t\t\t\t<div class=\"elementor-column elementor-col-100 elementor-top-column elementor-element elementor-element-762a830\" data-id=\"762a830\" data-element_type=\"column\" data-e-type=\"column\">\n\t\t\t<div class=\"elementor-widget-wrap elementor-element-populated\">\n\t\t\t\t\t\t<div class=\"elementor-element elementor-element-ecedbe6 elementor-widget elementor-widget-spacer\" data-id=\"ecedbe6\" data-element_type=\"widget\" data-e-type=\"widget\" data-widget_type=\"spacer.default\">\n\t\t\t\t<div class=\"elementor-widget-container\">\n\t\t\t\t\t\t\t<div class=\"elementor-spacer\">\n\t\t\t<div class=\"elementor-spacer-inner\"><\/div>\n\t\t<\/div>\n\t\t\t\t\t\t<\/div>\n\t\t\t\t<\/div>\n\t\t\t\t<div class=\"elementor-element elementor-element-d23d079 elementor-widget elementor-widget-text-editor\" data-id=\"d23d079\" data-element_type=\"widget\" data-e-type=\"widget\" data-widget_type=\"text-editor.default\">\n\t\t\t\t<div class=\"elementor-widget-container\">\n\t\t\t\t\t\t\t\t\t<div class=\"x_elementToProof\">The school is approved by the Puerto Rico State Approving Agency to provide academic training to the students under the various GI Bill\u00ae programs.<\/div><div aria-hidden=\"true\">\u00a0<\/div><div>GI Bill\u00ae is a registered trademark of the U.S. Department of Veterans Affairs (VA).<\/div><div aria-hidden=\"true\">\u00a0<\/div><div class=\"x_elementToProof\">GI Bill\u00ae es una marca registrada del Departamento de Asuntos de Veteranos de EE. UU. (VA). M\u00e1s informaci\u00f3n sobre los beneficios educativos ofrecidos por VA est\u00e1 disponible en el sitio web oficial del gobierno de los EE. UU. \u00a0en\u00a0<a id=\"OWAb1798e33-0491-8f5b-8972-511e6aea372d\" class=\"x_OWAAutoLink\" title=\"Original URL: http:\/\/benefits.va.gov\/gibill. Click or tap if you trust this link.\" href=\"https:\/\/benefits.va.gov\/gibill\/\" target=\"_blank\" rel=\"noopener noreferrer\" data-auth=\"Verified\" data-loopstyle=\"linkonly\" data-linkindex=\"0\">Benefits.va.gov\/gibill<\/a>\u00a0.<\/div>\t\t\t\t\t\t\t\t<\/div>\n\t\t\t\t<\/div>\n\t\t\t\t\t<\/div>\n\t\t<\/div>\n\t\t\t\t\t<\/div>\n\t\t<\/section>\n\t\t\t\t<\/div>\n\t\t","protected":false},"excerpt":{"rendered":"<p>REQUISITOS Requisitos para solicitar beneficios bajo la Ley 203 (Carta de Derechos del Veterano Puertorrique\u00f1o Siglo XXI) BENEFICIOS Beneficios de la Administraci\u00f3n de GI Bill\u00ae RESPONSABILIDADES Conoce las responsabilidades como beneficiario de veteranos HOJA DE COTEJO Hoja de cotejo de &hellip; <\/p>\n","protected":false},"author":35,"featured_media":0,"parent":0,"menu_order":0,"comment_status":"closed","ping_status":"closed","template":"","meta":{"_monsterinsights_skip_tracking":false,"_monsterinsights_sitenote_active":false,"_monsterinsights_sitenote_note":"","_monsterinsights_sitenote_category":0,"_FSMCFIC_featured_image_caption":"","_FSMCFIC_featured_image_nocaption":"","_FSMCFIC_featured_image_hide":"","footnotes":""},"class_list":["post-10515","page","type-page","status-publish","hentry"],"_links":{"self":[{"href":"https:\/\/www.uprrp.edu\/oficina-registrador\/wp-json\/wp\/v2\/pages\/10515","targetHints":{"allow":["GET"]}}],"collection":[{"href":"https:\/\/www.uprrp.edu\/oficina-registrador\/wp-json\/wp\/v2\/pages"}],"about":[{"href":"https:\/\/www.uprrp.edu\/oficina-registrador\/wp-json\/wp\/v2\/types\/page"}],"author":[{"embeddable":true,"href":"https:\/\/www.uprrp.edu\/oficina-registrador\/wp-json\/wp\/v2\/users\/35"}],"replies":[{"embeddable":true,"href":"https:\/\/www.uprrp.edu\/oficina-registrador\/wp-json\/wp\/v2\/comments?post=10515"}],"version-history":[{"count":18,"href":"https:\/\/www.uprrp.edu\/oficina-registrador\/wp-json\/wp\/v2\/pages\/10515\/revisions"}],"predecessor-version":[{"id":10945,"href":"https:\/\/www.uprrp.edu\/oficina-registrador\/wp-json\/wp\/v2\/pages\/10515\/revisions\/10945"}],"wp:attachment":[{"href":"https:\/\/www.uprrp.edu\/oficina-registrador\/wp-json\/wp\/v2\/media?parent=10515"}],"curies":[{"name":"wp","href":"https:\/\/api.w.org\/{rel}","templated":true}]}}