{"id":11114,"date":"2024-06-07T14:38:39","date_gmt":"2024-06-07T14:38:39","guid":{"rendered":"https:\/\/www.uprrp.edu\/oficina-registrador\/?page_id=11114"},"modified":"2025-02-18T20:18:18","modified_gmt":"2025-02-18T20:18:18","slug":"cursos","status":"publish","type":"page","link":"https:\/\/www.uprrp.edu\/oficina-registrador\/catalogos\/cursos\/","title":{"rendered":"Cursos"},"content":{"rendered":"\t\t<div data-elementor-type=\"wp-page\" data-elementor-id=\"11114\" class=\"elementor elementor-11114\">\n\t\t\t\t\t\t<section class=\"elementor-section elementor-top-section elementor-element elementor-element-69ba583c elementor-section-boxed elementor-section-height-default elementor-section-height-default\" data-id=\"69ba583c\" data-element_type=\"section\" data-e-type=\"section\">\n\t\t\t\t\t\t<div class=\"elementor-container elementor-column-gap-default\">\n\t\t\t\t\t<div class=\"elementor-column elementor-col-100 elementor-top-column elementor-element elementor-element-5b0f4970\" data-id=\"5b0f4970\" data-element_type=\"column\" data-e-type=\"column\">\n\t\t\t<div class=\"elementor-widget-wrap elementor-element-populated\">\n\t\t\t\t\t\t<div class=\"elementor-element elementor-element-588892d3 eael-simple-menu-hamburger-align-center eael_simple_menu_hamburger_disable_selected_menu_no eael-hamburger--tablet elementor-widget elementor-widget-eael-simple-menu\" data-id=\"588892d3\" data-element_type=\"widget\" data-e-type=\"widget\" data-widget_type=\"eael-simple-menu.default\">\n\t\t\t\t<div class=\"elementor-widget-container\">\n\t\t\t\t\t<style>\n                        @media screen and (max-width: 1024px) {\n                            .eael-hamburger--tablet {\n                                .eael-simple-menu-horizontal,\n                                .eael-simple-menu-vertical {\n                                    display: none;\n                                }\n                            }\n                            .eael-hamburger--tablet {\n                                .eael-simple-menu-container .eael-simple-menu-toggle {\n                                    display: block;\n                                }\n                            }\n                        }\n                    <\/style>            <div data-hamburger-icon=\"&lt;i aria-hidden=&quot;true&quot; class=&quot;fas fa-bars&quot;&gt;&lt;\/i&gt;\" data-indicator-icon=\"&lt;i aria-hidden=&quot;true&quot; class=&quot;fas fa-angle-down&quot;&gt;&lt;\/i&gt;\" data-dropdown-indicator-icon=\"&lt;i class=&quot;fas fa-angle-down&quot;&gt;&lt;\/i&gt;\" class=\"eael-simple-menu-container eael-simple-menu-align-center eael-simple-menu--stretch eael-simple-menu-dropdown-align-left preset-2\" data-hamburger-breakpoints=\"{&quot;mobile&quot;:&quot;M\\u00f3vil vertical (&gt; 767px)&quot;,&quot;tablet&quot;:&quot;Tableta vertical (&gt; 1024px)&quot;,&quot;desktop&quot;:&quot;Desktop (&gt; 2400px)&quot;,&quot;none&quot;:&quot;None&quot;}\" data-hamburger-device=\"tablet\">\n                <ul id=\"menu-catalogo\" class=\"eael-simple-menu eael-simple-menu-dropdown-animate-to-top eael-simple-menu-indicator eael-simple-menu-horizontal\"><li id=\"menu-item-11056\" class=\"menu-item menu-item-type-post_type menu-item-object-page menu-item-11056\"><a href=\"https:\/\/www.uprrp.edu\/oficina-registrador\/catalogos\/\">Inicio<\/a><\/li>\n<li id=\"menu-item-11094\" class=\"menu-item menu-item-type-post_type menu-item-object-page menu-item-11094\"><a href=\"https:\/\/www.uprrp.edu\/oficina-registrador\/catalogos\/facultades-y-escuelas\/\">Facultades y Escuelas<\/a><\/li>\n<li id=\"menu-item-11093\" class=\"menu-item menu-item-type-post_type menu-item-object-page menu-item-11093\"><a href=\"https:\/\/www.uprrp.edu\/oficina-registrador\/catalogos\/programas\/\">Programas<\/a><\/li>\n<li id=\"menu-item-11122\" class=\"menu-item menu-item-type-post_type menu-item-object-page menu-item-11122\"><a href=\"https:\/\/www.uprrp.edu\/oficina-registrador\/catalogos\/cursos\/\">Cursos<\/a><\/li>\n<li id=\"menu-item-11150\" class=\"menu-item menu-item-type-post_type menu-item-object-page menu-item-11150\"><a href=\"https:\/\/www.uprrp.edu\/oficina-registrador\/catalogos\/politicas-academicas\/\">Pol\u00edticas Acad\u00e9micas<\/a><\/li>\n<\/ul>                <button class=\"eael-simple-menu-toggle\">\n                    <span class=\"sr-only \">Hamburger Toggle Menu<\/span>\n                    <i aria-hidden=\"true\" class=\"fas fa-bars\"><\/i>                <\/button>\n            <\/div>\n            \t\t\t\t<\/div>\n\t\t\t\t<\/div>\n\t\t\t\t\t<\/div>\n\t\t<\/div>\n\t\t\t\t\t<\/div>\n\t\t<\/section>\n\t\t\t\t<section class=\"elementor-section elementor-top-section elementor-element elementor-element-3ddcb359 elementor-section-boxed elementor-section-height-default elementor-section-height-default\" data-id=\"3ddcb359\" data-element_type=\"section\" data-e-type=\"section\">\n\t\t\t\t\t\t<div class=\"elementor-container elementor-column-gap-default\">\n\t\t\t\t\t<div class=\"elementor-column elementor-col-100 elementor-top-column elementor-element elementor-element-c6fcd2b\" data-id=\"c6fcd2b\" data-element_type=\"column\" data-e-type=\"column\">\n\t\t\t<div class=\"elementor-widget-wrap elementor-element-populated\">\n\t\t\t\t\t\t<div class=\"elementor-element elementor-element-be7eb37 elementor-widget elementor-widget-text-editor\" data-id=\"be7eb37\" data-element_type=\"widget\" data-e-type=\"widget\" data-widget_type=\"text-editor.default\">\n\t\t\t\t<div class=\"elementor-widget-container\">\n\t\t\t\t\t\t\t\t\t<p data-start=\"0\" data-end=\"55\">\ud83d\udce2\u00a0<strong data-start=\"18\" data-end=\"50\">\u00a1Estamos trabajando en ello!<\/strong>\u00a0\ud83d\udea7<\/p><p data-start=\"57\" data-end=\"248\">Nuestra p\u00e1gina de cat\u00e1logo virtual est\u00e1 en desarrollo para ofrecerte la mejor experiencia. Mientras tanto, puedes acceder a la informaci\u00f3n completa descargando los cat\u00e1logos en formato PDF.<\/p><hr \/><p data-start=\"250\" data-end=\"308\">\ud83d\udce2\u00a0<strong data-start=\"368\" data-end=\"392\">We\u2019re working on it!<\/strong>\u00a0\ud83d\udea7<\/p><p data-start=\"250\" data-end=\"308\">Our virtual catalog page is under development to provide you with the best experience. In the meantime, you can access the full information by downloading the catalogs in PDF format.<\/p>\t\t\t\t\t\t\t\t<\/div>\n\t\t\t\t<\/div>\n\t\t\t\t\t<\/div>\n\t\t<\/div>\n\t\t\t\t\t<\/div>\n\t\t<\/section>\n\t\t<div class=\"elementor-element elementor-element-430c1aa e-grid e-con-boxed e-con e-parent\" data-id=\"430c1aa\" data-element_type=\"container\" data-e-type=\"container\">\n\t\t\t\t\t<div class=\"e-con-inner\">\n\t\t<div class=\"elementor-element elementor-element-19c4e04 e-flex e-con-boxed e-con e-child\" data-id=\"19c4e04\" data-element_type=\"container\" data-e-type=\"container\">\n\t\t\t\t\t<div class=\"e-con-inner\">\n\t\t\t\t<div class=\"elementor-element elementor-element-664bc5a elementor-widget elementor-widget-text-editor\" data-id=\"664bc5a\" data-element_type=\"widget\" data-e-type=\"widget\" data-widget_type=\"text-editor.default\">\n\t\t\t\t<div class=\"elementor-widget-container\">\n\t\t\t\t\t\t\t\t\t<p><div id=\"footable_parent_11135\"\n         class=\" footable_parent ninja_table_wrapper loading_ninja_table wp_table_data_press_parent semantic_ui \">\n                <table data-ninja_table_instance=\"ninja_table_instance_0\" data-footable_id=\"11135\" data-filter-delay=\"1000\" aria-label=\"Descripci\u00f3n de Cursos\"            id=\"footable_11135\"\n           data-unique_identifier=\"ninja_table_unique_id_520901647_11135\"\n           class=\" foo-table ninja_footable foo_table_11135 ninja_table_unique_id_520901647_11135 ui table  nt_type_ajax_table selectable striped vertical_centered  footable-paging-right\">\n                <colgroup>\n                            <col class=\"ninja_column_0 \">\n                            <col class=\"ninja_column_1 \">\n                            <col class=\"ninja_column_2 \">\n                            <col class=\"ninja_column_3 xs sm md lg\">\n                            <col class=\"ninja_column_4 xs sm md lg\">\n                            <col class=\"ninja_column_5 xs sm md lg\">\n                    <\/colgroup>\n            <\/table>\n    \n    \n    \n<\/div>\n<\/p>\t\t\t\t\t\t\t\t<\/div>\n\t\t\t\t<\/div>\n\t\t\t\t\t<\/div>\n\t\t\t\t<\/div>\n\t\t\t\t\t<\/div>\n\t\t\t\t<\/div>\n\t\t\t\t<\/div>\n\t\t","protected":false},"excerpt":{"rendered":"<p>@media screen and (max-width: 1024px) { .eael-hamburger&#8211;tablet { .eael-simple-menu-horizontal, .eael-simple-menu-vertical { display: none; } } .eael-hamburger&#8211;tablet { .eael-simple-menu-container .eael-simple-menu-toggle { display: block; } } } Inicio Facultades y Escuelas Programas Cursos Pol\u00edticas Acad\u00e9micas Hamburger Toggle Menu \ud83d\udce2\u00a0\u00a1Estamos trabajando en ello!\u00a0\ud83d\udea7 &hellip; <\/p>\n","protected":false},"author":58,"featured_media":0,"parent":11048,"menu_order":3,"comment_status":"closed","ping_status":"closed","template":"","meta":{"_monsterinsights_skip_tracking":false,"_monsterinsights_sitenote_active":false,"_monsterinsights_sitenote_note":"","_monsterinsights_sitenote_category":0,"_FSMCFIC_featured_image_caption":"","_FSMCFIC_featured_image_nocaption":"","_FSMCFIC_featured_image_hide":"","footnotes":""},"class_list":["post-11114","page","type-page","status-publish","hentry"],"_links":{"self":[{"href":"https:\/\/www.uprrp.edu\/oficina-registrador\/wp-json\/wp\/v2\/pages\/11114","targetHints":{"allow":["GET"]}}],"collection":[{"href":"https:\/\/www.uprrp.edu\/oficina-registrador\/wp-json\/wp\/v2\/pages"}],"about":[{"href":"https:\/\/www.uprrp.edu\/oficina-registrador\/wp-json\/wp\/v2\/types\/page"}],"author":[{"embeddable":true,"href":"https:\/\/www.uprrp.edu\/oficina-registrador\/wp-json\/wp\/v2\/users\/58"}],"replies":[{"embeddable":true,"href":"https:\/\/www.uprrp.edu\/oficina-registrador\/wp-json\/wp\/v2\/comments?post=11114"}],"version-history":[{"count":8,"href":"https:\/\/www.uprrp.edu\/oficina-registrador\/wp-json\/wp\/v2\/pages\/11114\/revisions"}],"predecessor-version":[{"id":11772,"href":"https:\/\/www.uprrp.edu\/oficina-registrador\/wp-json\/wp\/v2\/pages\/11114\/revisions\/11772"}],"up":[{"embeddable":true,"href":"https:\/\/www.uprrp.edu\/oficina-registrador\/wp-json\/wp\/v2\/pages\/11048"}],"wp:attachment":[{"href":"https:\/\/www.uprrp.edu\/oficina-registrador\/wp-json\/wp\/v2\/media?parent=11114"}],"curies":[{"name":"wp","href":"https:\/\/api.w.org\/{rel}","templated":true}]}}