{"id":9056,"date":"2022-08-08T12:55:10","date_gmt":"2022-08-08T12:55:10","guid":{"rendered":"https:\/\/www.uprrp.edu\/oficina-registrador\/?page_id=9056"},"modified":"2023-01-04T20:21:00","modified_gmt":"2023-01-04T20:21:00","slug":"para-profesores","status":"publish","type":"page","link":"https:\/\/www.uprrp.edu\/oficina-registrador\/para-profesores\/","title":{"rendered":"Para Profesores"},"content":{"rendered":"\t\t<div data-elementor-type=\"wp-page\" data-elementor-id=\"9056\" class=\"elementor elementor-9056\">\n\t\t\t\t\t\t<section class=\"elementor-section elementor-top-section elementor-element elementor-element-f382cb8 elementor-section-boxed elementor-section-height-default elementor-section-height-default\" data-id=\"f382cb8\" data-element_type=\"section\" data-e-type=\"section\">\n\t\t\t\t\t\t<div class=\"elementor-container elementor-column-gap-default\">\n\t\t\t\t\t<div class=\"elementor-column elementor-col-100 elementor-top-column elementor-element elementor-element-a1e5b0f\" data-id=\"a1e5b0f\" data-element_type=\"column\" data-e-type=\"column\">\n\t\t\t<div class=\"elementor-widget-wrap elementor-element-populated\">\n\t\t\t\t\t\t<div class=\"elementor-element elementor-element-271d68f elementor-tabs-view-vertical elementor-widget elementor-widget-tabs\" data-id=\"271d68f\" data-element_type=\"widget\" data-e-type=\"widget\" data-widget_type=\"tabs.default\">\n\t\t\t\t<div class=\"elementor-widget-container\">\n\t\t\t\t\t\t\t<div class=\"elementor-tabs\">\n\t\t\t<div class=\"elementor-tabs-wrapper\" role=\"tablist\" >\n\t\t\t\t\t\t\t\t\t<div id=\"elementor-tab-title-4101\" class=\"elementor-tab-title elementor-tab-desktop-title\" aria-selected=\"true\" data-tab=\"1\" role=\"tab\" tabindex=\"0\" aria-controls=\"elementor-tab-content-4101\" aria-expanded=\"false\">Gu\u00eda para Profesores (Notas)<\/div>\n\t\t\t\t\t\t\t\t\t<div id=\"elementor-tab-title-4102\" class=\"elementor-tab-title elementor-tab-desktop-title\" aria-selected=\"false\" data-tab=\"2\" role=\"tab\" tabindex=\"-1\" aria-controls=\"elementor-tab-content-4102\" aria-expanded=\"false\">Gu\u00eda para Profesores (Asistencia)<\/div>\n\t\t\t\t\t\t\t\t\t<div id=\"elementor-tab-title-4103\" class=\"elementor-tab-title elementor-tab-desktop-title\" aria-selected=\"false\" data-tab=\"3\" role=\"tab\" tabindex=\"-1\" aria-controls=\"elementor-tab-content-4103\" aria-expanded=\"false\">Gu\u00eda para Profesores (Remoci\u00f3n de Incompletos)<\/div>\n\t\t\t\t\t\t\t\t\t<div id=\"elementor-tab-title-4104\" class=\"elementor-tab-title elementor-tab-desktop-title\" aria-selected=\"false\" data-tab=\"4\" role=\"tab\" tabindex=\"-1\" aria-controls=\"elementor-tab-content-4104\" aria-expanded=\"false\">Que hacer en caso de...<\/div>\n\t\t\t\t\t\t\t<\/div>\n\t\t\t<div class=\"elementor-tabs-content-wrapper\" role=\"tablist\" aria-orientation=\"vertical\">\n\t\t\t\t\t\t\t\t\t<div class=\"elementor-tab-title elementor-tab-mobile-title\" aria-selected=\"true\" data-tab=\"1\" role=\"tab\" tabindex=\"0\" aria-controls=\"elementor-tab-content-4101\" aria-expanded=\"false\">Gu\u00eda para Profesores (Notas)<\/div>\n\t\t\t\t\t<div id=\"elementor-tab-content-4101\" class=\"elementor-tab-content elementor-clearfix\" data-tab=\"1\" role=\"tabpanel\" aria-labelledby=\"elementor-tab-title-4101\" tabindex=\"0\" hidden=\"false\"><p>Se presentan las instrucciones para el registro de las calificaciones finales.\u00a0 Este proceso se realiza desde el portal\u00a0 <a href=\"https:\/\/portal.upr.edu\/\" target=\"_blank\" rel=\"noopener noreferrer\"><b><i>https:\/\/portal.upr.edu<\/i><\/b><\/a> Para tener acceso al portal se utilizar\u00e1 el correo institucional asignado a cada profesor y que us\u00f3 en los procesos de asistencia del semestre.<\/p><p>El usuario podr\u00e1 acceder a las <strong>Listas de Calificaciones Finales<\/strong> oprimiendo el enlace <em>GRADE SUBMISSION<\/em>.\u00a0\u00a0Usar\u00e1 el esquema de nota oprimiendo el encasillado llamado \u201cgrade\u201d para seleccionar la calificaci\u00f3n que asignar\u00e1 a cada estudiante.\u00a0\u00a0Una vez califique a todos los estudiantes de una secci\u00f3n en forma final, oprimir\u00e1 el bot\u00f3n \u201c<em>SUBMIT<\/em>\u201d para cada curso.\u00a0\u00a0Recibir\u00e1 un correo electr\u00f3nico en su cuenta como confirmaci\u00f3n por cada secci\u00f3n radicada.\u00a0\u00a0En la parte superior de la pantalla se presentar\u00e1 todo mensaje informativo de inter\u00e9s y orientaci\u00f3n.<\/p><p>Nota: Una vez que oprima el bot\u00f3n \u201c<em>SUBMIT<\/em>\u201d no puede realizar m\u00e1s cambios a las Listas de Calificaciones Finales para la secci\u00f3n especificada.\u00a0\u00a0Revise bien antes de someter las mismas.\u00a0\u00a0Recuerde: debe oprimir este bot\u00f3n para radicar oficialmente sus notas secci\u00f3n a secci\u00f3n. Tan pronto complete este proceso, de aqu\u00ed en adelante al lado de cada nota aparecer\u00e1 un peque\u00f1o candado de evidencia de lista sometida no sujeta a cambios.<\/p><p><a href=\"https:\/\/www.uprrp.edu\/wp-content\/uploads\/2015\/12\/GUIA-PARA-PROFESORES-PARA-LISTA-FINAL-DE-NOTAS.pdf\" target=\"_blank\" rel=\"noopener\">Ver tutorial imprimible [+]<\/a><\/p><p><a href=\"https:\/\/drive.google.com\/file\/d\/0B26OjKdKlsDQVDNOcnBFX3dRQzg\/view?resourcekey=0-TKHxvjlNH9-Cw_Bcac0ZdQ\" target=\"_blank\" rel=\"noopener\">Ver video tutorial [+]<\/a><\/p><p>\u00a0<\/p><p><a href=\"https:\/\/www.uprrp.edu\/oficina-registrador\/wp-content\/uploads\/sites\/17\/2022\/08\/next-profesores.jpeg\"><img fetchpriority=\"high\" decoding=\"async\" class=\"wp-image-9377 size-large aligncenter\" src=\"https:\/\/www.uprrp.edu\/oficina-registrador\/wp-content\/uploads\/sites\/17\/2022\/08\/next-profesores-791x1024.jpeg\" alt=\"\" width=\"791\" height=\"1024\" srcset=\"https:\/\/www.uprrp.edu\/oficina-registrador\/wp-content\/uploads\/sites\/17\/2022\/08\/next-profesores-791x1024.jpeg 791w, https:\/\/www.uprrp.edu\/oficina-registrador\/wp-content\/uploads\/sites\/17\/2022\/08\/next-profesores-232x300.jpeg 232w, https:\/\/www.uprrp.edu\/oficina-registrador\/wp-content\/uploads\/sites\/17\/2022\/08\/next-profesores-768x994.jpeg 768w, https:\/\/www.uprrp.edu\/oficina-registrador\/wp-content\/uploads\/sites\/17\/2022\/08\/next-profesores.jpeg 958w\" sizes=\"(max-width: 791px) 100vw, 791px\" \/><\/a><\/p><\/div>\n\t\t\t\t\t\t\t\t\t<div class=\"elementor-tab-title elementor-tab-mobile-title\" aria-selected=\"false\" data-tab=\"2\" role=\"tab\" tabindex=\"-1\" aria-controls=\"elementor-tab-content-4102\" aria-expanded=\"false\">Gu\u00eda para Profesores (Asistencia)<\/div>\n\t\t\t\t\t<div id=\"elementor-tab-content-4102\" class=\"elementor-tab-content elementor-clearfix\" data-tab=\"2\" role=\"tabpanel\" aria-labelledby=\"elementor-tab-title-4102\" tabindex=\"0\" hidden=\"hidden\"><p><strong>Pasos para el Profesor \u00ad- Asistencia a Clases\u00a0<\/strong><\/p><p>Se recomienda entrar al portal utilizando Firefox, Chrome o Safari<\/p><p>Nota: Pueden acceder el <a href=\"https:\/\/portal.upr.edu\/uprrp\/portal.php?a=rea_login\"><strong>Portal NEXT<\/strong><\/a> desde cualquier lugar con conexi\u00f3n a internet y utilizar cualquier dispositivo (laptop, tablet, tel\u00e9fonos inteligentes). Acceder al sistema utilizando el siguiente enlace: <a href=\"https:\/\/portal.upr.edu\/uprrp\/portal.php?a=rea_login\">portal.upr.edu.<\/a><\/p><ol><li>Acceda utilizando las credenciales del correo electr\u00f3nico Institucional @upr.edu.\u00a0<\/li><li>Dar \u201cclick\u201d sobre el icono \u201cMy Courses\u201d<\/li><li>En la pantalla de My Courses encontrar\u00e1 todos sus cursos. De un click sobre el curso secci\u00f3n para el cual desea reportar asistencia a clases.<\/li><li>Del panel de la izquierda, seleccione la opci\u00f3n \u201cReport Attendance\u201d para ver la lista de estudiantes en el curso.<\/li><li>Ingrese la informaci\u00f3n correspondiente.<\/li><li>Al finalizar, presione el bot\u00f3n de Submit.<\/li><li>Para registrar asistencia a otro curso\u00ad secci\u00f3n, seleccionar \u201cView Courses\u201d de la secci\u00f3n \u201cTeaching\u201d del panel de la izquierda y dar \u201cclick\u201d sobre el curso que corresponda. Repetir los pasos.<\/li><li>Cada vez que el profesor presiona el bot\u00f3n de \u201cSubmit\u201d recibir\u00e1 un \u201cemail\u201d como evidencia de su tr\u00e1mite y el sistema guarda un recibo con la informaci\u00f3n enviada por \u201cemail\u201d.<\/li><\/ol><p>\u00a0<\/p><p><a href=\"https:\/\/www.uprrp.edu\/wp-content\/uploads\/2015\/09\/GUIA_PROFESORES_LISTA_ASISTENCIA.pdf\" target=\"_blank\" rel=\"noopener\">Ver versi\u00f3n imprimible [+]<\/a><\/p><p><a href=\"https:\/\/portal.upr.edu\/static\/Lista_de_Asistencia\/\" target=\"_blank\" rel=\"noopener\">Ver video tutorial [+]<\/a><\/p><\/div>\n\t\t\t\t\t\t\t\t\t<div class=\"elementor-tab-title elementor-tab-mobile-title\" aria-selected=\"false\" data-tab=\"3\" role=\"tab\" tabindex=\"-1\" aria-controls=\"elementor-tab-content-4103\" aria-expanded=\"false\">Gu\u00eda para Profesores (Remoci\u00f3n de Incompletos)<\/div>\n\t\t\t\t\t<div id=\"elementor-tab-content-4103\" class=\"elementor-tab-content elementor-clearfix\" data-tab=\"3\" role=\"tabpanel\" aria-labelledby=\"elementor-tab-title-4103\" tabindex=\"0\" hidden=\"hidden\"><p><strong>Pasos para Remoci\u00f3n de Incompletos<\/strong><\/p><p>Los pasos deben seguirse en estricto orden. <strong>NO debe continuar con el siguiente paso hasta que haya completado el paso anterior en su totalidad. <\/strong><\/p><ol><li>Para acceder la pantalla de remoci\u00f3n de incompletos debe presionar el icono de My Courses<\/li><li>Si el profesor otorg\u00f3 incompletos para el term configurado le aparecer\u00e1 un link en el men\u00fa de la izquierda con el nombre de \u201cRemove Incomplete Grades\u201d. De lo contrario, el profesor NO ver\u00e1 el enlace.<\/li><li>Para ver la lista de estudiantes que tienen incompletos pendientes por remover, seleccione el link \u201cRemove Incomplete Grades\u201d.<\/li><li>En la pr\u00f3xima pantalla, el sistema le presenta TODOS los estudiantes con incompletos para el term configurado.<\/li><li>Para remover incompletos el profesor deber\u00e1 seleccionar la nota correspondiente al estudiante en la columna de Grade. Al finalizar debe presionar el bot\u00f3n de Submit.<ul><li><strong>NOTA<\/strong>: Incompletos removidos previamente por el profesor o por registro NO pueden ser modificados por el profesor. Estos se identifican con un candado (lock) al lado de la nota.<\/li><\/ul><\/li><li>Someter listas. Al someter las listas ocurre lo siguiente:<ul><li>El profesor recibir\u00e1 correo electr\u00f3nico. El correo electr\u00f3nico presenta la lista de los estudiantes con las notas sometidas al momento. El subject del email es: UPRSIS][REMOVE INCOMPLETE GRADE REPORT]<\/li><li>Para incompletos removidos aparecer\u00e1 el mensaje Incomplete Removed from I? to ?\u00a0<\/li><li>Para incompletos pendientes por remover aparecer\u00e1 el mensaje: Incomplete not Removed: ID\u00a0<\/li><li>Para incompletos previamente removidos aparecer\u00e1 el mensaje: Incomplete already been Removed: A<\/li><\/ul><\/li><\/ol><p><strong>NOTA<\/strong>: Una vez removido el incompleto, el profesor NO puede volver a realizar cambios aunque el periodo de remoci\u00f3n de incompletos est\u00e9 abierto. Cualquier cambio de nota posterior debe realizarse a trav\u00e9s de la oficina de Registro utilizando el proceso regular de carta de Cambio de Nota.<\/p><p>\u00a0<\/p><p><a href=\"https:\/\/www.uprrp.edu\/wp-content\/uploads\/2015\/11\/GUIA-PARA-EL-PROFESOR-REMOCION-DE-INCOMPLETOS-Rev.pdf\" target=\"_blank\" rel=\"noopener\">Ver tutorial imprimible [+]<\/a><\/p><\/div>\n\t\t\t\t\t\t\t\t\t<div class=\"elementor-tab-title elementor-tab-mobile-title\" aria-selected=\"false\" data-tab=\"4\" role=\"tab\" tabindex=\"-1\" aria-controls=\"elementor-tab-content-4104\" aria-expanded=\"false\">Que hacer en caso de...<\/div>\n\t\t\t\t\t<div id=\"elementor-tab-content-4104\" class=\"elementor-tab-content elementor-clearfix\" data-tab=\"4\" role=\"tabpanel\" aria-labelledby=\"elementor-tab-title-4104\" tabindex=\"0\" hidden=\"hidden\"><h2>Que hacer en caso de\u2026<\/h2><table class=\"tg\"><tbody><tr><th class=\"tg-jrmm\">Situaci\u00f3n<\/th><th class=\"tg-jrmm\">Acci\u00f3n<\/th><\/tr><tr><td class=\"tg-031e\"><ul><li>Si un profesor no tiene cuenta de correo electr\u00f3nico oficial.<\/li><\/ul><\/td><td class=\"tg-031e\"><p>Hacer orden de servicio a trav\u00e9s de:<\/p><ul><li>Tel\u00e9fono 787-764-0000 Ext. 80400<\/li><li><a href=\"https:\/\/dtaa.uprrp.edu\/help-desk\/\">https:\/\/dtaa.uprrp.edu\/help-desk\/<\/a><\/li><\/ul><\/td><\/tr><tr><td class=\"tg-031e\"><ul><li>Tiene cuenta de correo electr\u00f3nico oficial, pero no recuerda la contrase\u00f1a<\/li><\/ul><\/td><td class=\"tg-031e\"><p>Hacer orden de servicio a trav\u00e9s de:<\/p><ul><li>Tel\u00e9fono 787-764-0000 Ext. 80400<\/li><li><a href=\"https:\/\/dtaa.uprrp.edu\/help-desk\/\">https:\/\/dtaa.uprrp.edu\/help-desk\/<\/a><\/li><\/ul><\/td><\/tr><tr><td class=\"tg-031e\"><ul><li>Al oprimir el icono \u201cMy Courses\u201d no le muestra los cursos\/secciones que usted ofrece.<\/li><\/ul><\/td><td class=\"tg-031e\">Contactar al director de su departamento, para aclarar la situaci\u00f3n<\/td><\/tr><tr><td class=\"tg-031e\"><ul><li>El sistema muestra cursos\/secciones que usted no ofrece<\/li><\/ul><\/td><td class=\"tg-031e\">Contactar al director de su departamento, para aclarar la situaci\u00f3n<\/td><\/tr><tr><td class=\"tg-031e\"><ul><li>La lista del curso\/secci\u00f3n en que va a registrar la asistencia, no muestra todos los estudiantes que est\u00e1n asistiendo.<\/li><\/ul><\/td><td class=\"tg-031e\">Referir los casos a la Oficina del Registrador o enviar correo electr\u00f3nico a <a href=\"mailto:registrador.notas@upr.edu\">registrador.notas@upr.edu<\/a><\/td><\/tr><\/tbody><\/table><\/div>\n\t\t\t\t\t\t\t<\/div>\n\t\t<\/div>\n\t\t\t\t\t\t<\/div>\n\t\t\t\t<\/div>\n\t\t\t\t\t<\/div>\n\t\t<\/div>\n\t\t\t\t\t<\/div>\n\t\t<\/section>\n\t\t\t\t<\/div>\n\t\t","protected":false},"excerpt":{"rendered":"<p>\/*! elementor &#8211; v3.9.2 &#8211; 21-12-2022 *\/ .elementor-widget-tabs.elementor-tabs-view-vertical .elementor-tabs-wrapper{width:25%;flex-shrink:0}.elementor-widget-tabs.elementor-tabs-view-vertical .elementor-tab-desktop-title.elementor-active{border-right-style:none}.elementor-widget-tabs.elementor-tabs-view-vertical .elementor-tab-desktop-title.elementor-active:after,.elementor-widget-tabs.elementor-tabs-view-vertical .elementor-tab-desktop-title.elementor-active:before{height:999em;width:0;right:0;border-right-style:solid}.elementor-widget-tabs.elementor-tabs-view-vertical .elementor-tab-desktop-title.elementor-active:before{top:0;transform:translateY(-100%)}.elementor-widget-tabs.elementor-tabs-view-vertical .elementor-tab-desktop-title.elementor-active:after{top:100%}.elementor-widget-tabs.elementor-tabs-view-horizontal .elementor-tab-desktop-title{display:table-cell}.elementor-widget-tabs.elementor-tabs-view-horizontal .elementor-tab-desktop-title.elementor-active{border-bottom-style:none}.elementor-widget-tabs.elementor-tabs-view-horizontal .elementor-tab-desktop-title.elementor-active:after,.elementor-widget-tabs.elementor-tabs-view-horizontal .elementor-tab-desktop-title.elementor-active:before{bottom:0;height:0;width:999em;border-bottom-style:solid}.elementor-widget-tabs.elementor-tabs-view-horizontal .elementor-tab-desktop-title.elementor-active:before{right:100%}.elementor-widget-tabs.elementor-tabs-view-horizontal .elementor-tab-desktop-title.elementor-active:after{left:100%}.elementor-widget-tabs .elementor-tab-content,.elementor-widget-tabs .elementor-tab-title,.elementor-widget-tabs .elementor-tab-title:after,.elementor-widget-tabs .elementor-tab-title:before,.elementor-widget-tabs .elementor-tabs-content-wrapper{border:1px #d4d4d4}.elementor-widget-tabs .elementor-tabs{text-align:left}.elementor-widget-tabs .elementor-tabs-wrapper{overflow:hidden}.elementor-widget-tabs .elementor-tab-title{cursor:pointer;outline:var(&#8211;focus-outline,none)}.elementor-widget-tabs .elementor-tab-desktop-title{position:relative;padding:20px 25px;font-weight:700;line-height:1;border:solid transparent}.elementor-widget-tabs .elementor-tab-desktop-title.elementor-active{border-color:#d4d4d4}.elementor-widget-tabs .elementor-tab-desktop-title.elementor-active:after,.elementor-widget-tabs .elementor-tab-desktop-title.elementor-active:before{display:block;content:\u00bb\u00bb;position:absolute}.elementor-widget-tabs .elementor-tab-desktop-title:focus-visible{border:1px solid #000}.elementor-widget-tabs .elementor-tab-mobile-title{padding:10px;cursor:pointer}.elementor-widget-tabs .elementor-tab-content{padding:20px;display:none}@media &hellip; <\/p>\n","protected":false},"author":35,"featured_media":0,"parent":0,"menu_order":0,"comment_status":"closed","ping_status":"closed","template":"","meta":{"_monsterinsights_skip_tracking":false,"_monsterinsights_sitenote_active":false,"_monsterinsights_sitenote_note":"","_monsterinsights_sitenote_category":0,"_FSMCFIC_featured_image_caption":"","_FSMCFIC_featured_image_nocaption":null,"_FSMCFIC_featured_image_hide":null,"footnotes":""},"class_list":["post-9056","page","type-page","status-publish","hentry"],"_links":{"self":[{"href":"https:\/\/www.uprrp.edu\/oficina-registrador\/wp-json\/wp\/v2\/pages\/9056","targetHints":{"allow":["GET"]}}],"collection":[{"href":"https:\/\/www.uprrp.edu\/oficina-registrador\/wp-json\/wp\/v2\/pages"}],"about":[{"href":"https:\/\/www.uprrp.edu\/oficina-registrador\/wp-json\/wp\/v2\/types\/page"}],"author":[{"embeddable":true,"href":"https:\/\/www.uprrp.edu\/oficina-registrador\/wp-json\/wp\/v2\/users\/35"}],"replies":[{"embeddable":true,"href":"https:\/\/www.uprrp.edu\/oficina-registrador\/wp-json\/wp\/v2\/comments?post=9056"}],"version-history":[{"count":40,"href":"https:\/\/www.uprrp.edu\/oficina-registrador\/wp-json\/wp\/v2\/pages\/9056\/revisions"}],"predecessor-version":[{"id":9842,"href":"https:\/\/www.uprrp.edu\/oficina-registrador\/wp-json\/wp\/v2\/pages\/9056\/revisions\/9842"}],"wp:attachment":[{"href":"https:\/\/www.uprrp.edu\/oficina-registrador\/wp-json\/wp\/v2\/media?parent=9056"}],"curies":[{"name":"wp","href":"https:\/\/api.w.org\/{rel}","templated":true}]}}