{"id":9482,"date":"2022-08-17T20:17:27","date_gmt":"2022-08-17T20:17:27","guid":{"rendered":"https:\/\/www.uprrp.edu\/oficina-registrador\/?page_id=9482"},"modified":"2022-08-17T20:17:40","modified_gmt":"2022-08-17T20:17:40","slug":"certificaciones-y-leyes-aplicables","status":"publish","type":"page","link":"https:\/\/www.uprrp.edu\/oficina-registrador\/certificaciones-y-leyes-aplicables\/","title":{"rendered":"Certificaciones y Leyes Aplicables"},"content":{"rendered":"<h3>Certificaciones y Leyes Aplicables al Proceso de Admisi\u00f3n y Matr\u00edcula<\/h3>\n<h4>Certificaciones Aplicables<\/h4>\n<ul>\n<li><a href=\"https:\/\/www.uprrp.edu\/wp-content\/uploads\/2016\/09\/111-2013-2014.pdf\" target=\"_blank\" rel=\"noopener noreferrer\">Certificaci\u00f3n N\u00fam. 111 A\u00f1o Acad\u00e9mico 2013-2014 de la Junta de Gobierno sobre la Pol\u00edtica y Normas de Elegibilidad Acad\u00e9mica para la participaci\u00f3n en el Programa de Asistencia Econ\u00f3mica<\/a><\/li>\n<li><a href=\"http:\/\/senado.uprrp.edu\/Certificaciones\/Cert2012-2013\/CSA-38-2012-2013.pdf\" target=\"_blank\" rel=\"noopener noreferrer\">Certificaci\u00f3n N\u00fam. 38 A\u00f1o Acad\u00e9mico 2012-2013 del Senado Acad\u00e9mico de la Universidad de Puerto Rico Recinto de R\u00edo Piedras<\/a><\/li>\n<li><a href=\"http:\/\/uprrp.edu\/?page_id=861\">Normas de Elegibilidad Acad\u00e9mica<\/a><\/li>\n<li><a href=\"https:\/\/www.uprrp.edu\/wp-content\/uploads\/2019\/10\/reg_cert_academ_admi.pdf\" target=\"_blank\" rel=\"noopener noreferrer\">Introducci\u00f3n al Registro de Certificaciones Acad\u00e9micas y Circulares Administrativas<\/a><\/li>\n<li><a href=\"https:\/\/www.uprrp.edu\/wp-content\/uploads\/2019\/10\/registrocertificaciones.pdf\">Registro de Certificaciones Acad\u00e9micas y Administrativas<\/a><\/li>\n<li><a href=\"https:\/\/www.uprrp.edu\/wp-content\/uploads\/2016\/02\/Suplemento-7.pdf\" target=\"_blank\" rel=\"noopener noreferrer\">Suplemento 7 del Registro de Certificaciones Acad\u00e9micas y Administrativas<\/a><\/li>\n<li><a href=\"https:\/\/www.uprrp.edu\/wp-content\/uploads\/2017\/09\/Suplemento-8-PDF.pdf\" target=\"_blank\" rel=\"noopener noreferrer\">Suplemento 8 del Registro de Certificaciones Acad\u00e9micas y Administrativas<\/a><\/li>\n<li><a href=\"https:\/\/www.uprrp.edu\/wp-content\/uploads\/2018\/09\/Suplemento-9.pdf\">Suplemento 9 del Registro de Certificaciones Acad\u00e9micas y Administrativas<\/a><\/li>\n<\/ul>\n<h4>Leyes Aplicables<\/h4>\n<ul>\n<li><a href=\"https:\/\/www.uprrp.edu\/wp-content\/uploads\/2019\/10\/taller_buckley2006.pdf\" target=\"_blank\" rel=\"noopener noreferrer\">Ley de Privacidad \u2013 Enmienda Buckley<\/a><\/li>\n<li>Aplicaci\u00f3n enmienda BUCKLEY sobre la privacidad de la informaci\u00f3n acad\u00e9mica estudiantil (2006)<\/li>\n<li><a href=\"http:\/\/www.lexjuris.com\/LEXLEX\/Leyes2006\/lexl2006186.htm\" target=\"_blank\" rel=\"noopener noreferrer\">Limitaciones sobre el uso del Seguro Social \u2013 abril 2007<\/a><\/li>\n<li><a href=\"https:\/\/www.uprrp.edu\/wp-content\/uploads\/2019\/10\/leyessegurosocial.pdf\" target=\"_blank\" rel=\"noopener noreferrer\">Nuevas leyes sobre protecci\u00f3n del Seguro Social<\/a><\/li>\n<\/ul>\n","protected":false},"excerpt":{"rendered":"<p>Certificaciones y Leyes Aplicables al Proceso de Admisi\u00f3n y Matr\u00edcula Certificaciones Aplicables Certificaci\u00f3n N\u00fam. 111 A\u00f1o Acad\u00e9mico 2013-2014 de la Junta de Gobierno sobre la Pol\u00edtica y Normas de Elegibilidad Acad\u00e9mica para la participaci\u00f3n en el Programa de Asistencia Econ\u00f3mica &hellip; <\/p>\n","protected":false},"author":35,"featured_media":0,"parent":0,"menu_order":0,"comment_status":"closed","ping_status":"closed","template":"","meta":{"_monsterinsights_skip_tracking":false,"_monsterinsights_sitenote_active":false,"_monsterinsights_sitenote_note":"","_monsterinsights_sitenote_category":0,"_FSMCFIC_featured_image_caption":"","_FSMCFIC_featured_image_nocaption":null,"_FSMCFIC_featured_image_hide":null,"footnotes":""},"class_list":["post-9482","page","type-page","status-publish","hentry"],"_links":{"self":[{"href":"https:\/\/www.uprrp.edu\/oficina-registrador\/wp-json\/wp\/v2\/pages\/9482","targetHints":{"allow":["GET"]}}],"collection":[{"href":"https:\/\/www.uprrp.edu\/oficina-registrador\/wp-json\/wp\/v2\/pages"}],"about":[{"href":"https:\/\/www.uprrp.edu\/oficina-registrador\/wp-json\/wp\/v2\/types\/page"}],"author":[{"embeddable":true,"href":"https:\/\/www.uprrp.edu\/oficina-registrador\/wp-json\/wp\/v2\/users\/35"}],"replies":[{"embeddable":true,"href":"https:\/\/www.uprrp.edu\/oficina-registrador\/wp-json\/wp\/v2\/comments?post=9482"}],"version-history":[{"count":1,"href":"https:\/\/www.uprrp.edu\/oficina-registrador\/wp-json\/wp\/v2\/pages\/9482\/revisions"}],"predecessor-version":[{"id":9483,"href":"https:\/\/www.uprrp.edu\/oficina-registrador\/wp-json\/wp\/v2\/pages\/9482\/revisions\/9483"}],"wp:attachment":[{"href":"https:\/\/www.uprrp.edu\/oficina-registrador\/wp-json\/wp\/v2\/media?parent=9482"}],"curies":[{"name":"wp","href":"https:\/\/api.w.org\/{rel}","templated":true}]}}