{"id":9697,"date":"2022-11-30T13:50:54","date_gmt":"2022-11-30T13:50:54","guid":{"rendered":"https:\/\/www.uprrp.edu\/oficina-registrador\/?page_id=9697"},"modified":"2023-01-17T14:14:45","modified_gmt":"2023-01-17T14:14:45","slug":"eventos-calendario-academico","status":"publish","type":"page","link":"https:\/\/www.uprrp.edu\/oficina-registrador\/eventos-calendario-academico\/","title":{"rendered":"Eventos Calendario Acad\u00e9mico"},"content":{"rendered":"\t\t<div data-elementor-type=\"wp-page\" data-elementor-id=\"9697\" class=\"elementor elementor-9697\">\n\t\t\t\t\t\t<section class=\"elementor-section elementor-top-section elementor-element elementor-element-ee72d73 elementor-section-boxed elementor-section-height-default elementor-section-height-default\" data-id=\"ee72d73\" data-element_type=\"section\" data-e-type=\"section\">\n\t\t\t\t\t\t<div class=\"elementor-container elementor-column-gap-default\">\n\t\t\t\t\t<div class=\"elementor-column elementor-col-100 elementor-top-column elementor-element elementor-element-e878085\" data-id=\"e878085\" data-element_type=\"column\" data-e-type=\"column\">\n\t\t\t<div class=\"elementor-widget-wrap elementor-element-populated\">\n\t\t\t\t\t\t<div class=\"thim-ekits-event-style elementor-element elementor-element-5d0ed4c elementor-widget elementor-widget-thim-list-event\" data-id=\"5d0ed4c\" data-element_type=\"widget\" data-e-type=\"widget\" data-widget_type=\"thim-list-event.default\">\n\t\t\t\t<div class=\"elementor-widget-container\">\n\t\t\t\t\t<div class=\"thim-list-event layout-2\">\t\t<div class=\"item-event post-12419 tp_event type-tp_event status-publish hentry\">\n\t\t\t<div class=\"time-from\">\n\t\t\t\t\t\t\t\t<div class=\"date\">\n\t\t\t\t\t15\t\t\t\t<\/div>\n\t\t\t\t<div class=\"month\">\n\t\t\t\t\tAbr\t\t\t\t<\/div>\n\t\t\t\t\t\t\t<\/div>\n\t\t\t<div class=\"event-wrapper\">\n\t\t\t\t<h5 class=\"title\"><a href=\"https:\/\/www.uprrp.edu\/oficina-registrador\/events\/solicitud-de-admision-a-estudios-graduados\/\">Solicitud de Admisi\u00f3n a Estudios Graduados<\/a><\/h5>\n\t\t\t\t<div class=\"meta\">\n\t\t\t\t\t<div class=\"time\">\n\t\t\t\t\t\t<i class=\"tk tk-clock\"><\/i>\n\t\t\t\t\t\t8:00 AM - 4:30 PM\t\t\t\t\t<\/div>\n\t\t\t\t\t<div class=\"location\">\n\t\t\t\t\t\t<i class=\"tk tk-map-marker\"><\/i>\n\t\t\t\t\t\t\t\t\t\t\t<\/div>\n\t\t\t\t<\/div>\n\t\t\t<\/div>\n\t\t<\/div>\n\t\t\t\t<div class=\"item-event post-12418 tp_event type-tp_event status-publish hentry\">\n\t\t\t<div class=\"time-from\">\n\t\t\t\t\t\t\t\t<div class=\"date\">\n\t\t\t\t\t21\t\t\t\t<\/div>\n\t\t\t\t<div class=\"month\">\n\t\t\t\t\tAbr\t\t\t\t<\/div>\n\t\t\t\t\t\t\t<\/div>\n\t\t\t<div class=\"event-wrapper\">\n\t\t\t\t<h5 class=\"title\"><a href=\"https:\/\/www.uprrp.edu\/oficina-registrador\/events\/quinto-plazo-de-la-prorroga\/\">Quinto plazo de la pr\u00f3rroga<\/a><\/h5>\n\t\t\t\t<div class=\"meta\">\n\t\t\t\t\t<div class=\"time\">\n\t\t\t\t\t\t<i class=\"tk tk-clock\"><\/i>\n\t\t\t\t\t\t8:00 AM - 4:30 PM\t\t\t\t\t<\/div>\n\t\t\t\t\t<div class=\"location\">\n\t\t\t\t\t\t<i class=\"tk tk-map-marker\"><\/i>\n\t\t\t\t\t\t\t\t\t\t\t<\/div>\n\t\t\t\t<\/div>\n\t\t\t<\/div>\n\t\t<\/div>\n\t\t\t\t<div class=\"item-event post-12417 tp_event type-tp_event status-publish hentry\">\n\t\t\t<div class=\"time-from\">\n\t\t\t\t\t\t\t\t<div class=\"date\">\n\t\t\t\t\t01\t\t\t\t<\/div>\n\t\t\t\t<div class=\"month\">\n\t\t\t\t\tMay\t\t\t\t<\/div>\n\t\t\t\t\t\t\t<\/div>\n\t\t\t<div class=\"event-wrapper\">\n\t\t\t\t<h5 class=\"title\"><a href=\"https:\/\/www.uprrp.edu\/oficina-registrador\/events\/prematricula-para-el-primer-semestre-2026-2027\/\">Prematr\u00edcula para el Primer Semestre 2026-2027<\/a><\/h5>\n\t\t\t\t<div class=\"meta\">\n\t\t\t\t\t<div class=\"time\">\n\t\t\t\t\t\t<i class=\"tk tk-clock\"><\/i>\n\t\t\t\t\t\t8:00 AM - 4:30 AM\t\t\t\t\t<\/div>\n\t\t\t\t\t<div class=\"location\">\n\t\t\t\t\t\t<i class=\"tk tk-map-marker\"><\/i>\n\t\t\t\t\t\t\t\t\t\t\t<\/div>\n\t\t\t\t<\/div>\n\t\t\t<\/div>\n\t\t<\/div>\n\t\t\t\t<div class=\"item-event post-12416 tp_event type-tp_event status-publish hentry\">\n\t\t\t<div class=\"time-from\">\n\t\t\t\t\t\t\t\t<div class=\"date\">\n\t\t\t\t\t02\t\t\t\t<\/div>\n\t\t\t\t<div class=\"month\">\n\t\t\t\t\tMay\t\t\t\t<\/div>\n\t\t\t\t\t\t\t<\/div>\n\t\t\t<div class=\"event-wrapper\">\n\t\t\t\t<h5 class=\"title\"><a href=\"https:\/\/www.uprrp.edu\/oficina-registrador\/events\/ultimo-dia-de-clases-para-los-cursos-sabatinos\/\">\u00daltimo d\u00eda de clases para los cursos sabatinos<\/a><\/h5>\n\t\t\t\t<div class=\"meta\">\n\t\t\t\t\t<div class=\"time\">\n\t\t\t\t\t\t<i class=\"tk tk-clock\"><\/i>\n\t\t\t\t\t\t8:00 AM - 4:30 PM\t\t\t\t\t<\/div>\n\t\t\t\t\t<div class=\"location\">\n\t\t\t\t\t\t<i class=\"tk tk-map-marker\"><\/i>\n\t\t\t\t\t\t\t\t\t\t\t<\/div>\n\t\t\t\t<\/div>\n\t\t\t<\/div>\n\t\t<\/div>\n\t\t\t\t<div class=\"item-event post-12415 tp_event type-tp_event status-publish hentry\">\n\t\t\t<div class=\"time-from\">\n\t\t\t\t\t\t\t\t<div class=\"date\">\n\t\t\t\t\t08\t\t\t\t<\/div>\n\t\t\t\t<div class=\"month\">\n\t\t\t\t\tMay\t\t\t\t<\/div>\n\t\t\t\t\t\t\t<\/div>\n\t\t\t<div class=\"event-wrapper\">\n\t\t\t\t<h5 class=\"title\"><a href=\"https:\/\/www.uprrp.edu\/oficina-registrador\/events\/ultimo-dia-de-clases-en-el-recinto-2\/\">\u00daltimo d\u00eda de clases en el Recinto<\/a><\/h5>\n\t\t\t\t<div class=\"meta\">\n\t\t\t\t\t<div class=\"time\">\n\t\t\t\t\t\t<i class=\"tk tk-clock\"><\/i>\n\t\t\t\t\t\t8:00 AM - 4:30 PM\t\t\t\t\t<\/div>\n\t\t\t\t\t<div class=\"location\">\n\t\t\t\t\t\t<i class=\"tk tk-map-marker\"><\/i>\n\t\t\t\t\t\t\t\t\t\t\t<\/div>\n\t\t\t\t<\/div>\n\t\t\t<\/div>\n\t\t<\/div>\n\t\t\t\t<div class=\"item-event post-12414 tp_event type-tp_event status-publish hentry\">\n\t\t\t<div class=\"time-from\">\n\t\t\t\t\t\t\t\t<div class=\"date\">\n\t\t\t\t\t25\t\t\t\t<\/div>\n\t\t\t\t<div class=\"month\">\n\t\t\t\t\tMay\t\t\t\t<\/div>\n\t\t\t\t\t\t\t<\/div>\n\t\t\t<div class=\"event-wrapper\">\n\t\t\t\t<h5 class=\"title\"><a href=\"https:\/\/www.uprrp.edu\/oficina-registrador\/events\/feriado-dia-de-la-recordacion\/\">Feriado: D\u00eda de la Recordaci\u00f3n<\/a><\/h5>\n\t\t\t\t<div class=\"meta\">\n\t\t\t\t\t<div class=\"time\">\n\t\t\t\t\t\t<i class=\"tk tk-clock\"><\/i>\n\t\t\t\t\t\t8:00 AM - 4:30 PM\t\t\t\t\t<\/div>\n\t\t\t\t\t<div class=\"location\">\n\t\t\t\t\t\t<i class=\"tk tk-map-marker\"><\/i>\n\t\t\t\t\t\t\t\t\t\t\t<\/div>\n\t\t\t\t<\/div>\n\t\t\t<\/div>\n\t\t<\/div>\n\t\t<\/div>\t\t\t\t<\/div>\n\t\t\t\t<\/div>\n\t\t\t\t\t<\/div>\n\t\t<\/div>\n\t\t\t\t\t<\/div>\n\t\t<\/section>\n\t\t\t\t<\/div>\n\t\t","protected":false},"excerpt":{"rendered":"<p>29 May D\u00eda Feriado: D\u00eda de la Conmemoraci\u00f3n de los Muertos en la Guerra 12:00 AM &#8211; 12:00 AM Calendario Acad\u00e9mico 18 May Per\u00edodo de selecci\u00f3n de cursos &#8211; Primer Semestre 2023-2024 12:00 AM &#8211; 12:00 AM 16 May \u00daltimo &hellip; <\/p>\n","protected":false},"author":35,"featured_media":0,"parent":0,"menu_order":0,"comment_status":"closed","ping_status":"closed","template":"","meta":{"_monsterinsights_skip_tracking":false,"_monsterinsights_sitenote_active":false,"_monsterinsights_sitenote_note":"","_monsterinsights_sitenote_category":0,"_FSMCFIC_featured_image_caption":"","_FSMCFIC_featured_image_nocaption":"","_FSMCFIC_featured_image_hide":"","footnotes":""},"class_list":["post-9697","page","type-page","status-publish","hentry"],"_links":{"self":[{"href":"https:\/\/www.uprrp.edu\/oficina-registrador\/wp-json\/wp\/v2\/pages\/9697","targetHints":{"allow":["GET"]}}],"collection":[{"href":"https:\/\/www.uprrp.edu\/oficina-registrador\/wp-json\/wp\/v2\/pages"}],"about":[{"href":"https:\/\/www.uprrp.edu\/oficina-registrador\/wp-json\/wp\/v2\/types\/page"}],"author":[{"embeddable":true,"href":"https:\/\/www.uprrp.edu\/oficina-registrador\/wp-json\/wp\/v2\/users\/35"}],"replies":[{"embeddable":true,"href":"https:\/\/www.uprrp.edu\/oficina-registrador\/wp-json\/wp\/v2\/comments?post=9697"}],"version-history":[{"count":13,"href":"https:\/\/www.uprrp.edu\/oficina-registrador\/wp-json\/wp\/v2\/pages\/9697\/revisions"}],"predecessor-version":[{"id":9902,"href":"https:\/\/www.uprrp.edu\/oficina-registrador\/wp-json\/wp\/v2\/pages\/9697\/revisions\/9902"}],"wp:attachment":[{"href":"https:\/\/www.uprrp.edu\/oficina-registrador\/wp-json\/wp\/v2\/media?parent=9697"}],"curies":[{"name":"wp","href":"https:\/\/api.w.org\/{rel}","templated":true}]}}